{"id":2375,"date":"2026-01-07T02:15:40","date_gmt":"2026-01-07T02:15:40","guid":{"rendered":"https:\/\/lyfilter.com\/?post_type=product&#038;p=2375"},"modified":"2026-01-07T02:20:34","modified_gmt":"2026-01-07T02:20:34","slug":"1-3-5-10-25-50-75-100-micron-micro-porous-pe-sintered-filter-element","status":"publish","type":"product","link":"https:\/\/lyfilter.com\/es\/1-3-5-10-25-50-75-100-micron-micro-porous-pe-sintered-filter-element\/","title":{"rendered":"1 3 5 10 25 50 75 100 Micras Elemento filtrante sinterizado de PE microporoso"},"content":{"rendered":"<div class=\"unit-detail-html-tabs__content-attr\">\n<div class=\"unit-product-attrparam\">\n<div class=\"unit-product-attrparam__items row\">\n<div class=\"col-12 col-md-6\">\n<div class=\"unit-product-attrparam__item\">\n<div class=\"unit-product-attrparam__label\">\n<table>\n<thead>\n<tr>\n<th>capacidad de suministro<\/th>\n<th>1000000 unidades\/mes<\/th>\n<\/tr>\n<\/thead>\n<tbody>\n<tr>\n<td>material<\/td>\n<td>acero inoxidable<\/td>\n<\/tr>\n<tr>\n<td>disponibilidad<\/td>\n<td>oem<\/td>\n<\/tr>\n<\/tbody>\n<\/table>\n<\/div>\n<\/div>\n<\/div>\n<\/div>\n<\/div>\n<\/div>\n<div class=\"unit-detail-html-tabs__content-featuresAttr\"><\/div>\n<div class=\"unit-detail-html-tabs__content-html\">\n<p><strong>1 3 5 10 25 50 75 100 Micras Elemento filtrante sinterizado de PE microporoso<\/strong><\/p>\n<p>Descripci\u00f3n del producto<\/p>\n<p>El tubo filtrante sinterizado es un elemento filtrante microporoso formado por la sinterizaci\u00f3n de materiales en polvo. El material del tubo filtrante es cer\u00e1mica, arena de vidrio, pl\u00e1stico (polietileno o cloruro de polivinilo), etc.<\/p>\n<p>Categor\u00eda de productos<\/p>\n<p>(1) Los tubos filtrantes de pl\u00e1stico son adecuados para la filtraci\u00f3n de diversos l\u00edquidos, agua industrial y agua potable. Hay m\u00e1s de 10 especificaciones de este tipo de tubo microporoso, su di\u00e1metro exterior es de 24-150mm, el di\u00e1metro interior correspondiente es de 8-120mm, y la longitud es en su mayor\u00eda de 1000mm, y el \u00e1rea efectiva de filtrado de cada tubo de filtro es de 0,039-0,3m2.<\/p>\n<p>(2) Tubo filtrante cer\u00e1mico El tubo filtrante cer\u00e1mico sinterizado utiliza un tubo filtrante cer\u00e1mico sinterizado como elemento filtrante, que puede estar compuesto por un solo tubo filtrante o por varios tubos filtrantes. La capacidad de tratamiento de agua de un solo tubo de filtro es 600-1500L \/ h, y es generalmente adecuado para la presi\u00f3n de trabajo por debajo de 0.3MPa .<\/p>\n<p><img decoding=\"async\" src=\"https:\/\/img.yfisher.com\/m6076\/1725732710wdr\/jpg70-t3-scale100.webp\" alt=\"1 3 5 10 25 50 75 100 Micron Micro poroso PE Sinterizado Elemento Filtrante 6\" data-lazy=\"2\" title=\"\"><\/p>\n<p><img decoding=\"async\" src=\"https:\/\/img.yfisher.com\/m6076\/1725732710h6t\/jpg70-t3-scale100.webp\" alt=\"1 3 5 10 25 50 75 100 Micras Elemento filtrante sinterizado de PE microporoso 7\" data-lazy=\"2\" title=\"\"><\/p>\n<p><img decoding=\"async\" src=\"https:\/\/img.yfisher.com\/m6076\/1725732710vyt\/jpg70-t3-scale100.webp\" alt=\"1 3 5 10 25 50 75 100 Micras Elemento filtrante sinterizado de PE microporoso 8\" data-lazy=\"2\" title=\"\"><\/p>\n<p><img decoding=\"async\" src=\"https:\/\/img.yfisher.com\/m6076\/1725732710zc9\/jpg70-t3-scale100.webp\" alt=\"1 3 5 10 25 50 75 100 Micras Elemento filtrante sinterizado de PE microporoso 9\" data-lazy=\"2\" title=\"\"><\/p>\n<p><img decoding=\"async\" src=\"https:\/\/img.yfisher.com\/m6076\/1725732710nqy\/jpg70-t3-scale100.webp\" alt=\"1 3 5 10 25 50 75 100 Micron Micro poroso PE Sinterizado Elemento Filtrante 10\" data-lazy=\"2\" title=\"\"><\/p>\n<p><img decoding=\"async\" src=\"https:\/\/img.yfisher.com\/m6076\/1725732710vj4\/jpg70-t3-scale100.webp\" alt=\"1 3 5 10 25 50 75 100 Micron Micro poroso PE Sinterizado Elemento Filtrante 11\" data-lazy=\"2\" title=\"\"><\/p>\n<p><img decoding=\"async\" src=\"https:\/\/img.yfisher.com\/m6076\/17257327104dp\/jpg70-t3-scale100.webp\" alt=\"1 3 5 10 25 50 75 100 Micron Micro poroso PE Sinterizado Elemento Filtrante 12\" data-lazy=\"2\" title=\"\"><\/p>\n<\/div>","protected":false},"excerpt":{"rendered":"<table>\n<thead>\n<tr>\n<th>art\u00edculo<\/th>\n<th>detalles<\/th>\n<\/tr>\n<\/thead>\n<tbody>\n<tr>\n<td>puerto de inicio<\/td>\n<td>Guangzhou<\/td>\n<\/tr>\n<tr>\n<td>capacidad de producci\u00f3n<\/td>\n<td>10000 unidades\/Mes<\/td>\n<\/tr>\n<tr>\n<td>lugar de origen<\/td>\n<td>Guangdong, China<\/td>\n<\/tr>\n<tr>\n<td>pago<\/td>\n<td>T\/T, Garant\u00eda Comercial Alibaba<\/td>\n<\/tr>\n<tr>\n<td>moq<\/td>\n<td>1 unidad<\/td>\n<\/tr>\n<tr>\n<td>plazo de entrega<\/td>\n<td>En un plazo de 7 d\u00edas laborables<\/td>\n<\/tr>\n<tr>\n<td>certificaci\u00f3n<\/td>\n<td>ISO 9001<\/td>\n<\/tr>\n<tr>\n<td>marca<\/td>\n<td>OEM\/Lvyuan<\/td>\n<\/tr>\n<\/tbody>\n<\/table>","protected":false},"featured_media":2384,"comment_status":"open","ping_status":"closed","template":"","meta":{"_gspb_post_css":""},"product_brand":[],"product_cat":[17],"product_tag":[956,279,964,260,955,965],"class_list":{"0":"post-2375","1":"product","2":"type-product","3":"status-publish","4":"has-post-thumbnail","6":"product_cat-sediment-filter","7":"product_tag-1-piece-moq","8":"product_tag-alibaba-trade-assurance","9":"product_tag-guangdong-manufacturer","10":"product_tag-iso-9001","11":"product_tag-oem-packaging","12":"product_tag-paper-tubes","14":"first","15":"instock","16":"shipping-taxable","17":"product-type-simple"},"_links":{"self":[{"href":"https:\/\/lyfilter.com\/es\/wp-json\/wp\/v2\/product\/2375","targetHints":{"allow":["GET"]}}],"collection":[{"href":"https:\/\/lyfilter.com\/es\/wp-json\/wp\/v2\/product"}],"about":[{"href":"https:\/\/lyfilter.com\/es\/wp-json\/wp\/v2\/types\/product"}],"replies":[{"embeddable":true,"href":"https:\/\/lyfilter.com\/es\/wp-json\/wp\/v2\/comments?post=2375"}],"wp:featuredmedia":[{"embeddable":true,"href":"https:\/\/lyfilter.com\/es\/wp-json\/wp\/v2\/media\/2384"}],"wp:attachment":[{"href":"https:\/\/lyfilter.com\/es\/wp-json\/wp\/v2\/media?parent=2375"}],"wp:term":[{"taxonomy":"product_brand","embeddable":true,"href":"https:\/\/lyfilter.com\/es\/wp-json\/wp\/v2\/product_brand?post=2375"},{"taxonomy":"product_cat","embeddable":true,"href":"https:\/\/lyfilter.com\/es\/wp-json\/wp\/v2\/product_cat?post=2375"},{"taxonomy":"product_tag","embeddable":true,"href":"https:\/\/lyfilter.com\/es\/wp-json\/wp\/v2\/product_tag?post=2375"}],"curies":[{"name":"wp","href":"https:\/\/api.w.org\/{rel}","templated":true}]}}