{"id":2368,"date":"2026-01-07T02:12:40","date_gmt":"2026-01-07T02:12:40","guid":{"rendered":"https:\/\/lyfilter.com\/?post_type=product&#038;p=2368"},"modified":"2026-01-07T02:20:28","modified_gmt":"2026-01-07T02:20:28","slug":"pa-sintered-filter-eement","status":"publish","type":"product","link":"https:\/\/lyfilter.com\/es\/pa-sintered-filter-eement\/","title":{"rendered":"Filtro sinterizado PA Eement"},"content":{"rendered":"<div class=\"unit-detail-html-tabs__content-attr\">\n<div class=\"unit-product-attrparam\">\n<div class=\"unit-product-attrparam__items row\">\n<div class=\"col-12 col-md-6\">\n<div class=\"unit-product-attrparam__item\">\n<div class=\"unit-product-attrparam__label\">\n<table>\n<thead>\n<tr>\n<th>capacidad de suministro<\/th>\n<th>1000000 unidades\/mes<\/th>\n<\/tr>\n<\/thead>\n<tbody>\n<tr>\n<td>material<\/td>\n<td>acero inoxidable<\/td>\n<\/tr>\n<tr>\n<td>disponibilidad<\/td>\n<td>oem<\/td>\n<\/tr>\n<\/tbody>\n<\/table>\n<\/div>\n<\/div>\n<\/div>\n<\/div>\n<\/div>\n<\/div>\n<div class=\"unit-detail-html-tabs__content-featuresAttr\"><\/div>\n<div class=\"unit-detail-html-tabs__content-html\">\n<p><strong>Filtro sinterizado PA Eement<\/strong><\/p>\n<p>Materia prima: La materia prima de sinterizaci\u00f3n producida por nuestra empresa adopta pe\\ppa\\ptfe ultra alta, que se ajusta a GMP. Pa\u00edses Bajos.    Estructura: Con la f\u00f3rmula cient\u00edfica gruesa y la fabricaci\u00f3n de alta temperatura, tiene excelentes propiedades mec\u00e1nicas, y los medios de filtro se diversifica, y tambi\u00e9n puede garantizar el efecto de filtrado de m\u00faltiples capas del producto cuando es f\u00e1cil de retroceder. Y cada dispositivo puede ser probado antes.<\/p>\n<p>Potencia de molienda Especificaciones del producto:    Rango de precisi\u00f3n: 0.2-140um, Rango de di\u00e1metro del tubo: 10mm-120mm.    Especificaciones comunes: \u03a638*20*1000 \u03a650*20*1000 \u03a665*30*1000 \u03a670*40*1000 Especificaciones del conector: \u03a636 \u03a630 \u03a625 \u03a622 \u03a614 \u03a612 Tipo de presi\u00f3n plana general internacional: di\u00e1metro exterior \u03a665 di\u00e1metro interior \u03a630 longitud 10, 20, 30, 40 pulgadas Tipo enchufable: di\u00e1metro exterior \u03a670 di\u00e1metro interior \u03a630 longitud 10, 20, 30, 40 pulgadas El enchufe se divide en dos tipos: 226 (junta t\u00f3rica de di\u00e1metro exterior 56) 222 (junta t\u00f3rica de di\u00e1metro exterior 44) Tambi\u00e9n puede producir placas de filtro: espesor 3-50mm anchura 1000mm varias longitudes 1500mm placa de filtro de especificaciones. Si usted tiene necesidades especiales, puede solicitar la producci\u00f3n personalizada.<\/p>\n<p><img decoding=\"async\" src=\"https:\/\/img.yfisher.com\/m6076\/17257327076b5\/jpg70-t3-scale100.webp\" alt=\"Filtro sinterizado PA Eement 7\" data-lazy=\"2\" title=\"\"><\/p>\n<p><img decoding=\"async\" src=\"https:\/\/img.yfisher.com\/m6076\/1725732707gyz\/jpg70-t3-scale100.webp\" alt=\"Filtro sinterizado PA Eement 8\" data-lazy=\"2\" title=\"\"><\/p>\n<p><img decoding=\"async\" src=\"https:\/\/img.yfisher.com\/m6076\/17257327078q7\/jpg70-t3-scale100.webp\" alt=\"Filtro sinterizado PA Eement 9\" data-lazy=\"2\" title=\"\"><\/p>\n<p><img decoding=\"async\" src=\"https:\/\/img.yfisher.com\/m6076\/1725732707qvj\/jpg70-t3-scale100.webp\" alt=\"Filtro sinterizado PA Eement 10\" data-lazy=\"2\" title=\"\"><\/p>\n<p><img decoding=\"async\" src=\"https:\/\/img.yfisher.com\/m6076\/1725732707ai3\/jpg70-t3-scale100.webp\" alt=\"Filtro sinterizado PA Eement 11\" data-lazy=\"2\" title=\"\"><\/p>\n<\/div>","protected":false},"excerpt":{"rendered":"<table>\n<thead>\n<tr>\n<th>art\u00edculo<\/th>\n<th>detalles<\/th>\n<\/tr>\n<\/thead>\n<tbody>\n<tr>\n<td>puerto de inicio<\/td>\n<td>Guangzhou<\/td>\n<\/tr>\n<tr>\n<td>capacidad de producci\u00f3n<\/td>\n<td>10000 unidades\/Mes<\/td>\n<\/tr>\n<tr>\n<td>lugar de origen<\/td>\n<td>Guangdong, China<\/td>\n<\/tr>\n<tr>\n<td>pago<\/td>\n<td>T\/T, paypal<\/td>\n<\/tr>\n<tr>\n<td>moq<\/td>\n<td>1 unidad<\/td>\n<\/tr>\n<tr>\n<td>plazo de entrega<\/td>\n<td>En un plazo de 7 d\u00edas laborables<\/td>\n<\/tr>\n<tr>\n<td>certificaci\u00f3n<\/td>\n<td>ISO 9001<\/td>\n<\/tr>\n<tr>\n<td>marca<\/td>\n<td>OEM\/Lvyuan<\/td>\n<\/tr>\n<\/tbody>\n<\/table>","protected":false},"featured_media":2376,"comment_status":"open","ping_status":"closed","template":"","meta":{"_gspb_post_css":""},"product_brand":[],"product_cat":[17],"product_tag":[956,967,966,260,955,965],"class_list":{"0":"post-2368","1":"product","2":"type-product","3":"status-publish","4":"has-post-thumbnail","6":"product_cat-sediment-filter","7":"product_tag-1-piece-moq","8":"product_tag-7-day-delivery","9":"product_tag-guangdong-supplier","10":"product_tag-iso-9001","11":"product_tag-oem-packaging","12":"product_tag-paper-tubes","14":"first","15":"instock","16":"shipping-taxable","17":"product-type-simple"},"_links":{"self":[{"href":"https:\/\/lyfilter.com\/es\/wp-json\/wp\/v2\/product\/2368","targetHints":{"allow":["GET"]}}],"collection":[{"href":"https:\/\/lyfilter.com\/es\/wp-json\/wp\/v2\/product"}],"about":[{"href":"https:\/\/lyfilter.com\/es\/wp-json\/wp\/v2\/types\/product"}],"replies":[{"embeddable":true,"href":"https:\/\/lyfilter.com\/es\/wp-json\/wp\/v2\/comments?post=2368"}],"wp:featuredmedia":[{"embeddable":true,"href":"https:\/\/lyfilter.com\/es\/wp-json\/wp\/v2\/media\/2376"}],"wp:attachment":[{"href":"https:\/\/lyfilter.com\/es\/wp-json\/wp\/v2\/media?parent=2368"}],"wp:term":[{"taxonomy":"product_brand","embeddable":true,"href":"https:\/\/lyfilter.com\/es\/wp-json\/wp\/v2\/product_brand?post=2368"},{"taxonomy":"product_cat","embeddable":true,"href":"https:\/\/lyfilter.com\/es\/wp-json\/wp\/v2\/product_cat?post=2368"},{"taxonomy":"product_tag","embeddable":true,"href":"https:\/\/lyfilter.com\/es\/wp-json\/wp\/v2\/product_tag?post=2368"}],"curies":[{"name":"wp","href":"https:\/\/api.w.org\/{rel}","templated":true}]}}