{"id":2361,"date":"2026-01-07T02:10:59","date_gmt":"2026-01-07T02:10:59","guid":{"rendered":"https:\/\/lyfilter.com\/?post_type=product&#038;p=2361"},"modified":"2026-01-07T02:10:59","modified_gmt":"2026-01-07T02:10:59","slug":"single-cartridge-stainless-steel-filter-housing","status":"publish","type":"product","link":"https:\/\/lyfilter.com\/es\/single-cartridge-stainless-steel-filter-housing\/","title":{"rendered":"Carcasa de filtro de acero inoxidable de un cartucho"},"content":{"rendered":"<div class=\"unit-detail-html-tabs__content-attr\">\n<div class=\"unit-product-attrparam\">\n<div class=\"unit-product-attrparam__items row\">\n<div class=\"col-12 col-md-6\">\n<div class=\"unit-product-attrparam__item\">\n<div class=\"unit-product-attrparam__label\">\n<table>\n<thead>\n<tr>\n<th>capacidad de suministro<\/th>\n<th>1000000 unidades\/mes<\/th>\n<\/tr>\n<\/thead>\n<tbody>\n<tr>\n<td>material<\/td>\n<td>acero inoxidable<\/td>\n<\/tr>\n<tr>\n<td>disponibilidad<\/td>\n<td>oem<\/td>\n<\/tr>\n<\/tbody>\n<\/table>\n<\/div>\n<\/div>\n<\/div>\n<\/div>\n<\/div>\n<\/div>\n<div class=\"unit-detail-html-tabs__content-featuresAttr\"><\/div>\n<div class=\"unit-detail-html-tabs__content-html\">\n<p><strong>Carcasa de filtro de acero inoxidable de un cartucho<\/strong><\/p>\n<p>El filtro de un solo n\u00facleo se divide en dos tipos: l\u00edquido de filtraci\u00f3n y gas, y el tama\u00f1o se puede dividir en 5\u2033, 10\u2033, 20\u2033, 30\u2033 y 40\u2033, etc. La presi\u00f3n de trabajo es generalmente de 0,1Mpa-0,4Mpa. Debido a los diferentes tama\u00f1os de poro de los elementos filtrantes, los caudales tambi\u00e9n son diferentes. Por ejemplo, el est\u00e1ndar para la filtraci\u00f3n de 0,2um-0,4um de agua ca\u00f3tica es de 300-500kg\/h. , combinaci\u00f3n de 40\u2033 pulgadas, por ejemplo, para filtrar 5t\/h de agua est\u00e9ril, puede elegir un filtro de 7 elementos de 0,2 um y 30 pulgadas. Si hay muchas impurezas en el filtro y hay viscosidad, se debe a\u00f1adir un dispositivo de prefiltraci\u00f3n. La filtraci\u00f3n de gas es ligeramente diferente de la filtraci\u00f3n de l\u00edquidos, y su volumen de filtraci\u00f3n se calcula como gas c\u00fabico por minuto. Elemento filtrante de 10 pulgadas, di\u00e1metro de poro \u03c60,22 um, presi\u00f3n de 0,12 Mpa, diferencia de presi\u00f3n de 0,01 Mpa, caudal de 4-6m3\/min, ampliamente utilizado en la industria de fermentaci\u00f3n.<\/p>\n<p><img decoding=\"async\" src=\"https:\/\/img.yfisher.com\/m6076\/17257326863q0\/jpg70-t3-scale100.webp\" alt=\"Carcasa de filtro de acero inoxidable de un cartucho 6\" data-lazy=\"2\" title=\"\"><\/p>\n<p><img decoding=\"async\" src=\"https:\/\/img.yfisher.com\/m6076\/17257326860zb\/jpg70-t3-scale100.webp\" alt=\"Carcasa de filtro de acero inoxidable de un cartucho 7\" data-lazy=\"2\" title=\"\"><\/p>\n<p><img decoding=\"async\" src=\"https:\/\/img.yfisher.com\/m6076\/1725732686ltg\/jpg70-t3-scale100.webp\" alt=\"Carcasa de filtro de acero inoxidable de cartucho \u00fanico 8\" data-lazy=\"2\" title=\"\"><\/p>\n<p><img decoding=\"async\" src=\"https:\/\/img.yfisher.com\/m6076\/17257326861ct\/jpg70-t3-scale100.webp\" alt=\"Carcasa de filtro de acero inoxidable de cartucho \u00fanico 9\" data-lazy=\"2\" title=\"\"><\/p>\n<p><img decoding=\"async\" src=\"https:\/\/img.yfisher.com\/m6076\/1725732686zhj\/jpg70-t3-scale100.webp\" alt=\"Carcasa de filtro de acero inoxidable de cartucho \u00fanico 10\" data-lazy=\"2\" title=\"\"><\/p>\n<p><img decoding=\"async\" src=\"https:\/\/img.yfisher.com\/m6076\/1725732686sy0\/jpg70-t3-scale100.webp\" alt=\"Carcasa de filtro de acero inoxidable de un cartucho 11\" data-lazy=\"2\" title=\"\"><\/p>\n<p><img decoding=\"async\" src=\"https:\/\/img.yfisher.com\/m6076\/1725732686w6l\/jpg70-t3-scale100.webp\" alt=\"Carcasa de filtro de acero inoxidable de cartucho \u00fanico 12\" data-lazy=\"2\" title=\"\"><\/p>\n<\/div>","protected":false},"excerpt":{"rendered":"<table>\n<thead>\n<tr>\n<th>art\u00edculo<\/th>\n<th>detalles<\/th>\n<\/tr>\n<\/thead>\n<tbody>\n<tr>\n<td>puerto de inicio<\/td>\n<td>Guangzhou<\/td>\n<\/tr>\n<tr>\n<td>capacidad de producci\u00f3n<\/td>\n<td>10000 unidades\/Mes<\/td>\n<\/tr>\n<tr>\n<td>lugar de origen<\/td>\n<td>Guangdong, China<\/td>\n<\/tr>\n<tr>\n<td>pago<\/td>\n<td>T\/T, Alibaba Trade Assurance, paypal<\/td>\n<\/tr>\n<tr>\n<td>moq<\/td>\n<td>1 unidad<\/td>\n<\/tr>\n<tr>\n<td>plazo de entrega<\/td>\n<td>En un plazo de 7 d\u00edas laborables<\/td>\n<\/tr>\n<tr>\n<td>certificaci\u00f3n<\/td>\n<td>ISO 9001<\/td>\n<\/tr>\n<tr>\n<td>marca<\/td>\n<td>OEM\/Lvyuan<\/td>\n<\/tr>\n<\/tbody>\n<\/table>","protected":false},"featured_media":2370,"comment_status":"open","ping_status":"closed","template":"","meta":{"_gspb_post_css":""},"product_brand":[],"product_cat":[15],"product_tag":[263,964,260,280,955,965],"class_list":{"0":"post-2361","1":"product","2":"type-product","3":"status-publish","4":"has-post-thumbnail","6":"product_cat-stainless-steel-filter-housing","7":"product_tag-fast-delivery","8":"product_tag-guangdong-manufacturer","9":"product_tag-iso-9001","10":"product_tag-low-moq","11":"product_tag-oem-packaging","12":"product_tag-paper-tubes","14":"first","15":"instock","16":"shipping-taxable","17":"product-type-simple"},"_links":{"self":[{"href":"https:\/\/lyfilter.com\/es\/wp-json\/wp\/v2\/product\/2361","targetHints":{"allow":["GET"]}}],"collection":[{"href":"https:\/\/lyfilter.com\/es\/wp-json\/wp\/v2\/product"}],"about":[{"href":"https:\/\/lyfilter.com\/es\/wp-json\/wp\/v2\/types\/product"}],"replies":[{"embeddable":true,"href":"https:\/\/lyfilter.com\/es\/wp-json\/wp\/v2\/comments?post=2361"}],"wp:featuredmedia":[{"embeddable":true,"href":"https:\/\/lyfilter.com\/es\/wp-json\/wp\/v2\/media\/2370"}],"wp:attachment":[{"href":"https:\/\/lyfilter.com\/es\/wp-json\/wp\/v2\/media?parent=2361"}],"wp:term":[{"taxonomy":"product_brand","embeddable":true,"href":"https:\/\/lyfilter.com\/es\/wp-json\/wp\/v2\/product_brand?post=2361"},{"taxonomy":"product_cat","embeddable":true,"href":"https:\/\/lyfilter.com\/es\/wp-json\/wp\/v2\/product_cat?post=2361"},{"taxonomy":"product_tag","embeddable":true,"href":"https:\/\/lyfilter.com\/es\/wp-json\/wp\/v2\/product_tag?post=2361"}],"curies":[{"name":"wp","href":"https:\/\/api.w.org\/{rel}","templated":true}]}}