{"id":2354,"date":"2026-01-07T02:07:28","date_gmt":"2026-01-07T02:07:28","guid":{"rendered":"https:\/\/lyfilter.com\/?post_type=product&#038;p=2354"},"modified":"2026-01-07T02:08:13","modified_gmt":"2026-01-07T02:08:13","slug":"stainless-steel-mobile-filtration-system","status":"publish","type":"product","link":"https:\/\/lyfilter.com\/es\/stainless-steel-mobile-filtration-system\/","title":{"rendered":"Sistema de filtraci\u00f3n m\u00f3vil de acero inoxidable"},"content":{"rendered":"<div class=\"unit-detail-html-tabs__content-attr\">\n<div class=\"unit-product-attrparam\">\n<div class=\"unit-product-attrparam__items row\">\n<div class=\"col-12 col-md-6\">\n<div class=\"unit-product-attrparam__item\">\n<div class=\"unit-product-attrparam__label\">\n<table>\n<thead>\n<tr>\n<th>capacidad de suministro<\/th>\n<th>1000000 unidades\/mes<\/th>\n<\/tr>\n<\/thead>\n<tbody>\n<tr>\n<td>material<\/td>\n<td>acero inoxidable<\/td>\n<\/tr>\n<tr>\n<td>disponibilidad<\/td>\n<td>oem<\/td>\n<\/tr>\n<\/tbody>\n<\/table>\n<\/div>\n<\/div>\n<\/div>\n<\/div>\n<\/div>\n<\/div>\n<div class=\"unit-detail-html-tabs__content-featuresAttr\"><\/div>\n<div class=\"unit-detail-html-tabs__content-html\">\n<p><strong>Sistema de filtraci\u00f3n m\u00f3vil de acero inoxidable<\/strong><\/p>\n<p>El equipo de sistema de filtro de bolsa m\u00f3vil producido por Guangzhou Lvyuan incluye un filtro de bolsa est\u00e1ndar (40AM, 80AM, 40AST, 840AST), Wei Li o Wilden PW25\/50 bomba neum\u00e1tica de doble c\u00e1mara de diafragma, caja de interruptor de control, La salida DN25, DN50 tubo exterior de recogida est\u00e1 conectado, y la entrada DN25, DN50 brida de tubo exterior de recogida o dispositivo de conexi\u00f3n de alambre exterior est\u00e1 instalado en la plataforma de instalaci\u00f3n del carro. Se puede mover libremente a cualquier l\u00ednea de producci\u00f3n de trabajo con un solo paso de instalaci\u00f3n fija para la filtraci\u00f3n.<\/p>\n<p><img decoding=\"async\" src=\"https:\/\/img.yfisher.com\/m6076\/1725732677qe6\/jpg70-t3-scale100.webp\" alt=\"Sistema de filtraci\u00f3n m\u00f3vil de acero inoxidable 6\" data-lazy=\"2\" title=\"\"><\/p>\n<p><img decoding=\"async\" src=\"https:\/\/img.yfisher.com\/m6076\/17257326772m3\/jpg70-t3-scale100.webp\" alt=\"Sistema de filtraci\u00f3n m\u00f3vil de acero inoxidable 7\" data-lazy=\"2\" title=\"\"><\/p>\n<p><img decoding=\"async\" src=\"https:\/\/img.yfisher.com\/m6076\/17257326774fy\/jpg70-t3-scale100.webp\" alt=\"Sistema de filtraci\u00f3n m\u00f3vil de acero inoxidable 8\" data-lazy=\"2\" title=\"\"><\/p>\n<p><img decoding=\"async\" src=\"https:\/\/img.yfisher.com\/m6076\/1725732677gt2\/jpg70-t3-scale100.webp\" alt=\"Sistema de filtraci\u00f3n m\u00f3vil de acero inoxidable 9\" data-lazy=\"2\" title=\"\"><\/p>\n<p><img decoding=\"async\" src=\"https:\/\/img.yfisher.com\/m6076\/1725732677sin\/jpg70-t3-scale100.webp\" alt=\"Sistema de filtraci\u00f3n m\u00f3vil de acero inoxidable 10\" data-lazy=\"2\" title=\"\"><\/p>\n<p><img decoding=\"async\" src=\"https:\/\/img.yfisher.com\/m6076\/1725732677qrj\/jpg70-t3-scale100.webp\" alt=\"Sistema de filtraci\u00f3n m\u00f3vil de acero inoxidable 11\" data-lazy=\"2\" title=\"\"><\/p>\n<p><img decoding=\"async\" src=\"https:\/\/img.yfisher.com\/m6076\/1725732677vio\/jpg70-t3-scale100.webp\" alt=\"Sistema de filtraci\u00f3n m\u00f3vil de acero inoxidable 12\" data-lazy=\"2\" title=\"\"><\/p>\n<p><img decoding=\"async\" src=\"https:\/\/img.yfisher.com\/m6076\/1725732677fpk\/jpg70-t3-scale100.webp\" alt=\"Sistema de filtraci\u00f3n m\u00f3vil de acero inoxidable 13\" data-lazy=\"2\" title=\"\"><\/p>\n<\/div>","protected":false},"excerpt":{"rendered":"<table>\n<thead>\n<tr>\n<th>puerto de inicio<\/th>\n<th>Guangzhou<\/th>\n<\/tr>\n<\/thead>\n<tbody>\n<tr>\n<td>capacidad de producci\u00f3n<\/td>\n<td>10000 unidades\/mes<\/td>\n<\/tr>\n<tr>\n<td>lugar de origen<\/td>\n<td>Guangdong, China<\/td>\n<\/tr>\n<tr>\n<td>pago<\/td>\n<td>T\/T, Garant\u00eda Comercial Alibaba<\/td>\n<\/tr>\n<tr>\n<td>moq<\/td>\n<td>1 unidad<\/td>\n<\/tr>\n<tr>\n<td>plazo de entrega<\/td>\n<td>En un plazo de 7 d\u00edas laborables<\/td>\n<\/tr>\n<tr>\n<td>certificaci\u00f3n<\/td>\n<td>CE, ISO 9001<\/td>\n<\/tr>\n<tr>\n<td>marca<\/td>\n<td>OEM\/Lvyuan<\/td>\n<\/tr>\n<\/tbody>\n<\/table>","protected":false},"featured_media":2362,"comment_status":"open","ping_status":"closed","template":"","meta":{"_gspb_post_css":""},"product_brand":[],"product_cat":[15],"product_tag":[963,263,289,260,280,282],"class_list":{"0":"post-2354","1":"product","2":"type-product","3":"status-publish","4":"has-post-thumbnail","6":"product_cat-stainless-steel-filter-housing","7":"product_tag-ce-certified","8":"product_tag-fast-delivery","9":"product_tag-guangzhou-shipping","10":"product_tag-iso-9001","11":"product_tag-low-moq","12":"product_tag-oem-lvyuan","14":"first","15":"instock","16":"shipping-taxable","17":"product-type-simple"},"_links":{"self":[{"href":"https:\/\/lyfilter.com\/es\/wp-json\/wp\/v2\/product\/2354","targetHints":{"allow":["GET"]}}],"collection":[{"href":"https:\/\/lyfilter.com\/es\/wp-json\/wp\/v2\/product"}],"about":[{"href":"https:\/\/lyfilter.com\/es\/wp-json\/wp\/v2\/types\/product"}],"replies":[{"embeddable":true,"href":"https:\/\/lyfilter.com\/es\/wp-json\/wp\/v2\/comments?post=2354"}],"wp:featuredmedia":[{"embeddable":true,"href":"https:\/\/lyfilter.com\/es\/wp-json\/wp\/v2\/media\/2362"}],"wp:attachment":[{"href":"https:\/\/lyfilter.com\/es\/wp-json\/wp\/v2\/media?parent=2354"}],"wp:term":[{"taxonomy":"product_brand","embeddable":true,"href":"https:\/\/lyfilter.com\/es\/wp-json\/wp\/v2\/product_brand?post=2354"},{"taxonomy":"product_cat","embeddable":true,"href":"https:\/\/lyfilter.com\/es\/wp-json\/wp\/v2\/product_cat?post=2354"},{"taxonomy":"product_tag","embeddable":true,"href":"https:\/\/lyfilter.com\/es\/wp-json\/wp\/v2\/product_tag?post=2354"}],"curies":[{"name":"wp","href":"https:\/\/api.w.org\/{rel}","templated":true}]}}