{"id":2317,"date":"2026-01-07T01:59:12","date_gmt":"2026-01-07T01:59:12","guid":{"rendered":"https:\/\/lyfilter.com\/?post_type=product&#038;p=2317"},"modified":"2026-01-07T01:59:12","modified_gmt":"2026-01-07T01:59:12","slug":"stainless-steel-deplux-filter-housing","status":"publish","type":"product","link":"https:\/\/lyfilter.com\/es\/stainless-steel-deplux-filter-housing\/","title":{"rendered":"Carcasa del filtro Deplux de acero inoxidable"},"content":{"rendered":"<p><strong>Carcasa del filtro Deplux de acero inoxidable\u00a0<\/strong><\/p>\n<p>La carcasa del filtro Deplux adopta una v\u00e1lvula de inversi\u00f3n de seis v\u00edas de dos posiciones, que ensambla dos filtros monocil\u00edndricos en una base de la m\u00e1quina, y no necesita detenerse cuando se limpia el filtro, a fin de garantizar su funcionamiento continuo. El filtro de aceite tipo malla se divide en serie de doble cilindro SPL y serie de un solo cilindro DPL. El producto es fiable en funcionamiento, f\u00e1cil de mantener, y no requiere otras fuentes de energ\u00eda. El elemento filtrante es un filtro hecho de malla de alambre, que tiene alta resistencia y capacidad de paso de aceite. Grande, para garantizar la precisi\u00f3n de filtraci\u00f3n, f\u00e1cil de limpiar y otras caracter\u00edsticas de la serie de doble cilindro puede lograr la conversi\u00f3n sin parar y la limpieza durante el funcionamiento del host.<\/p>","protected":false},"excerpt":{"rendered":"<table>\n<thead>\n<tr>\n<th>puerto de inicio<\/th>\n<th>Guangzhou<\/th>\n<\/tr>\n<\/thead>\n<tbody>\n<tr>\n<td>capacidad de producci\u00f3n<\/td>\n<td>10000 unidades\/mes<\/td>\n<\/tr>\n<tr>\n<td>lugar de origen<\/td>\n<td>Guangdong, China<\/td>\n<\/tr>\n<tr>\n<td>pago<\/td>\n<td>T\/T, Alibaba Trade Assurance, paypal<\/td>\n<\/tr>\n<tr>\n<td>moq<\/td>\n<td>1 unidad<\/td>\n<\/tr>\n<tr>\n<td>plazo de entrega<\/td>\n<td>En un plazo de 7 d\u00edas laborables<\/td>\n<\/tr>\n<tr>\n<td>certificaci\u00f3n<\/td>\n<td>CE, ISO 9001<\/td>\n<\/tr>\n<tr>\n<td>marca<\/td>\n<td>OEM\/Lvyuan<\/td>\n<\/tr>\n<\/tbody>\n<\/table>","protected":false},"featured_media":2339,"comment_status":"open","ping_status":"closed","template":"","meta":{"_gspb_post_css":""},"product_brand":[],"product_cat":[15],"product_tag":[963,263,289,260,280,282],"class_list":{"0":"post-2317","1":"product","2":"type-product","3":"status-publish","4":"has-post-thumbnail","6":"product_cat-stainless-steel-filter-housing","7":"product_tag-ce-certified","8":"product_tag-fast-delivery","9":"product_tag-guangzhou-shipping","10":"product_tag-iso-9001","11":"product_tag-low-moq","12":"product_tag-oem-lvyuan","14":"first","15":"instock","16":"shipping-taxable","17":"product-type-simple"},"_links":{"self":[{"href":"https:\/\/lyfilter.com\/es\/wp-json\/wp\/v2\/product\/2317","targetHints":{"allow":["GET"]}}],"collection":[{"href":"https:\/\/lyfilter.com\/es\/wp-json\/wp\/v2\/product"}],"about":[{"href":"https:\/\/lyfilter.com\/es\/wp-json\/wp\/v2\/types\/product"}],"replies":[{"embeddable":true,"href":"https:\/\/lyfilter.com\/es\/wp-json\/wp\/v2\/comments?post=2317"}],"wp:featuredmedia":[{"embeddable":true,"href":"https:\/\/lyfilter.com\/es\/wp-json\/wp\/v2\/media\/2339"}],"wp:attachment":[{"href":"https:\/\/lyfilter.com\/es\/wp-json\/wp\/v2\/media?parent=2317"}],"wp:term":[{"taxonomy":"product_brand","embeddable":true,"href":"https:\/\/lyfilter.com\/es\/wp-json\/wp\/v2\/product_brand?post=2317"},{"taxonomy":"product_cat","embeddable":true,"href":"https:\/\/lyfilter.com\/es\/wp-json\/wp\/v2\/product_cat?post=2317"},{"taxonomy":"product_tag","embeddable":true,"href":"https:\/\/lyfilter.com\/es\/wp-json\/wp\/v2\/product_tag?post=2317"}],"curies":[{"name":"wp","href":"https:\/\/api.w.org\/{rel}","templated":true}]}}