{"id":2291,"date":"2026-01-07T01:44:12","date_gmt":"2026-01-07T01:44:12","guid":{"rendered":"https:\/\/lyfilter.com\/?post_type=product&#038;p=2291"},"modified":"2026-01-07T01:44:13","modified_gmt":"2026-01-07T01:44:13","slug":"filter-element-stainless-steel-filter-tube","status":"publish","type":"product","link":"https:\/\/lyfilter.com\/es\/filter-element-stainless-steel-filter-tube\/","title":{"rendered":"Elemento filtrante Tubo filtrante de acero inoxidable"},"content":{"rendered":"<div class=\"unit-detail-html-tabs__content-attr\">\n<div class=\"unit-product-attrparam\">\n<div class=\"unit-product-attrparam__items row\">\n<div class=\"col-12 col-md-6\">\n<div class=\"unit-product-attrparam__item\">\n<div class=\"unit-product-attrparam__label\">\n<table>\n<thead>\n<tr>\n<th>material<\/th>\n<th>acero inoxidable<\/th>\n<\/tr>\n<\/thead>\n<tbody>\n<tr>\n<td>disponibilidad<\/td>\n<td>oem<\/td>\n<\/tr>\n<\/tbody>\n<\/table>\n<\/div>\n<\/div>\n<\/div>\n<\/div>\n<\/div>\n<\/div>\n<div class=\"unit-detail-html-tabs__content-featuresAttr\"><\/div>\n<div class=\"unit-detail-html-tabs__content-html\">\n<p><strong>Elemento filtrante Tubo filtrante de acero inoxidable<\/strong><\/p>\n<p>El tubo filtrante de acero inoxidable est\u00e1 compuesto por una malla sinterizada est\u00e1ndar de cinco capas, laminada y sinterizada al vac\u00edo. Este tipo de cartucho de filtro tiene las siguientes ventajas, tales como alta resistencia, alta corrosividad, excelente permeabilidad, f\u00e1cil de lavar y retrolavado, la eficiencia del filtro precisa, etc.<\/p>\n<p>Standrad malla sinterizada consta de cinco capas: la capa protectora, la capa de filtro, la capa de dispersi\u00f3n, dos mallas de refuerzo.debido a su construcci\u00f3n de filtraci\u00f3n de la superficie, y el alambre liso de la malla, es bueno en retrolavado y regeneraci\u00f3n. Adem\u00e1s, esta malla es f\u00e1cil de formar, mecanizar y soldar. Se puede producir en muchos tipos de formas tales como circular, cartucho, cono y pliegues.<\/p>\n<p>Descripci\u00f3n del producto<\/p>\n<p>capacidad nominal del filtro (um):2,5,10,20,40<\/p>\n<p>capa de control (malla):325*2400 200*1400 165*1400 165*800 50*250<\/p>\n<p>permeabilidad(%):38<\/p>\n<p>presi\u00f3n del punto de burbuja:280-640(2um) 250-600(5um) 220-550(10um) 180-450(20um) 150-400(40um)<\/p>\n<p>Espesor (mm):1,7<\/p>\n<p>peso (kg):8,4<\/p>\n<p>Tipo de conexi\u00f3n principal<\/p>\n<p>*Interfaz est\u00e1ndar, como 222, 220, 226<\/p>\n<p>*Interfaz r\u00e1pida<\/p>\n<p>*Conexi\u00f3n de brida<\/p>\n<p>*Conexi\u00f3n de tirantes<\/p>\n<p>*Conexi\u00f3n por hilos<\/p>\n<p>*Conexi\u00f3n personalizada<\/p>\n<\/div>","protected":false},"excerpt":{"rendered":"<table>\n<thead>\n<tr>\n<th>puerto de inicio<\/th>\n<th>Guangzhou<\/th>\n<\/tr>\n<\/thead>\n<tbody>\n<tr>\n<td>capacidad de producci\u00f3n<\/td>\n<td>10000 unidades\/mes<\/td>\n<\/tr>\n<tr>\n<td>lugar de origen<\/td>\n<td>Guangdong, China<\/td>\n<\/tr>\n<tr>\n<td>pago<\/td>\n<td>T\/T, Alibaba Trade Assurance, paypal<\/td>\n<\/tr>\n<tr>\n<td>moq<\/td>\n<td>1 unidad<\/td>\n<\/tr>\n<tr>\n<td>modelo<\/td>\n<td>LY-FB<\/td>\n<\/tr>\n<tr>\n<td>plazo de entrega<\/td>\n<td>En un plazo de 7 d\u00edas laborables<\/td>\n<\/tr>\n<tr>\n<td>certificaci\u00f3n<\/td>\n<td>ISO 9001<\/td>\n<\/tr>\n<tr>\n<td>marca<\/td>\n<td>OEM\/Lvyuan<\/td>\n<\/tr>\n<\/tbody>\n<\/table>","protected":false},"featured_media":2304,"comment_status":"open","ping_status":"closed","template":"","meta":{"_gspb_post_css":""},"product_brand":[],"product_cat":[17,22],"product_tag":[954,289,260,280,282,953],"class_list":{"0":"post-2291","1":"product","2":"type-product","3":"status-publish","4":"has-post-thumbnail","6":"product_cat-sediment-filter","7":"product_cat-sintered-filter-cartridge","8":"product_tag-custom-paper-tubes","9":"product_tag-guangzhou-shipping","10":"product_tag-iso-9001","11":"product_tag-low-moq","12":"product_tag-oem-lvyuan","13":"product_tag-paper-tube-packaging","15":"first","16":"instock","17":"shipping-taxable","18":"product-type-simple"},"_links":{"self":[{"href":"https:\/\/lyfilter.com\/es\/wp-json\/wp\/v2\/product\/2291","targetHints":{"allow":["GET"]}}],"collection":[{"href":"https:\/\/lyfilter.com\/es\/wp-json\/wp\/v2\/product"}],"about":[{"href":"https:\/\/lyfilter.com\/es\/wp-json\/wp\/v2\/types\/product"}],"replies":[{"embeddable":true,"href":"https:\/\/lyfilter.com\/es\/wp-json\/wp\/v2\/comments?post=2291"}],"wp:featuredmedia":[{"embeddable":true,"href":"https:\/\/lyfilter.com\/es\/wp-json\/wp\/v2\/media\/2304"}],"wp:attachment":[{"href":"https:\/\/lyfilter.com\/es\/wp-json\/wp\/v2\/media?parent=2291"}],"wp:term":[{"taxonomy":"product_brand","embeddable":true,"href":"https:\/\/lyfilter.com\/es\/wp-json\/wp\/v2\/product_brand?post=2291"},{"taxonomy":"product_cat","embeddable":true,"href":"https:\/\/lyfilter.com\/es\/wp-json\/wp\/v2\/product_cat?post=2291"},{"taxonomy":"product_tag","embeddable":true,"href":"https:\/\/lyfilter.com\/es\/wp-json\/wp\/v2\/product_tag?post=2291"}],"curies":[{"name":"wp","href":"https:\/\/api.w.org\/{rel}","templated":true}]}}