{"id":2289,"date":"2026-01-07T01:42:03","date_gmt":"2026-01-07T01:42:03","guid":{"rendered":"https:\/\/lyfilter.com\/?post_type=product&#038;p=2289"},"modified":"2026-01-07T01:42:03","modified_gmt":"2026-01-07T01:42:03","slug":"pneumatic-plastic-muffler-silencer-with-sound-absorbing","status":"publish","type":"product","link":"https:\/\/lyfilter.com\/es\/pneumatic-plastic-muffler-silencer-with-sound-absorbing\/","title":{"rendered":"Silenciador neum\u00e1tico de pl\u00e1stico con amortiguaci\u00f3n ac\u00fastica"},"content":{"rendered":"<div class=\"unit-detail-html-tabs__content-attr\">\n<div class=\"unit-product-attrparam\">\n<div class=\"unit-product-attrparam__items row\">\n<div class=\"col-12 col-md-6\">\n<div class=\"unit-product-attrparam__item\">\n<div class=\"unit-product-attrparam__label\">\n<table>\n<thead>\n<tr>\n<th>capacidad de suministro<\/th>\n<th>1000000 unidades\/mes<\/th>\n<\/tr>\n<\/thead>\n<tbody>\n<tr>\n<td>material<\/td>\n<td>pe<\/td>\n<\/tr>\n<tr>\n<td>disponibilidad<\/td>\n<td>oem<\/td>\n<\/tr>\n<\/tbody>\n<\/table>\n<\/div>\n<\/div>\n<\/div>\n<\/div>\n<\/div>\n<\/div>\n<div class=\"unit-detail-html-tabs__content-featuresAttr\"><\/div>\n<div class=\"unit-detail-html-tabs__content-html\">\n<p><strong>Silenciador neum\u00e1tico de pl\u00e1stico con amortiguaci\u00f3n ac\u00fastica<\/strong><\/p>\n<p><strong>Silenciador de pl\u00e1stico\u00a0<\/strong>\u00a0se utilizan en diversos tipos de calderas de vapor en equipos industriales, petroqu\u00edmicos y metal\u00fargicos.<\/p>\n<p>En la industria moderna, los silenciadores pueden reducir eficazmente el ruido de los equipos de producci\u00f3n, y pueden proporcionar el equipo m\u00e1s peque\u00f1o del sistema y el mejor sistema de equilibrio durante el uso.<\/p>\n<p>En general, los dispositivos tienen una amplia gama de tama\u00f1os, un posicionamiento est\u00e1ndar para los chips e interfaces robustas que garantizan una f\u00e1cil disipaci\u00f3n a los equipos neum\u00e1ticos.<\/p>\n<p>Ventajas\uff1a<\/p>\n<p>En muchos aspectos, el peso de un silenciador met\u00e1lico es m\u00e1s significativo que el de un silenciador: reducci\u00f3n del ruido, mayor resistencia al aire filtrado, mayor capacidad, dispersabilidad y sol material, durabilidad, rapidez de montaje y coste.<\/p>\n<\/div>","protected":false},"excerpt":{"rendered":"<table>\n<thead>\n<tr>\n<th>puerto de inicio<\/th>\n<th>Guangzhou<\/th>\n<\/tr>\n<\/thead>\n<tbody>\n<tr>\n<td>capacidad de producci\u00f3n<\/td>\n<td>10000 unidades\/mes<\/td>\n<\/tr>\n<tr>\n<td>lugar de origen<\/td>\n<td>Guangdong, China<\/td>\n<\/tr>\n<tr>\n<td>pago<\/td>\n<td>T\/T, Alibaba Trade Assurance, paypal<\/td>\n<\/tr>\n<tr>\n<td>moq<\/td>\n<td>1 unidad<\/td>\n<\/tr>\n<tr>\n<td>plazo de entrega<\/td>\n<td>En un plazo de 7 d\u00edas laborables<\/td>\n<\/tr>\n<tr>\n<td>certificaci\u00f3n<\/td>\n<td>ISO 9001<\/td>\n<\/tr>\n<tr>\n<td>marca<\/td>\n<td>OEM\/Lvyuan<\/td>\n<\/tr>\n<\/tbody>\n<\/table>","protected":false},"featured_media":2292,"comment_status":"open","ping_status":"closed","template":"","meta":{"_gspb_post_css":""},"product_brand":[],"product_cat":[17,22],"product_tag":[954,289,260,280,282,953],"class_list":{"0":"post-2289","1":"product","2":"type-product","3":"status-publish","4":"has-post-thumbnail","6":"product_cat-sediment-filter","7":"product_cat-sintered-filter-cartridge","8":"product_tag-custom-paper-tubes","9":"product_tag-guangzhou-shipping","10":"product_tag-iso-9001","11":"product_tag-low-moq","12":"product_tag-oem-lvyuan","13":"product_tag-paper-tube-packaging","15":"first","16":"instock","17":"shipping-taxable","18":"product-type-simple"},"_links":{"self":[{"href":"https:\/\/lyfilter.com\/es\/wp-json\/wp\/v2\/product\/2289","targetHints":{"allow":["GET"]}}],"collection":[{"href":"https:\/\/lyfilter.com\/es\/wp-json\/wp\/v2\/product"}],"about":[{"href":"https:\/\/lyfilter.com\/es\/wp-json\/wp\/v2\/types\/product"}],"replies":[{"embeddable":true,"href":"https:\/\/lyfilter.com\/es\/wp-json\/wp\/v2\/comments?post=2289"}],"wp:featuredmedia":[{"embeddable":true,"href":"https:\/\/lyfilter.com\/es\/wp-json\/wp\/v2\/media\/2292"}],"wp:attachment":[{"href":"https:\/\/lyfilter.com\/es\/wp-json\/wp\/v2\/media?parent=2289"}],"wp:term":[{"taxonomy":"product_brand","embeddable":true,"href":"https:\/\/lyfilter.com\/es\/wp-json\/wp\/v2\/product_brand?post=2289"},{"taxonomy":"product_cat","embeddable":true,"href":"https:\/\/lyfilter.com\/es\/wp-json\/wp\/v2\/product_cat?post=2289"},{"taxonomy":"product_tag","embeddable":true,"href":"https:\/\/lyfilter.com\/es\/wp-json\/wp\/v2\/product_tag?post=2289"}],"curies":[{"name":"wp","href":"https:\/\/api.w.org\/{rel}","templated":true}]}}