{"id":2283,"date":"2026-01-07T01:37:49","date_gmt":"2026-01-07T01:37:49","guid":{"rendered":"https:\/\/lyfilter.com\/?post_type=product&#038;p=2283"},"modified":"2026-01-07T01:37:49","modified_gmt":"2026-01-07T01:37:49","slug":"sintered-plastic-pe-pp-ptfe-outdoor-moisture-filter","status":"publish","type":"product","link":"https:\/\/lyfilter.com\/es\/sintered-plastic-pe-pp-ptfe-outdoor-moisture-filter\/","title":{"rendered":"Pl\u00e1stico sinterizado PE PP PTFE filtro de humedad exterior"},"content":{"rendered":"<div class=\"unit-detail-html-tabs__content-attr\">\n<div class=\"unit-product-attrparam\">\n<div class=\"unit-product-attrparam__items row\">\n<div class=\"col-12 col-md-6\">\n<div class=\"unit-product-attrparam__item\">\n<div class=\"unit-product-attrparam__label\">\n<table>\n<thead>\n<tr>\n<th>material<\/th>\n<th>pe<\/th>\n<\/tr>\n<\/thead>\n<tbody>\n<tr>\n<td>disponibilidad<\/td>\n<td>OEM\/ODM<\/td>\n<\/tr>\n<\/tbody>\n<\/table>\n<\/div>\n<\/div>\n<\/div>\n<\/div>\n<\/div>\n<\/div>\n<div class=\"unit-detail-html-tabs__content-featuresAttr\"><\/div>\n<div class=\"unit-detail-html-tabs__content-html\">\n<p><strong>Pl\u00e1stico sinterizado PE PP PTFE filtro de humedad exterior<\/strong><\/p>\n<div class=\"table-responsive\">\n<table width=\"462\" cellspacing=\"0\" cellpadding=\"0\" data-spm-anchor-id=\"a2700.details.0.i31.45026d68wBggxE\">\n<tbody>\n<tr class=\"firstRow\">\n<td width=\"205\" height=\"10\">\n<p data-spm-anchor-id=\"a2700.details.0.i30.45026d68wBggxE\">Estilo<\/p>\n<\/td>\n<td width=\"237\" height=\"10\">Cilindro<\/td>\n<\/tr>\n<tr>\n<td width=\"205\" height=\"2\">Composici\u00f3n del material<\/td>\n<td width=\"237\" height=\"2\">PE,PP<\/td>\n<\/tr>\n<tr>\n<td width=\"205\" height=\"27\">N\u00ba de art\u00edculo.<\/td>\n<td width=\"237\" height=\"27\">SPF1522170PEDGM20<\/td>\n<\/tr>\n<tr>\n<td width=\"205\" height=\"27\">Forma<\/td>\n<td width=\"237\" height=\"27\">Cilindro<\/td>\n<\/tr>\n<tr>\n<td width=\"205\" height=\"27\">ID<\/td>\n<td width=\"237\" height=\"27\">15<\/td>\n<\/tr>\n<tr>\n<td width=\"205\" height=\"27\">OD<\/td>\n<td width=\"237\" height=\"27\">22<\/td>\n<\/tr>\n<tr>\n<td width=\"205\" height=\"27\">Longitud<\/td>\n<td width=\"237\" height=\"27\">170<\/td>\n<\/tr>\n<tr>\n<td width=\"205\" height=\"30\">Elimina part\u00edculas de hasta<\/td>\n<td width=\"237\" height=\"30\">\n<p data-spm-anchor-id=\"a2700.details.0.i32.45026d68wBggxE\">20 micras<\/p>\n<\/td>\n<\/tr>\n<tr>\n<td width=\"205\" height=\"21\">Caudal m\u00e1ximo<\/td>\n<td width=\"237\" height=\"21\">9 scfm @ 100psi<\/td>\n<\/tr>\n<\/tbody>\n<\/table>\n<\/div>\n<p><img decoding=\"async\" src=\"https:\/\/img.yfisher.com\/m6076\/17257326288n0\/png70-t3-scale100.webp\" alt=\"Pl\u00e1stico sinterizado PE PP PTFE filtro de humedad exterior 2\" data-lazy=\"2\" title=\"\"><\/p>\n<p>- Ca\u00edda de presi\u00f3n. La porosidad disminuye la presi\u00f3n del fluido que circula por ella. Diferentes aplicaciones son: control de presi\u00f3n en circuitos neum\u00e1ticos e hidr\u00e1ulicos (compensadores, drenadores, reguladores), absorci\u00f3n de ruido de tuber\u00edas de gas (Silenciadores), cilindros neum\u00e1ticos, protecci\u00f3n de sensores y man\u00f3metros, cajas de cambio, etc.<\/p>\n<p>- Control del flujo. La porosidad is\u00f3tropa y homog\u00e9nea permite que un fluido que circule por ella tenga un caudal constante a la salida de la pieza porosa. Las aplicaciones t\u00edpicas son intercambiadores de calor, gases medicinales, submarinismo, gases industriales, etc.<\/p>\n<p>- Aireaci\u00f3n. La circulaci\u00f3n de aire a trav\u00e9s de la porosidad da lugar a un flujo de aire constante y controlado a la salida del componente poroso. Los sectores de utilizaci\u00f3n son: repaso de l\u00edquidos en la industria alimentaria (licores, vinos y bebidas gaseosas), ionizaci\u00f3n, quemadores de gas, acuarios, an\u00e1lisis cl\u00ednicos, etc.<\/p>\n<p>- Fluidizaci\u00f3n. La circulaci\u00f3n de aire a trav\u00e9s del componente poroso tiene como resultado que el flujo de salida se distribuye con la misma presi\u00f3n en todos los puntos, permitiendo entonces la manipulaci\u00f3n controlada de productos en polvo. Esta propiedad se utiliza para: transportar cemento, harina, al\u00famina, cenizas, polvo de t\u00f3ner, etc.<\/p>\n<\/div>","protected":false},"excerpt":{"rendered":"<table>\n<thead>\n<tr>\n<th>puerto de inicio<\/th>\n<th>Guangzhou<\/th>\n<\/tr>\n<\/thead>\n<tbody>\n<tr>\n<td>capacidad de producci\u00f3n<\/td>\n<td>10000 unidades\/mes<\/td>\n<\/tr>\n<tr>\n<td>lugar de origen<\/td>\n<td>Guangdong, China<\/td>\n<\/tr>\n<tr>\n<td>pago<\/td>\n<td>T\/T<\/td>\n<\/tr>\n<tr>\n<td>moq<\/td>\n<td>1 unidad<\/td>\n<\/tr>\n<tr>\n<td>modelo<\/td>\n<td>LY-FB<\/td>\n<\/tr>\n<tr>\n<td>plazo de entrega<\/td>\n<td>En un plazo de 7 d\u00edas laborables<\/td>\n<\/tr>\n<tr>\n<td>marca<\/td>\n<td>OEM\/Lvyuan<\/td>\n<\/tr>\n<\/tbody>\n<\/table>","protected":false},"featured_media":2290,"comment_status":"open","ping_status":"closed","template":"","meta":{"_gspb_post_css":""},"product_brand":[],"product_cat":[17,22],"product_tag":[954,263,289,280,282,953],"class_list":{"0":"post-2283","1":"product","2":"type-product","3":"status-publish","4":"has-post-thumbnail","6":"product_cat-sediment-filter","7":"product_cat-sintered-filter-cartridge","8":"product_tag-custom-paper-tubes","9":"product_tag-fast-delivery","10":"product_tag-guangzhou-shipping","11":"product_tag-low-moq","12":"product_tag-oem-lvyuan","13":"product_tag-paper-tube-packaging","15":"first","16":"instock","17":"shipping-taxable","18":"product-type-simple"},"_links":{"self":[{"href":"https:\/\/lyfilter.com\/es\/wp-json\/wp\/v2\/product\/2283","targetHints":{"allow":["GET"]}}],"collection":[{"href":"https:\/\/lyfilter.com\/es\/wp-json\/wp\/v2\/product"}],"about":[{"href":"https:\/\/lyfilter.com\/es\/wp-json\/wp\/v2\/types\/product"}],"replies":[{"embeddable":true,"href":"https:\/\/lyfilter.com\/es\/wp-json\/wp\/v2\/comments?post=2283"}],"wp:featuredmedia":[{"embeddable":true,"href":"https:\/\/lyfilter.com\/es\/wp-json\/wp\/v2\/media\/2290"}],"wp:attachment":[{"href":"https:\/\/lyfilter.com\/es\/wp-json\/wp\/v2\/media?parent=2283"}],"wp:term":[{"taxonomy":"product_brand","embeddable":true,"href":"https:\/\/lyfilter.com\/es\/wp-json\/wp\/v2\/product_brand?post=2283"},{"taxonomy":"product_cat","embeddable":true,"href":"https:\/\/lyfilter.com\/es\/wp-json\/wp\/v2\/product_cat?post=2283"},{"taxonomy":"product_tag","embeddable":true,"href":"https:\/\/lyfilter.com\/es\/wp-json\/wp\/v2\/product_tag?post=2283"}],"curies":[{"name":"wp","href":"https:\/\/api.w.org\/{rel}","templated":true}]}}