{"id":2280,"date":"2026-01-07T01:36:14","date_gmt":"2026-01-07T01:36:14","guid":{"rendered":"https:\/\/lyfilter.com\/?post_type=product&#038;p=2280"},"modified":"2026-04-24T16:47:04","modified_gmt":"2026-04-24T16:47:04","slug":"exhaust-control-pneumatic-pe-plastic-silencer-muffler","status":"publish","type":"product","link":"https:\/\/lyfilter.com\/es\/exhaust-control-pneumatic-pe-plastic-silencer-muffler\/","title":{"rendered":"Control de escape neum\u00e1tico Silenciador de pl\u00e1stico PE"},"content":{"rendered":"<div class=\"unit-detail-html-tabs__content-attr\">\n<div class=\"unit-product-attrparam\">\n<div class=\"unit-product-attrparam__items row\">\n<div class=\"col-12 col-md-6\">\n<div class=\"unit-product-attrparam__item\">\n<div class=\"unit-product-attrparam__label\">\n<table>\n<thead>\n<tr>\n<th>material<\/th>\n<th>pe<\/th>\n<\/tr>\n<\/thead>\n<tbody>\n<tr>\n<td>disponibilidad<\/td>\n<td>OEM\/ODM<\/td>\n<\/tr>\n<\/tbody>\n<\/table>\n<\/div>\n<\/div>\n<\/div>\n<\/div>\n<\/div>\n<\/div>\n<div class=\"unit-detail-html-tabs__content-featuresAttr\"><\/div>\n<div class=\"unit-detail-html-tabs__content-html\">\n<p><strong>Control de escape neum\u00e1tico Silenciador de pl\u00e1stico PE<\/strong><\/p>\n<p><strong>Dimensiones del producto<\/strong><\/p>\n<p>Silenciador de pl\u00e1stico silencio neum\u00e1tico de pl\u00e1stico<\/p>\n<p>Material de la carcasa: POM<\/p>\n<p>Material del filtro:PE<\/p>\n<div class=\"table-responsive\">\n<table align=\"left\" data-sort=\"sortDisabled\">\n<tbody>\n<tr class=\"firstRow\">\n<td colspan=\"1\" rowspan=\"2\" valign=\"top\" width=\"403\">\u00a0 \u00a0 \u00a0 \u00a0 \u00a0 \u00a0 \u00a0 \u00a0\u00a0<strong>\u00a0 \u00a0 \u00a0 \u00a0 Modelo PSE<\/strong><\/td>\n<td colspan=\"2\" rowspan=\"1\" valign=\"top\" height=\"20\">\u00a0 \u00a0 \u00a0 \u00a0 \u00a0 \u00a0 \u00a0 \u00a0 \u00a0 \u00a0 \u00a0 \u00a0 \u00a0 \u00a0 \u00a0 \u00a0 \u00a0 \u00a0 \u00a0 \u00a0 \u00a0 \u00a0 \u00a0 \u00a0 \u00a0 \u00a0 \u00a0 \u00a0 \u00a0 \u00a0 \u00a0 \u00a0 \u00a0 \u00a0\u00a0<strong>\u00a0 \u00a0 \u00a0Dimensi\u00f3n<\/strong><\/td>\n<\/tr>\n<tr>\n<td align=\"center\" valign=\"middle\" width=\"403\" height=\"20\"><strong>L<\/strong><\/td>\n<td align=\"center\" valign=\"middle\" width=\"403\" height=\"20\"><strong>S<\/strong><\/td>\n<\/tr>\n<tr>\n<td align=\"center\" valign=\"middle\" width=\"403\" height=\"20\">1\/8\u201d<\/td>\n<td align=\"center\" valign=\"middle\" width=\"403\" height=\"20\">5<\/td>\n<td align=\"center\" valign=\"middle\" width=\"403\" height=\"20\">6<\/td>\n<\/tr>\n<tr>\n<td align=\"center\" valign=\"middle\" width=\"403\" height=\"20\">1\/4\u201d<\/td>\n<td align=\"center\" valign=\"middle\" width=\"403\" height=\"20\">6<\/td>\n<td align=\"center\" valign=\"middle\" width=\"403\" height=\"20\">8<\/td>\n<\/tr>\n<tr>\n<td align=\"center\" valign=\"middle\" width=\"403\" height=\"20\">3\/8\u201d<\/td>\n<td align=\"center\" valign=\"middle\" width=\"403\" height=\"20\">7<\/td>\n<td align=\"center\" valign=\"middle\" width=\"403\" height=\"20\">10<\/td>\n<\/tr>\n<tr>\n<td align=\"center\" valign=\"middle\" width=\"403\" height=\"20\">1\/2\u201d<\/td>\n<td align=\"center\" valign=\"middle\" width=\"403\" height=\"20\">8<\/td>\n<td align=\"center\" valign=\"middle\" width=\"403\" height=\"20\">15<\/td>\n<\/tr>\n<tr>\n<td align=\"center\" valign=\"middle\" width=\"403\" height=\"20\">3\/4\u201d<\/td>\n<td align=\"center\" valign=\"middle\" width=\"403\" height=\"20\">9<\/td>\n<td align=\"center\" valign=\"middle\" width=\"403\" height=\"20\">20<\/td>\n<\/tr>\n<tr>\n<td align=\"center\" valign=\"middle\" width=\"403\" height=\"20\">1\/8\u201d<\/td>\n<td align=\"center\" valign=\"middle\" width=\"403\" height=\"20\">10<\/td>\n<td align=\"center\" valign=\"middle\" width=\"403\" height=\"20\">26<\/td>\n<\/tr>\n<\/tbody>\n<\/table>\n<\/div>\n<p><img decoding=\"async\" src=\"https:\/\/img.yfisher.com\/m6076\/1725286994kf5\/jpg70-t3-scale100.webp\" alt=\"Control de escape neum\u00e1tico Silenciador de pl\u00e1stico PE 6\" data-lazy=\"2\" title=\"\"><\/p>\n<p><strong>Especificaci\u00f3n:<\/strong><\/p>\n<p>1. Silenciador de escape de piezas de autom\u00f3vil<\/p>\n<p>2. Alto rendimiento totalmente de titanio<\/p>\n<p>3. Material: acero inoxidable o titanio completo opcional<\/p>\n<p>4. estricto control de calidad durante el proceso<\/p>\n<p>5. dise\u00f1o profesional<\/p>\n<p>6. Sistema de escape completo de alto rendimiento<\/p>\n<p>7.Acabado espejo o mate<\/p>\n<p><img decoding=\"async\" src=\"https:\/\/img.yfisher.com\/m6076\/1725286994d5r\/jpg70-t3-scale100.webp\" alt=\"Control de escape neum\u00e1tico Silenciador de pl\u00e1stico PE 7\" data-lazy=\"2\" title=\"\"><\/p>\n<p><strong>Taller de producci\u00f3n<\/strong><\/p>\n<p><img decoding=\"async\" src=\"https:\/\/img.yfisher.com\/m6076\/1725286994yiv\/jpg70-t3-scale100.webp\" alt=\"Control de escape neum\u00e1tico Silenciador de pl\u00e1stico PE 8\" data-lazy=\"2\" title=\"\"><\/p>\n<\/div>","protected":false},"excerpt":{"rendered":"<table>\n<thead>\n<tr>\n<th>puerto de inicio<\/th>\n<th>Guangzhou<\/th>\n<\/tr>\n<\/thead>\n<tbody>\n<tr>\n<td>capacidad de producci\u00f3n<\/td>\n<td>10000 unidades\/mes<\/td>\n<\/tr>\n<tr>\n<td>lugar de origen<\/td>\n<td>Guangdong, China<\/td>\n<\/tr>\n<tr>\n<td>pago<\/td>\n<td>T\/T, Garant\u00eda Comercial Alibaba<\/td>\n<\/tr>\n<tr>\n<td>moq<\/td>\n<td>1 unidad<\/td>\n<\/tr>\n<tr>\n<td>modelo<\/td>\n<td>LY-FB<\/td>\n<\/tr>\n<tr>\n<td>plazo de entrega<\/td>\n<td>En un plazo de 7 d\u00edas laborables<\/td>\n<\/tr>\n<tr>\n<td>certificaci\u00f3n<\/td>\n<td>ISO 9001<\/td>\n<\/tr>\n<tr>\n<td>marca<\/td>\n<td>OEM\/Lvyuan<\/td>\n<\/tr>\n<\/tbody>\n<\/table>","protected":false},"featured_media":2284,"comment_status":"open","ping_status":"closed","template":"","meta":{"_gspb_post_css":""},"product_brand":[],"product_cat":[17,22],"product_tag":[956,279,954,289,260,282,953],"class_list":{"0":"post-2280","1":"product","2":"type-product","3":"status-publish","4":"has-post-thumbnail","6":"product_cat-sediment-filter","7":"product_cat-sintered-filter-cartridge","8":"product_tag-1-piece-moq","9":"product_tag-alibaba-trade-assurance","10":"product_tag-custom-paper-tubes","11":"product_tag-guangzhou-shipping","12":"product_tag-iso-9001","13":"product_tag-oem-lvyuan","14":"product_tag-paper-tube-packaging","16":"first","17":"instock","18":"shipping-taxable","19":"product-type-simple"},"_links":{"self":[{"href":"https:\/\/lyfilter.com\/es\/wp-json\/wp\/v2\/product\/2280","targetHints":{"allow":["GET"]}}],"collection":[{"href":"https:\/\/lyfilter.com\/es\/wp-json\/wp\/v2\/product"}],"about":[{"href":"https:\/\/lyfilter.com\/es\/wp-json\/wp\/v2\/types\/product"}],"replies":[{"embeddable":true,"href":"https:\/\/lyfilter.com\/es\/wp-json\/wp\/v2\/comments?post=2280"}],"wp:featuredmedia":[{"embeddable":true,"href":"https:\/\/lyfilter.com\/es\/wp-json\/wp\/v2\/media\/2284"}],"wp:attachment":[{"href":"https:\/\/lyfilter.com\/es\/wp-json\/wp\/v2\/media?parent=2280"}],"wp:term":[{"taxonomy":"product_brand","embeddable":true,"href":"https:\/\/lyfilter.com\/es\/wp-json\/wp\/v2\/product_brand?post=2280"},{"taxonomy":"product_cat","embeddable":true,"href":"https:\/\/lyfilter.com\/es\/wp-json\/wp\/v2\/product_cat?post=2280"},{"taxonomy":"product_tag","embeddable":true,"href":"https:\/\/lyfilter.com\/es\/wp-json\/wp\/v2\/product_tag?post=2280"}],"curies":[{"name":"wp","href":"https:\/\/api.w.org\/{rel}","templated":true}]}}