{"id":2277,"date":"2026-01-07T01:33:21","date_gmt":"2026-01-07T01:33:21","guid":{"rendered":"https:\/\/lyfilter.com\/?post_type=product&#038;p=2277"},"modified":"2026-01-07T01:33:21","modified_gmt":"2026-01-07T01:33:21","slug":"factory-oem-high-quality-white-pe-hydrophilic-filter","status":"publish","type":"product","link":"https:\/\/lyfilter.com\/es\/factory-oem-high-quality-white-pe-hydrophilic-filter\/","title":{"rendered":"F\u00e1brica OEM alta calidad pe blanco filtro hidr\u00f3filo"},"content":{"rendered":"<p><img decoding=\"async\" src=\"https:\/\/img.yfisher.com\/m6076\/1725732626jg0\/jpg70-t3-scale100.webp\" alt=\"F\u00e1brica OEM de alta calidad blanco pe filtro hidr\u00f3filo 2\" data-lazy=\"2\" title=\"\"><\/p>\n<p>Debido a su adhesivo de alta calidad y coste, el polietileno tiene propiedades especiales, propiedades de elongaci\u00f3n, y la urdimbre y la trama de sus pel\u00edculas y diversos productos. La adhesi\u00f3n a la superficie del material de PE y mejorar el rendimiento del adhesivo de procesamiento principal del material de PE se logran principalmente por la adhesi\u00f3n de la superficie del material de PE y las mol\u00e9culas de investigaci\u00f3n y desarrollo.<\/p>\n<p>(2) Mejorar la energ\u00eda superficial del material;<\/p>\n<p>(3) Mejorar la rugosidad de la superficie del producto;<\/p>\n<p>(4) Elimine la capa superficial d\u00e9bil de la superficie del producto.<\/p>","protected":false},"excerpt":{"rendered":"<table>\n<thead>\n<tr>\n<th>art\u00edculo<\/th>\n<th>detalles<\/th>\n<\/tr>\n<\/thead>\n<tbody>\n<tr>\n<td>enfoque material<\/td>\n<td>l\u00e1minas de polietileno (PE) y productos de PE<\/td>\n<\/tr>\n<tr>\n<td>meta<\/td>\n<td>mejoran la adherencia y el rendimiento general del pegado\/revestimiento<\/td>\n<\/tr>\n<tr>\n<td>enfoque clave<\/td>\n<td>tratamiento de la superficie + I+D molecular espec\u00edfica para aumentar la adhesi\u00f3n a la superficie<\/td>\n<\/tr>\n<tr>\n<td>mejora 1<\/td>\n<td>aumentar la energ\u00eda superficial del material<\/td>\n<\/tr>\n<tr>\n<td>mejora 2<\/td>\n<td>aumentar la rugosidad de la superficie del producto<\/td>\n<\/tr>\n<tr>\n<td>mejora 3<\/td>\n<td>eliminar la capa superficial d\u00e9bil en la superficie del producto<\/td>\n<\/tr>\n<\/tbody>\n<\/table>","protected":false},"featured_media":2281,"comment_status":"open","ping_status":"closed","template":"","meta":{"_gspb_post_css":""},"product_brand":[],"product_cat":[17,22],"product_tag":[962,957,958,960,959,961],"class_list":{"0":"post-2277","1":"product","2":"type-product","3":"status-publish","4":"has-post-thumbnail","6":"product_cat-sediment-filter","7":"product_cat-sintered-filter-cartridge","8":"product_tag-pe-film-bonding","9":"product_tag-pe-surface-treatment","10":"product_tag-polyethylene-adhesion","11":"product_tag-roughness-enhancement","12":"product_tag-surface-energy-improvement","13":"product_tag-weak-layer-removal","15":"first","16":"instock","17":"shipping-taxable","18":"product-type-simple"},"_links":{"self":[{"href":"https:\/\/lyfilter.com\/es\/wp-json\/wp\/v2\/product\/2277","targetHints":{"allow":["GET"]}}],"collection":[{"href":"https:\/\/lyfilter.com\/es\/wp-json\/wp\/v2\/product"}],"about":[{"href":"https:\/\/lyfilter.com\/es\/wp-json\/wp\/v2\/types\/product"}],"replies":[{"embeddable":true,"href":"https:\/\/lyfilter.com\/es\/wp-json\/wp\/v2\/comments?post=2277"}],"wp:featuredmedia":[{"embeddable":true,"href":"https:\/\/lyfilter.com\/es\/wp-json\/wp\/v2\/media\/2281"}],"wp:attachment":[{"href":"https:\/\/lyfilter.com\/es\/wp-json\/wp\/v2\/media?parent=2277"}],"wp:term":[{"taxonomy":"product_brand","embeddable":true,"href":"https:\/\/lyfilter.com\/es\/wp-json\/wp\/v2\/product_brand?post=2277"},{"taxonomy":"product_cat","embeddable":true,"href":"https:\/\/lyfilter.com\/es\/wp-json\/wp\/v2\/product_cat?post=2277"},{"taxonomy":"product_tag","embeddable":true,"href":"https:\/\/lyfilter.com\/es\/wp-json\/wp\/v2\/product_tag?post=2277"}],"curies":[{"name":"wp","href":"https:\/\/api.w.org\/{rel}","templated":true}]}}