{"id":2274,"date":"2026-01-07T01:30:24","date_gmt":"2026-01-07T01:30:24","guid":{"rendered":"https:\/\/lyfilter.com\/?post_type=product&#038;p=2274"},"modified":"2026-01-07T01:30:24","modified_gmt":"2026-01-07T01:30:24","slug":"stainless-steel-sintered-filter-disc-custom-metal-filter-discs","status":"publish","type":"product","link":"https:\/\/lyfilter.com\/es\/stainless-steel-sintered-filter-disc-custom-metal-filter-discs\/","title":{"rendered":"Disco filtrante sinterizado de acero inoxidable Discos filtrantes met\u00e1licos personalizados"},"content":{"rendered":"<p>Disco filtrante sinterizado de acero inoxidable Discos filtrantes met\u00e1licos personalizados<\/p>\n<p>Los filtros de disco sinterizado Lvyuan est\u00e1n formados por redes de poros altamente uniformes e interconectados con recorridos tortuosos que atrapan las part\u00edculas s\u00f3lidas en el gas o el l\u00edquido. Excelentes filtros de profundidad con una resistencia mec\u00e1nica superior. El acero inoxidable tipo 316L soporta temperaturas de hasta 750\u00b0F (399\u00b0C) en ambientes oxidantes y 900\u00b0F (482\u00b0C) en ambientes reductores. Estos filtros pueden limpiarse por otros m\u00e9todos, como ba\u00f1os ultras\u00f3nicos o lavado de flujo inverso. Si su aplicaci\u00f3n requiere una resistencia a\u00fan mayor a la corrosi\u00f3n, la temperatura, el desgaste y las vibraciones, disponemos de otras aleaciones con base de n\u00edquel. P\u00f3ngase en contacto con nosotros<\/p>\n<p>info@lyfilter.com<\/p>","protected":false},"excerpt":{"rendered":"<table>\n<thead>\n<tr>\n<th>puerto de inicio<\/th>\n<th>Guangzhou<\/th>\n<\/tr>\n<\/thead>\n<tbody>\n<tr>\n<td>capacidad de producci\u00f3n<\/td>\n<td>10000 unidades\/mes<\/td>\n<\/tr>\n<tr>\n<td>lugar de origen<\/td>\n<td>Guangdong, China<\/td>\n<\/tr>\n<tr>\n<td>pago<\/td>\n<td>T\/T, Western Union<\/td>\n<\/tr>\n<tr>\n<td>moq<\/td>\n<td>1 unidad<\/td>\n<\/tr>\n<tr>\n<td>modelo<\/td>\n<td>LY-FB<\/td>\n<\/tr>\n<tr>\n<td>plazo de entrega<\/td>\n<td>En un plazo de 7 d\u00edas laborables<\/td>\n<\/tr>\n<tr>\n<td>certificaci\u00f3n<\/td>\n<td>ISO 9001<\/td>\n<\/tr>\n<tr>\n<td>marca<\/td>\n<td>OEM\/Lvyuan<\/td>\n<\/tr>\n<\/tbody>\n<\/table>","protected":false},"featured_media":2279,"comment_status":"open","ping_status":"closed","template":"","meta":{"_gspb_post_css":""},"product_brand":[],"product_cat":[17,22],"product_tag":[956,954,289,260,282,953],"class_list":{"0":"post-2274","1":"product","2":"type-product","3":"status-publish","4":"has-post-thumbnail","6":"product_cat-sediment-filter","7":"product_cat-sintered-filter-cartridge","8":"product_tag-1-piece-moq","9":"product_tag-custom-paper-tubes","10":"product_tag-guangzhou-shipping","11":"product_tag-iso-9001","12":"product_tag-oem-lvyuan","13":"product_tag-paper-tube-packaging","15":"first","16":"instock","17":"shipping-taxable","18":"product-type-simple"},"_links":{"self":[{"href":"https:\/\/lyfilter.com\/es\/wp-json\/wp\/v2\/product\/2274","targetHints":{"allow":["GET"]}}],"collection":[{"href":"https:\/\/lyfilter.com\/es\/wp-json\/wp\/v2\/product"}],"about":[{"href":"https:\/\/lyfilter.com\/es\/wp-json\/wp\/v2\/types\/product"}],"replies":[{"embeddable":true,"href":"https:\/\/lyfilter.com\/es\/wp-json\/wp\/v2\/comments?post=2274"}],"wp:featuredmedia":[{"embeddable":true,"href":"https:\/\/lyfilter.com\/es\/wp-json\/wp\/v2\/media\/2279"}],"wp:attachment":[{"href":"https:\/\/lyfilter.com\/es\/wp-json\/wp\/v2\/media?parent=2274"}],"wp:term":[{"taxonomy":"product_brand","embeddable":true,"href":"https:\/\/lyfilter.com\/es\/wp-json\/wp\/v2\/product_brand?post=2274"},{"taxonomy":"product_cat","embeddable":true,"href":"https:\/\/lyfilter.com\/es\/wp-json\/wp\/v2\/product_cat?post=2274"},{"taxonomy":"product_tag","embeddable":true,"href":"https:\/\/lyfilter.com\/es\/wp-json\/wp\/v2\/product_tag?post=2274"}],"curies":[{"name":"wp","href":"https:\/\/api.w.org\/{rel}","templated":true}]}}