{"id":2270,"date":"2026-01-07T01:26:34","date_gmt":"2026-01-07T01:26:34","guid":{"rendered":"https:\/\/lyfilter.com\/?post_type=product&#038;p=2270"},"modified":"2026-05-08T01:23:44","modified_gmt":"2026-05-08T01:23:44","slug":"microns-porous-sinter-filter-tube-plastic-pe","status":"publish","type":"product","link":"https:\/\/lyfilter.com\/es\/microns-porous-sinter-filter-tube-plastic-pe\/","title":{"rendered":"Micras Poroso Sinter Filtro Tubo Pl\u00e1stico PE"},"content":{"rendered":"<p><strong>Micras Poroso Sinter Filtro Tubo Pl\u00e1stico PE\u00a0<\/strong><\/p>\n<p>Lvyuan filtro sinterizado se hace principalmente de ultra alto peso molecular de polietileno (PE y PA), politetrafluoroetileno (PTFE), polvo de acero inoxidable, sinterizaci\u00f3n de polvo de cobre y otros materiales, compacto, fuerte, ligero, capaz de trabajar bajo alta presi\u00f3n, no tastelesss t\u00f3xicos, tienen buena resistencia a la corrosi\u00f3n a los \u00e1cidos, \u00e1lcalis y disolventes. Selecci\u00f3n de filtro sinterizado, la seguridad en el trabajo, mejorar el entorno de producci\u00f3n y el \u00e1rea es peque\u00f1a, el \u00e1rea de filtraci\u00f3n de flujo de l\u00edquido bajo cualquier selecci\u00f3n (1 - 200m2), especialmente adecuado para el tratamiento de agua lage, y la fabricaci\u00f3n de productos qu\u00edmicos, farmac\u00e9uticos, alimentos y otros l\u00edquidos de filtraci\u00f3n.<\/p>\n<p><img decoding=\"async\" src=\"https:\/\/img.yfisher.com\/m6076\/1725732617lty\/png70-t3-scale100.webp\" alt=\"Micras Filtro Poroso Sinterizado Tubo Pl\u00e1stico PE 2\" data-lazy=\"2\" title=\"\"><\/p>\n<p><strong>Prueba hidr\u00f3foba e hidr\u00f3fila<\/strong><\/p>\n<p><img decoding=\"async\" src=\"https:\/\/img.yfisher.com\/m6076\/1725732617qyx\/png70-t3-scale100.webp\" alt=\"Micras Filtro Poroso Sinterizado Tubo Pl\u00e1stico PE 3\" data-lazy=\"2\" title=\"\"><\/p>\n<p><img decoding=\"async\" src=\"https:\/\/img.yfisher.com\/m6076\/172573261772x\/png70-t3-scale100.webp\" alt=\"Micras Filtro Poroso Sinterizado Tubo Pl\u00e1stico PE 4\" data-lazy=\"2\" title=\"\"><\/p>\n<p>Si nuestros tama\u00f1os est\u00e1ndar no se ajustan a sus necesidades, puede solicitar tama\u00f1os personalizados. Sus muestras de prototipos de tama\u00f1os personalizados estar\u00e1n disponibles r\u00e1pidamente.<\/p>","protected":false},"excerpt":{"rendered":"<table>\n<thead>\n<tr>\n<th>art\u00edculo<\/th>\n<th>detalles<\/th>\n<\/tr>\n<\/thead>\n<tbody>\n<tr>\n<td>puerto de inicio<\/td>\n<td>Guangzhou<\/td>\n<\/tr>\n<tr>\n<td>capacidad de producci\u00f3n<\/td>\n<td>10000 unidades\/mes<\/td>\n<\/tr>\n<tr>\n<td>lugar de origen<\/td>\n<td>Guangdong, China<\/td>\n<\/tr>\n<tr>\n<td>pago<\/td>\n<td>Western Union, Alibaba Trade Assurance<\/td>\n<\/tr>\n<tr>\n<td>moq<\/td>\n<td>1 unidad<\/td>\n<\/tr>\n<tr>\n<td>modelo<\/td>\n<td>LY-FB<\/td>\n<\/tr>\n<tr>\n<td>plazo de entrega<\/td>\n<td>En un plazo de 7 d\u00edas laborables<\/td>\n<\/tr>\n<tr>\n<td>certificaci\u00f3n<\/td>\n<td>ISO 9001<\/td>\n<\/tr>\n<tr>\n<td>marca<\/td>\n<td>OEM\/Lvyuan<\/td>\n<\/tr>\n<\/tbody>\n<\/table>","protected":false},"featured_media":2273,"comment_status":"open","ping_status":"closed","template":"","meta":{"_gspb_post_css":""},"product_brand":[],"product_cat":[17,22],"product_tag":[956,954,289,260,282,953],"class_list":{"0":"post-2270","1":"product","2":"type-product","3":"status-publish","4":"has-post-thumbnail","6":"product_cat-sediment-filter","7":"product_cat-sintered-filter-cartridge","8":"product_tag-1-piece-moq","9":"product_tag-custom-paper-tubes","10":"product_tag-guangzhou-shipping","11":"product_tag-iso-9001","12":"product_tag-oem-lvyuan","13":"product_tag-paper-tube-packaging","15":"first","16":"instock","17":"shipping-taxable","18":"product-type-simple"},"_links":{"self":[{"href":"https:\/\/lyfilter.com\/es\/wp-json\/wp\/v2\/product\/2270","targetHints":{"allow":["GET"]}}],"collection":[{"href":"https:\/\/lyfilter.com\/es\/wp-json\/wp\/v2\/product"}],"about":[{"href":"https:\/\/lyfilter.com\/es\/wp-json\/wp\/v2\/types\/product"}],"replies":[{"embeddable":true,"href":"https:\/\/lyfilter.com\/es\/wp-json\/wp\/v2\/comments?post=2270"}],"wp:featuredmedia":[{"embeddable":true,"href":"https:\/\/lyfilter.com\/es\/wp-json\/wp\/v2\/media\/2273"}],"wp:attachment":[{"href":"https:\/\/lyfilter.com\/es\/wp-json\/wp\/v2\/media?parent=2270"}],"wp:term":[{"taxonomy":"product_brand","embeddable":true,"href":"https:\/\/lyfilter.com\/es\/wp-json\/wp\/v2\/product_brand?post=2270"},{"taxonomy":"product_cat","embeddable":true,"href":"https:\/\/lyfilter.com\/es\/wp-json\/wp\/v2\/product_cat?post=2270"},{"taxonomy":"product_tag","embeddable":true,"href":"https:\/\/lyfilter.com\/es\/wp-json\/wp\/v2\/product_tag?post=2270"}],"curies":[{"name":"wp","href":"https:\/\/api.w.org\/{rel}","templated":true}]}}