{"id":2266,"date":"2026-01-07T01:16:53","date_gmt":"2026-01-07T01:16:53","guid":{"rendered":"https:\/\/lyfilter.com\/?post_type=product&#038;p=2266"},"modified":"2026-01-07T01:16:53","modified_gmt":"2026-01-07T01:16:53","slug":"plastic-sintered-liquid-cartridge-filter-industrial-waste-water-gas-air-treatment","status":"publish","type":"product","link":"https:\/\/lyfilter.com\/es\/plastic-sintered-liquid-cartridge-filter-industrial-waste-water-gas-air-treatment\/","title":{"rendered":"Filtro de cartucho de pl\u00e1stico sinterizado para l\u00edquidos Tratamiento de aguas residuales industriales Tratamiento de gases y aire"},"content":{"rendered":"<div class=\"unit-detail-html-tabs__content-attr\">\n<div class=\"unit-product-attrparam\">\n<div class=\"unit-product-attrparam__items row\">\n<div class=\"col-12 col-md-6\">\n<div class=\"unit-product-attrparam__item\">\n<div class=\"unit-product-attrparam__label\">Material<\/div>\n<div class=\"unit-product-attrparam__value\" title=\"pe \">pe<\/div>\n<\/div>\n<\/div>\n<div class=\"col-12 col-md-6\">\n<div class=\"unit-product-attrparam__item\">\n<div class=\"unit-product-attrparam__label\">Disponibilidad<\/div>\n<div class=\"unit-product-attrparam__value\" title=\"OEM\">OEM<\/div>\n<\/div>\n<\/div>\n<\/div>\n<\/div>\n<\/div>\n<div class=\"unit-detail-html-tabs__content-featuresAttr\"><\/div>\n<div class=\"unit-detail-html-tabs__content-html\">\n<div>\n<div id=\"detail_decorate_root\" data-host=\"112190218\" data-id=\"detail_decorate_root\" data-magic-global=\"%7B%22bizId%22%3A17381045746%2C%22pageId%22%3A5101297240%2C%22siteId%22%3A5005126472%7D\">\n<div class=\"J_module\">\n<div class=\"detail-decorate-json-renderer-container\">\n<div class=\"magic-0\">\n<h3 class=\"magic-1\" data-id=\"title0\">Filtro de cartucho de pl\u00e1stico sinterizado para l\u00edquidos Tratamiento de aguas residuales industriales Tratamiento de gases y aire<\/h3>\n<\/div>\n<\/div>\n<\/div>\n<div class=\"J_module\">\n<div class=\"detail-decorate-json-renderer-container\">\n<div class=\"magic-0\">\n<div class=\"magic-2\">\n<div class=\"magic-3\">\n<div class=\"magic-4\" data-id=\"paragraph0\">Lvyuan produce una amplia gama de productos de filtro de pl\u00e1stico poroso sinterizado, incluyendo PE poroso, HDPE, PTFE, PVDF, PA, Nylon 6, fibra de vidrio con formas de tubo, varilla, vela, hoja, placa, disco, palo, etc. Con varias tasas de filtraci\u00f3n, formas y caracter\u00edsticas, los cartuchos de filtro de pl\u00e1stico poroso sinterizado son ampliamente utilizados en el tratamiento de agua, ingenier\u00eda qu\u00edmica, tratamiento m\u00e9dico, autom\u00f3vil, protecci\u00f3n del medio ambiente y otras industrias, tales como separador de agua de aceite y silenciador, probador de conducci\u00f3n en estado de ebriedad, tap\u00f3n ciego para tratamiento m\u00e9dico, dispositivo de filtro de jarabe y grasa, rebanadas anti-explosi\u00f3n para bater\u00eda industrial, rebanadas a prueba de \u00e1cido para bater\u00eda de autom\u00f3vil, tratamiento de aguas residuales, sistema de filtro de purificaci\u00f3n de agua y m\u00e1s. Los filtros pl\u00e1sticos porosos sinterizados de Lvyuan pueden satisfacer los requisitos de diferentes clientes. Formas moldeadas a medida est\u00e1n disponibles.<\/div>\n<\/div>\n<\/div>\n<\/div>\n<\/div>\n<\/div>\n<div class=\"J_module\">\n<div id=\"ali-anchor-AliMagic-9dmlpd\" class=\"magic-5\" data-section=\"AliMagic-9dmlpd\" data-section-title=\"Product Feature\">Caracter\u00edsticas del producto<\/div>\n<\/div>\n<div class=\"J_module\">\n<div class=\"detail-decorate-json-renderer-container\">\n<div class=\"magic-0\">\n<div class=\"magic-2\">\n<div class=\"magic-3\">\n<div class=\"magic-4\">1. Alta porosidad para asegurar un mayor flujo por unidad de \u00e1rea; 2. Superficie exterior lisa, las impurezas no son f\u00e1ciles de adherir, el lavado posterior es f\u00e1cil y completo; 3. Capacidad antiincrustante: el peque\u00f1o tama\u00f1o del filtro hace que las impurezas no puedan quedar retenidas en el cuerpo del filtro; 4. Resistencia al \u00e1cido fuerte, corrosi\u00f3n alcalina, resistencia a disolventes org\u00e1nicos; 5. Excelentes propiedades mec\u00e1nicas; 6. No desprende part\u00edculas. 7. Amplia gama de productos y amplio \u00e1mbito de aplicaci\u00f3n<\/div>\n<\/div>\n<\/div>\n<\/div>\n<\/div>\n<\/div>\n<div class=\"J_module\">\n<div class=\"ife-detail-decorate-table\">\n<div class=\"table-responsive\">\n<table class=\"hight-light-first-column all magic-19\">\n<tbody>\n<tr class=\"firstRow\">\n<td colspan=\"1\" rowspan=\"1\">\n<div class=\"magic-20\">Medio filtrante<\/div>\n<\/td>\n<td colspan=\"1\" rowspan=\"1\">\n<div class=\"magic-21\">PE, HDPE, PTFE, PVDF, PA\/Nylon, etc.<\/div>\n<\/td>\n<\/tr>\n<tr>\n<td colspan=\"1\" rowspan=\"1\">\n<div class=\"magic-20\">Tasa de micra<\/div>\n<\/td>\n<td colspan=\"1\" rowspan=\"1\">\n<div class=\"magic-21\">0,2um, 0,5um, 1um, 3um, 5um, 10um, 25um, 30um, 50um, 75um, 100um, etc.<\/div>\n<\/td>\n<\/tr>\n<tr>\n<td colspan=\"1\" rowspan=\"1\">\n<div class=\"magic-20\">Dimensi\u00f3n de referencia<\/p>\n<div>(mm)<\/div>\n<\/div>\n<\/td>\n<td colspan=\"1\" rowspan=\"1\">\n<div class=\"magic-21\">31x12x1000, 31x20x1000, 38x20x1000, 38x18x1000, 38x20x1200, 38x20x1300, 38x20x150, 38x20x400, 38x20x250, 38x20x200, 38x20x180,<br \/>\n38x20x150, 50x20x1000, 50x31x1000, 50x38x1000, 65x31x1000, 65x38x1000, 64x44x1000, 78x62x750mm, etc.<\/div>\n<\/td>\n<\/tr>\n<tr>\n<td colspan=\"1\" rowspan=\"1\">\n<div class=\"magic-20\">Tipo de conector<\/div>\n<\/td>\n<td colspan=\"1\" rowspan=\"1\">\n<div class=\"magic-21\">DOE, SOE, plano, inserto, rosca, 226, 222, 215, M36, M30, M27, M25, M22, M14, M12, o seg\u00fan pedido.<\/div>\n<\/td>\n<\/tr>\n<tr>\n<td colspan=\"1\" rowspan=\"1\">\n<div class=\"magic-20\">Temperatura m\u00e1xima de funcionamiento<\/div>\n<\/td>\n<td colspan=\"1\" rowspan=\"1\">\n<div class=\"magic-21\">PE\u226482\u2103; PTFE\u2265200\u2103; PA\u2264120\u2103<\/div>\n<\/td>\n<\/tr>\n<\/tbody>\n<\/table>\n<\/div>\n<p><img decoding=\"async\" src=\"https:\/\/img.yfisher.com\/m6076\/17257326026ld\/jpg70-t3-scale100.webp\" alt=\"Filtro de cartucho de pl\u00e1stico sinterizado para l\u00edquidos Tratamiento de aguas residuales industriales Tratamiento de gases y aire 2\" data-lazy=\"2\" title=\"\"><\/p>\n<\/div>\n<\/div>\n<div class=\"J_module\">\n<div class=\"detail-decorate-json-renderer-container\">\n<div class=\"magic-0\">\n<h3 class=\"magic-1\" data-id=\"title0\">Medicina y farmacia<\/h3>\n<div class=\"magic-2\">\n<div class=\"magic-3\">\n<div class=\"magic-4\" data-id=\"paragraph0\">1. Eliminaci\u00f3n de impurezas, descarbonizaci\u00f3n y filtraci\u00f3n fina. 2. Deducci\u00f3n en seco de gas \u00e1cido 3. Filtraci\u00f3n de descarbonizaci\u00f3n 4. Filtros autosellantes en bolsa de succi\u00f3n<\/div>\n<\/div>\n<\/div>\n<\/div>\n<\/div>\n<\/div>\n<div class=\"J_module\">\n<div class=\"detail-decorate-json-renderer-container\">\n<div class=\"magic-0\">\n<h3 class=\"magic-1\" data-id=\"title0\">Alimentaci\u00f3n y bebidas<\/h3>\n<div class=\"magic-2\">\n<div class=\"magic-3\">\n<div class=\"magic-4\" data-id=\"paragraph0\">1. Filtraci\u00f3n de restos de levadura y tierra de diatomeas 2. Filtraci\u00f3n de clarificaci\u00f3n en bebidas 3. 3. Filtraci\u00f3n de agua en la industria cervecera 4. Filtraci\u00f3n de aire est\u00e9ril en la industria cervecera Filtraci\u00f3n de aire est\u00e9ril en cerveza y cervecer\u00eda<\/div>\n<\/div>\n<\/div>\n<\/div>\n<\/div>\n<\/div>\n<div class=\"J_module\">\n<div class=\"detail-decorate-json-renderer-container\">\n<div class=\"magic-0\">\n<h3 class=\"magic-1\" data-id=\"title0\">Petr\u00f3leo y gas<\/h3>\n<div class=\"magic-2\">\n<div class=\"magic-3\">\n<div class=\"magic-4\" data-id=\"paragraph0\">1. Filtraci\u00f3n de reciclaje de disolventes org\u00e1nicos 2. Filtraci\u00f3n de agua de inyecci\u00f3n 3. 3. Filtraci\u00f3n de vapor, aire comprimido y catalizador Filtraci\u00f3n del producto final<\/div>\n<\/div>\n<\/div>\n<\/div>\n<\/div>\n<\/div>\n<div class=\"J_module\">\n<div class=\"detail-decorate-json-renderer-container\">\n<div class=\"magic-0\">\n<h3 class=\"magic-1\" data-id=\"title0\">Qu\u00edmica<\/h3>\n<div class=\"magic-2\">\n<div class=\"magic-3\">\n<div class=\"magic-4\" data-id=\"paragraph0\">1. Recuperaci\u00f3n de catalizadores 2. 2. Descarbonizaci\u00f3n intermedia de medicamentos y filtraci\u00f3n fina Filtraci\u00f3n del proceso de H2O2<\/div>\n<\/div>\n<\/div>\n<\/div>\n<\/div>\n<\/div>\n<div class=\"J_module\">\n<div class=\"detail-decorate-json-renderer-container\">\n<div class=\"magic-0\">\n<h3 class=\"magic-1\" data-id=\"title0\">Tratamiento del agua<\/h3>\n<div class=\"magic-2\">\n<div class=\"magic-3\">\n<div class=\"magic-4\" data-id=\"paragraph0\">1. Protecci\u00f3n de la \u00f3smosis inversa en la desalaci\u00f3n de agua de mar 2. Filtraci\u00f3n por ozono est\u00e9ril y aireaci\u00f3n por ozono 2. Filtraci\u00f3n est\u00e9ril por ozono y aireaci\u00f3n por ozono Protecci\u00f3n de sistemas de ultrafiltraci\u00f3n, \u00f3smosis inversa y EDI<\/div>\n<\/div>\n<\/div>\n<\/div>\n<\/div>\n<\/div>\n<div class=\"J_module\">\n<div class=\"detail-decorate-json-renderer-container\">\n<div class=\"magic-0\">\n<h3 class=\"magic-1\" data-id=\"title0\">Industria<\/h3>\n<div class=\"magic-2\">\n<div class=\"magic-3\">\n<div class=\"magic-4\" data-id=\"paragraph0\">1. Filtros en sistemas de an\u00e1lisis de gases de combusti\u00f3n y CEMS 2. Aireaci\u00f3n del aire Aireaci\u00f3n 3. Silenciadores y silenciadores 4. Filtraci\u00f3n de aire comprimido 5. Filtros de instrumentos de metal poroso CMI<\/div>\n<\/div>\n<\/div>\n<\/div>\n<\/div>\n<\/div>\n<div class=\"J_module\">\n<div id=\"ali-anchor-AliMagic-q1wbbq\" class=\"magic-5\" data-section=\"AliMagic-q1wbbq\" data-section-title=\"Certifications\">Certificaciones<\/div>\n<\/div>\n<\/div>\n<\/div>\n<\/div>","protected":false},"excerpt":{"rendered":"<table>\n<thead>\n<tr>\n<th>art\u00edculo<\/th>\n<th>detalles<\/th>\n<\/tr>\n<\/thead>\n<tbody>\n<tr>\n<td>puerto de inicio<\/td>\n<td>Guangzhou<\/td>\n<\/tr>\n<tr>\n<td>capacidad de producci\u00f3n<\/td>\n<td>10000 unidades\/mes<\/td>\n<\/tr>\n<tr>\n<td>lugar de origen<\/td>\n<td>Guangdong, China<\/td>\n<\/tr>\n<tr>\n<td>pago<\/td>\n<td>T\/T, Alibaba Trade Assurance, paypal<\/td>\n<\/tr>\n<tr>\n<td>moq<\/td>\n<td>1 unidad<\/td>\n<\/tr>\n<tr>\n<td>modelo<\/td>\n<td>LY-HFPL<\/td>\n<\/tr>\n<tr>\n<td>plazo de entrega<\/td>\n<td>En un plazo de 7 d\u00edas laborables<\/td>\n<\/tr>\n<tr>\n<td>certificaci\u00f3n<\/td>\n<td>ISO 9001<\/td>\n<\/tr>\n<tr>\n<td>marca<\/td>\n<td>OEM\/Lvyuan<\/td>\n<\/tr>\n<\/tbody>\n<\/table>","protected":false},"featured_media":2268,"comment_status":"open","ping_status":"closed","template":"","meta":{"_gspb_post_css":""},"product_brand":[],"product_cat":[17,22],"product_tag":[954,289,260,280,955,953],"class_list":{"0":"post-2266","1":"product","2":"type-product","3":"status-publish","4":"has-post-thumbnail","6":"product_cat-sediment-filter","7":"product_cat-sintered-filter-cartridge","8":"product_tag-custom-paper-tubes","9":"product_tag-guangzhou-shipping","10":"product_tag-iso-9001","11":"product_tag-low-moq","12":"product_tag-oem-packaging","13":"product_tag-paper-tube-packaging","15":"first","16":"instock","17":"shipping-taxable","18":"product-type-simple"},"_links":{"self":[{"href":"https:\/\/lyfilter.com\/es\/wp-json\/wp\/v2\/product\/2266","targetHints":{"allow":["GET"]}}],"collection":[{"href":"https:\/\/lyfilter.com\/es\/wp-json\/wp\/v2\/product"}],"about":[{"href":"https:\/\/lyfilter.com\/es\/wp-json\/wp\/v2\/types\/product"}],"replies":[{"embeddable":true,"href":"https:\/\/lyfilter.com\/es\/wp-json\/wp\/v2\/comments?post=2266"}],"wp:featuredmedia":[{"embeddable":true,"href":"https:\/\/lyfilter.com\/es\/wp-json\/wp\/v2\/media\/2268"}],"wp:attachment":[{"href":"https:\/\/lyfilter.com\/es\/wp-json\/wp\/v2\/media?parent=2266"}],"wp:term":[{"taxonomy":"product_brand","embeddable":true,"href":"https:\/\/lyfilter.com\/es\/wp-json\/wp\/v2\/product_brand?post=2266"},{"taxonomy":"product_cat","embeddable":true,"href":"https:\/\/lyfilter.com\/es\/wp-json\/wp\/v2\/product_cat?post=2266"},{"taxonomy":"product_tag","embeddable":true,"href":"https:\/\/lyfilter.com\/es\/wp-json\/wp\/v2\/product_tag?post=2266"}],"curies":[{"name":"wp","href":"https:\/\/api.w.org\/{rel}","templated":true}]}}