{"id":2259,"date":"2026-01-06T10:24:19","date_gmt":"2026-01-06T10:24:19","guid":{"rendered":"https:\/\/lyfilter.com\/?post_type=product&#038;p=2259"},"modified":"2026-01-06T10:24:19","modified_gmt":"2026-01-06T10:24:19","slug":"liquid-filtration-30mpa-mini-sintered-uhmwpe-pvdf-porous-filter-disc","status":"publish","type":"product","link":"https:\/\/lyfilter.com\/es\/liquid-filtration-30mpa-mini-sintered-uhmwpe-pvdf-porous-filter-disc\/","title":{"rendered":"Filtraci\u00f3n de L\u00edquidos 30Mpa Mini Sinterizado UHMWPE PVDF Disco Filtrante Poroso"},"content":{"rendered":"<div class=\"unit-detail-html-tabs__content-attr\">\n<div class=\"unit-product-attrparam\">\n<div class=\"unit-product-attrparam__items row\">\n<div class=\"col-12 col-md-6\">\n<div class=\"unit-product-attrparam__item\">\n<div class=\"unit-product-attrparam__label\">Material:pe<br \/>\nDisponibilidad: OEM\/ODM<\/div>\n<\/div>\n<\/div>\n<\/div>\n<\/div>\n<\/div>\n<div class=\"unit-detail-html-tabs__content-featuresAttr\"><\/div>\n<div class=\"unit-detail-html-tabs__content-html\">\n<div class=\"detail-decorate-json-renderer-container\">\n<div class=\"magic-0\">\n<h3 class=\"magic-1\" data-id=\"title0\"><strong>Discos filtrantes sint\u00e9ticos sinterizados mini disco filtrante de aire para PVDF PTFE PE sinterizado<\/strong><\/h3>\n<\/div>\n<\/div>\n<div id=\"ali-anchor-AliMagic-vfkybt\" class=\"magic-5\" data-section=\"AliMagic-vfkybt\" data-section-title=\"Product Description\">Descripci\u00f3n del producto<\/div>\n<div class=\"magic-5\" data-section=\"AliMagic-vfkybt\" data-section-title=\"Product Description\"><\/div>\n<div class=\"magic-5\" data-section=\"AliMagic-vfkybt\" data-section-title=\"Product Description\">Filtro sinterizado se hace principalmente de ultra alto peso molecular de polietileno (PE y PA), politetrafluoroetileno (PTFE), polvo de acero inoxidable, la sinterizaci\u00f3n de polvo de cobre y otros materiales, compacto, fuerte, ligero, capaz de trabajar bajo alta presi\u00f3n, no tastelesss t\u00f3xicos, tienen buena resistencia a la corrosi\u00f3n a los \u00e1cidos, \u00e1lcalis y disolventes.<\/div>\n<div class=\"icbu-pc-detailManyImage magic-6\" data-module-name=\"icbu-pc-detailManyImage\">\n<div class=\"magic-7\"><\/div>\n<\/div>\n<div class=\"detail-decorate-json-renderer-container\">\n<div class=\"magic-0\">\n<div class=\"magic-15\">\n<div class=\"magic-3\">\n<div class=\"magic-4\" data-id=\"paragraph0\"><img decoding=\"async\" src=\"https:\/\/img.yfisher.com\/m6076\/17257325984ow\/jpg70-t3-scale100.webp\" alt=\"Filtraci\u00f3n de L\u00edquidos 30Mpa Mini Sinterizado UHMWPE PVDF Filtro Poroso Disco 2\" data-lazy=\"2\" title=\"\"><\/div>\n<\/div>\n<\/div>\n<\/div>\n<\/div>\n<div class=\"magic-5\" data-section=\"AliMagic-12llv1\" data-section-title=\"Product Feature\"><\/div>\n<div class=\"table-responsive\">\n<table border=\"1\" width=\"475\" cellspacing=\"0\" cellpadding=\"0\">\n<colgroup>\n<col \/>\n<col \/><\/colgroup>\n<tbody>\n<tr class=\"firstRow\">\n<td height=\"41\">\n<div data-spm-anchor-id=\"a2700.details.pronpeci14.i2.fb5d3b02h2q9RT\">Nombre del producto<\/div>\n<\/td>\n<td>\n<div>pl\u00e1stico 2 micras sinterizado pe m\u00e9dico humidificador filtro de disco<\/div>\n<\/td>\n<\/tr>\n<tr>\n<td height=\"39\">\n<div data-spm-anchor-id=\"a2700.details.pronpeci14.i1.fb5d3b02h2q9RT\">Material<\/div>\n<\/td>\n<td>\n<div>Polietileno de peso molecular ultraalto (UHMWPE)<\/div>\n<\/td>\n<\/tr>\n<tr>\n<td height=\"21\">\n<div>Color<\/div>\n<\/td>\n<td>\n<div>blanco<\/div>\n<\/td>\n<\/tr>\n<tr>\n<td height=\"21\">\n<div>Est\u00e1ndar<\/div>\n<\/td>\n<td>\n<div>ISO SGS<\/div>\n<\/td>\n<\/tr>\n<tr>\n<td height=\"58\">\n<div>Usado<\/div>\n<\/td>\n<td>\n<div>agua pura, agua viva, bebida, medicamento, l\u00edquido de galvanoplastia, emulsi\u00f3n, l\u00edquido de lavado, soluci\u00f3n \u00e1cida o alcalina<\/div>\n<\/td>\n<\/tr>\n<\/tbody>\n<\/table>\n<\/div>\n<p>&nbsp;<\/p>\n<div class=\"magic-5\" data-section=\"AliMagic-jjk5wz\" data-section-title=\"Application\"><\/div>\n<div class=\"magic-5\" data-section=\"AliMagic-jjk5wz\" data-section-title=\"Application\"><strong>Nuestros servicios<\/strong><\/div>\n<div class=\"magic-5\" data-section=\"AliMagic-jjk5wz\" data-section-title=\"Application\"><\/div>\n<div class=\"magic-5\" data-section=\"AliMagic-jjk5wz\" data-section-title=\"Application\">\n<ul>\n<li>En l\u00ednea con \u201clo que los clientes necesitan es lo que nosotros debemos hacer\u201d, siempre nos adherimos a nuestras pol\u00edticas de calidad de:<\/li>\n<li>Ganar mercado gracias a una calidad superior,<\/li>\n<li>Lograr una gran eficacia y beneficios mediante una gesti\u00f3n excelente,<\/li>\n<li>Ser sincero y honesto cumpliendo las leyes y los reglamentos,<\/li>\n<li>Promover el desarrollo mediante la mejora sostenida.<\/li>\n<li>Adem\u00e1s, de acuerdo con nuestro lema de gesti\u00f3n de \u201ccreatividad, servicio y enfoque de ganar-ganar\", haremos todo lo posible para suministrar a nuestros clientes productos y servicios superiores.<\/li>\n<\/ul>\n<\/div>\n<\/div>","protected":false},"excerpt":{"rendered":"<table>\n<thead>\n<tr>\n<th>art\u00edculo<\/th>\n<th>detalles<\/th>\n<\/tr>\n<\/thead>\n<tbody>\n<tr>\n<td>puerto de inicio<\/td>\n<td>guangzhou<\/td>\n<\/tr>\n<tr>\n<td>capacidad de producci\u00f3n<\/td>\n<td>10000 unidades\/mes<\/td>\n<\/tr>\n<tr>\n<td>lugar de origen<\/td>\n<td>guangdong, china<\/td>\n<\/tr>\n<tr>\n<td>pago<\/td>\n<td>t\/t, garant\u00eda comercial alibaba<\/td>\n<\/tr>\n<tr>\n<td>modelo<\/td>\n<td>ly-hfpl<\/td>\n<\/tr>\n<tr>\n<td>plazo de entrega<\/td>\n<td>en un plazo de 7 d\u00edas laborables<\/td>\n<\/tr>\n<tr>\n<td>certificaci\u00f3n<\/td>\n<td>iso 9001<\/td>\n<\/tr>\n<tr>\n<td>marca<\/td>\n<td>oem\/lvyuan<\/td>\n<\/tr>\n<\/tbody>\n<\/table>","protected":false},"featured_media":2240,"comment_status":"open","ping_status":"closed","template":"","meta":{"_gspb_post_css":""},"product_brand":[],"product_cat":[17,22],"product_tag":[279,261,262,260,268,282],"class_list":{"0":"post-2259","1":"product","2":"type-product","3":"status-publish","4":"has-post-thumbnail","6":"product_cat-sediment-filter","7":"product_cat-sintered-filter-cartridge","8":"product_tag-alibaba-trade-assurance","9":"product_tag-guangdong-china","10":"product_tag-guangzhou-port","11":"product_tag-iso-9001","12":"product_tag-ly-hfpl","13":"product_tag-oem-lvyuan","15":"first","16":"instock","17":"shipping-taxable","18":"product-type-simple"},"_links":{"self":[{"href":"https:\/\/lyfilter.com\/es\/wp-json\/wp\/v2\/product\/2259","targetHints":{"allow":["GET"]}}],"collection":[{"href":"https:\/\/lyfilter.com\/es\/wp-json\/wp\/v2\/product"}],"about":[{"href":"https:\/\/lyfilter.com\/es\/wp-json\/wp\/v2\/types\/product"}],"replies":[{"embeddable":true,"href":"https:\/\/lyfilter.com\/es\/wp-json\/wp\/v2\/comments?post=2259"}],"wp:featuredmedia":[{"embeddable":true,"href":"https:\/\/lyfilter.com\/es\/wp-json\/wp\/v2\/media\/2240"}],"wp:attachment":[{"href":"https:\/\/lyfilter.com\/es\/wp-json\/wp\/v2\/media?parent=2259"}],"wp:term":[{"taxonomy":"product_brand","embeddable":true,"href":"https:\/\/lyfilter.com\/es\/wp-json\/wp\/v2\/product_brand?post=2259"},{"taxonomy":"product_cat","embeddable":true,"href":"https:\/\/lyfilter.com\/es\/wp-json\/wp\/v2\/product_cat?post=2259"},{"taxonomy":"product_tag","embeddable":true,"href":"https:\/\/lyfilter.com\/es\/wp-json\/wp\/v2\/product_tag?post=2259"}],"curies":[{"name":"wp","href":"https:\/\/api.w.org\/{rel}","templated":true}]}}