{"id":2248,"date":"2026-01-06T10:18:37","date_gmt":"2026-01-06T10:18:37","guid":{"rendered":"https:\/\/lyfilter.com\/?post_type=product&#038;p=2248"},"modified":"2026-01-06T10:18:38","modified_gmt":"2026-01-06T10:18:38","slug":"hospital-chemical-filter-0-45-5-1-10-microns-pe-polyethylene-powder-sintered-filter","status":"publish","type":"product","link":"https:\/\/lyfilter.com\/es\/hospital-chemical-filter-0-45-5-1-10-microns-pe-polyethylene-powder-sintered-filter\/","title":{"rendered":"Filtro Qu\u00edmico Hospitalario 0.45 5 1 10 Micras PE Polietileno Polvo Filtro Sinterizado"},"content":{"rendered":"<div class=\"unit-detail-html-tabs__content-attr\">\n<div class=\"unit-product-attrparam\">\n<div class=\"unit-product-attrparam__items row\">\n<div class=\"col-12 col-md-6\">\n<div class=\"unit-product-attrparam__item\">\n<div class=\"unit-product-attrparam__label\">Disponibilidad<\/div>\n<div class=\"unit-product-attrparam__value\" title=\"OEM\">OEM<\/div>\n<\/div>\n<\/div>\n<\/div>\n<\/div>\n<\/div>\n<div class=\"unit-detail-html-tabs__content-featuresAttr\"><\/div>\n<div class=\"unit-detail-html-tabs__content-html\">\n<div>\n<div>\n<div id=\"myybv\">\n<h3>Filtro qu\u00edmico hospitalario 0,45 5 1 10 micras PE polietileno polvo filtro sinterizado<\/h3>\n<\/div>\n<div id=\"moyu5\">\n<p>Nuestra empresa fabrica el filtro sinterizado de polietileno de ultra alto peso molecular, peso molecular es m\u00e1s de 3 millones de part\u00edculas de sinterizaci\u00f3n.Utilizar un molde para utilizar la presi\u00f3n en el horno de sinterizaci\u00f3n.Materiales microporosos se aplican ampliamente para el tratamiento de gases residuales y aguas residuales debido a su buena relaci\u00f3n calidad-precio. A\u00f1adiendo materiales funcionales de diversos tipos, carb\u00f3n activo por ejemplo, a las materias primas pl\u00e1sticas convencionales, podemos eliminar eficazmente sustancias nocivas para el medio ambiente en gases y l\u00edquidos, como olores peculiares y materias org\u00e1nicas, etc. Los bigotes de titanato de potasio, por ejemplo, pueden intercambiar los iones de metales pesados contenidos en las aguas residuales, por lo que tienen un excelente rendimiento en el tratamiento de aguas residuales.<\/p>\n<p><img decoding=\"async\" src=\"https:\/\/img.yfisher.com\/m6076\/1725732589a2l\/png70-t3-scale100.webp\" alt=\"Filtro Qu\u00edmico Hospitalario 0.45 5 1 10 Micras PE Polietileno Polvo Filtro Sinterizado 2\" data-lazy=\"2\" title=\"\"><\/p>\n<\/div>\n<\/div>\n<\/div>\n<div>\n<div id=\"xxvdi\">\n<div class=\"table-responsive\">\n<table class=\"aliDataTable\">\n<tbody>\n<tr class=\"firstRow\">\n<td>\n<div>Nombre del producto<\/div>\n<\/td>\n<td colspan=\"3\">\n<div>Tubo filtrante hidr\u00f3filo PE polvo 10\/50 micras polietileno sinterizado\u00a0<a href=\"https:\/\/lyfilter.com\/es\/products.html\/\">elemento filtrante<\/a>\u00a0para botella de ox\u00edgeno hospital<\/div>\n<\/td>\n<\/tr>\n<tr>\n<td>\n<div>Di\u00e1metro<\/div>\n<\/td>\n<td colspan=\"3\">\n<div>10mm,20mm,30mm,40mm,50mm,60mm,70mm,80mm,90mm,100mm,110mm,<br \/>\n120 mm, 200 mm, etc.<\/div>\n<\/td>\n<\/tr>\n<tr>\n<td>\n<div>Longitud<\/div>\n<\/td>\n<td colspan=\"3\">\n<div>1\u2033, 2,5\u2033, 5\u2033, 10\u2033 ,20\u2033 ,30\u2033 ,40\u2033, 50\u2033, etc.<\/div>\n<\/td>\n<\/tr>\n<tr>\n<td>\n<div>Tasa de micra<\/div>\n<\/td>\n<td colspan=\"3\">\n<div>0.2um,0.3um,0.45um,1um,3um,5um,10um,20um,30um,40um,50um,100um,etc.<\/div>\n<\/td>\n<\/tr>\n<tr>\n<td>\n<div>Temperatura de trabajo<\/div>\n<\/td>\n<td colspan=\"3\">\n<div>PE\u226480\u2103; PTFE\u2265200\u2103;PA\u2264120\u2103<\/div>\n<\/td>\n<\/tr>\n<tr>\n<td>\n<div>Conector del filtro<\/div>\n<\/td>\n<td colspan=\"3\">\n<div>PLANO,TIPO INSERCI\u00d3N,TIPO ROSCA,226,222,215, PERSONALIZADO<\/div>\n<\/td>\n<\/tr>\n<tr>\n<td>\n<div>Observaci\u00f3n<\/div>\n<\/td>\n<td colspan=\"3\">\n<div><strong>El tama\u00f1o del filtro y las micras se pueden personalizar. Tama\u00f1o m\u00e1s peque\u00f1o o m\u00e1s grande.<\/strong><\/div>\n<\/td>\n<\/tr>\n<\/tbody>\n<\/table>\n<\/div>\n<\/div>\n<\/div>\n<div>\n<div>\n<div id=\"68vz7\">\n<p><strong>A. Industria ligera y alimentaria<\/strong><br \/>\n(1)Filtraci\u00f3n de jarabe<br \/>\n(2)Filtraci\u00f3n de bebidas<br \/>\n(3)Filtraci\u00f3n de vino y aguardiente<br \/>\n(4) Filtraci\u00f3n de precisi\u00f3n de aceite vegetal<br \/>\n(5)Filtraci\u00f3n de aceites esenciales<br \/>\n(6)Filtraci\u00f3n de agua mineral<\/p>\n<p><strong>B.Maquinaria e industria petrolera<\/strong><br \/>\n(1)Filtraci\u00f3n de la soluci\u00f3n de revestimiento<br \/>\n(2)Filtraci\u00f3n de precisi\u00f3n del l\u00edquido de limpieza del motor de combusti\u00f3n interna<br \/>\n(3)Filtraci\u00f3n de lavado de campos petrol\u00edferos<br \/>\n(4) Equipos de agua ultrapura para la industria el\u00e9ctrica<\/p>\n<p><strong>C.Tratamiento de aguas residuales<\/strong><br \/>\n(1)Tratamiento de aguas residuales de hidr\u00f3xido mental pesado<br \/>\n(2) Tratamiento de aguas residuales con metales pesados de mezcla<br \/>\n(3)Tratamiento qu\u00edmico de aguas residuales<br \/>\n(4)Tratamiento cer\u00e1mico de aguas residuales<br \/>\n(5)Tratamiento de aguas residuales que contienen aluminio<br \/>\n(6)Otros tratamientos de aguas residuales.<\/p>\n<\/div>\n<\/div>\n<\/div>\n<\/div>","protected":false},"excerpt":{"rendered":"<table>\n<thead>\n<tr>\n<th>art\u00edculo<\/th>\n<th>detalles<\/th>\n<\/tr>\n<\/thead>\n<tbody>\n<tr>\n<td>puerto de inicio<\/td>\n<td>guangzhou<\/td>\n<\/tr>\n<tr>\n<td>capacidad de producci\u00f3n<\/td>\n<td>10000 unidades\/mes<\/td>\n<\/tr>\n<tr>\n<td>lugar de origen<\/td>\n<td>guangdong, china<\/td>\n<\/tr>\n<tr>\n<td>pago<\/td>\n<td>t\/t, garant\u00eda comercial alibaba<\/td>\n<\/tr>\n<tr>\n<td>moq<\/td>\n<td>1 unidad<\/td>\n<\/tr>\n<tr>\n<td>modelo<\/td>\n<td>ly-hfpl<\/td>\n<\/tr>\n<tr>\n<td>plazo de entrega<\/td>\n<td>en un plazo de 7 d\u00edas laborables<\/td>\n<\/tr>\n<tr>\n<td>certificaci\u00f3n<\/td>\n<td>iso 9001<\/td>\n<\/tr>\n<tr>\n<td>marca<\/td>\n<td>oem\/lvyuan<\/td>\n<\/tr>\n<\/tbody>\n<\/table>","protected":false},"featured_media":2253,"comment_status":"open","ping_status":"closed","template":"","meta":{"_gspb_post_css":""},"product_brand":[],"product_cat":[17,22],"product_tag":[939,261,262,260,268,282],"class_list":{"0":"post-2248","1":"product","2":"type-product","3":"status-publish","4":"has-post-thumbnail","6":"product_cat-sediment-filter","7":"product_cat-sintered-filter-cartridge","8":"product_tag-1-pcs-moq","9":"product_tag-guangdong-china","10":"product_tag-guangzhou-port","11":"product_tag-iso-9001","12":"product_tag-ly-hfpl","13":"product_tag-oem-lvyuan","15":"first","16":"instock","17":"shipping-taxable","18":"product-type-simple"},"_links":{"self":[{"href":"https:\/\/lyfilter.com\/es\/wp-json\/wp\/v2\/product\/2248","targetHints":{"allow":["GET"]}}],"collection":[{"href":"https:\/\/lyfilter.com\/es\/wp-json\/wp\/v2\/product"}],"about":[{"href":"https:\/\/lyfilter.com\/es\/wp-json\/wp\/v2\/types\/product"}],"replies":[{"embeddable":true,"href":"https:\/\/lyfilter.com\/es\/wp-json\/wp\/v2\/comments?post=2248"}],"wp:featuredmedia":[{"embeddable":true,"href":"https:\/\/lyfilter.com\/es\/wp-json\/wp\/v2\/media\/2253"}],"wp:attachment":[{"href":"https:\/\/lyfilter.com\/es\/wp-json\/wp\/v2\/media?parent=2248"}],"wp:term":[{"taxonomy":"product_brand","embeddable":true,"href":"https:\/\/lyfilter.com\/es\/wp-json\/wp\/v2\/product_brand?post=2248"},{"taxonomy":"product_cat","embeddable":true,"href":"https:\/\/lyfilter.com\/es\/wp-json\/wp\/v2\/product_cat?post=2248"},{"taxonomy":"product_tag","embeddable":true,"href":"https:\/\/lyfilter.com\/es\/wp-json\/wp\/v2\/product_tag?post=2248"}],"curies":[{"name":"wp","href":"https:\/\/api.w.org\/{rel}","templated":true}]}}