{"id":2245,"date":"2026-01-06T10:17:16","date_gmt":"2026-01-06T10:17:16","guid":{"rendered":"https:\/\/lyfilter.com\/?post_type=product&#038;p=2245"},"modified":"2026-01-06T10:17:16","modified_gmt":"2026-01-06T10:17:16","slug":"m22-m20-thread-0-2-0-5-microns-pe-ptfe-sintered-disc-filter","status":"publish","type":"product","link":"https:\/\/lyfilter.com\/es\/m22-m20-thread-0-2-0-5-microns-pe-ptfe-sintered-disc-filter\/","title":{"rendered":"M22 M20 Rosca 0,2 0,5 Micras PE PTFE Filtro de disco sinterizado"},"content":{"rendered":"<div id=\"ali-anchor-AliMagic-lhfchv\" class=\"magic-0\" data-section=\"AliMagic-lhfchv\" data-section-title=\"Product Description\"><strong>0,2 0,5 1 5 10 25 50 100 Micras Disco filtrante poroso sinterizado PE PTFE Disco filtrante de pl\u00e1stico sinterizado<\/strong><\/div>\n<div class=\"magic-0\" data-section=\"AliMagic-lhfchv\" data-section-title=\"Product Description\"><\/div>\n<div class=\"icbu-pc-detailManyImage magic-1\" data-module-name=\"icbu-pc-detailManyImage\">\n<div class=\"magic-2\">El elemento filtrante de PE tiene una distribuci\u00f3n uniforme del tama\u00f1o de los poros, fuerte resistencia a \u00e1cidos y \u00e1lcalis, resistencia a altas temperaturas, buenas propiedades mec\u00e1nicas y fuerte resistencia a disolventes org\u00e1nicos. La producci\u00f3n de equipos de tratamiento de agua a gran escala puede adoptar el m\u00e9todo de eliminaci\u00f3n de escoria de retrolavado autom\u00e1tico o manual, las part\u00edculas s\u00f3lidas se pueden recuperar mediante la eliminaci\u00f3n de escoria seca, sin reemplazo frecuente de elementos filtrantes, operaci\u00f3n autom\u00e1tica, bajo costo de filtraci\u00f3n y otras ventajas, que son bien recibidas por los usuarios.<\/div>\n<\/div>\n<div class=\"detail-decorate-json-renderer-container\">\n<div class=\"magic-4\">\n<div class=\"magic-15\">\n<div class=\"magic-10\">\n<div class=\"magic-16\"><\/div>\n<\/div>\n<\/div>\n<\/div>\n<\/div>\n<div class=\"icbu-pc-images magic-22\">\n<div class=\"flex-layout-v\">\n<div class=\"flex-layout-h magic-22\">\n<div class=\"magic-23\"><img decoding=\"async\" src=\"https:\/\/img.yfisher.com\/m6076\/17257325876wq\/png70-t3-scale100.webp\" alt=\"M22 M20 Rosca 0,2 0,5 Micras PE PTFE Filtro de disco sinterizado 2\" data-lazy=\"2\" title=\"\"><\/div>\n<div class=\"magic-23\"><img decoding=\"async\" src=\"https:\/\/img.yfisher.com\/m6076\/1729225219lmv\/png70-t3-scale100.webp\" alt=\"M22 M20 Rosca 0,2 0,5 Micras PE PTFE Filtro de disco sinterizado 3\" data-lazy=\"2\" title=\"\"><\/div>\n<div class=\"magic-23\"><\/div>\n<div class=\"magic-23\"><strong>PREGUNTAS FRECUENTES<\/strong><\/div>\n<\/div>\n<\/div>\n<\/div>\n<div class=\"icbu-pc-images magic-22\">\n<div class=\"flex-layout-v\">\n<div class=\"flex-layout-h magic-22\">\n<div class=\"magic-23\"><\/div>\n<\/div>\n<\/div>\n<\/div>\n<div id=\"ali-anchor-AliMagic-i4q4yj\" class=\"magic-0\" data-section=\"AliMagic-i4q4yj\" data-section-title=\"Application\">\n<p>Respuesta: Por lo general, necesita MOQ aqu\u00ed, pero tenemos un amplio stock de productos, usted puede hacer pedido de prueba. Podemos suministrar para usted.<br \/>\nEl tiempo depende de la cantidad;<\/p>\n<p>P2: \u00bfPuedo obtener una muestra antes de realizar un pedido formal?<br \/>\nRespuesta: S\u00ed. Pero la carga tiene que recoger, si usted tiene cuenta expresa,<br \/>\ntambi\u00e9n podr\u00edamos utilizar su cuenta para enviarle nuestras muestras.<\/p>\n<p>&nbsp;<\/p>\n<p>P3:Soy un peque\u00f1o mayorista, \u00bfaceptan pedidos peque\u00f1os?<br \/>\nR: No hay problema si es usted un peque\u00f1o mayorista, nos gustar\u00eda crecer con usted juntos.<\/p>\n<p>P4:\u00bfPuedo a\u00f1adir mi logotipo en los productos m\u00e9dicos?<br \/>\nR: S\u00ed, OEM y ODM est\u00e1n disponibles para nosotros.<\/p>\n<\/div>","protected":false},"excerpt":{"rendered":"<table>\n<thead>\n<tr>\n<th>secci\u00f3n<\/th>\n<th>detalles<\/th>\n<\/tr>\n<\/thead>\n<tbody>\n<tr>\n<td>producto<\/td>\n<td>disco filtrante de pl\u00e1stico poroso sinterizado \/ disco fritado (pe, ptfe)<\/td>\n<\/tr>\n<tr>\n<td>micras<\/td>\n<td>0,2, 0,5, 1, 5, 10, 25, 50, 100 micras<\/td>\n<\/tr>\n<tr>\n<td>materiales<\/td>\n<td>pe, ptfe<\/td>\n<\/tr>\n<tr>\n<td>caracter\u00edsticas principales<\/td>\n<td>distribuci\u00f3n uniforme de los poros; gran resistencia a \u00e1cidos y \u00e1lcalis; resistencia a altas temperaturas; buena resistencia mec\u00e1nica; resistencia a disolventes org\u00e1nicos<\/td>\n<\/tr>\n<tr>\n<td>aplicaci\u00f3n t\u00edpica<\/td>\n<td>equipos de tratamiento de agua a gran escala<\/td>\n<\/tr>\n<tr>\n<td>limpieza \/ mantenimiento<\/td>\n<td>eliminaci\u00f3n de escorias por retrolavado autom\u00e1tico o manual; la eliminaci\u00f3n de escorias en seco permite la recuperaci\u00f3n de part\u00edculas s\u00f3lidas; no es necesario sustituir con frecuencia los elementos; admite el funcionamiento autom\u00e1tico; bajo coste de filtraci\u00f3n<\/td>\n<\/tr>\n<tr>\n<td>opciones de rosca mostradas<\/td>\n<td>m22, m20<\/td>\n<\/tr>\n<tr>\n<td>ejemplos de art\u00edculos enumerados<\/td>\n<td>\u201cm22 m20 rosca 0,2 0,5 micras pe ptfe filtro de disco sinterizado 2\u201d; \u201c... filtro 3\u201d<\/td>\n<\/tr>\n<tr>\n<td>moq \/ pedidos<\/td>\n<td>se puede aplicar un mq, pero un amplio stock permite pedidos de prueba; el plazo de entrega depende de la cantidad<\/td>\n<\/tr>\n<tr>\n<td>muestras<\/td>\n<td>muestras gratuitas disponibles para comprobar la calidad; portes debidos; se puede enviar a trav\u00e9s de su cuenta expr\u00e9s<\/td>\n<\/tr>\n<tr>\n<td>peque\u00f1os pedidos<\/td>\n<td>aceptado; adecuado para peque\u00f1os mayoristas<\/td>\n<\/tr>\n<tr>\n<td>personalizaci\u00f3n<\/td>\n<td>oem\/odm disponible; se puede a\u00f1adir el logotipo<\/td>\n<\/tr>\n<\/tbody>\n<\/table>","protected":false},"featured_media":2250,"comment_status":"open","ping_status":"closed","template":"","meta":{"_gspb_post_css":""},"product_brand":[],"product_cat":[17,22],"product_tag":[951,952,949,950,948,642],"class_list":{"0":"post-2245","1":"product","2":"type-product","3":"status-publish","4":"has-post-thumbnail","6":"product_cat-sediment-filter","7":"product_cat-sintered-filter-cartridge","8":"product_tag-0-2-micron-filter","9":"product_tag-oem-odm-available","10":"product_tag-porous-pe-filter","11":"product_tag-ptfe-fritted-disc","12":"product_tag-sintered-filter-disc","13":"product_tag-water-treatment-filtration","15":"first","16":"instock","17":"shipping-taxable","18":"product-type-simple"},"_links":{"self":[{"href":"https:\/\/lyfilter.com\/es\/wp-json\/wp\/v2\/product\/2245","targetHints":{"allow":["GET"]}}],"collection":[{"href":"https:\/\/lyfilter.com\/es\/wp-json\/wp\/v2\/product"}],"about":[{"href":"https:\/\/lyfilter.com\/es\/wp-json\/wp\/v2\/types\/product"}],"replies":[{"embeddable":true,"href":"https:\/\/lyfilter.com\/es\/wp-json\/wp\/v2\/comments?post=2245"}],"wp:featuredmedia":[{"embeddable":true,"href":"https:\/\/lyfilter.com\/es\/wp-json\/wp\/v2\/media\/2250"}],"wp:attachment":[{"href":"https:\/\/lyfilter.com\/es\/wp-json\/wp\/v2\/media?parent=2245"}],"wp:term":[{"taxonomy":"product_brand","embeddable":true,"href":"https:\/\/lyfilter.com\/es\/wp-json\/wp\/v2\/product_brand?post=2245"},{"taxonomy":"product_cat","embeddable":true,"href":"https:\/\/lyfilter.com\/es\/wp-json\/wp\/v2\/product_cat?post=2245"},{"taxonomy":"product_tag","embeddable":true,"href":"https:\/\/lyfilter.com\/es\/wp-json\/wp\/v2\/product_tag?post=2245"}],"curies":[{"name":"wp","href":"https:\/\/api.w.org\/{rel}","templated":true}]}}