{"id":2243,"date":"2026-01-06T10:15:27","date_gmt":"2026-01-06T10:15:27","guid":{"rendered":"https:\/\/lyfilter.com\/?post_type=product&#038;p=2243"},"modified":"2026-01-06T10:15:27","modified_gmt":"2026-01-06T10:15:27","slug":"medical-industry-sintered-60um-polyethylene-porous-filter-disc","status":"publish","type":"product","link":"https:\/\/lyfilter.com\/es\/medical-industry-sintered-60um-polyethylene-porous-filter-disc\/","title":{"rendered":"Industria m\u00e9dica Disco filtrante poroso de polietileno sinterizado 60um"},"content":{"rendered":"<div class=\"unit-detail-html-tabs__content-attr\">\n<div class=\"unit-product-attrparam\">\n<div class=\"unit-product-attrparam__items row\">\n<div class=\"col-12 col-md-6\">\n<div class=\"unit-product-attrparam__item\">\n<div class=\"unit-product-attrparam__label\">Material<\/div>\n<div class=\"unit-product-attrparam__value\" title=\"pe \">pe<\/div>\n<\/div>\n<\/div>\n<div class=\"col-12 col-md-6\">\n<div class=\"unit-product-attrparam__item\">\n<div class=\"unit-product-attrparam__label\">Disponibilidad<\/div>\n<div class=\"unit-product-attrparam__value\" title=\"OEM\">OEM<\/div>\n<\/div>\n<\/div>\n<\/div>\n<\/div>\n<\/div>\n<div class=\"unit-detail-html-tabs__content-featuresAttr\"><\/div>\n<div class=\"unit-detail-html-tabs__content-html\">\n<div id=\"_root\" class=\"engine-app\" data-reactroot=\"\">\n<div id=\"ali-anchor-AliMagic-4nwo8b\" class=\"magic-0\" data-section=\"AliMagic-4nwo8b\" data-section-title=\"Product Description\"><strong>Polietileno sinterizado PE poroso PP Filtros de disco para la industria m\u00e9dica<\/strong><\/div>\n<div class=\"magic-0\" data-section=\"AliMagic-4nwo8b\" data-section-title=\"Product Description\"><\/div>\n<div class=\"magic-0\" data-section=\"AliMagic-4nwo8b\" data-section-title=\"Product Description\"><strong>Descripci\u00f3n del producto<\/strong><\/div>\n<p>&nbsp;<\/p>\n<p><img decoding=\"async\" src=\"https:\/\/img.yfisher.com\/m6076\/17257325856xw\/png70-t3-scale100.webp\" alt=\"Industria m\u00e9dica Disco filtrante poroso de polietileno sinterizado 60um 2\" data-lazy=\"2\" title=\"\"><\/p>\n<p><img decoding=\"async\" src=\"https:\/\/img.yfisher.com\/m6076\/17257325850nm\/png70-t3-scale100.webp\" alt=\"Industria m\u00e9dica Disco filtrante poroso de polietileno sinterizado 60um 3\" data-lazy=\"2\" title=\"\"><\/p>\n<div class=\"icbu-pc-images magic-1\">\n<div class=\"flex-layout-v\">\n<div class=\"flex-layout-h magic-1\">\n<div class=\"magic-2\"><\/div>\n<\/div>\n<\/div>\n<\/div>\n<div class=\"detail-decorate-json-renderer-container\">\n<div class=\"magic-4\">\n<div class=\"magic-7\">\n<div class=\"magic-8\">\n<div class=\"magic-9\">\n<p><strong>Ventajas de los productos microporosos PP\/PE<\/strong><\/p>\n<p>No t\u00f3xico<br \/>\nLimpieza satisfactoria<br \/>\nAlta precisi\u00f3n de filtraci\u00f3n 5-60um<br \/>\nExcelente resistencia a la corrosi\u00f3n<br \/>\nLarga vida \u00fatil y f\u00e1cil cambio<\/p>\n<\/div>\n<\/div>\n<\/div>\n<\/div>\n<\/div>\n<div class=\"icbu-pc-images magic-1\">\n<div class=\"flex-layout-v\">\n<div class=\"flex-layout-h magic-1\">\n<div class=\"magic-13\"><\/div>\n<\/div>\n<\/div>\n<\/div>\n<div id=\"ali-anchor-AliMagic-u5zd9b\" class=\"magic-0\" data-section=\"AliMagic-u5zd9b\" data-section-title=\"Specification\">Especificaci\u00f3n<\/div>\n<div class=\"magic-0\" data-section=\"AliMagic-u5zd9b\" data-section-title=\"Specification\"><\/div>\n<div class=\"table-responsive\">\n<table border=\"1\" width=\"475\" cellspacing=\"0\" cellpadding=\"0\">\n<colgroup>\n<col \/>\n<col \/><\/colgroup>\n<tbody>\n<tr class=\"firstRow\">\n<td height=\"19\" data-spm-anchor-id=\"a2700.details.pronpeci14.i1.31556e41v5knch\">material<\/td>\n<td>PP PE polvo<\/td>\n<\/tr>\n<tr>\n<td height=\"19\">tama\u00f1o de poro<\/td>\n<td>5-60micras<\/td>\n<\/tr>\n<tr>\n<td height=\"19\">forma<\/td>\n<td>disco, tubo, barra o a medida<\/td>\n<\/tr>\n<tr>\n<td height=\"19\">MOQ<\/td>\n<td>1 unidad<\/td>\n<\/tr>\n<\/tbody>\n<\/table>\n<\/div>\n<p>&nbsp;<\/p>\n<p>Caracter\u00edsticas<\/p>\n<div class=\"magic-0\" data-section=\"AliMagic-0xxzp9\" data-section-title=\"Features\"><\/div>\n<div class=\"detail-decorate-json-renderer-container\">\n<div class=\"magic-4\">\n<div class=\"magic-7\">\n<div class=\"magic-8\">\n<div class=\"magic-9\">\n<p class=\"magic-10\">1. Alta porosidad (60%) para garantizar un mayor caudal por unidad de superficie.<br \/>\n2. Superficie exterior lisa, las impurezas no se adhieren f\u00e1cilmente, el lavado posterior es f\u00e1cil y minucioso.<br \/>\n3. R\u00edgido, excelentes propiedades mec\u00e1nicas.<br \/>\n4. Excelente resistencia a los \u00e1cidos fuertes, a la corrosi\u00f3n alcalina y a los disolventes org\u00e1nicos.<br \/>\n5. No se desprenden part\u00edculas.<\/p>\n<p class=\"magic-10\">\n<\/div>\n<\/div>\n<\/div>\n<\/div>\n<\/div>\n<div id=\"ali-anchor-AliMagic-9lb9rt\" class=\"magic-0\" data-section=\"AliMagic-9lb9rt\" data-section-title=\"Application\">Aplicaci\u00f3n<\/div>\n<div class=\"detail-decorate-json-renderer-container\">\n<div class=\"magic-4\">\n<div class=\"magic-7\">\n<div class=\"magic-8\">\n<div class=\"magic-9\">\n<p class=\"magic-10\">1. Industria farmac\u00e9utica<br \/>\n2. 2. Industria qu\u00edmica<br \/>\n3. Industria ligera e industria alimentaria<br \/>\n4. Maquinaria e industria petrolera<br \/>\n5. Industria textil y de fibras qu\u00edmicas<br \/>\n6. Industria de tratamiento de aguas residuales<\/p>\n<\/div>\n<\/div>\n<\/div>\n<\/div>\n<\/div>\n<div class=\"magic-0\" data-section=\"AliMagic-nc32gj\" data-section-title=\"Our Company\"><\/div>\n<div id=\"ali-anchor-AliMagic-nc32gj\" class=\"magic-0\" data-section=\"AliMagic-nc32gj\" data-section-title=\"Our Company\">Nuestra empresa<\/div>\n<div class=\"icbu-pc-images magic-1\">\n<div class=\"flex-layout-v\">\n<div class=\"flex-layout-h magic-1\">\n<div class=\"magic-18\"><\/div>\n<\/div>\n<\/div>\n<\/div>\n<div class=\"icbu-pc-images magic-1\">\n<div class=\"flex-layout-v\">\n<div class=\"flex-layout-h magic-1\">\n<div class=\"magic-22\">Estamos especializados en el dise\u00f1o y la producci\u00f3n de diversos n\u00facleos filtrantes, incluidos n\u00facleos filtrantes de PE de mol\u00e9cula ultra alta, n\u00facleos filtrantes de botellas humidificadoras, n\u00facleos filtrantes con abertura para prevenci\u00f3n de derrames para fines m\u00e9dicos con una precisi\u00f3n de filtrado de 5-100 micras. Los productos se expandir\u00e1n inmediatamente en agua o l\u00edquido para formar una capa de protecci\u00f3n en la superficie. Bajo la presi\u00f3n de 0,06-0,05mpa, el filtro evitar\u00e1 que el l\u00edquido fluya. Los n\u00facleos y cabezales del filtro de prevenci\u00f3n de derrames se aplican ampliamente en instrumentos m\u00e9dicos como bolsas desechables de recolecci\u00f3n de residuos, tubos de revestimiento para pruebas e inyecci\u00f3n de ESR, etc. Hemos obtenido con \u00e9xito el certificado ISO9001:2008.<\/div>\n<\/div>\n<\/div>\n<\/div>\n<\/div>\n<\/div>","protected":false},"excerpt":{"rendered":"<table>\n<thead>\n<tr>\n<th>art\u00edculo<\/th>\n<th>detalles<\/th>\n<\/tr>\n<\/thead>\n<tbody>\n<tr>\n<td>puerto de inicio<\/td>\n<td>guangzhou<\/td>\n<\/tr>\n<tr>\n<td>capacidad de producci\u00f3n<\/td>\n<td>10000 unidades\/mes<\/td>\n<\/tr>\n<tr>\n<td>lugar de origen<\/td>\n<td>guangdong, china<\/td>\n<\/tr>\n<tr>\n<td>pago<\/td>\n<td>t\/t<\/td>\n<\/tr>\n<tr>\n<td>moq<\/td>\n<td>1 unidad<\/td>\n<\/tr>\n<tr>\n<td>modelo<\/td>\n<td>ly-hfpl-7<\/td>\n<\/tr>\n<tr>\n<td>plazo de entrega<\/td>\n<td>en un plazo de 7 d\u00edas laborables<\/td>\n<\/tr>\n<tr>\n<td>certificaci\u00f3n<\/td>\n<td>iso 9001<\/td>\n<\/tr>\n<tr>\n<td>marca<\/td>\n<td>oem\/lvyuan<\/td>\n<\/tr>\n<\/tbody>\n<\/table>","protected":false},"featured_media":2246,"comment_status":"open","ping_status":"closed","template":"","meta":{"_gspb_post_css":""},"product_brand":[],"product_cat":[17,22],"product_tag":[939,261,262,260,278,282],"class_list":{"0":"post-2243","1":"product","2":"type-product","3":"status-publish","4":"has-post-thumbnail","6":"product_cat-sediment-filter","7":"product_cat-sintered-filter-cartridge","8":"product_tag-1-pcs-moq","9":"product_tag-guangdong-china","10":"product_tag-guangzhou-port","11":"product_tag-iso-9001","12":"product_tag-ly-hfpl-7","13":"product_tag-oem-lvyuan","15":"first","16":"instock","17":"shipping-taxable","18":"product-type-simple"},"_links":{"self":[{"href":"https:\/\/lyfilter.com\/es\/wp-json\/wp\/v2\/product\/2243","targetHints":{"allow":["GET"]}}],"collection":[{"href":"https:\/\/lyfilter.com\/es\/wp-json\/wp\/v2\/product"}],"about":[{"href":"https:\/\/lyfilter.com\/es\/wp-json\/wp\/v2\/types\/product"}],"replies":[{"embeddable":true,"href":"https:\/\/lyfilter.com\/es\/wp-json\/wp\/v2\/comments?post=2243"}],"wp:featuredmedia":[{"embeddable":true,"href":"https:\/\/lyfilter.com\/es\/wp-json\/wp\/v2\/media\/2246"}],"wp:attachment":[{"href":"https:\/\/lyfilter.com\/es\/wp-json\/wp\/v2\/media?parent=2243"}],"wp:term":[{"taxonomy":"product_brand","embeddable":true,"href":"https:\/\/lyfilter.com\/es\/wp-json\/wp\/v2\/product_brand?post=2243"},{"taxonomy":"product_cat","embeddable":true,"href":"https:\/\/lyfilter.com\/es\/wp-json\/wp\/v2\/product_cat?post=2243"},{"taxonomy":"product_tag","embeddable":true,"href":"https:\/\/lyfilter.com\/es\/wp-json\/wp\/v2\/product_tag?post=2243"}],"curies":[{"name":"wp","href":"https:\/\/api.w.org\/{rel}","templated":true}]}}