{"id":2241,"date":"2026-01-06T10:14:02","date_gmt":"2026-01-06T10:14:02","guid":{"rendered":"https:\/\/lyfilter.com\/?post_type=product&#038;p=2241"},"modified":"2026-01-06T10:14:02","modified_gmt":"2026-01-06T10:14:02","slug":"500mm-width-0-5-1-10-micron-polyethylene-sintered-disc-filter","status":"publish","type":"product","link":"https:\/\/lyfilter.com\/es\/500mm-width-0-5-1-10-micron-polyethylene-sintered-disc-filter\/","title":{"rendered":"Filtro de disco sinterizado de polietileno de 500 mm de ancho 0,5 1 10 micras"},"content":{"rendered":"<div class=\"unit-detail-html-tabs__content-attr\">\n<div class=\"unit-product-attrparam\">\n<div class=\"unit-product-attrparam__items row\">\n<div class=\"col-12 col-md-6\">\n<div class=\"unit-product-attrparam__item\">\n<div class=\"unit-product-attrparam__label\">Material:pe<br \/>\nDisponibilidad: OEM\/ODM<\/div>\n<\/div>\n<\/div>\n<\/div>\n<\/div>\n<\/div>\n<div class=\"unit-detail-html-tabs__content-featuresAttr\"><\/div>\n<div class=\"unit-detail-html-tabs__content-html\">\n<div class=\"detail-decorate-json-renderer-container\"><strong>Filtro de disco sinterizado de polietileno de 500 mm de ancho 0,5 1 10 micras<\/strong><\/p>\n<div class=\"magic-0\">\n<h3 class=\"magic-1\" data-id=\"title0\"><\/h3>\n<\/div>\n<\/div>\n<div id=\"ali-anchor-AliMagic-ernild\" class=\"magic-5\" data-section=\"AliMagic-ernild\" data-section-title=\"Product Description\">Descripci\u00f3n del producto<\/div>\n<div class=\"magic-5\" data-section=\"AliMagic-ernild\" data-section-title=\"Product Description\">El elemento filtrante sinterizado de PE est\u00e1 hecho de polietileno de peso molecular ultra alto sinterizado y moldeado, que es compacto en estructura, fuerte, ligero en peso, capaz de soportar una alta presi\u00f3n de filtraci\u00f3n, no t\u00f3xico e ins\u00edpido, y tiene buena resistencia a la corrosi\u00f3n a los disolventes \u00e1cidos y alcalinos.<br \/>\nEl elemento filtrante de PE tiene una distribuci\u00f3n uniforme del tama\u00f1o de los poros, fuerte resistencia a \u00e1cidos y \u00e1lcalis, resistencia a altas temperaturas, buenas propiedades mec\u00e1nicas y fuerte resistencia a disolventes org\u00e1nicos. La producci\u00f3n de equipos de tratamiento de agua a gran escala puede adoptar el m\u00e9todo de eliminaci\u00f3n de escoria de retrolavado autom\u00e1tico o manual, las part\u00edculas s\u00f3lidas se pueden recuperar mediante la eliminaci\u00f3n de escoria seca, sin reemplazo frecuente de elementos filtrantes, operaci\u00f3n autom\u00e1tica, bajo costo de filtraci\u00f3n y otras ventajas, que son bien recibidas por los usuarios.<\/div>\n<div class=\"icbu-pc-detailManyImage magic-6\" data-module-name=\"icbu-pc-detailManyImage\">\n<div class=\"magic-7\">\n<div class=\"magic-10\">\n<div class=\"magic-16\">\n<div class=\"table-responsive\">\n<table border=\"1\" width=\"523\" cellspacing=\"0\" cellpadding=\"0\">\n<colgroup>\n<col \/>\n<col \/><\/colgroup>\n<tbody>\n<tr class=\"firstRow\">\n<td height=\"22\" data-spm-anchor-id=\"a2700.details.pronpeci14.i0.361d6ac1iKO6Ch\">Material<\/td>\n<td>pl\u00e1stico PE PP<\/td>\n<\/tr>\n<tr>\n<td height=\"42\">Aplicaci\u00f3n<\/td>\n<td>Plantas de fabricaci\u00f3n, f\u00e1bricas de alimentos y bebidas, granjas, uso dom\u00e9stico, energ\u00eda y miner\u00eda, sistemas de filtraci\u00f3n<\/td>\n<\/tr>\n<tr>\n<td height=\"43\">Tama\u00f1o de poro<\/td>\n<td>0,5um, 2um, 5um, 10um, 15um, 20um, 40um, 60um, 90um, 100um<\/td>\n<\/tr>\n<tr>\n<td rowspan=\"2\" height=\"42\">Caracter\u00edstica<\/td>\n<td><\/td>\n<\/tr>\n<tr>\n<td height=\"22\">Distribuci\u00f3n uniforme de las part\u00edculas, sin escoria, aspecto bonito<\/td>\n<\/tr>\n<tr>\n<td height=\"22\">Clasificaci\u00f3n del filtro<\/td>\n<td>99.99%<\/td>\n<\/tr>\n<tr>\n<td height=\"22\">Espesor<\/td>\n<td>1-1000mm<\/td>\n<\/tr>\n<tr>\n<td height=\"22\">Anchura<\/td>\n<td>0,1-500 mm<\/td>\n<\/tr>\n<tr>\n<td height=\"21\">Forma<\/td>\n<td>Disco, tubo, copa o forma personalizada<\/td>\n<\/tr>\n<tr>\n<td height=\"20\">Utilizaci\u00f3n<\/td>\n<td>Filtro de aire<\/td>\n<\/tr>\n<\/tbody>\n<\/table>\n<\/div>\n<\/div>\n<\/div>\n<\/div>\n<\/div>\n<p><img decoding=\"async\" src=\"https:\/\/img.yfisher.com\/m6076\/1725732581yet\/jpg70-t3-scale100.webp\" alt=\"Filtro de disco sinterizado de polietileno de 500 mm de ancho 0,5 1 10 micras 2\" data-lazy=\"2\" title=\"\"><\/p>\n<div class=\"icbu-pc-images magic-22\">\n<div class=\"flex-layout-v\">\n<div class=\"flex-layout-h magic-22\">\n<div class=\"magic-28\">\n<p><strong>Nuestras ventajas:<\/strong><\/p>\n<ul>\n<li>Fabricante profesional con muchos a\u00f1os de experiencia<\/li>\n<li>Buena calidad a un precio competitivo<\/li>\n<li>OEM y ODM son bienvenidos<\/li>\n<li>Producimos seg\u00fan su muestra o dibujo<\/li>\n<li>Se aceptan varias formas de pago<\/li>\n<li>Buen servicio por parte de un gerente con experiencia<\/li>\n<li>Cada producto se somete individualmente a una estricta inspecci\u00f3n<\/li>\n<li>Entrega puntual<\/li>\n<li>Se aceptan MOQ peque\u00f1os<\/li>\n<li>Amplia experiencia en exportaci\u00f3n a \u00c1frica, Oriente Medio, Sudeste Asi\u00e1tico y Sudam\u00e9rica<\/li>\n<\/ul>\n<\/div>\n<\/div>\n<\/div>\n<\/div>\n<\/div>","protected":false},"excerpt":{"rendered":"<table>\n<thead>\n<tr>\n<th>art\u00edculo<\/th>\n<th>detalles<\/th>\n<\/tr>\n<\/thead>\n<tbody>\n<tr>\n<td>puerto de inicio<\/td>\n<td>guangzhou<\/td>\n<\/tr>\n<tr>\n<td>capacidad de producci\u00f3n<\/td>\n<td>10000 unidades\/mes<\/td>\n<\/tr>\n<tr>\n<td>lugar de origen<\/td>\n<td>guangdong, china<\/td>\n<\/tr>\n<tr>\n<td>pago<\/td>\n<td>t\/t, alibaba trade assurance, paypal<\/td>\n<\/tr>\n<tr>\n<td>moq<\/td>\n<td>1 unidad<\/td>\n<\/tr>\n<tr>\n<td>modelo<\/td>\n<td>ly-hfpl<\/td>\n<\/tr>\n<tr>\n<td>plazo de entrega<\/td>\n<td>en un plazo de 7 d\u00edas laborables<\/td>\n<\/tr>\n<tr>\n<td>certificaci\u00f3n<\/td>\n<td>iso 9001<\/td>\n<\/tr>\n<tr>\n<td>marca<\/td>\n<td>oem\/lvyu<\/td>\n<\/tr>\n<\/tbody>\n<\/table>","protected":false},"featured_media":2244,"comment_status":"open","ping_status":"closed","template":"","meta":{"_gspb_post_css":""},"product_brand":[],"product_cat":[17,22],"product_tag":[939,261,262,260,268,947],"class_list":{"0":"post-2241","1":"product","2":"type-product","3":"status-publish","4":"has-post-thumbnail","6":"product_cat-sediment-filter","7":"product_cat-sintered-filter-cartridge","8":"product_tag-1-pcs-moq","9":"product_tag-guangdong-china","10":"product_tag-guangzhou-port","11":"product_tag-iso-9001","12":"product_tag-ly-hfpl","13":"product_tag-oem-lvyu","15":"first","16":"instock","17":"shipping-taxable","18":"product-type-simple"},"_links":{"self":[{"href":"https:\/\/lyfilter.com\/es\/wp-json\/wp\/v2\/product\/2241","targetHints":{"allow":["GET"]}}],"collection":[{"href":"https:\/\/lyfilter.com\/es\/wp-json\/wp\/v2\/product"}],"about":[{"href":"https:\/\/lyfilter.com\/es\/wp-json\/wp\/v2\/types\/product"}],"replies":[{"embeddable":true,"href":"https:\/\/lyfilter.com\/es\/wp-json\/wp\/v2\/comments?post=2241"}],"wp:featuredmedia":[{"embeddable":true,"href":"https:\/\/lyfilter.com\/es\/wp-json\/wp\/v2\/media\/2244"}],"wp:attachment":[{"href":"https:\/\/lyfilter.com\/es\/wp-json\/wp\/v2\/media?parent=2241"}],"wp:term":[{"taxonomy":"product_brand","embeddable":true,"href":"https:\/\/lyfilter.com\/es\/wp-json\/wp\/v2\/product_brand?post=2241"},{"taxonomy":"product_cat","embeddable":true,"href":"https:\/\/lyfilter.com\/es\/wp-json\/wp\/v2\/product_cat?post=2241"},{"taxonomy":"product_tag","embeddable":true,"href":"https:\/\/lyfilter.com\/es\/wp-json\/wp\/v2\/product_tag?post=2241"}],"curies":[{"name":"wp","href":"https:\/\/api.w.org\/{rel}","templated":true}]}}