{"id":2239,"date":"2026-01-06T10:12:21","date_gmt":"2026-01-06T10:12:21","guid":{"rendered":"https:\/\/lyfilter.com\/?post_type=product&#038;p=2239"},"modified":"2026-01-06T10:12:21","modified_gmt":"2026-01-06T10:12:21","slug":"60-sintered-microporous-ptfe-tubing-30mpa-polyethylene-filters","status":"publish","type":"product","link":"https:\/\/lyfilter.com\/es\/60-sintered-microporous-ptfe-tubing-30mpa-polyethylene-filters\/","title":{"rendered":"60\u201d Tubo de PTFE microporoso sinterizado 30Mpa Filtros de polietileno"},"content":{"rendered":"<div class=\"unit-detail-html-tabs__content-attr\">\n<div class=\"unit-product-attrparam\">\n<div class=\"unit-product-attrparam__items row\">\n<div class=\"col-12 col-md-6\">\n<div class=\"unit-product-attrparam__item\">\n<div class=\"unit-product-attrparam__label\">Material:pe<br \/>\nDisponibilidad: OEM\/ODM<\/div>\n<\/div>\n<\/div>\n<\/div>\n<\/div>\n<\/div>\n<div class=\"unit-detail-html-tabs__content-featuresAttr\"><\/div>\n<div class=\"unit-detail-html-tabs__content-html\">\n<div class=\"detail-decorate-json-renderer-container\">60\u201d Tubo de PTFE microporoso sinterizado 30Mpa Filtros de polietileno<\/p>\n<div class=\"magic-0\"><\/div>\n<\/div>\n<div id=\"ali-anchor-AliMagic-crxh1x\" class=\"magic-5\" data-section=\"AliMagic-crxh1x\" data-section-title=\"Product Description\"><strong>Caracter\u00edsticas:<\/strong><\/div>\n<div class=\"detail-decorate-json-renderer-container\">\n<div class=\"magic-0\">\n<div class=\"magic-2\">\n<div class=\"magic-3\">\n<div class=\"magic-4\" data-id=\"paragraph0\">1. La placa fluidizada se utiliza para equipos de recubrimiento en polvo o m\u00e1quinas industriales.<br \/>\n2. Cualquier espesor de la placa de fluidizaci\u00f3n de recubrimiento en polvo: De 3 a 50 mm u otros.<br \/>\n3. El tama\u00f1o y la forma (redonda o cuadrada) se pueden personalizar seg\u00fan las necesidades.<br \/>\n4. Esta placa de fluidizaci\u00f3n se utiliza ampliamente en la tolva de recubrimiento en polvo, parte necesaria para la pulverizaci\u00f3n de polvo suave y uniforme.<br \/>\n5. La placa de fluidizaci\u00f3n est\u00e1 fabricada con material antiest\u00e1tico, resistente a los productos qu\u00edmicos e impermeable.<\/div>\n<\/div>\n<\/div>\n<\/div>\n<\/div>\n<div class=\"detail-decorate-json-renderer-container\">\n<div class=\"magic-0\">\n<div class=\"magic-2\">\n<div class=\"magic-3\">\n<div class=\"magic-4\">1. Alta porosidad para asegurar un mayor flujo por unidad de \u00e1rea; 2. Superficie exterior lisa, las impurezas no son f\u00e1ciles de adherir, el lavado posterior es f\u00e1cil y completo; 3. Capacidad antiincrustante: el peque\u00f1o tama\u00f1o del filtro hace que las impurezas no puedan quedar retenidas en el cuerpo del filtro; 4. Resistencia al \u00e1cido fuerte, corrosi\u00f3n alcalina, resistencia a disolventes org\u00e1nicos; 5. Excelentes propiedades mec\u00e1nicas; 6. No desprende part\u00edculas. 7. Amplia gama de productos y amplio \u00e1mbito de aplicaci\u00f3n<\/div>\n<\/div>\n<\/div>\n<\/div>\n<\/div>\n<div class=\"ife-detail-decorate-table\">\n<div class=\"table-responsive\">\n<table class=\"hight-light-first-column all magic-19\" border=\"1\" cellspacing=\"0\" cellpadding=\"0\">\n<tbody>\n<tr class=\"firstRow\">\n<td colspan=\"1\" rowspan=\"1\">\n<div class=\"magic-20\">Medio filtrante<\/div>\n<\/td>\n<td colspan=\"1\" rowspan=\"1\">\n<div class=\"magic-21\">PE, HDPE, PTFE, PVDF, PA\/Nylon, etc.<\/div>\n<\/td>\n<\/tr>\n<tr>\n<td colspan=\"1\" rowspan=\"1\">\n<div class=\"magic-20\">Tasa de micra<\/div>\n<\/td>\n<td colspan=\"1\" rowspan=\"1\">\n<div class=\"magic-21\">0,2um, 0,5um, 1um, 3um, 5um, 10um, 25um, 30um, 50um, 75um, 100um, etc.<\/div>\n<\/td>\n<\/tr>\n<tr>\n<td colspan=\"1\" rowspan=\"1\">\n<div class=\"magic-20\">Dimensi\u00f3n de referencia<\/p>\n<div>(mm)<\/div>\n<\/div>\n<\/td>\n<td colspan=\"1\" rowspan=\"1\">\n<div class=\"magic-21\">31x12x1000, 31x20x1000, 38x20x1000, 38x18x1000, 38x20x1200, 38x20x1300, 38x20x150, 38x20x400, 38x20x250, 38x20x200, 38x20x180,<br \/>\n38x20x150, 50x20x1000, 50x31x1000, 50x38x1000, 65x31x1000, 65x38x1000, 64x44x1000, 78x62x750mm, etc.<\/div>\n<\/td>\n<\/tr>\n<tr>\n<td colspan=\"1\" rowspan=\"1\">\n<div class=\"magic-20\">Tipo de conector<\/div>\n<\/td>\n<td colspan=\"1\" rowspan=\"1\">\n<div class=\"magic-21\">DOE, SOE, plano, inserto, rosca, 226, 222, 215, M36, M30, M27, M25, M22, M14, M12, o seg\u00fan pedido.<\/div>\n<\/td>\n<\/tr>\n<tr>\n<td colspan=\"1\" rowspan=\"1\">\n<div class=\"magic-20\">Temperatura m\u00e1xima de funcionamiento<\/div>\n<\/td>\n<td colspan=\"1\" rowspan=\"1\">\n<div class=\"magic-21\">PE\u226482\u2103; PTFE\u2265200\u2103; PA\u2264120\u2103<\/div>\n<\/td>\n<\/tr>\n<\/tbody>\n<\/table>\n<\/div>\n<\/div>\n<p><img decoding=\"async\" src=\"https:\/\/img.yfisher.com\/m6076\/1725732580py8\/png70-t3-scale100.webp\" alt=\"60&#039;&#039; Tubo microporoso sinterizado de PTFE 30Mpa Filtros de polietileno 2\" data-lazy=\"2\" title=\"\"><\/p>\n<div class=\"icbu-pc-images magic-22\">\n<div class=\"flex-layout-v\">\n<div class=\"flex-layout-h magic-22\">\n<div class=\"magic-30\"><strong>PREGUNTAS FRECUENTES<\/strong><\/div>\n<\/div>\n<\/div>\n<\/div>\n<div id=\"ali-anchor-AliMagic-9ckahp\" class=\"magic-5\" data-section=\"AliMagic-9ckahp\" data-section-title=\"Contact\">\n<p>P1: \u00bfEs usted fabricante?<br \/>\nA: S\u00ed, somos fabricante, nuestra f\u00e1brica est\u00e1 situada en la ciudad de Langfang, provincia de Hebei, China. \u00a1Bienvenido a visitarnos!<\/p>\n<p>P2: \u00bfAceptan OEM?<br \/>\nR: S\u00ed, podemos fabricar seg\u00fan sus requisitos.<\/p>\n<p>Q3. \u00bfPuedo obtener muestras?<br \/>\nR: Es un honor para nosotros ofrecerle muestras. Excepto flete.<\/p>\n<p>Q4. \u00bfCu\u00e1l es el plazo de entrega?<br \/>\nR: Si la mercanc\u00eda est\u00e1 en stock, suele tardar 2-3 d\u00edas. Si la mercanc\u00eda no est\u00e1 en stock, suele ser de 7-15 d\u00edas. Tambi\u00e9n establecemos el plazo de entrega en funci\u00f3n del n\u00famero de art\u00edculos.<\/p>\n<p>Q5. \u00bfCu\u00e1les son las condiciones de pago?<br \/>\nR: T\/T 30% como dep\u00f3sito, y 70% antes de la entrega. Le mostraremos las fotos de los productos y paquetes antes de pagar el.<br \/>\nequilibrando.<\/p>\n<\/div>\n<\/div>","protected":false},"excerpt":{"rendered":"<table>\n<thead>\n<tr>\n<th>art\u00edculo<\/th>\n<th>detalles<\/th>\n<\/tr>\n<\/thead>\n<tbody>\n<tr>\n<td>puerto de inicio<\/td>\n<td>guangzhou<\/td>\n<\/tr>\n<tr>\n<td>capacidad de producci\u00f3n<\/td>\n<td>10000 unidades\/mes<\/td>\n<\/tr>\n<tr>\n<td>lugar de origen<\/td>\n<td>guangdong, china<\/td>\n<\/tr>\n<tr>\n<td>pago<\/td>\n<td>t\/t, alibaba trade assurance, paypal<\/td>\n<\/tr>\n<tr>\n<td>moq<\/td>\n<td>1 unidad<\/td>\n<\/tr>\n<tr>\n<td>modelo<\/td>\n<td>ly-hfpl<\/td>\n<\/tr>\n<tr>\n<td>plazo de entrega<\/td>\n<td>en un plazo de 7 d\u00edas laborables<\/td>\n<\/tr>\n<tr>\n<td>marca<\/td>\n<td>oem\/lvyuan<\/td>\n<\/tr>\n<\/tbody>\n<\/table>","protected":false},"featured_media":2242,"comment_status":"open","ping_status":"closed","template":"","meta":{"_gspb_post_css":""},"product_brand":[],"product_cat":[22,17],"product_tag":[939,261,262,268,282,941],"class_list":{"0":"post-2239","1":"product","2":"type-product","3":"status-publish","4":"has-post-thumbnail","6":"product_cat-sintered-filter-cartridge","7":"product_cat-sediment-filter","8":"product_tag-1-pcs-moq","9":"product_tag-guangdong-china","10":"product_tag-guangzhou-port","11":"product_tag-ly-hfpl","12":"product_tag-oem-lvyuan","13":"product_tag-paypal-payment","15":"first","16":"instock","17":"shipping-taxable","18":"product-type-simple"},"_links":{"self":[{"href":"https:\/\/lyfilter.com\/es\/wp-json\/wp\/v2\/product\/2239","targetHints":{"allow":["GET"]}}],"collection":[{"href":"https:\/\/lyfilter.com\/es\/wp-json\/wp\/v2\/product"}],"about":[{"href":"https:\/\/lyfilter.com\/es\/wp-json\/wp\/v2\/types\/product"}],"replies":[{"embeddable":true,"href":"https:\/\/lyfilter.com\/es\/wp-json\/wp\/v2\/comments?post=2239"}],"wp:featuredmedia":[{"embeddable":true,"href":"https:\/\/lyfilter.com\/es\/wp-json\/wp\/v2\/media\/2242"}],"wp:attachment":[{"href":"https:\/\/lyfilter.com\/es\/wp-json\/wp\/v2\/media?parent=2239"}],"wp:term":[{"taxonomy":"product_brand","embeddable":true,"href":"https:\/\/lyfilter.com\/es\/wp-json\/wp\/v2\/product_brand?post=2239"},{"taxonomy":"product_cat","embeddable":true,"href":"https:\/\/lyfilter.com\/es\/wp-json\/wp\/v2\/product_cat?post=2239"},{"taxonomy":"product_tag","embeddable":true,"href":"https:\/\/lyfilter.com\/es\/wp-json\/wp\/v2\/product_tag?post=2239"}],"curies":[{"name":"wp","href":"https:\/\/api.w.org\/{rel}","templated":true}]}}