{"id":2237,"date":"2026-01-06T10:10:54","date_gmt":"2026-01-06T10:10:54","guid":{"rendered":"https:\/\/lyfilter.com\/?post_type=product&#038;p=2237"},"modified":"2026-01-06T10:10:54","modified_gmt":"2026-01-06T10:10:54","slug":"beverage-gas-0-5um-2um-synthetic-glass-porous-filter-disc","status":"publish","type":"product","link":"https:\/\/lyfilter.com\/es\/beverage-gas-0-5um-2um-synthetic-glass-porous-filter-disc\/","title":{"rendered":"Disco filtrante de vidrio sint\u00e9tico poroso 0,5um 2um Beverage Gas"},"content":{"rendered":"<div class=\"unit-detail-html-tabs__content-attr\">\n<div class=\"unit-product-attrparam\">\n<div class=\"unit-product-attrparam__items row\">\n<div class=\"col-12 col-md-6\">\n<div class=\"unit-product-attrparam__item\">\n<div class=\"unit-product-attrparam__label\">Material<\/div>\n<div class=\"unit-product-attrparam__value\" title=\"pe \">pe<\/div>\n<\/div>\n<\/div>\n<div class=\"col-12 col-md-6\">\n<div class=\"unit-product-attrparam__item\">\n<div class=\"unit-product-attrparam__label\">Disponibilidad<\/div>\n<div class=\"unit-product-attrparam__value\" title=\"OEM\">OEM<\/div>\n<\/div>\n<\/div>\n<\/div>\n<\/div>\n<\/div>\n<div class=\"unit-detail-html-tabs__content-featuresAttr\"><\/div>\n<div class=\"unit-detail-html-tabs__content-html\">\n<div class=\"detail-decorate-json-renderer-container\">\n<div class=\"magic-0\">\n<h3 class=\"magic-1\" data-id=\"title0\"><strong>Sinterizaci\u00f3n a medida Disco filtrante de polietileno Disco filtrante de pl\u00e1stico sint\u00e9tico<\/strong><\/h3>\n<div class=\"magic-2\">\n<div class=\"magic-3\">\n<div class=\"magic-4\" data-id=\"paragraph0\">Los elementos filtrantes sinterizados se utilizan ampliamente en la industria qu\u00edmica, petrolera, metal\u00fargica, aeron\u00e1utica, gas, electr\u00f3nica, farmac\u00e9utica, neum\u00e1tica, componentes de reguladores de aire, presi\u00f3n\u00a0<a href=\"https:\/\/lyfilter.com\/es\/products.html\/\">elemento filtrante<\/a>s, filtros de aire y m\u00e1s campos.<\/div>\n<div class=\"magic-4\" data-id=\"paragraph0\"><\/div>\n<p>&nbsp;<\/p>\n<div class=\"table-responsive\">\n<table border=\"1\" width=\"395\" cellspacing=\"0\" cellpadding=\"0\">\n<colgroup>\n<col \/>\n<col \/><\/colgroup>\n<tbody>\n<tr class=\"firstRow\">\n<td height=\"22\" data-spm-anchor-id=\"a2700.details.pronpeci14.i2.724435c5sezBu7\">Material<\/td>\n<td>pl\u00e1stico PE PP<\/td>\n<\/tr>\n<tr>\n<td height=\"87\">Aplicaci\u00f3n<\/td>\n<td>Plantas de fabricaci\u00f3n, f\u00e1bricas de alimentos y bebidas, granjas, uso dom\u00e9stico, energ\u00eda y miner\u00eda, sistemas de filtraci\u00f3n<\/td>\n<\/tr>\n<tr>\n<td height=\"76\">Tama\u00f1o de poro<\/td>\n<td>0,5um, 2um, 5um, 10um, 15um, 20um, 40um, 60um, 90um, 100um<\/td>\n<\/tr>\n<tr>\n<td rowspan=\"2\" height=\"62\">Caracter\u00edstica<\/td>\n<td><\/td>\n<\/tr>\n<tr>\n<td height=\"43\">Distribuci\u00f3n uniforme de las part\u00edculas, sin escoria, aspecto bonito<\/td>\n<\/tr>\n<tr>\n<td height=\"43\">Clasificaci\u00f3n del filtro<\/td>\n<td>99.99%<\/td>\n<\/tr>\n<tr>\n<td height=\"22\">Espesor<\/td>\n<td>1-1000mm<\/td>\n<\/tr>\n<tr>\n<td height=\"41\">Anchura<\/td>\n<td>0,1-500 mm<\/td>\n<\/tr>\n<tr>\n<td height=\"48\">Forma<\/td>\n<td>Disco, tubo, copa o forma personalizada<\/p>\n<p>&nbsp;<\/td>\n<\/tr>\n<\/tbody>\n<\/table>\n<\/div>\n<p>&nbsp;<\/p>\n<p><img decoding=\"async\" src=\"https:\/\/img.yfisher.com\/m6076\/1725732578oap\/jpg70-t3-scale100.webp\" alt=\"Disco filtrante poroso de vidrio sint\u00e9tico 0,5um 2um para bebidas gaseosas 2\" data-lazy=\"2\" title=\"\"><\/p>\n<div class=\"magic-4\" data-id=\"paragraph0\"><\/div>\n<div class=\"magic-4\" data-id=\"paragraph0\">\n<p><strong>Nuestras ventajas:<\/strong><\/p>\n<p>&nbsp;<\/p>\n<ul>\n<li>Fabricante profesional con muchos a\u00f1os de experiencia<\/li>\n<li>Buena calidad a un precio competitivo<\/li>\n<li>OEM y ODM son bienvenidos<\/li>\n<li>Producimos seg\u00fan su muestra o dibujo<\/li>\n<li>Se aceptan varias formas de pago<\/li>\n<li>Buen servicio por parte de un gerente con experiencia<\/li>\n<li>Cada producto se somete individualmente a una estricta inspecci\u00f3n<\/li>\n<li>Entrega puntual<\/li>\n<li>Se aceptan MOQ peque\u00f1os<\/li>\n<li>Amplia experiencia en exportaci\u00f3n a \u00c1frica, Oriente Medio, Sudeste Asi\u00e1tico y Sudam\u00e9rica<\/li>\n<\/ul>\n<\/div>\n<\/div>\n<\/div>\n<\/div>\n<\/div>\n<\/div>","protected":false},"excerpt":{"rendered":"<table>\n<thead>\n<tr>\n<th>art\u00edculo<\/th>\n<th>detalles<\/th>\n<\/tr>\n<\/thead>\n<tbody>\n<tr>\n<td>puerto de inicio<\/td>\n<td>guangzhou<\/td>\n<\/tr>\n<tr>\n<td>capacidad de producci\u00f3n<\/td>\n<td>10000 unidades\/mes<\/td>\n<\/tr>\n<tr>\n<td>lugar de origen<\/td>\n<td>guangdong, china<\/td>\n<\/tr>\n<tr>\n<td>pago<\/td>\n<td>t\/t, alibaba trade assurance, paypal<\/td>\n<\/tr>\n<tr>\n<td>moq<\/td>\n<td>1 unidad<\/td>\n<\/tr>\n<tr>\n<td>modelo<\/td>\n<td>ly-hfpl<\/td>\n<\/tr>\n<tr>\n<td>plazo de entrega<\/td>\n<td>en un plazo de 7 d\u00edas laborables<\/td>\n<\/tr>\n<tr>\n<td>certificaci\u00f3n<\/td>\n<td>iso 9001<\/td>\n<\/tr>\n<\/tbody>\n<\/table>","protected":false},"featured_media":2240,"comment_status":"open","ping_status":"closed","template":"","meta":{"_gspb_post_css":""},"product_brand":[],"product_cat":[15],"product_tag":[939,261,262,260,268,941],"class_list":{"0":"post-2237","1":"product","2":"type-product","3":"status-publish","4":"has-post-thumbnail","6":"product_cat-stainless-steel-filter-housing","7":"product_tag-1-pcs-moq","8":"product_tag-guangdong-china","9":"product_tag-guangzhou-port","10":"product_tag-iso-9001","11":"product_tag-ly-hfpl","12":"product_tag-paypal-payment","14":"first","15":"instock","16":"shipping-taxable","17":"product-type-simple"},"_links":{"self":[{"href":"https:\/\/lyfilter.com\/es\/wp-json\/wp\/v2\/product\/2237","targetHints":{"allow":["GET"]}}],"collection":[{"href":"https:\/\/lyfilter.com\/es\/wp-json\/wp\/v2\/product"}],"about":[{"href":"https:\/\/lyfilter.com\/es\/wp-json\/wp\/v2\/types\/product"}],"replies":[{"embeddable":true,"href":"https:\/\/lyfilter.com\/es\/wp-json\/wp\/v2\/comments?post=2237"}],"wp:featuredmedia":[{"embeddable":true,"href":"https:\/\/lyfilter.com\/es\/wp-json\/wp\/v2\/media\/2240"}],"wp:attachment":[{"href":"https:\/\/lyfilter.com\/es\/wp-json\/wp\/v2\/media?parent=2237"}],"wp:term":[{"taxonomy":"product_brand","embeddable":true,"href":"https:\/\/lyfilter.com\/es\/wp-json\/wp\/v2\/product_brand?post=2237"},{"taxonomy":"product_cat","embeddable":true,"href":"https:\/\/lyfilter.com\/es\/wp-json\/wp\/v2\/product_cat?post=2237"},{"taxonomy":"product_tag","embeddable":true,"href":"https:\/\/lyfilter.com\/es\/wp-json\/wp\/v2\/product_tag?post=2237"}],"curies":[{"name":"wp","href":"https:\/\/api.w.org\/{rel}","templated":true}]}}