{"id":2234,"date":"2026-01-06T10:09:40","date_gmt":"2026-01-06T10:09:40","guid":{"rendered":"https:\/\/lyfilter.com\/?post_type=product&#038;p=2234"},"modified":"2026-01-06T10:09:40","modified_gmt":"2026-01-06T10:09:40","slug":"sintered-porous-polyethylene-pe-hdpe-resin-filter","status":"publish","type":"product","link":"https:\/\/lyfilter.com\/es\/sintered-porous-polyethylene-pe-hdpe-resin-filter\/","title":{"rendered":"Filtro de resina de polietileno poroso sinterizado PE Hdpe"},"content":{"rendered":"<div class=\"unit-detail-html-tabs__content-attr\">\n<div class=\"unit-product-attrparam\">\n<div class=\"unit-product-attrparam__items row\">\n<div class=\"col-12 col-md-6\">\n<div class=\"unit-product-attrparam__item\">\n<div class=\"unit-product-attrparam__label\">Disponibilidad: OEM<\/div>\n<\/div>\n<\/div>\n<\/div>\n<\/div>\n<\/div>\n<div class=\"unit-detail-html-tabs__content-featuresAttr\"><\/div>\n<div class=\"unit-detail-html-tabs__content-html\">\n<p><strong>Polietileno Poroso Sinterizado PE Hdpe Resinas Filtro<\/strong><\/p>\n<p>&nbsp;<\/p>\n<p>Ventajas de los productos microporosos PP\/PE<br \/>\nNo t\u00f3xico<br \/>\nLimpieza satisfactoria<br \/>\nAlta precisi\u00f3n de filtraci\u00f3n 5-60um<br \/>\nExcelente resistencia a la corrosi\u00f3n<br \/>\nLarga vida \u00fatil y f\u00e1cil cambio<\/p>\n<p><img decoding=\"async\" src=\"https:\/\/img.yfisher.com\/m6076\/1725732576zgq\/jpg70-t3-scale100.webp\" alt=\"Polietileno Poroso Sinterizado PE Hdpe Resina Filtro 2\" data-lazy=\"2\" title=\"\"><\/p>\n<div class=\"table-responsive\">\n<table border=\"1\" width=\"400\" cellspacing=\"0\" cellpadding=\"0\">\n<colgroup>\n<col \/>\n<col \/><\/colgroup>\n<tbody>\n<tr class=\"firstRow\">\n<td height=\"19\">material<\/td>\n<td>PP PE polvo<\/td>\n<\/tr>\n<tr>\n<td height=\"19\">tama\u00f1o de poro<\/td>\n<td>5-60micras<\/td>\n<\/tr>\n<tr>\n<td height=\"19\">forma<\/td>\n<td>disco, tubo, barra o a medida<\/td>\n<\/tr>\n<tr>\n<td height=\"19\">MOQ<\/td>\n<td data-spm-anchor-id=\"a2700.details.0.i28.10c16e41LF1TJI\">1 unidad<\/td>\n<\/tr>\n<\/tbody>\n<\/table>\n<\/div>\n<p>Nuestra empresa abarca todo el proceso de investigaci\u00f3n, dise\u00f1o, producci\u00f3n, venta y mantenimiento. Contamos con conocimientos t\u00e9cnicos profesionales y un sistema de gesti\u00f3n de calidad sistem\u00e1tico. Nuestro objetivo es ofrecer sustitutos de importaci\u00f3n de alta calidad y un plan de dise\u00f1o perfecto.<\/p>\n<p><strong>Nuestras ventajas:<\/strong><\/p>\n<p>Fabricante profesional con muchos a\u00f1os de experiencia<br \/>\nBuena calidad a un precio competitivo<br \/>\nOEM y ODM son bienvenidos<br \/>\nProducimos seg\u00fan su muestra o dibujo<br \/>\nSe aceptan varias formas de pago<br \/>\nBuen servicio por parte de un gerente con experiencia<br \/>\nCada producto se somete individualmente a una estricta inspecci\u00f3n<br \/>\nEntrega puntual<br \/>\nSe aceptan MOQ peque\u00f1os<br \/>\nAmplia experiencia en exportaci\u00f3n a \u00c1frica, Oriente Medio, Sudeste Asi\u00e1tico y Sudam\u00e9rica<\/p>\n<\/div>","protected":false},"excerpt":{"rendered":"<table>\n<thead>\n<tr>\n<th>art\u00edculo<\/th>\n<th>detalles<\/th>\n<\/tr>\n<\/thead>\n<tbody>\n<tr>\n<td>puerto de inicio<\/td>\n<td>guangzhou<\/td>\n<\/tr>\n<tr>\n<td>capacidad de producci\u00f3n<\/td>\n<td>10000 unidades\/mes<\/td>\n<\/tr>\n<tr>\n<td>pago<\/td>\n<td>t\/t, garant\u00eda comercial alibaba<\/td>\n<\/tr>\n<tr>\n<td>moq<\/td>\n<td>1 unidad<\/td>\n<\/tr>\n<tr>\n<td>modelo<\/td>\n<td>ly-hfpl<\/td>\n<\/tr>\n<tr>\n<td>plazo de entrega<\/td>\n<td>en un plazo de 7 d\u00edas laborables<\/td>\n<\/tr>\n<tr>\n<td>certificaci\u00f3n<\/td>\n<td>iso 9001<\/td>\n<\/tr>\n<\/tbody>\n<\/table>","protected":false},"featured_media":2238,"comment_status":"open","ping_status":"closed","template":"","meta":{"_gspb_post_css":""},"product_brand":[],"product_cat":[17,22],"product_tag":[939,279,262,260,268,946],"class_list":{"0":"post-2234","1":"product","2":"type-product","3":"status-publish","4":"has-post-thumbnail","6":"product_cat-sediment-filter","7":"product_cat-sintered-filter-cartridge","8":"product_tag-1-pcs-moq","9":"product_tag-alibaba-trade-assurance","10":"product_tag-guangzhou-port","11":"product_tag-iso-9001","12":"product_tag-ly-hfpl","13":"product_tag-t-t-payment","15":"first","16":"instock","17":"shipping-taxable","18":"product-type-simple"},"_links":{"self":[{"href":"https:\/\/lyfilter.com\/es\/wp-json\/wp\/v2\/product\/2234","targetHints":{"allow":["GET"]}}],"collection":[{"href":"https:\/\/lyfilter.com\/es\/wp-json\/wp\/v2\/product"}],"about":[{"href":"https:\/\/lyfilter.com\/es\/wp-json\/wp\/v2\/types\/product"}],"replies":[{"embeddable":true,"href":"https:\/\/lyfilter.com\/es\/wp-json\/wp\/v2\/comments?post=2234"}],"wp:featuredmedia":[{"embeddable":true,"href":"https:\/\/lyfilter.com\/es\/wp-json\/wp\/v2\/media\/2238"}],"wp:attachment":[{"href":"https:\/\/lyfilter.com\/es\/wp-json\/wp\/v2\/media?parent=2234"}],"wp:term":[{"taxonomy":"product_brand","embeddable":true,"href":"https:\/\/lyfilter.com\/es\/wp-json\/wp\/v2\/product_brand?post=2234"},{"taxonomy":"product_cat","embeddable":true,"href":"https:\/\/lyfilter.com\/es\/wp-json\/wp\/v2\/product_cat?post=2234"},{"taxonomy":"product_tag","embeddable":true,"href":"https:\/\/lyfilter.com\/es\/wp-json\/wp\/v2\/product_tag?post=2234"}],"curies":[{"name":"wp","href":"https:\/\/api.w.org\/{rel}","templated":true}]}}