{"id":2232,"date":"2026-01-06T10:08:12","date_gmt":"2026-01-06T10:08:12","guid":{"rendered":"https:\/\/lyfilter.com\/?post_type=product&#038;p=2232"},"modified":"2026-01-06T10:08:12","modified_gmt":"2026-01-06T10:08:12","slug":"thread-rod-20-30-50-100-microns-polyethylene-sintered-plastic-filter","status":"publish","type":"product","link":"https:\/\/lyfilter.com\/es\/thread-rod-20-30-50-100-microns-polyethylene-sintered-plastic-filter\/","title":{"rendered":"Varilla roscada 20 30 50 100 Micras Polietileno Filtro de pl\u00e1stico sinterizado"},"content":{"rendered":"<div class=\"unit-detail-html-tabs__content-attr\">\n<div class=\"unit-product-attrparam\">\n<div class=\"unit-product-attrparam__items row\">\n<div class=\"col-12 col-md-6\">\n<div class=\"unit-product-attrparam__item\">\n<div class=\"unit-product-attrparam__label\">Material:pe<br \/>\nDisponibilidad: OEM\/ODM<\/div>\n<\/div>\n<\/div>\n<\/div>\n<\/div>\n<\/div>\n<div class=\"unit-detail-html-tabs__content-featuresAttr\"><\/div>\n<div class=\"unit-detail-html-tabs__content-html\">\n<div class=\"J_module\">\n<div class=\"detail-decorate-json-renderer-container\">\n<div class=\"magic-0\">\n<div class=\"magic-1\">\n<div class=\"magic-2\">\n<div class=\"magic-3\"><strong>Varilla roscada de pl\u00e1stico poroso PE filtro 20 30 50 100 micras de pl\u00e1stico sinterizado filtro de polietileno<\/strong><\/div>\n<div class=\"magic-3\"><\/div>\n<\/div>\n<\/div>\n<\/div>\n<\/div>\n<\/div>\n<div class=\"J_module\">\n<div id=\"ali-anchor-AliMagic-wrvzoi\" class=\"magic-4\" data-section=\"AliMagic-wrvzoi\" data-section-title=\"Product Description\"><strong>Descripci\u00f3n del producto<\/strong><\/div>\n<\/div>\n<div class=\"J_module\">\n<div class=\"icbu-pc-images magic-5\">\n<div class=\"flex-layout-v\">\n<div class=\"flex-layout-h magic-5\">\n<div class=\"magic-6\"><\/div>\n<\/div>\n<\/div>\n<\/div>\n<\/div>\n<div class=\"J_module\">\n<div class=\"detail-decorate-json-renderer-container\">\n<div class=\"magic-0\">\n<div class=\"magic-1\">\n<div class=\"magic-2\">\n<p class=\"magic-12\">Nuestra empresa fabrica el filtro sinterizado de polietileno molecular ultra-alto, el peso molecular es de m\u00e1s de 3 millones de part\u00edculas de sinterizaci\u00f3n.Utilice un molde para utilizar la presi\u00f3n en el horno de sinterizaci\u00f3n.filtros sinterizados elementos son ampliamente utilizados en la qu\u00edmica, petr\u00f3leo, metalurgia, la artesan\u00eda de aire, gas, electr\u00f3nica, farmacia, neum\u00e1tica, componentes del regulador de aire, la presi\u00f3n\u00a0<a href=\"https:\/\/lyfilter.com\/es\/products.html\/\">elemento filtrante<\/a>s, filtros de aire y m\u00e1s campos<\/p>\n<p class=\"magic-12\">\n<div class=\"table-responsive\">\n<table class=\"all magic-21\" border=\"1\" cellspacing=\"0\" cellpadding=\"0\">\n<tbody>\n<tr class=\"firstRow\">\n<td colspan=\"1\" rowspan=\"1\">\n<div class=\"magic-22\">\n<div><\/div>\n<p>Nombre del producto<\/p><\/div>\n<\/td>\n<td colspan=\"3\" rowspan=\"1\">\n<div class=\"magic-23\">Varilla roscada de pl\u00e1stico poroso PE filtro 20 30 50 100 micras de pl\u00e1stico sinterizado filtro de polietileno para el agua y el flujo de fluidos y gases<\/div>\n<\/td>\n<td class=\"magic-24\" rowspan=\"0\">\n<div class=\"magic-25\"><\/div>\n<\/td>\n<td class=\"magic-24\" rowspan=\"0\">\n<div class=\"magic-25\"><\/div>\n<\/td>\n<\/tr>\n<tr>\n<td colspan=\"1\" rowspan=\"1\">\n<div class=\"magic-22\">Di\u00e1metro<\/div>\n<\/td>\n<td colspan=\"3\" rowspan=\"1\">\n<div class=\"magic-23\">10mm,20mm,30mm,40mm,50mm,60mm,70mm,80mm,90mm,100mm,110mm,<br \/>\n120 mm, 200 mm, etc.<\/div>\n<\/td>\n<td class=\"magic-24\" rowspan=\"0\">\n<div class=\"magic-25\"><\/div>\n<\/td>\n<td class=\"magic-24\" rowspan=\"0\">\n<div class=\"magic-25\"><\/div>\n<\/td>\n<\/tr>\n<tr>\n<td colspan=\"1\" rowspan=\"1\">\n<div class=\"magic-22\">Longitud<\/div>\n<\/td>\n<td colspan=\"3\" rowspan=\"1\">\n<div class=\"magic-23\">1\u2033, 2,5\u2033, 5\u2033, 10\u2033 ,20\u2033 ,30\u2033 ,40\u2033, 50\u2033, etc.<\/div>\n<\/td>\n<td class=\"magic-24\" rowspan=\"0\">\n<div class=\"magic-25\"><\/div>\n<\/td>\n<td class=\"magic-24\" rowspan=\"0\">\n<div class=\"magic-25\"><\/div>\n<\/td>\n<\/tr>\n<tr>\n<td colspan=\"1\" rowspan=\"1\">\n<div class=\"magic-22\">Tasa de micra<\/div>\n<\/td>\n<td colspan=\"3\" rowspan=\"1\">\n<div class=\"magic-26\">0.2um,0.3um,0.45um,1um,3um,5um,10um,20um,30um,40um,50um,100um,etc.<\/div>\n<\/td>\n<td class=\"magic-24\" rowspan=\"0\">\n<div class=\"magic-25\"><\/div>\n<\/td>\n<td class=\"magic-24\" rowspan=\"0\">\n<div class=\"magic-25\"><\/div>\n<\/td>\n<\/tr>\n<tr>\n<td colspan=\"1\" rowspan=\"1\">\n<div class=\"magic-22\">Temperatura de trabajo<\/div>\n<\/td>\n<td colspan=\"3\" rowspan=\"1\">\n<div class=\"magic-26\">PE\u226480\u2103; PTFE\u2265200\u2103;PA\u2264120\u2103<\/div>\n<\/td>\n<td class=\"magic-24\" rowspan=\"0\">\n<div class=\"magic-25\"><\/div>\n<\/td>\n<td class=\"magic-24\" rowspan=\"0\">\n<div class=\"magic-25\"><\/div>\n<\/td>\n<\/tr>\n<tr>\n<td colspan=\"1\" rowspan=\"1\">\n<div class=\"magic-22\">Conector del filtro<\/div>\n<\/td>\n<td colspan=\"3\" rowspan=\"1\">\n<div class=\"magic-26\">PLANO,TIPO INSERCI\u00d3N,TIPO ROSCA,226,222,215, PERSONALIZADO<\/div>\n<\/td>\n<td class=\"magic-24\" rowspan=\"0\">\n<div class=\"magic-25\"><\/div>\n<\/td>\n<td class=\"magic-24\" rowspan=\"0\">\n<div class=\"magic-25\"><\/div>\n<\/td>\n<\/tr>\n<tr>\n<td colspan=\"1\" rowspan=\"1\">\n<div class=\"magic-22\">Observaci\u00f3n<\/div>\n<\/td>\n<td colspan=\"3\" rowspan=\"1\">\n<div class=\"magic-26\"><strong>El tama\u00f1o del filtro y las micras se pueden personalizar. Tama\u00f1o m\u00e1s peque\u00f1o o m\u00e1s grande.<\/strong><\/div>\n<\/td>\n<td colspan=\"1\" rowspan=\"1\"><\/td>\n<td colspan=\"1\" rowspan=\"1\"><\/td>\n<\/tr>\n<\/tbody>\n<\/table>\n<\/div>\n<p>&nbsp;<\/p>\n<p><img decoding=\"async\" src=\"https:\/\/img.yfisher.com\/m6076\/17257325747kz\/png70-t3-scale100.webp\" alt=\"Varilla roscada 20 30 50 100 micras Polietileno Filtro de pl\u00e1stico sinterizado 2\" data-lazy=\"2\" title=\"\"><\/p>\n<p><img decoding=\"async\" src=\"https:\/\/img.yfisher.com\/m6076\/1725732574kxe\/png70-t3-scale100.webp\" alt=\"Varilla roscada 20 30 50 100 micras Polietileno Filtro de pl\u00e1stico sinterizado 3\" data-lazy=\"2\" title=\"\"><\/p>\n<\/div>\n<\/div>\n<\/div>\n<\/div>\n<\/div>\n<div class=\"J_module\">\n<div class=\"icbu-pc-images magic-5\">\n<div class=\"flex-layout-v\">\n<div class=\"flex-layout-h magic-5\">\n<div class=\"magic-40\"><\/div>\n<\/div>\n<\/div>\n<\/div>\n<\/div>\n<div class=\"J_module\">\n<div id=\"ali-anchor-AliMagic-ooeczd\" class=\"magic-4\" data-section=\"AliMagic-ooeczd\" data-section-title=\"Application\"><strong>Aplicaci\u00f3n<\/strong><\/div>\n<\/div>\n<div class=\"J_module\">\n<div class=\"detail-decorate-json-renderer-container\">\n<div class=\"magic-0\">\n<div class=\"magic-41\">\n<div class=\"magic-42\">\n<div class=\"magic-43\"><\/div>\n<\/div>\n<\/div>\n<\/div>\n<\/div>\n<\/div>\n<div class=\"J_module\">\n<div class=\"detail-decorate-json-renderer-container\">\n<div class=\"magic-0\">\n<div class=\"magic-1\">\n<div class=\"magic-2\">\n<div class=\"magic-3\">\n<p class=\"magic-12\">A. Industria farmac\u00e9utica<br \/>\nB. Industria qu\u00edmica<br \/>\nC. Industria textil y de fibras qu\u00edmicas<br \/>\nD. Industria ligera e industria alimentaria<br \/>\nE. Maquinaria e industria petrolera<br \/>\nF. Tratamiento de aguas residuales<\/p>\n<\/div>\n<\/div>\n<\/div>\n<\/div>\n<\/div>\n<\/div>\n<\/div>","protected":false},"excerpt":{"rendered":"<table>\n<thead>\n<tr>\n<th>art\u00edculo<\/th>\n<th>detalles<\/th>\n<\/tr>\n<\/thead>\n<tbody>\n<tr>\n<td>puerto de inicio<\/td>\n<td>guangzhou<\/td>\n<\/tr>\n<tr>\n<td>capacidad de producci\u00f3n<\/td>\n<td>10000 unidades\/mes<\/td>\n<\/tr>\n<tr>\n<td>plazo de entrega<\/td>\n<td>en un plazo de 7 d\u00edas laborables<\/td>\n<\/tr>\n<\/tbody>\n<\/table>","protected":false},"featured_media":2235,"comment_status":"open","ping_status":"closed","template":"","meta":{"_gspb_post_css":""},"product_brand":[],"product_cat":[17,22],"product_tag":[937,284,944,943,286,945],"class_list":{"0":"post-2232","1":"product","2":"type-product","3":"status-publish","4":"has-post-thumbnail","6":"product_cat-sediment-filter","7":"product_cat-sintered-filter-cartridge","8":"product_tag-10000-units-per-month","9":"product_tag-7-working-days-delivery","10":"product_tag-bulk-production-capacity","11":"product_tag-fast-lead-time","12":"product_tag-guangzhou-start-port","13":"product_tag-shipping-details","15":"first","16":"instock","17":"shipping-taxable","18":"product-type-simple"},"_links":{"self":[{"href":"https:\/\/lyfilter.com\/es\/wp-json\/wp\/v2\/product\/2232","targetHints":{"allow":["GET"]}}],"collection":[{"href":"https:\/\/lyfilter.com\/es\/wp-json\/wp\/v2\/product"}],"about":[{"href":"https:\/\/lyfilter.com\/es\/wp-json\/wp\/v2\/types\/product"}],"replies":[{"embeddable":true,"href":"https:\/\/lyfilter.com\/es\/wp-json\/wp\/v2\/comments?post=2232"}],"wp:featuredmedia":[{"embeddable":true,"href":"https:\/\/lyfilter.com\/es\/wp-json\/wp\/v2\/media\/2235"}],"wp:attachment":[{"href":"https:\/\/lyfilter.com\/es\/wp-json\/wp\/v2\/media?parent=2232"}],"wp:term":[{"taxonomy":"product_brand","embeddable":true,"href":"https:\/\/lyfilter.com\/es\/wp-json\/wp\/v2\/product_brand?post=2232"},{"taxonomy":"product_cat","embeddable":true,"href":"https:\/\/lyfilter.com\/es\/wp-json\/wp\/v2\/product_cat?post=2232"},{"taxonomy":"product_tag","embeddable":true,"href":"https:\/\/lyfilter.com\/es\/wp-json\/wp\/v2\/product_tag?post=2232"}],"curies":[{"name":"wp","href":"https:\/\/api.w.org\/{rel}","templated":true}]}}