{"id":2230,"date":"2026-01-06T10:06:40","date_gmt":"2026-01-06T10:06:40","guid":{"rendered":"https:\/\/lyfilter.com\/?post_type=product&#038;p=2230"},"modified":"2026-01-06T10:06:40","modified_gmt":"2026-01-06T10:06:40","slug":"square-10mm-30-microns-porous-uhmwpe-sintered-plastic-filter","status":"publish","type":"product","link":"https:\/\/lyfilter.com\/es\/square-10mm-30-microns-porous-uhmwpe-sintered-plastic-filter\/","title":{"rendered":"Filtro cuadrado de pl\u00e1stico poroso UHMWPE sinterizado de 10 mm y 30 micras"},"content":{"rendered":"<div class=\"J_module\">\n<div class=\"detail-decorate-json-renderer-container\">\n<div class=\"magic-0\">\n<div class=\"magic-1\">\n<div class=\"magic-2\">\n<div class=\"magic-3\"><strong>Alta filtraci\u00f3n de fluidos tipo cuadrado PE 30 micras polvo sinterizado poroso PE placa de filtro de pl\u00e1stico<\/strong><\/div>\n<\/div>\n<\/div>\n<\/div>\n<\/div>\n<\/div>\n<div class=\"J_module\">\n<div class=\"magic-4\" data-section=\"AliMagic-s2vhcq\" data-section-title=\"Product Description\"><\/div>\n<div id=\"ali-anchor-AliMagic-s2vhcq\" class=\"magic-4\" data-section=\"AliMagic-s2vhcq\" data-section-title=\"Product Description\">Descripci\u00f3n del producto<\/div>\n<\/div>\n<div class=\"J_module\">\n<div class=\"icbu-pc-images magic-5\">\n<div class=\"flex-layout-v\">\n<div class=\"flex-layout-h magic-5\">\n<div class=\"magic-6\"><\/div>\n<\/div>\n<\/div>\n<\/div>\n<\/div>\n<div class=\"J_module\">\n<div class=\"detail-decorate-json-renderer-container\">\n<div class=\"magic-0\">\n<div class=\"magic-1\">\n<div class=\"magic-2\">\n<div class=\"magic-3\" data-id=\"paragraph0\">\n<p class=\"magic-13\">El elemento filtrante de PTFE sinterizado est\u00e1 hecho de materias primas de PTFE puro y sinterizado a alta temperatura y alta presi\u00f3n. Por lo tanto, el elemento filtrante tiene una fuerte resistencia a los \u00e1cidos y \u00e1lcalis, fuerte resistencia a los \u00e1lcalis, alta resistencia y tenacidad del elemento filtrante, y el elemento filtrante puede Resistencia a altas temperaturas de hasta 200 \u2103, tiene la reputaci\u00f3n de \u201cRey del elemento filtrante\u201d.<\/p>\n<p class=\"magic-13\">Filtro sinterizado se hace principalmente de ultra alto peso molecular de polietileno (PE y PA), politetrafluoroetileno (PTFE), polvo de acero inoxidable, la sinterizaci\u00f3n de polvo de cobre y otros materiales, compacto, fuerte, ligero, capaz de trabajar bajo alta presi\u00f3n, no tastelesss t\u00f3xicos, tienen buena resistencia a la corrosi\u00f3n a los \u00e1cidos, \u00e1lcalis y disolventes. Selecci\u00f3n de filtro sinterizado, la seguridad en el trabajo, mejorar el entorno de producci\u00f3n y el \u00e1rea es peque\u00f1a, el \u00e1rea de filtraci\u00f3n de flujo de l\u00edquido bajo cualquier selecci\u00f3n (1 - 200m2), especialmente adecuado para el tratamiento de agua lage, y la fabricaci\u00f3n de productos qu\u00edmicos, farmac\u00e9uticos, alimentos y otros l\u00edquidos de filtraci\u00f3n.<\/p>\n<p class=\"magic-13\">\n<p>&nbsp;<\/p>\n<div class=\"table-responsive\">\n<table border=\"1\" width=\"523\" cellspacing=\"0\" cellpadding=\"0\">\n<colgroup>\n<col \/>\n<col \/><\/colgroup>\n<tbody>\n<tr class=\"firstRow\">\n<td height=\"41\">Nombre del producto<\/td>\n<td>Tiantai f\u00e1brica de suministro de PE sinterizado de pl\u00e1stico micro filtro poroso<\/td>\n<\/tr>\n<tr>\n<td height=\"21\">Material<\/td>\n<td>Polietileno de peso molecular ultraalto (UHMWPE)<\/td>\n<\/tr>\n<tr>\n<td height=\"21\">Color<\/td>\n<td>blanco<\/td>\n<\/tr>\n<tr>\n<td height=\"21\">Est\u00e1ndar<\/td>\n<td>ISO SGS<\/td>\n<\/tr>\n<tr>\n<td height=\"39\">Usado<\/td>\n<td>agua pura, agua viva, bebida, medicamento, l\u00edquido de galvanoplastia, emulsi\u00f3n, l\u00edquido de lavado, soluci\u00f3n \u00e1cida o alcalina<\/td>\n<\/tr>\n<\/tbody>\n<\/table>\n<\/div>\n<p>&nbsp;<\/p>\n<p><img decoding=\"async\" src=\"https:\/\/img.yfisher.com\/m6076\/1725732572w86\/png70-t3-scale100.webp\" alt=\"Cuadrado 10mm 30 Micras Poroso UHMWPE Filtro Pl\u00e1stico Sinterizado 2\" data-lazy=\"2\" title=\"\"><\/p>\n<\/div>\n<\/div>\n<\/div>\n<\/div>\n<\/div>\n<\/div>\n<div class=\"J_module\">\n<div class=\"magic-4\" data-section=\"AliMagic-sz4s61\" data-section-title=\"Our Company\"><\/div>\n<\/div>\n<div class=\"J_module\">\n<div class=\"icbu-pc-images magic-5\">\n<div class=\"flex-layout-v\">\n<div class=\"flex-layout-h magic-5\">\n<div class=\"magic-47\"><img decoding=\"async\" src=\"https:\/\/img.yfisher.com\/m6076\/1729225216zsq\/png70-t3-scale100.webp\" alt=\"Cuadrado 10mm 30 Micras Poroso UHMWPE Filtro Pl\u00e1stico Sinterizado 3\" data-lazy=\"2\" title=\"\"><\/div>\n<\/div>\n<\/div>\n<\/div>\n<\/div>","protected":false},"excerpt":{"rendered":"<table>\n<thead>\n<tr>\n<th>art\u00edculo<\/th>\n<th>detalles<\/th>\n<\/tr>\n<\/thead>\n<tbody>\n<tr>\n<td>puerto de inicio<\/td>\n<td>guangzhou<\/td>\n<\/tr>\n<tr>\n<td>capacidad de producci\u00f3n<\/td>\n<td>10000 unidades\/mes<\/td>\n<\/tr>\n<tr>\n<td>lugar de origen<\/td>\n<td>guangdong, china<\/td>\n<\/tr>\n<tr>\n<td>pago<\/td>\n<td>t\/t, garant\u00eda comercial alibaba<\/td>\n<\/tr>\n<tr>\n<td>moq<\/td>\n<td>1 unidad<\/td>\n<\/tr>\n<tr>\n<td>modelo<\/td>\n<td>ly-hfpl<\/td>\n<\/tr>\n<tr>\n<td>plazo de entrega<\/td>\n<td>en un plazo de 7 d\u00edas laborables<\/td>\n<\/tr>\n<tr>\n<td>certificaci\u00f3n<\/td>\n<td>iso 9001<\/td>\n<\/tr>\n<tr>\n<td>marca<\/td>\n<td>oem\/lvyuan<\/td>\n<\/tr>\n<\/tbody>\n<\/table>","protected":false},"featured_media":2233,"comment_status":"open","ping_status":"closed","template":"","meta":{"_gspb_post_css":""},"product_brand":[],"product_cat":[17,22],"product_tag":[939,279,261,262,260,268],"class_list":{"0":"post-2230","1":"product","2":"type-product","3":"status-publish","4":"has-post-thumbnail","6":"product_cat-sediment-filter","7":"product_cat-sintered-filter-cartridge","8":"product_tag-1-pcs-moq","9":"product_tag-alibaba-trade-assurance","10":"product_tag-guangdong-china","11":"product_tag-guangzhou-port","12":"product_tag-iso-9001","13":"product_tag-ly-hfpl","15":"first","16":"instock","17":"shipping-taxable","18":"product-type-simple"},"_links":{"self":[{"href":"https:\/\/lyfilter.com\/es\/wp-json\/wp\/v2\/product\/2230","targetHints":{"allow":["GET"]}}],"collection":[{"href":"https:\/\/lyfilter.com\/es\/wp-json\/wp\/v2\/product"}],"about":[{"href":"https:\/\/lyfilter.com\/es\/wp-json\/wp\/v2\/types\/product"}],"replies":[{"embeddable":true,"href":"https:\/\/lyfilter.com\/es\/wp-json\/wp\/v2\/comments?post=2230"}],"wp:featuredmedia":[{"embeddable":true,"href":"https:\/\/lyfilter.com\/es\/wp-json\/wp\/v2\/media\/2233"}],"wp:attachment":[{"href":"https:\/\/lyfilter.com\/es\/wp-json\/wp\/v2\/media?parent=2230"}],"wp:term":[{"taxonomy":"product_brand","embeddable":true,"href":"https:\/\/lyfilter.com\/es\/wp-json\/wp\/v2\/product_brand?post=2230"},{"taxonomy":"product_cat","embeddable":true,"href":"https:\/\/lyfilter.com\/es\/wp-json\/wp\/v2\/product_cat?post=2230"},{"taxonomy":"product_tag","embeddable":true,"href":"https:\/\/lyfilter.com\/es\/wp-json\/wp\/v2\/product_tag?post=2230"}],"curies":[{"name":"wp","href":"https:\/\/api.w.org\/{rel}","templated":true}]}}