{"id":2227,"date":"2026-01-06T10:05:21","date_gmt":"2026-01-06T10:05:21","guid":{"rendered":"https:\/\/lyfilter.com\/?post_type=product&#038;p=2227"},"modified":"2026-01-06T10:05:21","modified_gmt":"2026-01-06T10:05:21","slug":"300-micron-hd-uhmw-powder-pe-ptfe-porous-plastic-filter","status":"publish","type":"product","link":"https:\/\/lyfilter.com\/es\/300-micron-hd-uhmw-powder-pe-ptfe-porous-plastic-filter\/","title":{"rendered":"300 micras HD UHMW Polvo PE PTFE Filtro de pl\u00e1stico poroso"},"content":{"rendered":"<div class=\"unit-detail-html-tabs__content-attr\">\n<div class=\"unit-product-attrparam\">\n<div class=\"unit-product-attrparam__items row\">\n<div class=\"col-12 col-md-6\">\n<div class=\"unit-product-attrparam__item\">\n<div class=\"unit-product-attrparam__label\">Material:pe<br \/>\nDisponibilidad: OEM\/ODM<\/div>\n<\/div>\n<\/div>\n<\/div>\n<\/div>\n<\/div>\n<div class=\"unit-detail-html-tabs__content-featuresAttr\"><\/div>\n<div class=\"unit-detail-html-tabs__content-html\">\n<div class=\"detail-decorate-json-renderer-container\">\n<div class=\"magic-0\">\n<h3 class=\"magic-1\" data-id=\"title0\">Sinterizado HD UHMW Polvo PTFE PE Filtros porosos para aire agua burbuja tubos hojas vasos<\/h3>\n<\/div>\n<\/div>\n<div id=\"ali-anchor-AliMagic-8izkee\" class=\"magic-5\" data-section=\"AliMagic-8izkee\" data-section-title=\"Product Description\"><strong>Descripci\u00f3n del producto<\/strong><\/div>\n<p>&nbsp;<\/p>\n<p>Filtro para uso m\u00e9dico<\/p>\n<p>Podemos hacer el filtro seg\u00fan el dibujo del cliente o muestras, el cliente puede personalizar el di\u00e1metro, longitud, wideth, altura, o forma irregular.<\/p>\n<p>Funciones:<\/p>\n<p>hidr\u00f3filo o hidr\u00f3fobo, libre de dnasa\/rnasa, filtro autosellante o filtro de carb\u00f3n activado.<\/p>\n<p>Caracter\u00edstica:<\/p>\n<p>anti-impacto, resistente al \u00e1cido fuerte, \u00e1lcali fuerte, fuerte oxidante solution.micro poro est\u00e1n bien distribuidos, de alta densidad, buena permeabilidad.<\/p>\n<p>La presi\u00f3n del filtro puede mantenerse entre 0,5 y 150 micrometros.<\/p>\n<div class=\"detail-decorate-json-renderer-container\">\n<div class=\"magic-0\">\n<p>\u00a0<img decoding=\"async\" src=\"https:\/\/img.yfisher.com\/m6076\/1725732571y91\/png70-t3-scale100.webp\" alt=\"300 micras HD UHMW Polvo PE PTFE Filtro de pl\u00e1stico poroso 2\" data-lazy=\"2\" title=\"\"><\/p>\n<p>Aplicaci\u00f3n:<\/p>\n<p>medicina biol\u00f3gica, tratamiento m\u00e9dico, biociencia, tratamiento de aguas, protecci\u00f3n del medio ambiente, electr\u00f3nica, filtraci\u00f3n de gases, an\u00e1lisis qu\u00edmico, purificaci\u00f3n de anticuerpos\/prote\u00ednas\/ADN, preparaci\u00f3n de muestras, separaci\u00f3n s\u00f3lido-l\u00edquido y filtros para equipos especiales.<\/p>\n<\/div>\n<\/div>\n<div class=\"detail-decorate-json-renderer-container\">\n<div class=\"magic-0\">\n<div class=\"magic-9\">\n<div class=\"magic-3\">\n<div class=\"magic-4\" data-id=\"paragraph1\">Placas, l\u00e1minas y discos porosos<\/div>\n<\/div>\n<\/div>\n<\/div>\n<\/div>\n<div class=\"detail-decorate-json-renderer-container\">\n<div class=\"magic-0\">\n<div class=\"magic-15\">\n<div class=\"magic-10\">\n<div class=\"magic-16\">El elemento filtrante sinterizado de PE est\u00e1 hecho de polietileno de peso molecular ultra alto sinterizado y moldeado, que es compacto en estructura, fuerte, ligero en peso, capaz de soportar una alta presi\u00f3n de filtraci\u00f3n, no t\u00f3xico e ins\u00edpido, y tiene buena resistencia a la corrosi\u00f3n a los disolventes \u00e1cidos y alcalinos.<\/div>\n<div class=\"magic-16\">\nEl elemento filtrante de PE tiene una distribuci\u00f3n uniforme del tama\u00f1o de los poros, fuerte resistencia a \u00e1cidos y \u00e1lcalis, resistencia a altas temperaturas, buenas propiedades mec\u00e1nicas y fuerte resistencia a disolventes org\u00e1nicos. La producci\u00f3n de equipos de tratamiento de agua a gran escala puede adoptar el m\u00e9todo de eliminaci\u00f3n de escoria de retrolavado autom\u00e1tico o manual, las part\u00edculas s\u00f3lidas se pueden recuperar mediante la eliminaci\u00f3n de escoria seca, sin reemplazo frecuente de elementos filtrantes, operaci\u00f3n autom\u00e1tica, bajo costo de filtraci\u00f3n y otras ventajas, que son bien recibidas por los usuarios.<\/div>\n<\/div>\n<\/div>\n<\/div>\n<\/div>\n<\/div>","protected":false},"excerpt":{"rendered":"<table>\n<thead>\n<tr>\n<th>art\u00edculo<\/th>\n<th>detalles<\/th>\n<\/tr>\n<\/thead>\n<tbody>\n<tr>\n<td>puerto de inicio<\/td>\n<td>guangzhou<\/td>\n<\/tr>\n<tr>\n<td>capacidad de producci\u00f3n<\/td>\n<td>10000 unidades\/mes<\/td>\n<\/tr>\n<tr>\n<td>lugar de origen<\/td>\n<td>guangdong, china<\/td>\n<\/tr>\n<tr>\n<td>pago<\/td>\n<td>t\/t, alibaba trade assurance, paypal<\/td>\n<\/tr>\n<tr>\n<td>moq<\/td>\n<td>1 unidad<\/td>\n<\/tr>\n<tr>\n<td>modelo<\/td>\n<td>ly-hfpl<\/td>\n<\/tr>\n<tr>\n<td>plazo de entrega<\/td>\n<td>en un plazo de 7 d\u00edas laborables<\/td>\n<\/tr>\n<tr>\n<td>certificaci\u00f3n<\/td>\n<td>iso 9001<\/td>\n<\/tr>\n<tr>\n<td>marca<\/td>\n<td>oem\/lvyuan<\/td>\n<\/tr>\n<\/tbody>\n<\/table>","protected":false},"featured_media":2231,"comment_status":"open","ping_status":"closed","template":"","meta":{"_gspb_post_css":""},"product_brand":[],"product_cat":[22,17],"product_tag":[939,279,261,262,260,268],"class_list":{"0":"post-2227","1":"product","2":"type-product","3":"status-publish","4":"has-post-thumbnail","6":"product_cat-sintered-filter-cartridge","7":"product_cat-sediment-filter","8":"product_tag-1-pcs-moq","9":"product_tag-alibaba-trade-assurance","10":"product_tag-guangdong-china","11":"product_tag-guangzhou-port","12":"product_tag-iso-9001","13":"product_tag-ly-hfpl","15":"first","16":"instock","17":"shipping-taxable","18":"product-type-simple"},"_links":{"self":[{"href":"https:\/\/lyfilter.com\/es\/wp-json\/wp\/v2\/product\/2227","targetHints":{"allow":["GET"]}}],"collection":[{"href":"https:\/\/lyfilter.com\/es\/wp-json\/wp\/v2\/product"}],"about":[{"href":"https:\/\/lyfilter.com\/es\/wp-json\/wp\/v2\/types\/product"}],"replies":[{"embeddable":true,"href":"https:\/\/lyfilter.com\/es\/wp-json\/wp\/v2\/comments?post=2227"}],"wp:featuredmedia":[{"embeddable":true,"href":"https:\/\/lyfilter.com\/es\/wp-json\/wp\/v2\/media\/2231"}],"wp:attachment":[{"href":"https:\/\/lyfilter.com\/es\/wp-json\/wp\/v2\/media?parent=2227"}],"wp:term":[{"taxonomy":"product_brand","embeddable":true,"href":"https:\/\/lyfilter.com\/es\/wp-json\/wp\/v2\/product_brand?post=2227"},{"taxonomy":"product_cat","embeddable":true,"href":"https:\/\/lyfilter.com\/es\/wp-json\/wp\/v2\/product_cat?post=2227"},{"taxonomy":"product_tag","embeddable":true,"href":"https:\/\/lyfilter.com\/es\/wp-json\/wp\/v2\/product_tag?post=2227"}],"curies":[{"name":"wp","href":"https:\/\/api.w.org\/{rel}","templated":true}]}}