{"id":2219,"date":"2026-01-06T10:01:46","date_gmt":"2026-01-06T10:01:46","guid":{"rendered":"https:\/\/lyfilter.com\/?post_type=product&#038;p=2219"},"modified":"2026-01-06T10:01:46","modified_gmt":"2026-01-06T10:01:46","slug":"cylinder-micron-porous-sintered-ptfe-water-filter","status":"publish","type":"product","link":"https:\/\/lyfilter.com\/es\/cylinder-micron-porous-sintered-ptfe-water-filter\/","title":{"rendered":"Filtro de agua de PTFE sinterizado poroso del micr\u00f3n del cilindro"},"content":{"rendered":"<div class=\"unit-detail-html-tabs__content-attr\">\n<div class=\"unit-product-attrparam\">\n<div class=\"unit-product-attrparam__items row\">\n<div class=\"col-12 col-md-6\">\n<div class=\"unit-product-attrparam__item\">\n<div class=\"unit-product-attrparam__label\">Material:pe<br \/>\nDisponibilidad: OEM\/ODM<\/div>\n<\/div>\n<\/div>\n<\/div>\n<\/div>\n<\/div>\n<div class=\"unit-detail-html-tabs__content-featuresAttr\"><\/div>\n<div class=\"unit-detail-html-tabs__content-html\">\n<p>Filtro de agua de PTFE sinterizado poroso del micr\u00f3n del cilindro<\/p>\n<div id=\"_root\" class=\"engine-app\" data-reactroot=\"\">\n<div class=\"magic-0\" data-section=\"AliMagic-bc5p1g\" data-section-title=\"Product Description\"><strong>especificaci\u00f3n :<\/strong><\/div>\n<div class=\"magic-0\" data-section=\"AliMagic-bc5p1g\" data-section-title=\"Product Description\">\n<div class=\"ife-detail-decorate-table\">\n<div class=\"table-responsive\">\n<table class=\"all magic-11\" border=\"1\" cellspacing=\"0\" cellpadding=\"0\">\n<tbody>\n<tr class=\"firstRow\">\n<td colspan=\"1\" rowspan=\"1\">\n<div class=\"magic-12\">Medio filtrante<\/div>\n<\/td>\n<td colspan=\"1\" rowspan=\"1\">\n<div class=\"magic-13\">PE\/PTFE<\/div>\n<\/td>\n<\/tr>\n<tr>\n<td colspan=\"1\" rowspan=\"1\">\n<div class=\"magic-12\">Tipo de conector<\/div>\n<\/td>\n<td colspan=\"1\" rowspan=\"1\">\n<div class=\"magic-13\">Plano, Tipo inserci\u00f3n, Tipo rosca, Aleta<\/div>\n<\/td>\n<\/tr>\n<tr>\n<td colspan=\"1\" rowspan=\"1\">\n<div class=\"magic-12\">Tapas<\/div>\n<\/td>\n<td colspan=\"1\" rowspan=\"1\">\n<div class=\"magic-13\">PP, M36, M30, M25, M22, M14, M12 o personalizado<\/div>\n<\/td>\n<\/tr>\n<tr>\n<td colspan=\"1\" rowspan=\"1\">\n<div class=\"magic-12\">Di\u00e1metro exterior<\/div>\n<\/td>\n<td colspan=\"1\" rowspan=\"1\">\n<div class=\"magic-13\">10 mm, 20 mm, 30 mm, 40 mm, 50 mm, 60 mm, 70 mm, 80 mm o personalizado<\/div>\n<\/td>\n<\/tr>\n<tr>\n<td colspan=\"1\" rowspan=\"1\">\n<div class=\"magic-12\">Di\u00e1metro interior<\/div>\n<\/td>\n<td colspan=\"1\" rowspan=\"1\">\n<div class=\"magic-13\">12mm.16mm, 18 mm, 28mm, o personalizado<\/div>\n<\/td>\n<\/tr>\n<tr>\n<td colspan=\"1\" rowspan=\"1\">\n<div class=\"magic-12\">Tasa de eliminaci\u00f3n<\/div>\n<\/td>\n<td colspan=\"1\" rowspan=\"1\">\n<div class=\"magic-13\">0,1, 0,2, 0,45, 0,65, 0,8, 1, 2, 3, 5,10, 20, 25, 30, 50, 60 micras<\/div>\n<\/td>\n<\/tr>\n<tr>\n<td colspan=\"1\" rowspan=\"1\">\n<div class=\"magic-12\">Presi\u00f3n m\u00e1xima de funcionamiento<\/div>\n<\/td>\n<td colspan=\"1\" rowspan=\"1\">\n<div class=\"magic-13\">6,0 bar<\/div>\n<\/td>\n<\/tr>\n<tr>\n<td colspan=\"1\" rowspan=\"1\">\n<div class=\"magic-12\">Temperatura m\u00e1xima de funcionamiento<\/div>\n<\/td>\n<td colspan=\"1\" rowspan=\"1\">\n<div class=\"magic-13\">\u226480\u2103<\/div>\n<\/td>\n<\/tr>\n<\/tbody>\n<\/table>\n<\/div>\n<\/div>\n<\/div>\n<div class=\"magic-0\" data-section=\"AliMagic-bc5p1g\" data-section-title=\"Product Description\"><\/div>\n<div class=\"detail-decorate-json-renderer-container\">\n<div class=\"magic-4\">\n<div class=\"magic-5\">\n<div class=\"magic-6\">\n<div class=\"magic-7\">\n<p class=\"magic-8\"><img decoding=\"async\" src=\"https:\/\/img.yfisher.com\/m6076\/172573256689w\/jpg70-t3-scale100.webp\" alt=\"Filtro de agua de PTFE sinterizado poroso del micr\u00f3n del cilindro 2\" data-lazy=\"2\" title=\"\"><\/p>\n<p class=\"magic-8\"><strong>Caracter\u00edsticas:<\/strong><\/p>\n<p class=\"magic-8\"><span style=\"font-family: Arial, Helvetica;\"><b><br \/>\n<\/b><\/span>1. Alta porosidad (60%) para asegurar un mayor flujo por \u00e1rea de uint.<br \/>\n2.Superficie exterior lisa, las impurezas no se adhieren f\u00e1cilmente, el lavado posterior es f\u00e1cil y minucioso;<br \/>\n3. Capacidad antiincrustante: el peque\u00f1o tama\u00f1o del filtro impide que las impurezas queden retenidas en el cuerpo del filtro;<br \/>\n4. 4. Resistencia a los \u00e1cidos fuertes, a la corrosi\u00f3n alcalina y a los disolventes org\u00e1nicos;<\/p>\n<p class=\"magic-8\">5. Excelentes propiedades mec\u00e1nicas<\/p>\n<p class=\"magic-8\">6. No hay liberaci\u00f3n de part\u00edculas.<\/p>\n<\/div>\n<\/div>\n<\/div>\n<\/div>\n<\/div>\n<div id=\"ali-anchor-AliMagic-606h8g\" class=\"magic-0\" data-section=\"AliMagic-606h8g\" data-section-title=\"Application\"><strong>Aplicaci\u00f3n<\/strong><\/div>\n<div class=\"detail-decorate-json-renderer-container\">\n<div class=\"magic-4\">\n<div class=\"magic-5\">\n<div class=\"magic-6\">\n<div class=\"magic-7\">\n<p class=\"magic-8\">1. 1. Industria farmac\u00e9utica 2. Industria qu\u00edmica<\/p>\n<p class=\"magic-8\">3. Fibras qu\u00edmicas e industria textil 4. Industria ligera e industria alimentaria<br \/>\n5. Industria de maquinaria y petr\u00f3leo 6. Industria de tratamiento de aguas residuales<\/p>\n<p class=\"magic-8\"><img decoding=\"async\" src=\"https:\/\/img.yfisher.com\/m6076\/172573256612g\/png70-t3-scale100.webp\" alt=\"Filtro de agua de PTFE sinterizado poroso del micr\u00f3n del cilindro 3\" data-lazy=\"2\" title=\"\"><\/p>\n<\/div>\n<\/div>\n<\/div>\n<\/div>\n<\/div>\n<div class=\"icbu-pc-images magic-1\">\n<div>\n<div class=\"flex-layout-v\">\n<div class=\"flex-layout-h magic-1\">\n<div class=\"magic-26\"><\/div>\n<\/div>\n<\/div>\n<\/div>\n<\/div>\n<div id=\"ali-anchor-AliMagic-hdqmv8\" class=\"magic-0\" data-section=\"AliMagic-hdqmv8\" data-section-title=\"About us\"><strong>Qui\u00e9nes somos<\/strong><\/div>\n<div class=\"magic-0\" data-section=\"AliMagic-hdqmv8\" data-section-title=\"About us\"><\/div>\n<div class=\"detail-decorate-json-renderer-container\">\n<div class=\"magic-4\">\n<div class=\"magic-5\">\n<div class=\"magic-6\">\n<div class=\"magic-7\">\n<p class=\"magic-8\">1. 10 a\u00f1os de experiencia como fabricante profesional.<br \/>\n2. Ofrecemos servicio de personalizaci\u00f3n OEM y ODM, puede encontrar todo tipo de cartuchos de filtro y carcasas de filtro en nuestra empresa.<br \/>\n3. Todos los productos tienen garant\u00eda de calidad. Nuestra certificaci\u00f3n: CE ISO SGS<br \/>\n4. Nuestros trabajadores son eficientes y nuestras ventas son profesionales, vamos a dar el servicio personalizado profesional.<br \/>\n5. Nuestros productos se exportan a m\u00e1s de 100 pa\u00edses y regiones. Recibido una buena reputaci\u00f3n.<br \/>\n6. Muchos cooperadores nos apoyan desde hace muchos a\u00f1os.<br \/>\n7.Estamos decididos a proporcionar el mejor servicio y buena calidad a nuestros clientes globales, seremos una empresa cada vez m\u00e1s profesional en el futuro.<\/p>\n<\/div>\n<\/div>\n<\/div>\n<\/div>\n<\/div>\n<\/div>\n<\/div>","protected":false},"excerpt":{"rendered":"<table>\n<thead>\n<tr>\n<th>art\u00edculo<\/th>\n<th>detalles<\/th>\n<\/tr>\n<\/thead>\n<tbody>\n<tr>\n<td>puerto de inicio<\/td>\n<td>guangzhou<\/td>\n<\/tr>\n<tr>\n<td>capacidad de producci\u00f3n<\/td>\n<td>10000 unidades\/mes<\/td>\n<\/tr>\n<tr>\n<td>lugar de origen<\/td>\n<td>guangdong, china<\/td>\n<\/tr>\n<tr>\n<td>pago<\/td>\n<td>l\/c, t\/t, alibaba trade assurance, paypal<\/td>\n<\/tr>\n<tr>\n<td>moq<\/td>\n<td>1 unidad<\/td>\n<\/tr>\n<tr>\n<td>modelo<\/td>\n<td>ly-hfpl-6<\/td>\n<\/tr>\n<tr>\n<td>plazo de entrega<\/td>\n<td>en un plazo de 7 d\u00edas laborables<\/td>\n<\/tr>\n<tr>\n<td>certificaci\u00f3n<\/td>\n<td>iso 9001<\/td>\n<\/tr>\n<tr>\n<td>marca<\/td>\n<td>oem\/lvyuan<\/td>\n<\/tr>\n<\/tbody>\n<\/table>","protected":false},"featured_media":2223,"comment_status":"open","ping_status":"closed","template":"","meta":{"_gspb_post_css":""},"product_brand":[],"product_cat":[17,22],"product_tag":[939,261,262,260,942,281],"class_list":{"0":"post-2219","1":"product","2":"type-product","3":"status-publish","4":"has-post-thumbnail","6":"product_cat-sediment-filter","7":"product_cat-sintered-filter-cartridge","8":"product_tag-1-pcs-moq","9":"product_tag-guangdong-china","10":"product_tag-guangzhou-port","11":"product_tag-iso-9001","12":"product_tag-l-c-payment","13":"product_tag-ly-hfpl-6","15":"first","16":"instock","17":"shipping-taxable","18":"product-type-simple"},"_links":{"self":[{"href":"https:\/\/lyfilter.com\/es\/wp-json\/wp\/v2\/product\/2219","targetHints":{"allow":["GET"]}}],"collection":[{"href":"https:\/\/lyfilter.com\/es\/wp-json\/wp\/v2\/product"}],"about":[{"href":"https:\/\/lyfilter.com\/es\/wp-json\/wp\/v2\/types\/product"}],"replies":[{"embeddable":true,"href":"https:\/\/lyfilter.com\/es\/wp-json\/wp\/v2\/comments?post=2219"}],"wp:featuredmedia":[{"embeddable":true,"href":"https:\/\/lyfilter.com\/es\/wp-json\/wp\/v2\/media\/2223"}],"wp:attachment":[{"href":"https:\/\/lyfilter.com\/es\/wp-json\/wp\/v2\/media?parent=2219"}],"wp:term":[{"taxonomy":"product_brand","embeddable":true,"href":"https:\/\/lyfilter.com\/es\/wp-json\/wp\/v2\/product_brand?post=2219"},{"taxonomy":"product_cat","embeddable":true,"href":"https:\/\/lyfilter.com\/es\/wp-json\/wp\/v2\/product_cat?post=2219"},{"taxonomy":"product_tag","embeddable":true,"href":"https:\/\/lyfilter.com\/es\/wp-json\/wp\/v2\/product_tag?post=2219"}],"curies":[{"name":"wp","href":"https:\/\/api.w.org\/{rel}","templated":true}]}}