{"id":2200,"date":"2026-01-06T10:00:07","date_gmt":"2026-01-06T10:00:07","guid":{"rendered":"https:\/\/lyfilter.com\/?post_type=product&#038;p=2200"},"modified":"2026-01-06T10:00:08","modified_gmt":"2026-01-06T10:00:08","slug":"soe-doe-endcap-5-microns-0-2um-0-3um-polyethylene-filters","status":"publish","type":"product","link":"https:\/\/lyfilter.com\/es\/soe-doe-endcap-5-microns-0-2um-0-3um-polyethylene-filters\/","title":{"rendered":"SOE DOE Endcap 5 Micras 0.2um 0.3um Filtros de Polietileno"},"content":{"rendered":"<div class=\"unit-detail-html-tabs__content-attr\">\n<div class=\"unit-product-attrparam\">\n<div class=\"unit-product-attrparam__items row\">\n<div class=\"col-12 col-md-6\">\n<div class=\"unit-product-attrparam__item\">\n<div class=\"unit-product-attrparam__label\">Material:pe<\/div>\n<\/div>\n<\/div>\n<div class=\"col-12 col-md-6\">\n<div class=\"unit-product-attrparam__item\">\n<div class=\"unit-product-attrparam__label\">Disponibilidad: OEM\/ODM<\/div>\n<\/div>\n<\/div>\n<\/div>\n<\/div>\n<\/div>\n<div class=\"unit-detail-html-tabs__content-featuresAttr\"><\/div>\n<div class=\"unit-detail-html-tabs__content-html\">\n<p><strong>SOE DOE Endcap 5 Micras 0.2um 0.3um Filtros de Polietileno<\/strong><\/p>\n<div class=\"table-responsive\">\n<table width=\"605\" cellspacing=\"0\" cellpadding=\"0\">\n<colgroup>\n<col width=\"135\" \/>\n<col span=\"2\" width=\"72\" \/>\n<col width=\"327\" \/><\/colgroup>\n<tbody>\n<tr class=\"firstRow\">\n<td rowspan=\"2\" width=\"135\" height=\"76\">Nombre del producto<\/td>\n<td colspan=\"3\" rowspan=\"2\" width=\"471\">Tubo 300mm 500mm 700mm filtro 5 micras poroso sinterizado PE filtro de tubo de pl\u00e1stico para el tratamiento de agua de la piscina<\/td>\n<\/tr>\n<tr>\n<td rowspan=\"2\" width=\"135\" height=\"93\">Di\u00e1metro<\/td>\n<td colspan=\"3\" width=\"471\">10mm,20mm,30mm,40mm,50mm,60mm,70mm,80mm,90mm,100mm,110mm,<\/td>\n<\/tr>\n<tr>\n<td colspan=\"3\" width=\"471\" height=\"42\">120 mm, 200 mm, etc.<\/td>\n<\/tr>\n<tr>\n<td rowspan=\"2\" width=\"135\" height=\"38\">Longitud<\/td>\n<td colspan=\"3\" rowspan=\"2\" width=\"471\">1\u2033, 2,5\u2033, 5\u2033, 10\u2033 ,20\u2033 ,30\u2033 ,40\u2033, 50\u2033, etc.<\/td>\n<\/tr>\n<tr>\n<td rowspan=\"2\" width=\"135\" height=\"57\">Tasa de micra<\/td>\n<td colspan=\"3\" rowspan=\"2\" width=\"471\">0.2um,0.3um,0.45um,1um,3um,5um,10um,20um,30um,40um,50um,100um,etc.<\/td>\n<\/tr>\n<tr>\n<td rowspan=\"2\" width=\"135\" height=\"57\">Temperatura de trabajo<\/td>\n<td colspan=\"3\" rowspan=\"2\" width=\"471\">PE\u226480\u2103; PTFE\u2265200\u2103;PA\u2264120\u2103<\/td>\n<\/tr>\n<tr>\n<td rowspan=\"2\" width=\"135\" height=\"57\">Conector del filtro<\/td>\n<td colspan=\"3\" rowspan=\"2\" width=\"471\">PLANO,TIPO INSERCI\u00d3N,TIPO ROSCA,226,222,215, PERSONALIZADO<\/td>\n<\/tr>\n<tr>\n<td width=\"135\" height=\"60\">Observaci\u00f3n<\/td>\n<td colspan=\"3\" width=\"471\">El tama\u00f1o del filtro y las micras se pueden personalizar. Tama\u00f1o m\u00e1s peque\u00f1o o m\u00e1s grande.<\/td>\n<\/tr>\n<\/tbody>\n<\/table>\n<\/div>\n<p>Aplicaci\u00f3n<\/p>\n<p>industria alimentaria<\/p>\n<p>Industria petrolera<\/p>\n<p>Tratamiento de aguas residuales<\/p>\n<p>Industria de maquinaria<\/p>\n<p>(1)Tratamiento de aguas residuales de hidr\u00f3xido mental pesado<\/p>\n<p>(2) Tratamiento de aguas residuales con metales pesados de mezcla<\/p>\n<p>(3)Tratamiento qu\u00edmico de aguas residuales<\/p>\n<p>(4)Tratamiento cer\u00e1mico de aguas residuales<\/p>\n<p>(5)Tratamiento de aguas residuales que contienen aluminio<\/p>\n<p>(6)Otros tratamientos de aguas residuales<\/p>\n<\/div>","protected":false},"excerpt":{"rendered":"<table>\n<thead>\n<tr>\n<th>art\u00edculo<\/th>\n<th>detalles<\/th>\n<\/tr>\n<\/thead>\n<tbody>\n<tr>\n<td>puerto de inicio<\/td>\n<td>guangzhou<\/td>\n<\/tr>\n<tr>\n<td>capacidad de producci\u00f3n<\/td>\n<td>10000 unidades\/mes<\/td>\n<\/tr>\n<tr>\n<td>lugar de origen<\/td>\n<td>guangdong, china<\/td>\n<\/tr>\n<tr>\n<td>pago<\/td>\n<td>t\/t, western union, alibaba trade assurance, paypal<\/td>\n<\/tr>\n<tr>\n<td>moq<\/td>\n<td>1 unidad<\/td>\n<\/tr>\n<tr>\n<td>modelo<\/td>\n<td>ly-hfpl<\/td>\n<\/tr>\n<tr>\n<td>plazo de entrega<\/td>\n<td>en un plazo de 7 d\u00edas laborables<\/td>\n<\/tr>\n<tr>\n<td>certificaci\u00f3n<\/td>\n<td>iso 9001<\/td>\n<\/tr>\n<tr>\n<td>marca<\/td>\n<td>oem\/lvyuan<\/td>\n<\/tr>\n<\/tbody>\n<\/table>","protected":false},"featured_media":2220,"comment_status":"open","ping_status":"closed","template":"","meta":{"_gspb_post_css":""},"product_brand":[],"product_cat":[17,22],"product_tag":[939,261,262,260,268,941],"class_list":{"0":"post-2200","1":"product","2":"type-product","3":"status-publish","4":"has-post-thumbnail","6":"product_cat-sediment-filter","7":"product_cat-sintered-filter-cartridge","8":"product_tag-1-pcs-moq","9":"product_tag-guangdong-china","10":"product_tag-guangzhou-port","11":"product_tag-iso-9001","12":"product_tag-ly-hfpl","13":"product_tag-paypal-payment","15":"first","16":"instock","17":"shipping-taxable","18":"product-type-simple"},"_links":{"self":[{"href":"https:\/\/lyfilter.com\/es\/wp-json\/wp\/v2\/product\/2200","targetHints":{"allow":["GET"]}}],"collection":[{"href":"https:\/\/lyfilter.com\/es\/wp-json\/wp\/v2\/product"}],"about":[{"href":"https:\/\/lyfilter.com\/es\/wp-json\/wp\/v2\/types\/product"}],"replies":[{"embeddable":true,"href":"https:\/\/lyfilter.com\/es\/wp-json\/wp\/v2\/comments?post=2200"}],"wp:featuredmedia":[{"embeddable":true,"href":"https:\/\/lyfilter.com\/es\/wp-json\/wp\/v2\/media\/2220"}],"wp:attachment":[{"href":"https:\/\/lyfilter.com\/es\/wp-json\/wp\/v2\/media?parent=2200"}],"wp:term":[{"taxonomy":"product_brand","embeddable":true,"href":"https:\/\/lyfilter.com\/es\/wp-json\/wp\/v2\/product_brand?post=2200"},{"taxonomy":"product_cat","embeddable":true,"href":"https:\/\/lyfilter.com\/es\/wp-json\/wp\/v2\/product_cat?post=2200"},{"taxonomy":"product_tag","embeddable":true,"href":"https:\/\/lyfilter.com\/es\/wp-json\/wp\/v2\/product_tag?post=2200"}],"curies":[{"name":"wp","href":"https:\/\/api.w.org\/{rel}","templated":true}]}}