{"id":2194,"date":"2026-01-06T09:49:07","date_gmt":"2026-01-06T09:49:07","guid":{"rendered":"https:\/\/lyfilter.com\/?post_type=product&#038;p=2194"},"modified":"2026-01-06T09:49:07","modified_gmt":"2026-01-06T09:49:07","slug":"hydrophobic-215-226-adaptor-0-2-micron-60um-ptfe-water-filter","status":"publish","type":"product","link":"https:\/\/lyfilter.com\/es\/hydrophobic-215-226-adaptor-0-2-micron-60um-ptfe-water-filter\/","title":{"rendered":"Adaptador hidr\u00f3fobo 215 226 Filtro de agua de PTFE de 0,2 micras 60um"},"content":{"rendered":"<div class=\"unit-detail-html-tabs__content-attr\">\n<div class=\"unit-product-attrparam\">\n<div class=\"unit-product-attrparam__items row\">\n<div class=\"col-12 col-md-6\">\n<div class=\"unit-product-attrparam__item\">\n<div class=\"unit-product-attrparam__label\">Material:pp<\/div>\n<\/div>\n<\/div>\n<div class=\"col-12 col-md-6\">\n<div class=\"unit-product-attrparam__item\">\n<div class=\"unit-product-attrparam__label\">Disponibilidad: OEM\/ODM<\/div>\n<\/div>\n<\/div>\n<\/div>\n<\/div>\n<\/div>\n<div class=\"unit-detail-html-tabs__content-featuresAttr\"><\/div>\n<div class=\"unit-detail-html-tabs__content-html\">\n<div id=\"_root\" class=\"engine-app\" data-reactroot=\"\">\n<div id=\"ali-anchor-AliMagic-qb7w6x\" class=\"magic-0\" data-section=\"AliMagic-qb7w6x\" data-section-title=\"Product Description\"><strong>Cartucho plisado con membrana de PTFE hidr\u00f3foba de 0,2 micras Filtro de ventilaci\u00f3n de aire con adaptador 215 226<\/strong><\/div>\n<p>Cartucho filtrante plisado de PTFE<\/p>\n<div class=\"icbu-pc-images magic-1\">\n<div class=\"flex-layout-h\">\n<div class=\"text-wrapper magic-15\">\n<div class=\"text-wrapper-right text-theme-light text-align-left\">\n<div class=\"text-content\">\n<p class=\"magic-11\"><strong>Cartucho filtrante plisado hidr\u00f3fobo serie PTFE<\/strong>\u00a0est\u00e1 construido de membrana de PTFE hidr\u00f3fobo que tiene una excelente compatibilidad qu\u00edmica y resistencia a la corrosi\u00f3n. Este cartucho de filtro es adecuado para la filtraci\u00f3n de l\u00edquidos y gases fuertemente agresivos y oxidantes.<\/p>\n<p><strong>Cartucho filtrante plisado hidr\u00f3filo serie PTFE<\/strong>\u00a0est\u00e1 construido con membrana de PTFE hidr\u00f3filo que tiene una excelente compatibilidad qu\u00edmica y resistencia a la corrosi\u00f3n. La membrana es hidr\u00f3fila que puede filtrar l\u00edquido directamente sin pre-humectaci\u00f3n para ahorrar el tiempo de operaci\u00f3n.<\/p>\n<\/div>\n<\/div>\n<\/div>\n<\/div>\n<\/div>\n<div class=\"icbu-pc-images magic-1\">\n<div class=\"flex-layout-h\">\n<div class=\"flex-layout-v magic-12\">\n<p>&nbsp;<\/p>\n<p>&nbsp;<\/p>\n<\/div>\n<\/div>\n<\/div>\n<div id=\"ali-anchor-AliMagic-tbcwpl\" class=\"magic-0\" data-section=\"AliMagic-tbcwpl\" data-section-title=\"Specification\"><strong>Especificaci\u00f3n<\/strong><\/div>\n<div class=\"magic-0\" data-section=\"AliMagic-tbcwpl\" data-section-title=\"Specification\"><\/div>\n<div class=\"ife-detail-decorate-table\">\n<div class=\"table-responsive\">\n<table class=\"all magic-16\">\n<tbody>\n<tr class=\"firstRow\">\n<td>\n<div class=\"magic-17\">Opci\u00f3n de medio filtrante<\/div>\n<\/td>\n<td>\n<div class=\"magic-18\">PP<\/div>\n<\/td>\n<td>\n<div class=\"magic-19\">PSE<\/div>\n<\/td>\n<td>\n<div class=\"magic-17\">PTFE<\/div>\n<\/td>\n<td>\n<div class=\"magic-20\">Nylon 6\/66<\/div>\n<\/td>\n<td>\n<div class=\"magic-21\">PVDF<\/div>\n<\/td>\n<\/tr>\n<tr>\n<td>\n<div class=\"magic-17\">Longitud<\/div>\n<\/td>\n<td>\n<div class=\"magic-18\">2,5\u201d, 5, 10, 20, 30, 40 pulgadas<\/div>\n<\/td>\n<td>\n<div class=\"magic-19\">2,5\u201d, 5, 10, 20, 30, 40 pulgadas<\/div>\n<\/td>\n<td>\n<div class=\"magic-17\">2,5\u201d, 5, 10, 20, 30, 40 pulgadas<\/div>\n<\/td>\n<td>\n<div class=\"magic-20\">2,5\u201d, 5, 10, 20, 30, 40 pulgadas<\/div>\n<\/td>\n<td>\n<div class=\"magic-21\">2,5\u201d, 5, 10, 20, 30, 40 pulgadas<\/div>\n<\/td>\n<\/tr>\n<tr>\n<td>\n<div class=\"magic-17\">Tasa de micras<\/div>\n<\/td>\n<td>\n<div class=\"magic-18\">0,1, 0,2, 0,45, 0,65, 0,8, 1, 2, 3, 5, 10, 20, 25, 30, 50, 60 micras<\/div>\n<\/td>\n<td>\n<div class=\"magic-19\">0,1, 0,2, 0,45, 0,65 micras<\/div>\n<\/td>\n<td>\n<div class=\"magic-17\">0,2, 0,45 micras<\/div>\n<\/td>\n<td>\n<div class=\"magic-20\">0,2, 0,45, 0,65, 1 micra<\/div>\n<\/td>\n<td>\n<div class=\"magic-21\">0,2, 0,45 micras<\/div>\n<\/td>\n<\/tr>\n<tr>\n<td>\n<div class=\"magic-17\">Tapa<\/div>\n<\/td>\n<td>\n<div class=\"magic-18\">DOE, 222+Fin, 222+Piso, 226+Fin, 226+Piso<\/div>\n<\/td>\n<td>\n<div class=\"magic-19\">DOE, 222+Fin, 222+Piso, 226+Fin, 226+Piso<\/div>\n<\/td>\n<td>\n<div class=\"magic-17\">DOE, 222+Fin, 222+Piso, 226+Fin, 226+Piso<\/div>\n<\/td>\n<td>\n<div class=\"magic-20\">DOE, 222+Fin, 222+Piso, 226+Fin, 226+Piso<\/div>\n<\/td>\n<td>\n<div class=\"magic-21\">DOE, 222+Fin, 222+Piso, 226+Fin, 226+Piso<\/div>\n<\/td>\n<\/tr>\n<tr>\n<td>\n<div class=\"magic-17\">Di\u00e1metro interior<\/div>\n<\/td>\n<td>\n<div class=\"magic-18\">28 mm<\/div>\n<\/td>\n<td>\n<div class=\"magic-19\">28 mm<\/div>\n<\/td>\n<td>\n<div class=\"magic-17\">28 mm<\/div>\n<\/td>\n<td>\n<div class=\"magic-20\">28 mm<\/div>\n<\/td>\n<td>\n<div class=\"magic-21\">28 mm<\/div>\n<\/td>\n<\/tr>\n<tr>\n<td>\n<div class=\"magic-17\">Di\u00e1metro exterior<\/div>\n<\/td>\n<td>\n<div class=\"magic-18\">69 mm (personalizable)<\/div>\n<\/td>\n<td>\n<div class=\"magic-19\">69 mm (personalizable)<\/div>\n<\/td>\n<td>\n<div class=\"magic-17\">69 mm (personalizable)<\/div>\n<\/td>\n<td>\n<div class=\"magic-20\">69 mm (personalizable)<\/div>\n<\/td>\n<td>\n<div class=\"magic-21\">69 mm (personalizable)<\/div>\n<\/td>\n<\/tr>\n<tr>\n<td>\n<div class=\"magic-17\">Material de la junta\/anillo<\/div>\n<\/td>\n<td>\n<div class=\"magic-18\">Silicio\/EPDM\/NBR\/Vit\u00f3n\/Tefl\u00f3n<\/div>\n<\/td>\n<td>\n<div class=\"magic-19\">Silicio\/EPDM\/NBR\/Vit\u00f3n\/Tefl\u00f3n<\/div>\n<\/td>\n<td>\n<div class=\"magic-17\">Silicio\/EPDM\/NBR\/Vit\u00f3n\/Tefl\u00f3n<\/div>\n<\/td>\n<td>\n<div class=\"magic-20\">Silicio\/EPDM\/NBR\/Vit\u00f3n\/Tefl\u00f3n<\/div>\n<\/td>\n<td>\n<div class=\"magic-21\">Silicio\/EPDM\/NBR\/Vit\u00f3n\/Tefl\u00f3n<\/div>\n<\/td>\n<\/tr>\n<tr>\n<td>\n<div class=\"magic-17\">\u00c1rea de filtraci\u00f3n efectiva<\/div>\n<\/td>\n<td>\n<div class=\"magic-18\">0.4-0.7m\u00b2;<\/div>\n<\/td>\n<td>\n<div class=\"magic-19\">\u22655m\u00b2;<\/div>\n<\/td>\n<td>\n<div class=\"magic-17\">\u22650.72m\u00b2;<\/div>\n<\/td>\n<td>\n<div class=\"magic-20\">\u22650.6m\u00b2;<\/div>\n<\/td>\n<td>\n<div class=\"magic-21\">\u22650.72m\u00b2;<\/div>\n<\/td>\n<\/tr>\n<tr>\n<td>\n<div class=\"magic-17\">Diferencia m\u00e1xima de presi\u00f3n de trabajo<\/div>\n<\/td>\n<td>\n<div class=\"magic-18\">0,42Mpa a 25\u00baC<\/div>\n<\/td>\n<td>\n<div class=\"magic-19\">0,42Mpa a 25\u00baC<\/div>\n<\/td>\n<td>\n<div class=\"magic-17\">0,42Mpa a 25\u00baC<\/div>\n<\/td>\n<td>\n<div class=\"magic-20\">0,42Mpa a 25\u00baC<\/div>\n<\/td>\n<td>\n<div class=\"magic-21\">0,42Mpa a 25\u00baC<\/div>\n<\/td>\n<\/tr>\n<tr>\n<td>\n<div class=\"magic-17\">Contrapresi\u00f3n m\u00e1x.<\/div>\n<\/td>\n<td>\n<div class=\"magic-18\">0,28Mpa a 60\u00baC<\/div>\n<\/td>\n<td>\n<div class=\"magic-19\">0,21Mpa a 25\u00baC<\/div>\n<\/td>\n<td>\n<div class=\"magic-17\">0,35Mpa a 60\u00baC<\/div>\n<\/td>\n<td>\n<div class=\"magic-20\">0,35Mpa a 25\u00baC<\/div>\n<\/td>\n<td>\n<div class=\"magic-21\">0,21Mpa a 25\u00baC<\/div>\n<\/td>\n<\/tr>\n<tr>\n<td>\n<div class=\"magic-17\">Temperatura m\u00e1xima de trabajo<\/div>\n<\/td>\n<td>\n<div class=\"magic-18\">88\u00baC a 0,28Mpa, 60\u00baC a 0,42Mpa<\/div>\n<\/td>\n<td>\n<div class=\"magic-19\">140\u00baC a 0,28Mpa<\/div>\n<\/td>\n<td>\n<div class=\"magic-17\">142\u00baC a 0,276Mpa<\/div>\n<\/td>\n<td>\n<div class=\"magic-20\">49\u00baC a 0,21Mpa<\/div>\n<\/td>\n<td>\n<div class=\"magic-21\">80\u00baC a 0,173Mpa<\/div>\n<\/td>\n<\/tr>\n<tr>\n<td>\n<div class=\"magic-17\">Temperatura de esterilizaci\u00f3n<\/div>\n<\/td>\n<td>\n<div class=\"magic-18\">121\u2103, 30mins<\/div>\n<\/td>\n<td>\n<div class=\"magic-19\">121\u2103, 30mins<\/div>\n<\/td>\n<td>\n<div class=\"magic-17\">121\u2103, 30mins<\/div>\n<\/td>\n<td>\n<div class=\"magic-20\">121\u2103, 30mins<\/div>\n<\/td>\n<td>\n<div class=\"magic-21\">121\u2103, 30mins<\/div>\n<\/td>\n<\/tr>\n<\/tbody>\n<\/table>\n<\/div>\n<\/div>\n<div class=\"magic-0\" data-section=\"AliMagic-3su540\" data-section-title=\"Application\"><\/div>\n<div id=\"ali-anchor-AliMagic-3su540\" class=\"magic-0\" data-section=\"AliMagic-3su540\" data-section-title=\"Application\"><strong>Aplicaci\u00f3n<\/strong><\/div>\n<div class=\"magic-0\" data-section=\"AliMagic-3su540\" data-section-title=\"Application\"><\/div>\n<div class=\"detail-decorate-json-renderer-container\">\n<div class=\"magic-4\">\n<div class=\"magic-8\">\n<div class=\"magic-9\">\n<div class=\"magic-10\">\n<p class=\"magic-11\">1. Industria electr\u00f3nica: Prefiltraci\u00f3n del sistema de agua por \u00f3smosis inversa, prefiltraci\u00f3n del sistema de agua desionizada.<br \/>\n2. Industria alimentaria: filtraci\u00f3n de bebidas, cerveza y agua mineral.<br \/>\n3. Industria qu\u00edmica: filtraci\u00f3n de disolvente org\u00e1nico y tinta.<br \/>\n4. Industria farmac\u00e9utica: filtraci\u00f3n de productos farmac\u00e9uticos, biol\u00f3gicos, productos de suero, aire comprimido y gas.<br \/>\n5. Otros: filtraci\u00f3n de soluci\u00f3n de revestimiento, fluidos de proceso, fotorresistencia y medios magn\u00e9ticos.<\/p>\n<\/div>\n<\/div>\n<\/div>\n<\/div>\n<\/div>\n<\/div>\n<\/div>","protected":false},"excerpt":{"rendered":"<table>\n<thead>\n<tr>\n<th>art\u00edculo<\/th>\n<th>detalles<\/th>\n<\/tr>\n<\/thead>\n<tbody>\n<tr>\n<td>puerto de inicio<\/td>\n<td>guangzhou<\/td>\n<\/tr>\n<tr>\n<td>capacidad de producci\u00f3n<\/td>\n<td>10000 unidades\/mes<\/td>\n<\/tr>\n<tr>\n<td>lugar de origen<\/td>\n<td>guangdong, china<\/td>\n<\/tr>\n<tr>\n<td>pago<\/td>\n<td>t\/t, western union, alibaba garant\u00eda comercial<\/td>\n<\/tr>\n<tr>\n<td>moq<\/td>\n<td>1 unidad<\/td>\n<\/tr>\n<tr>\n<td>modelo<\/td>\n<td>ly-hfpl-7<\/td>\n<\/tr>\n<tr>\n<td>plazo de entrega<\/td>\n<td>en un plazo de 7 d\u00edas laborables<\/td>\n<\/tr>\n<tr>\n<td>certificaci\u00f3n<\/td>\n<td>iso 9001<\/td>\n<\/tr>\n<tr>\n<td>marca<\/td>\n<td>oem\/lvyuan<\/td>\n<\/tr>\n<\/tbody>\n<\/table>","protected":false},"featured_media":2204,"comment_status":"open","ping_status":"closed","template":"","meta":{"_gspb_post_css":""},"product_brand":[],"product_cat":[17,21],"product_tag":[939,261,262,260,278,282],"class_list":{"0":"post-2194","1":"product","2":"type-product","3":"status-publish","4":"has-post-thumbnail","6":"product_cat-sediment-filter","7":"product_cat-pleated-filter-cartridge","8":"product_tag-1-pcs-moq","9":"product_tag-guangdong-china","10":"product_tag-guangzhou-port","11":"product_tag-iso-9001","12":"product_tag-ly-hfpl-7","13":"product_tag-oem-lvyuan","15":"first","16":"instock","17":"shipping-taxable","18":"product-type-simple"},"_links":{"self":[{"href":"https:\/\/lyfilter.com\/es\/wp-json\/wp\/v2\/product\/2194","targetHints":{"allow":["GET"]}}],"collection":[{"href":"https:\/\/lyfilter.com\/es\/wp-json\/wp\/v2\/product"}],"about":[{"href":"https:\/\/lyfilter.com\/es\/wp-json\/wp\/v2\/types\/product"}],"replies":[{"embeddable":true,"href":"https:\/\/lyfilter.com\/es\/wp-json\/wp\/v2\/comments?post=2194"}],"wp:featuredmedia":[{"embeddable":true,"href":"https:\/\/lyfilter.com\/es\/wp-json\/wp\/v2\/media\/2204"}],"wp:attachment":[{"href":"https:\/\/lyfilter.com\/es\/wp-json\/wp\/v2\/media?parent=2194"}],"wp:term":[{"taxonomy":"product_brand","embeddable":true,"href":"https:\/\/lyfilter.com\/es\/wp-json\/wp\/v2\/product_brand?post=2194"},{"taxonomy":"product_cat","embeddable":true,"href":"https:\/\/lyfilter.com\/es\/wp-json\/wp\/v2\/product_cat?post=2194"},{"taxonomy":"product_tag","embeddable":true,"href":"https:\/\/lyfilter.com\/es\/wp-json\/wp\/v2\/product_tag?post=2194"}],"curies":[{"name":"wp","href":"https:\/\/api.w.org\/{rel}","templated":true}]}}