{"id":2190,"date":"2026-01-06T09:40:03","date_gmt":"2026-01-06T09:40:03","guid":{"rendered":"https:\/\/lyfilter.com\/?post_type=product&#038;p=2190"},"modified":"2026-01-06T09:46:57","modified_gmt":"2026-01-06T09:46:57","slug":"hydrophilic-porous-membrane-filter-ptfe-water-filter","status":"publish","type":"product","link":"https:\/\/lyfilter.com\/es\/hydrophilic-porous-membrane-filter-ptfe-water-filter\/","title":{"rendered":"Filtro de membrana porosa hidr\u00f3fila Filtro de agua de PTFE"},"content":{"rendered":"<p>Filtro de membrana porosa hidr\u00f3fila Filtro de agua de PTFE<\/p>\n<p>El cartucho filtrante plisado de polipropileno o cartucho filtrante de PP est\u00e1 fabricado con un medio filtrante de polipropileno de alta superficie (membrana microporosa de PP) para una baja ca\u00edda de presi\u00f3n inicial y una alta capacidad de retenci\u00f3n de suciedad. Los cartuchos filtrantes est\u00e1n construidos con una jaula moldeada de alta resistencia que le permite soportar altas ca\u00eddas de presi\u00f3n.<\/p>\n<p>&nbsp;<\/p>\n<p>&nbsp;<\/p>\n<div class=\"table-responsive\">\n<table width=\"475\" cellspacing=\"0\" cellpadding=\"0\">\n<colgroup>\n<col \/>\n<col \/><\/colgroup>\n<tbody>\n<tr class=\"firstRow\">\n<td width=\"152\" height=\"39\">Industrias aplicables<\/td>\n<td width=\"323\">Hoteles, tiendas de materiales de construcci\u00f3n, uso dom\u00e9stico, comercio minorista, obras de construcci\u00f3n<\/td>\n<\/tr>\n<tr>\n<td width=\"152\" height=\"20\">Talla<\/td>\n<td width=\"323\">10 pulgadas<\/td>\n<\/tr>\n<tr>\n<td width=\"152\" height=\"20\">Nombre del producto<\/td>\n<td width=\"323\">Cartucho filtrante de agua plisado<\/td>\n<\/tr>\n<tr>\n<td width=\"152\" height=\"20\">Tipo<\/td>\n<td width=\"323\">Acondicionador (purificador de agua)<\/td>\n<\/tr>\n<tr>\n<td width=\"152\" height=\"20\">Material<\/td>\n<td width=\"323\">PP;PES;PVDF<\/td>\n<\/tr>\n<tr>\n<td width=\"152\" height=\"20\">Tasa de micra<\/td>\n<td width=\"323\">0,2-100 micras<\/td>\n<\/tr>\n<tr>\n<td width=\"152\" height=\"20\">Aplicaci\u00f3n<\/td>\n<td width=\"323\">Tratamiento del agua dom\u00e9stica<\/td>\n<\/tr>\n<\/tbody>\n<\/table>\n<\/div>\n<p><strong>Caracter\u00edsticas<\/strong><\/p>\n<p>1 Micras de 1 a 100 \u03bcm - amplia gama de aplicaciones<\/p>\n<p>2 Construcci\u00f3n en polipropileno - inerte a muchos fluidos de proceso(Alta compatibilidad qu\u00edmica)<\/p>\n<p>3 Diversos materiales de junta\/anillo para que usted elija fuifil sus diversas necesidades<\/p>\n<p>4 Jaula moldeada de alta resistencia estructural<\/p>\n<p>5 Construcci\u00f3n soldada t\u00e9rmicamente.<\/p>\n<p>6 La membrana microprousa de PP proporciona un alto rendimiento de filtraci\u00f3n y una larga vida \u00fatil<\/p>\n<p>Nuestro equipo<\/p>\n<p><img decoding=\"async\" src=\"https:\/\/img.yfisher.com\/m6076\/17257325525aj\/jpg70-t3-scale100.webp\" alt=\"Filtro de membrana porosa hidr\u00f3fila PTFE Filtro de agua 4\" data-lazy=\"2\" title=\"\"><\/p>\n<p>Estamos disponibles las 24 horas, contacte con nosotros info@lyfilter.com<\/p>","protected":false},"excerpt":{"rendered":"<table>\n<thead>\n<tr>\n<th>art\u00edculo<\/th>\n<th>detalles<\/th>\n<\/tr>\n<\/thead>\n<tbody>\n<tr>\n<td>puerto de inicio<\/td>\n<td>guangzhou<\/td>\n<\/tr>\n<tr>\n<td>capacidad de producci\u00f3n<\/td>\n<td>10000 unidades\/mes<\/td>\n<\/tr>\n<tr>\n<td>lugar de origen<\/td>\n<td>guangdong, china<\/td>\n<\/tr>\n<tr>\n<td>pago<\/td>\n<td>t\/t, western union, alibaba garant\u00eda comercial<\/td>\n<\/tr>\n<tr>\n<td>moq<\/td>\n<td>1 unidad<\/td>\n<\/tr>\n<tr>\n<td>modelo<\/td>\n<td>ly-hfpl-7<\/td>\n<\/tr>\n<tr>\n<td>plazo de entrega<\/td>\n<td>en un plazo de 7 d\u00edas laborables<\/td>\n<\/tr>\n<tr>\n<td>certificaci\u00f3n<\/td>\n<td>iso 9001<\/td>\n<\/tr>\n<tr>\n<td>marca<\/td>\n<td>oem\/lvyuan<\/td>\n<\/tr>\n<\/tbody>\n<\/table>","protected":false},"featured_media":2193,"comment_status":"open","ping_status":"closed","template":"","meta":{"_gspb_post_css":""},"product_brand":[],"product_cat":[17,22],"product_tag":[939,261,262,260,278,282],"class_list":{"0":"post-2190","1":"product","2":"type-product","3":"status-publish","4":"has-post-thumbnail","6":"product_cat-sediment-filter","7":"product_cat-sintered-filter-cartridge","8":"product_tag-1-pcs-moq","9":"product_tag-guangdong-china","10":"product_tag-guangzhou-port","11":"product_tag-iso-9001","12":"product_tag-ly-hfpl-7","13":"product_tag-oem-lvyuan","15":"first","16":"instock","17":"shipping-taxable","18":"product-type-simple"},"_links":{"self":[{"href":"https:\/\/lyfilter.com\/es\/wp-json\/wp\/v2\/product\/2190","targetHints":{"allow":["GET"]}}],"collection":[{"href":"https:\/\/lyfilter.com\/es\/wp-json\/wp\/v2\/product"}],"about":[{"href":"https:\/\/lyfilter.com\/es\/wp-json\/wp\/v2\/types\/product"}],"replies":[{"embeddable":true,"href":"https:\/\/lyfilter.com\/es\/wp-json\/wp\/v2\/comments?post=2190"}],"wp:featuredmedia":[{"embeddable":true,"href":"https:\/\/lyfilter.com\/es\/wp-json\/wp\/v2\/media\/2193"}],"wp:attachment":[{"href":"https:\/\/lyfilter.com\/es\/wp-json\/wp\/v2\/media?parent=2190"}],"wp:term":[{"taxonomy":"product_brand","embeddable":true,"href":"https:\/\/lyfilter.com\/es\/wp-json\/wp\/v2\/product_brand?post=2190"},{"taxonomy":"product_cat","embeddable":true,"href":"https:\/\/lyfilter.com\/es\/wp-json\/wp\/v2\/product_cat?post=2190"},{"taxonomy":"product_tag","embeddable":true,"href":"https:\/\/lyfilter.com\/es\/wp-json\/wp\/v2\/product_tag?post=2190"}],"curies":[{"name":"wp","href":"https:\/\/api.w.org\/{rel}","templated":true}]}}