{"id":2188,"date":"2026-01-06T09:35:42","date_gmt":"2026-01-06T09:35:42","guid":{"rendered":"https:\/\/lyfilter.com\/?post_type=product&#038;p=2188"},"modified":"2026-01-06T09:50:53","modified_gmt":"2026-01-06T09:50:53","slug":"microporous-membrane-filter-222-fin-10mm-polyethylene-filters","status":"publish","type":"product","link":"https:\/\/lyfilter.com\/es\/microporous-membrane-filter-222-fin-10mm-polyethylene-filters\/","title":{"rendered":"Filtro de membrana microporosa 222 Fin 10mm Filtros de polietileno"},"content":{"rendered":"<div class=\"unit-detail-html-tabs__content-attr\">\n<div class=\"unit-product-attrparam\">\n<div class=\"unit-product-attrparam__items row\">\n<div class=\"col-12 col-md-6\">\n<div class=\"unit-product-attrparam__item\"><\/div>\n<\/div>\n<\/div>\n<\/div>\n<\/div>\n<div class=\"unit-detail-html-tabs__content-featuresAttr\">El elemento filtrante sinterizado est\u00e1 fabricado con diversos materiales compuestos mediante un proceso especial. Tiene caracter\u00edsticas hidr\u00f3filas. No s\u00f3lo puede filtrar las impurezas mec\u00e1nicas del medio, sino tambi\u00e9n mediante la demulsificaci\u00f3n y la coalescencia, de modo que el agua en estado emulsionado puede eliminarse del medio. El elemento filtrante se separa y coalesce en gotas de agua coaxiales para facilitar la purificaci\u00f3n posterior del medio.<\/div>\n<div class=\"unit-detail-html-tabs__content-html\">\n<p>El elemento filtrante de fibra de vidrio coalescente es una fibra de vidrio de gradiente de alta densidad, que coalesce eficazmente la niebla l\u00edquida y la transformaci\u00f3n en el flujo de aire, y tiene una alta precisi\u00f3n de filtraci\u00f3n. La estructura es estable, no hay desplazamiento de la fibra de los medios de comunicaci\u00f3n, y no causar\u00e1 contaminaci\u00f3n al medio ambiente y los productos aguas abajo. Buena compatibilidad, buena protecci\u00f3n del medio ambiente, materiales sint\u00e9ticos, combusti\u00f3n completa sin residuos.<\/p>\n<p><img decoding=\"async\" src=\"https:\/\/img.yfisher.com\/m6076\/1725732550toi\/png70-t3-scale100.webp\" alt=\"Filtro de Membrana Microporosa 222 Aleta 10mm Filtros de Polietileno 4\" data-lazy=\"2\" title=\"\"><\/p>\n<p>Somos un profesional de la fabricaci\u00f3n y venta de elementos filtrantes de repuesto y las carcasas de los filtros de acero inoxidable. Ofrecemos servicio de personalizaci\u00f3n OEM para satisfacer las diferentes necesidades de los clientes, para aceptar la personalizaci\u00f3n de diferentes tama\u00f1os para los elementos de filtro, cartucho de filtro de vivienda, y la bolsa de filtro de vivienda. Hemos exportado a m\u00e1s de cientos de pa\u00edses, Europa, Oriente Medio, Sudeste de Asia, Sudeste de Am\u00e9rica, Am\u00e9rica del Norte, etc. Nuestra tecnolog\u00eda y servicio han sido universalmente reconocidos por los clientes. P\u00f3ngase en contacto con nosotros: Info@lyfilter.com<\/p>\n<\/div>","protected":false},"excerpt":{"rendered":"<table>\n<thead>\n<tr>\n<th>art\u00edculo<\/th>\n<th>detalles<\/th>\n<\/tr>\n<\/thead>\n<tbody>\n<tr>\n<td>puerto de inicio<\/td>\n<td>guangzhou<\/td>\n<\/tr>\n<tr>\n<td>capacidad de producci\u00f3n<\/td>\n<td>10000 unidades\/mes<\/td>\n<\/tr>\n<tr>\n<td>lugar de origen<\/td>\n<td>guangdong, china<\/td>\n<\/tr>\n<tr>\n<td>pago<\/td>\n<td>t\/t, western union, alibaba trade assurance, paypal<\/td>\n<\/tr>\n<tr>\n<td>modelo<\/td>\n<td>ly-hfpl-7<\/td>\n<\/tr>\n<tr>\n<td>plazo de entrega<\/td>\n<td>en un plazo de 7 d\u00edas laborables<\/td>\n<\/tr>\n<tr>\n<td>certificaci\u00f3n<\/td>\n<td>iso 9001<\/td>\n<\/tr>\n<tr>\n<td>marca<\/td>\n<td>oem\/lvyuan<\/td>\n<\/tr>\n<\/tbody>\n<\/table>","protected":false},"featured_media":2191,"comment_status":"open","ping_status":"closed","template":"","meta":{"_gspb_post_css":""},"product_brand":[],"product_cat":[17,22],"product_tag":[284,261,262,260,278,282],"class_list":{"0":"post-2188","1":"product","2":"type-product","3":"status-publish","4":"has-post-thumbnail","6":"product_cat-sediment-filter","7":"product_cat-sintered-filter-cartridge","8":"product_tag-7-working-days-delivery","9":"product_tag-guangdong-china","10":"product_tag-guangzhou-port","11":"product_tag-iso-9001","12":"product_tag-ly-hfpl-7","13":"product_tag-oem-lvyuan","15":"first","16":"instock","17":"shipping-taxable","18":"product-type-simple"},"_links":{"self":[{"href":"https:\/\/lyfilter.com\/es\/wp-json\/wp\/v2\/product\/2188","targetHints":{"allow":["GET"]}}],"collection":[{"href":"https:\/\/lyfilter.com\/es\/wp-json\/wp\/v2\/product"}],"about":[{"href":"https:\/\/lyfilter.com\/es\/wp-json\/wp\/v2\/types\/product"}],"replies":[{"embeddable":true,"href":"https:\/\/lyfilter.com\/es\/wp-json\/wp\/v2\/comments?post=2188"}],"wp:featuredmedia":[{"embeddable":true,"href":"https:\/\/lyfilter.com\/es\/wp-json\/wp\/v2\/media\/2191"}],"wp:attachment":[{"href":"https:\/\/lyfilter.com\/es\/wp-json\/wp\/v2\/media?parent=2188"}],"wp:term":[{"taxonomy":"product_brand","embeddable":true,"href":"https:\/\/lyfilter.com\/es\/wp-json\/wp\/v2\/product_brand?post=2188"},{"taxonomy":"product_cat","embeddable":true,"href":"https:\/\/lyfilter.com\/es\/wp-json\/wp\/v2\/product_cat?post=2188"},{"taxonomy":"product_tag","embeddable":true,"href":"https:\/\/lyfilter.com\/es\/wp-json\/wp\/v2\/product_tag?post=2188"}],"curies":[{"name":"wp","href":"https:\/\/api.w.org\/{rel}","templated":true}]}}