{"id":2186,"date":"2026-01-06T09:08:15","date_gmt":"2026-01-06T09:08:15","guid":{"rendered":"https:\/\/lyfilter.com\/?post_type=product&#038;p=2186"},"modified":"2026-01-06T09:55:13","modified_gmt":"2026-01-06T09:55:13","slug":"factory-oem-white-porous-filter-disc-for-filtration-industrial","status":"publish","type":"product","link":"https:\/\/lyfilter.com\/es\/factory-oem-white-porous-filter-disc-for-filtration-industrial\/","title":{"rendered":"Disco filtrante poroso blanco del OEM de la f\u00e1brica para la filtraci\u00f3n industrial"},"content":{"rendered":"<table>\n<thead>\n<tr>\n<th>art\u00edculo<\/th>\n<th>detalles<\/th>\n<\/tr>\n<\/thead>\n<tbody>\n<tr>\n<td>material<\/td>\n<td>pe<\/td>\n<\/tr>\n<tr>\n<td>disponibilidad<\/td>\n<td>oem<\/td>\n<\/tr>\n<\/tbody>\n<\/table>\n<p>Disco filtrante poroso blanco del OEM de la f\u00e1brica para la filtraci\u00f3n industrial<\/p>\n<p>El PE\u00a0<a href=\"https:\/\/lyfilter.com\/es\/products.html\/\">elemento filtrante<\/a>\u00a0tiene una distribuci\u00f3n uniforme del tama\u00f1o de los poros, fuerte resistencia a \u00e1cidos y \u00e1lcalis, resistencia a altas temperaturas, buenas propiedades mec\u00e1nicas y fuerte resistencia a disolventes org\u00e1nicos. La producci\u00f3n de equipos de tratamiento de agua a gran escala puede adoptar el m\u00e9todo de eliminaci\u00f3n de escoria de retrolavado autom\u00e1tico o manual, las part\u00edculas s\u00f3lidas se pueden recuperar mediante la eliminaci\u00f3n de escoria seca, sin reemplazo frecuente de elementos filtrantes, operaci\u00f3n autom\u00e1tica, bajo costo de filtraci\u00f3n y otras ventajas, que son bien recibidas por los usuarios.<\/p>\n<p><img decoding=\"async\" src=\"https:\/\/img.yfisher.com\/m6076\/1725732549x15\/png70-t3-scale100.webp\" alt=\"Disco filtrante poroso blanco del OEM de la f\u00e1brica para la filtraci\u00f3n industrial 2\" data-lazy=\"2\" title=\"\"><\/p>\n<p><img decoding=\"async\" src=\"https:\/\/img.yfisher.com\/m6076\/1725732549vtb\/png70-t3-scale100.webp\" alt=\"Disco filtrante poroso blanco del OEM de la f\u00e1brica para la filtraci\u00f3n industrial 3\" data-lazy=\"2\" title=\"\"><\/p>\n<p>PREGUNTAS FRECUENTES<\/p>\n<p>Respuesta: Por lo general, necesita MOQ aqu\u00ed, pero tenemos un amplio stock de productos, usted puede hacer pedido de prueba. Podemos suministrar para usted.<\/p>\n<p>El tiempo depende de la cantidad;<\/p>\n<p>P2: \u00bfPuedo obtener una muestra antes de realizar un pedido formal?<\/p>\n<p>Respuesta: S\u00ed. Pero la carga tiene que recoger, si usted tiene cuenta expresa,<\/p>\n<p>tambi\u00e9n podr\u00edamos utilizar su cuenta para enviarle nuestras muestras.<\/p>\n<p>P3:Soy un peque\u00f1o mayorista, \u00bfaceptan pedidos peque\u00f1os?<\/p>\n<p>R: No hay problema si es usted un peque\u00f1o mayorista, nos gustar\u00eda crecer con usted juntos.<\/p>\n<p>P4:\u00bfPuedo a\u00f1adir mi logotipo en los productos m\u00e9dicos?<\/p>\n<p>R: S\u00ed, OEM y ODM est\u00e1n disponibles para nosotros.<\/p>","protected":false},"excerpt":{"rendered":"<table>\n<thead>\n<tr>\n<th>art\u00edculo<\/th>\n<th>detalles<\/th>\n<\/tr>\n<\/thead>\n<tbody>\n<tr>\n<td>modelo<\/td>\n<td>ly-hfpl-7<\/td>\n<\/tr>\n<tr>\n<td>lugar de origen<\/td>\n<td>guangdong, china<\/td>\n<\/tr>\n<tr>\n<td>puerto de inicio<\/td>\n<td>guangzhou<\/td>\n<\/tr>\n<tr>\n<td>capacidad de producci\u00f3n<\/td>\n<td>10.000 unidades\/mes<\/td>\n<\/tr>\n<tr>\n<td>moq<\/td>\n<td>1 unidad<\/td>\n<\/tr>\n<tr>\n<td>plazo de entrega<\/td>\n<td>en un plazo de 7 d\u00edas laborables<\/td>\n<\/tr>\n<tr>\n<td>certificaci\u00f3n<\/td>\n<td>iso 9001<\/td>\n<\/tr>\n<tr>\n<td>pago<\/td>\n<td>t\/t; alibaba trade assurance; paypal<\/td>\n<\/tr>\n<\/tbody>\n<\/table>","protected":false},"featured_media":2189,"comment_status":"open","ping_status":"closed","template":"","meta":{"_gspb_post_css":""},"product_brand":[],"product_cat":[17,22],"product_tag":[284,286,936,938,285,935],"class_list":{"0":"post-2186","1":"product","2":"type-product","3":"status-publish","4":"has-post-thumbnail","6":"product_cat-sediment-filter","7":"product_cat-sintered-filter-cartridge","8":"product_tag-7-working-days-delivery","9":"product_tag-guangzhou-start-port","10":"product_tag-iso-9001-certified","11":"product_tag-ly-hfpl-7-filter-element","12":"product_tag-moq-1-pcs","13":"product_tag-oem-filter-element-supplier","15":"first","16":"instock","17":"shipping-taxable","18":"product-type-simple"},"_links":{"self":[{"href":"https:\/\/lyfilter.com\/es\/wp-json\/wp\/v2\/product\/2186","targetHints":{"allow":["GET"]}}],"collection":[{"href":"https:\/\/lyfilter.com\/es\/wp-json\/wp\/v2\/product"}],"about":[{"href":"https:\/\/lyfilter.com\/es\/wp-json\/wp\/v2\/types\/product"}],"replies":[{"embeddable":true,"href":"https:\/\/lyfilter.com\/es\/wp-json\/wp\/v2\/comments?post=2186"}],"wp:featuredmedia":[{"embeddable":true,"href":"https:\/\/lyfilter.com\/es\/wp-json\/wp\/v2\/media\/2189"}],"wp:attachment":[{"href":"https:\/\/lyfilter.com\/es\/wp-json\/wp\/v2\/media?parent=2186"}],"wp:term":[{"taxonomy":"product_brand","embeddable":true,"href":"https:\/\/lyfilter.com\/es\/wp-json\/wp\/v2\/product_brand?post=2186"},{"taxonomy":"product_cat","embeddable":true,"href":"https:\/\/lyfilter.com\/es\/wp-json\/wp\/v2\/product_cat?post=2186"},{"taxonomy":"product_tag","embeddable":true,"href":"https:\/\/lyfilter.com\/es\/wp-json\/wp\/v2\/product_tag?post=2186"}],"curies":[{"name":"wp","href":"https:\/\/api.w.org\/{rel}","templated":true}]}}