{"id":2184,"date":"2026-01-06T09:06:08","date_gmt":"2026-01-06T09:06:08","guid":{"rendered":"https:\/\/lyfilter.com\/?post_type=product&#038;p=2184"},"modified":"2026-01-06T09:57:07","modified_gmt":"2026-01-06T09:57:07","slug":"frited-filter-discs-porous-discs-for-use-in-fabrication-of-special-glass","status":"publish","type":"product","link":"https:\/\/lyfilter.com\/es\/frited-filter-discs-porous-discs-for-use-in-fabrication-of-special-glass\/","title":{"rendered":"DISCOS FILTRANTES FRIADOS Discos porosos para la fabricaci\u00f3n de vidrios especiales"},"content":{"rendered":"<div class=\"unit-detail-html-tabs__content-attr\">\n<div class=\"unit-product-attrparam\">\n<div class=\"unit-product-attrparam__items row\">\n<div class=\"col-12 col-md-6\">\n<div class=\"unit-product-attrparam__item\">\n<div class=\"unit-product-attrparam__label\">Material:pe<\/div>\n<\/div>\n<\/div>\n<div class=\"col-12 col-md-6\">\n<div class=\"unit-product-attrparam__item\">\n<div class=\"unit-product-attrparam__label\">Disponibilidad: OEM<\/div>\n<\/div>\n<\/div>\n<\/div>\n<\/div>\n<\/div>\n<div class=\"unit-detail-html-tabs__content-featuresAttr\"><\/div>\n<div class=\"unit-detail-html-tabs__content-html\">\n<p>DISCOS FILTRANTES FRIADOS Discos porosos para la fabricaci\u00f3n de vidrios especiales<\/p>\n<p><img decoding=\"async\" src=\"https:\/\/img.yfisher.com\/m6076\/1725732548xrf\/jpg70-t3-scale100.webp\" alt=\"DISCOS FILTRANTES FRIADOS Discos porosos para la fabricaci\u00f3n de vidrios especiales 2\" data-lazy=\"2\" title=\"\"><\/p>\n<p><img decoding=\"async\" src=\"https:\/\/img.yfisher.com\/m6076\/1725732548f7l\/jpg70-t3-scale100.webp\" alt=\"DISCOS FILTRANTES FRIADOS Discos porosos para la fabricaci\u00f3n de vidrio especial 3\" data-lazy=\"2\" title=\"\"><\/p>\n<p>Medicina y farmacia<\/p>\n<p>1. Eliminaci\u00f3n de impurezas, descarbonizaci\u00f3n y filtraci\u00f3n fina. 2. Deducci\u00f3n en seco de gas \u00e1cido 3. Filtraci\u00f3n de descarbonizaci\u00f3n 4. Filtros autosellantes en bolsa de succi\u00f3n<\/p>\n<p>Alimentaci\u00f3n y bebidas<\/p>\n<p>1. Filtraci\u00f3n de restos de levadura y tierra de diatomeas 2. Filtraci\u00f3n de clarificaci\u00f3n en bebidas 3. 3. Filtraci\u00f3n de agua en la industria cervecera 4. Filtraci\u00f3n de aire est\u00e9ril en la industria cervecera Filtraci\u00f3n de aire est\u00e9ril en cerveza y cervecer\u00eda<\/p>\n<p>Petr\u00f3leo y gas<\/p>\n<p>1. Filtraci\u00f3n de reciclaje de disolventes org\u00e1nicos 2. Filtraci\u00f3n de agua de inyecci\u00f3n 3. 3. Filtraci\u00f3n de vapor, aire comprimido y catalizador Filtraci\u00f3n del producto final<\/p>\n<p>Qu\u00edmica<\/p>\n<p>1. Recuperaci\u00f3n de catalizadores 2. 2. Descarbonizaci\u00f3n intermedia de medicamentos y filtraci\u00f3n fina Filtraci\u00f3n del proceso de H2O2<\/p>\n<p>Tratamiento del agua<\/p>\n<p>1. Protecci\u00f3n de la \u00f3smosis inversa en la desalaci\u00f3n de agua de mar 2. Filtraci\u00f3n por ozono est\u00e9ril y aireaci\u00f3n por ozono 2. Filtraci\u00f3n est\u00e9ril por ozono y aireaci\u00f3n por ozono Protecci\u00f3n de sistemas de ultrafiltraci\u00f3n, \u00f3smosis inversa y EDI<\/p>\n<p>Industria<\/p>\n<p>1. Filtros en sistemas de an\u00e1lisis de gases de combusti\u00f3n y CEMS 2. Aireaci\u00f3n del aire Aireaci\u00f3n 3. Silenciadores y silenciadores 4. Filtraci\u00f3n de aire comprimido 5. Filtros de instrumentos de metal poroso CMI<\/p>\n<p><img decoding=\"async\" src=\"https:\/\/img.yfisher.com\/m6076\/1725732548phi\/jpg70-t3-scale100.webp\" alt=\"DISCOS FILTRANTES FRIADOS Discos porosos para la fabricaci\u00f3n de vidrios especiales 4\" data-lazy=\"2\" title=\"\"><\/p>\n<\/div>","protected":false},"excerpt":{"rendered":"<table>\n<thead>\n<tr>\n<th>art\u00edculo<\/th>\n<th>detalles<\/th>\n<\/tr>\n<\/thead>\n<tbody>\n<tr>\n<td>modelo<\/td>\n<td>ly-hfpl<\/td>\n<\/tr>\n<tr>\n<td>certificaci\u00f3n<\/td>\n<td>iso 9001<\/td>\n<\/tr>\n<tr>\n<td>puerto de inicio<\/td>\n<td>guangzhou<\/td>\n<\/tr>\n<tr>\n<td>capacidad de producci\u00f3n<\/td>\n<td>10.000 unidades\/mes<\/td>\n<\/tr>\n<tr>\n<td>moq<\/td>\n<td>1 unidad<\/td>\n<\/tr>\n<tr>\n<td>plazo de entrega<\/td>\n<td>en un plazo de 7 d\u00edas laborables<\/td>\n<\/tr>\n<tr>\n<td>pago<\/td>\n<td>t\/t; western union; alibaba trade assurance<\/td>\n<\/tr>\n<\/tbody>\n<\/table>","protected":false},"featured_media":2187,"comment_status":"open","ping_status":"closed","template":"","meta":{"_gspb_post_css":""},"product_brand":[],"product_cat":[17,22],"product_tag":[937,284,936,926,285,935],"class_list":{"0":"post-2184","1":"product","2":"type-product","3":"status-publish","4":"has-post-thumbnail","6":"product_cat-sediment-filter","7":"product_cat-sintered-filter-cartridge","8":"product_tag-10000-units-per-month","9":"product_tag-7-working-days-delivery","10":"product_tag-iso-9001-certified","11":"product_tag-ly-hfpl-filter-element","12":"product_tag-moq-1-pcs","13":"product_tag-oem-filter-element-supplier","15":"first","16":"instock","17":"shipping-taxable","18":"product-type-simple"},"_links":{"self":[{"href":"https:\/\/lyfilter.com\/es\/wp-json\/wp\/v2\/product\/2184","targetHints":{"allow":["GET"]}}],"collection":[{"href":"https:\/\/lyfilter.com\/es\/wp-json\/wp\/v2\/product"}],"about":[{"href":"https:\/\/lyfilter.com\/es\/wp-json\/wp\/v2\/types\/product"}],"replies":[{"embeddable":true,"href":"https:\/\/lyfilter.com\/es\/wp-json\/wp\/v2\/comments?post=2184"}],"wp:featuredmedia":[{"embeddable":true,"href":"https:\/\/lyfilter.com\/es\/wp-json\/wp\/v2\/media\/2187"}],"wp:attachment":[{"href":"https:\/\/lyfilter.com\/es\/wp-json\/wp\/v2\/media?parent=2184"}],"wp:term":[{"taxonomy":"product_brand","embeddable":true,"href":"https:\/\/lyfilter.com\/es\/wp-json\/wp\/v2\/product_brand?post=2184"},{"taxonomy":"product_cat","embeddable":true,"href":"https:\/\/lyfilter.com\/es\/wp-json\/wp\/v2\/product_cat?post=2184"},{"taxonomy":"product_tag","embeddable":true,"href":"https:\/\/lyfilter.com\/es\/wp-json\/wp\/v2\/product_tag?post=2184"}],"curies":[{"name":"wp","href":"https:\/\/api.w.org\/{rel}","templated":true}]}}