{"id":2181,"date":"2026-01-06T09:03:59","date_gmt":"2026-01-06T09:03:59","guid":{"rendered":"https:\/\/lyfilter.com\/?post_type=product&#038;p=2181"},"modified":"2026-01-06T09:03:59","modified_gmt":"2026-01-06T09:03:59","slug":"membrane-filter-222-fin-10mm-polyethylene-filters","status":"publish","type":"product","link":"https:\/\/lyfilter.com\/es\/membrane-filter-222-fin-10mm-polyethylene-filters\/","title":{"rendered":"Filtro de membrana 222 Fin 10mm Filtros de polietileno"},"content":{"rendered":"<p>Filtro de membrana 222 Fin 10mm Filtros de polietileno<\/p>\n<p>&nbsp;<\/p>\n<div class=\"J_module\">\n<div class=\"detail-decorate-json-renderer-container\">\n<div class=\"magic-4\">\n<div class=\"magic-10\">\n<div class=\"magic-11\">\n<div class=\"magic-12\" data-id=\"paragraph0\">\n<p>El elemento filtrante sinterizado est\u00e1 fabricado con diversos materiales compuestos mediante un proceso especial. Tiene caracter\u00edsticas hidr\u00f3filas. No s\u00f3lo puede filtrar las impurezas mec\u00e1nicas del medio, sino tambi\u00e9n mediante la demulsificaci\u00f3n y la coalescencia, de modo que el agua en estado emulsionado puede eliminarse del medio. El elemento filtrante se separa y se coalesce en gotas de agua coaxiales para facilitar la purificaci\u00f3n posterior del medio.<\/p>\n<p>&nbsp;<\/p>\n<\/div>\n<\/div>\n<\/div>\n<\/div>\n<\/div>\n<\/div>\n<div class=\"J_module\">\n<div class=\"icbu-pc-images magic-1\">\n<div class=\"flex-layout-h\">\n<div class=\"text-wrapper magic-15\">\n<div class=\"text-wrapper-left text-theme-light text-align-left\">\n<div class=\"text-title\" data-id=\"left-title\">\n<div class=\"table-responsive\">\n<table border=\"1\" width=\"293\" cellspacing=\"0\" cellpadding=\"0\" data-id=\"table0\">\n<colgroup>\n<col \/>\n<col \/><\/colgroup>\n<tbody>\n<tr class=\"firstRow\">\n<td height=\"21\">\n<div data-spm-anchor-id=\"a2700.details.pronpeci14.i0.3d7757d7z2aB2B\">Atributos<\/div>\n<\/td>\n<td>\n<div>Detalles<\/div>\n<\/td>\n<\/tr>\n<tr>\n<td height=\"39\">\n<div>Lugar de origen<\/div>\n<\/td>\n<td>\n<div>Hebei,CHINA<\/div>\n<\/td>\n<\/tr>\n<tr>\n<td height=\"21\">\n<div>Condici\u00f3n<\/div>\n<\/td>\n<td>\n<div>NUEVO<\/div>\n<\/td>\n<\/tr>\n<tr>\n<td height=\"21\">\n<div>Marca<\/div>\n<\/td>\n<td>\n<div>POKE<\/div>\n<\/td>\n<\/tr>\n<tr>\n<td height=\"21\">\n<div>Certificado<\/div>\n<\/td>\n<td>\n<div>ISO9001<\/div>\n<\/td>\n<\/tr>\n<tr>\n<td height=\"39\">\n<div>Paquete<\/div>\n<\/td>\n<td>\n<div>Embalaje neutro<\/div>\n<\/td>\n<\/tr>\n<tr>\n<td height=\"39\">\n<div>Plazo de entrega<\/div>\n<\/td>\n<td>\n<div data-spm-anchor-id=\"a2700.details.pronpeci14.i1.3d7757d7z2aB2B\">7-15 d\u00edas<\/div>\n<\/td>\n<\/tr>\n<\/tbody>\n<\/table>\n<\/div>\n<h3 class=\"magic-16\">\u00a0<img decoding=\"async\" src=\"https:\/\/img.yfisher.com\/m6076\/17257325468ns\/png70-t3-scale100.webp\" alt=\"Filtro de membrana 222 Aleta 10mm Filtros de polietileno 2\" data-lazy=\"2\" title=\"\"><\/h3>\n<\/div>\n<\/div>\n<\/div>\n<\/div>\n<\/div>\n<\/div>\n<p>&nbsp;<\/p>\n<div class=\"J_module\">\n<div class=\"ife-detail-decorate-table\">\n<div class=\"table-responsive\"><\/div>\n<\/div>\n<\/div>\n<div class=\"J_module\">\n<div id=\"ali-anchor-AliMagic-unme00\" class=\"magic-0\" data-section=\"AliMagic-unme00\" data-section-title=\"Application\"><strong>Aplicaci\u00f3n<\/strong><\/div>\n<\/div>\n<div class=\"J_module\">\n<div class=\"detail-decorate-json-renderer-container\">\n<div class=\"magic-4\">\n<div class=\"magic-10\">\n<div class=\"magic-11\">\n<div class=\"magic-12\">\n<p class=\"magic-13\">(1)Gran infusi\u00f3n de agua, productos intermedios farmac\u00e9uticos descarbonizaci\u00f3n filtraci\u00f3n; caldo de fermentaci\u00f3n, l\u00edquido oral<br \/>\n(2) Polvo de carb\u00f3n activado con filtro de decoloraci\u00f3n (glucosa l\u00edquido medicinal, antibi\u00f3ticos, medicina sint\u00e9tica, preparaci\u00f3n, l\u00edquido de medicina herbal china, etc.)<br \/>\n(3)L\u00edquido de inyecci\u00f3n<br \/>\n(4)Filtro de aire de inyecci\u00f3n<br \/>\n(5)Inyecci\u00f3n de agua de la botella de lavado<br \/>\n(6)Filtraci\u00f3n de licores m\u00e9dicos<\/p>\n<\/div>\n<\/div>\n<\/div>\n<\/div>\n<\/div>\n<\/div>\n<p>Guangzhou Lvyuan Water Purification Equipment Co., Ltd. es uno de los fabricantes profesionales de productos de filtraci\u00f3n. Nuestra empresa se estableci\u00f3 en 2009, cerca de la rama del r\u00edo Perla. Tenemos hasta 10 a\u00f1os de experiencia para la exportaci\u00f3n y nacional, y las habilidades t\u00e9cnicas profesionales, y el sistema de gesti\u00f3n de calidad sistem\u00e1tica.<\/p>\n<p>Somos un profesional de la fabricaci\u00f3n y venta de elementos filtrantes de repuesto y las carcasas de los filtros de acero inoxidable. Ofrecemos servicio de personalizaci\u00f3n OEM para satisfacer las diferentes necesidades de los clientes, para aceptar la personalizaci\u00f3n de diferentes tama\u00f1os para los elementos de filtro, cartucho de filtro de vivienda, y la bolsa de filtro de vivienda. Hemos exportado a m\u00e1s de cientos de pa\u00edses, Europa, Oriente Medio, Sudeste de Asia, Sudeste de Am\u00e9rica, Am\u00e9rica del Norte, etc. Nuestra tecnolog\u00eda y servicio han sido universalmente reconocidos por los clientes.<\/p>","protected":false},"excerpt":{"rendered":"<p>Esta vez no has incluido las especificaciones del producto, as\u00ed que todav\u00eda no puedo generar una meta descripci\u00f3n, etiquetas o tabla precisas. Pegue los detalles (material, modelo, micras\/tama\u00f1o\/longitud, certificaciones, aplicaci\u00f3n, embalaje, plazo de entrega) y le dar\u00e9 formato a todo con el mismo estilo de inmediato.<\/p>","protected":false},"featured_media":2185,"comment_status":"open","ping_status":"closed","template":"","meta":{"_gspb_post_css":""},"product_brand":[],"product_cat":[22,17],"product_tag":[930,934,933,888,932,931],"class_list":{"0":"post-2181","1":"product","2":"type-product","3":"status-publish","4":"has-post-thumbnail","6":"product_cat-sintered-filter-cartridge","7":"product_cat-sediment-filter","8":"product_tag-custom-micron-filter","9":"product_tag-custom-size-filter-media","10":"product_tag-industrial-filtration-parts","11":"product_tag-oem-filter-element","12":"product_tag-process-liquid-filter-cartridge","13":"product_tag-water-filtration-element","15":"first","16":"instock","17":"shipping-taxable","18":"product-type-simple"},"_links":{"self":[{"href":"https:\/\/lyfilter.com\/es\/wp-json\/wp\/v2\/product\/2181","targetHints":{"allow":["GET"]}}],"collection":[{"href":"https:\/\/lyfilter.com\/es\/wp-json\/wp\/v2\/product"}],"about":[{"href":"https:\/\/lyfilter.com\/es\/wp-json\/wp\/v2\/types\/product"}],"replies":[{"embeddable":true,"href":"https:\/\/lyfilter.com\/es\/wp-json\/wp\/v2\/comments?post=2181"}],"wp:featuredmedia":[{"embeddable":true,"href":"https:\/\/lyfilter.com\/es\/wp-json\/wp\/v2\/media\/2185"}],"wp:attachment":[{"href":"https:\/\/lyfilter.com\/es\/wp-json\/wp\/v2\/media?parent=2181"}],"wp:term":[{"taxonomy":"product_brand","embeddable":true,"href":"https:\/\/lyfilter.com\/es\/wp-json\/wp\/v2\/product_brand?post=2181"},{"taxonomy":"product_cat","embeddable":true,"href":"https:\/\/lyfilter.com\/es\/wp-json\/wp\/v2\/product_cat?post=2181"},{"taxonomy":"product_tag","embeddable":true,"href":"https:\/\/lyfilter.com\/es\/wp-json\/wp\/v2\/product_tag?post=2181"}],"curies":[{"name":"wp","href":"https:\/\/api.w.org\/{rel}","templated":true}]}}