{"id":2175,"date":"2026-01-06T08:55:35","date_gmt":"2026-01-06T08:55:35","guid":{"rendered":"https:\/\/lyfilter.com\/?post_type=product&#038;p=2175"},"modified":"2026-01-06T08:55:35","modified_gmt":"2026-01-06T08:55:35","slug":"pleated-filter-element-polyethylene-filters","status":"publish","type":"product","link":"https:\/\/lyfilter.com\/es\/pleated-filter-element-polyethylene-filters\/","title":{"rendered":"Elemento filtrante plegado Filtros de polietileno"},"content":{"rendered":"<div class=\"unit-detail-html-tabs__content-attr\">\n<div class=\"unit-product-attrparam\">\n<div class=\"unit-product-attrparam__items row\">\n<div class=\"col-12 col-md-6\">\n<div class=\"unit-product-attrparam__item\">\n<div class=\"unit-product-attrparam__label\">Material<\/div>\n<div class=\"unit-product-attrparam__value\" title=\"pe \">pe<\/div>\n<\/div>\n<\/div>\n<div class=\"col-12 col-md-6\">\n<div class=\"unit-product-attrparam__item\">\n<div class=\"unit-product-attrparam__label\">Disponibilidad<\/div>\n<div class=\"unit-product-attrparam__value\" title=\"OEM\">OEM<\/div>\n<\/div>\n<\/div>\n<\/div>\n<\/div>\n<\/div>\n<div class=\"unit-detail-html-tabs__content-featuresAttr\"><\/div>\n<div class=\"unit-detail-html-tabs__content-html\">\n<div class=\"J_module\">\n<div class=\"detail-decorate-json-renderer-container\">\n<div class=\"magic-0\">\n<h1 class=\"magic-1\" data-id=\"title0\">Elemento filtrante plegado Filtros de polietileno<\/h1>\n<\/div>\n<\/div>\n<\/div>\n<div class=\"J_module\">\n<div id=\"ali-anchor-AliMagic-bs4eha\" class=\"magic-5\" data-section=\"AliMagic-bs4eha\" data-section-title=\"Product Description\"><strong>Descripci\u00f3n del producto<\/strong><\/div>\n<\/div>\n<div class=\"J_module\">\n<div class=\"detail-decorate-json-renderer-container\">\n<div class=\"magic-0\">\n<div class=\"magic-2\">\n<div class=\"magic-3\">\n<div class=\"magic-4\" data-id=\"paragraph0\">\n<p class=\"magic-14\">El PE sinterizado\u00a0<a href=\"https:\/\/lyfilter.com\/es\/products.html\/\">elemento filtrante<\/a>\u00a0est\u00e1 hecho de polietileno de peso molecular ultra alto sinterizado y moldeado, que es compacto en estructura, fuerte, ligero de peso, capaz de soportar una alta presi\u00f3n de filtraci\u00f3n, no t\u00f3xico e ins\u00edpido, y tiene buena resistencia a la corrosi\u00f3n a los disolventes \u00e1cidos y alcalinos.<\/p>\n<p class=\"magic-14\">Uso del producto El elemento filtrante sinterizado PE se utiliza principalmente para la filtraci\u00f3n y el tratamiento de aguas residuales de agua pura, agua dom\u00e9stica, bebidas, tratamiento m\u00e9dico, l\u00edquido de galvanoplastia, emulsi\u00f3n, l\u00edquido de lavado, soluci\u00f3n \u00e1cido-base y otros l\u00edquidos. No s\u00f3lo puede filtrar s\u00f3lidos suspendidos en el l\u00edquido, sino tambi\u00e9n eliminar cloro, impurezas org\u00e1nicas, color, olor, etc. en el l\u00edquido.<\/p>\n<p class=\"magic-14\">Condiciones de funcionamiento 0-40\u2103 Diferencia m\u00e1xima de presi\u00f3n de funcionamiento 6bar<br \/>\nDiferencia de presi\u00f3n m\u00e1xima de funcionamiento a 60\u2103 5bar<br \/>\n80\u2103 diferencia de presi\u00f3n m\u00e1xima de funcionamiento 4,5bar<br \/>\n120\u2103 diferencia de presi\u00f3n m\u00e1xima de funcionamiento 4bar<\/p>\n<p class=\"magic-14\">\n<div class=\"table-responsive\">\n<table border=\"1\" width=\"473\" cellspacing=\"0\" cellpadding=\"0\">\n<colgroup>\n<col \/>\n<col \/><\/colgroup>\n<tbody>\n<tr class=\"firstRow\">\n<td height=\"58\"><span data-spm-anchor-id=\"a2700.details.pronpeci14.i2.630b620erd6B2X\">Material<\/span><\/td>\n<td>acero inoxidable 304\/316L, bronce, lat\u00f3n, pl\u00e1stico PE PP<\/td>\n<\/tr>\n<tr>\n<td height=\"114\">Aplicaci\u00f3n<\/td>\n<td>Plantas de fabricaci\u00f3n, f\u00e1bricas de alimentos y bebidas, granjas, uso dom\u00e9stico, energ\u00eda y miner\u00eda, sistemas de filtraci\u00f3n<\/td>\n<\/tr>\n<tr>\n<td height=\"59\">Tama\u00f1o de poro<\/td>\n<td>0,5um, 2um, 5um, 10um, 15um, 20um, 40um, 60um, 90um, 100um<\/td>\n<\/tr>\n<tr>\n<td rowspan=\"2\" height=\"73\">Caracter\u00edstica<\/td>\n<td><\/td>\n<\/tr>\n<tr>\n<td height=\"53\">Distribuci\u00f3n uniforme de las part\u00edculas, sin escoria, aspecto bonito<\/td>\n<\/tr>\n<tr>\n<td height=\"22\">Clasificaci\u00f3n del filtro<\/td>\n<td>99.99%<\/td>\n<\/tr>\n<tr>\n<td height=\"22\">Espesor<\/td>\n<td>1-1000mm<\/td>\n<\/tr>\n<tr>\n<td height=\"22\">Anchura<\/td>\n<td>0,1-500 mm<\/td>\n<\/tr>\n<tr>\n<td height=\"47\">Forma<\/td>\n<td data-spm-anchor-id=\"a2700.details.pronpeci14.i5.630b620erd6B2X\">Disco, tubo, copa o forma personalizada<\/td>\n<\/tr>\n<tr>\n<td height=\"20\">Utilizaci\u00f3n<\/td>\n<td>Filtro de aire<\/td>\n<\/tr>\n<\/tbody>\n<\/table>\n<\/div>\n<p>&nbsp;<\/p>\n<\/div>\n<\/div>\n<\/div>\n<\/div>\n<\/div>\n<\/div>\n<div class=\"J_module\">\n<div class=\"icbu-pc-images magic-6\">\n<div class=\"flex-layout-v\">\n<p>\u00a0<img decoding=\"async\" src=\"https:\/\/img.yfisher.com\/m6076\/1725732543nb1\/png70-t3-scale100.webp\" alt=\"Elemento filtrante plegado Filtros de polietileno 2\" data-lazy=\"2\" title=\"\"><\/p>\n<\/div>\n<\/div>\n<\/div>\n<div class=\"J_module\">\n<div class=\"icbu-pc-images magic-6\">\n<div class=\"flex-layout-v\">\n<div class=\"flex-layout-h magic-6\">\n<div class=\"magic-44\">\n<p><strong>Nuestras ventajas:<\/strong><\/p>\n<p>&nbsp;<\/p>\n<p>Fabricante profesional con muchos a\u00f1os de experiencia<br \/>\nBuena calidad a un precio competitivo<br \/>\nOEM y ODM son bienvenidos<br \/>\nProducimos seg\u00fan su muestra o dibujo<\/p>\n<\/div>\n<\/div>\n<\/div>\n<\/div>\n<\/div>\n<\/div>","protected":false},"excerpt":{"rendered":"<p>Obtendr\u00e1 un elemento filtrante sinterizado de PE resistente y ligero que ayuda a limpiar el agua y los l\u00edquidos de proceso sin a\u00f1adir sabor ni olor. Soporta altas presiones, resiste la corrosi\u00f3n de \u00e1cidos y \u00e1lcalis y puede fabricarse a su medida o seg\u00fan sus planos.<\/p>","protected":false},"featured_media":2179,"comment_status":"open","ping_status":"closed","template":"","meta":{"_gspb_post_css":""},"product_brand":[],"product_cat":[17,22],"product_tag":[922,923,925,920,921,924],"class_list":{"0":"post-2175","1":"product","2":"type-product","3":"status-publish","4":"has-post-thumbnail","6":"product_cat-sediment-filter","7":"product_cat-sintered-filter-cartridge","8":"product_tag-0-5-100-micron-pe-filter","9":"product_tag-acid-alkali-resistant-filter","10":"product_tag-oem-odm-custom-filter","11":"product_tag-pe-sintered-filter-element","12":"product_tag-pleated-pe-filter-element","13":"product_tag-water-and-beverage-filtration","15":"first","16":"instock","17":"shipping-taxable","18":"product-type-simple"},"_links":{"self":[{"href":"https:\/\/lyfilter.com\/es\/wp-json\/wp\/v2\/product\/2175","targetHints":{"allow":["GET"]}}],"collection":[{"href":"https:\/\/lyfilter.com\/es\/wp-json\/wp\/v2\/product"}],"about":[{"href":"https:\/\/lyfilter.com\/es\/wp-json\/wp\/v2\/types\/product"}],"replies":[{"embeddable":true,"href":"https:\/\/lyfilter.com\/es\/wp-json\/wp\/v2\/comments?post=2175"}],"wp:featuredmedia":[{"embeddable":true,"href":"https:\/\/lyfilter.com\/es\/wp-json\/wp\/v2\/media\/2179"}],"wp:attachment":[{"href":"https:\/\/lyfilter.com\/es\/wp-json\/wp\/v2\/media?parent=2175"}],"wp:term":[{"taxonomy":"product_brand","embeddable":true,"href":"https:\/\/lyfilter.com\/es\/wp-json\/wp\/v2\/product_brand?post=2175"},{"taxonomy":"product_cat","embeddable":true,"href":"https:\/\/lyfilter.com\/es\/wp-json\/wp\/v2\/product_cat?post=2175"},{"taxonomy":"product_tag","embeddable":true,"href":"https:\/\/lyfilter.com\/es\/wp-json\/wp\/v2\/product_tag?post=2175"}],"curies":[{"name":"wp","href":"https:\/\/api.w.org\/{rel}","templated":true}]}}