{"id":2169,"date":"2026-01-06T08:52:45","date_gmt":"2026-01-06T08:52:45","guid":{"rendered":"https:\/\/lyfilter.com\/?post_type=product&#038;p=2169"},"modified":"2026-01-06T08:55:13","modified_gmt":"2026-01-06T08:55:13","slug":"soe-doe-sintered-pe-polyethylene-filters","status":"publish","type":"product","link":"https:\/\/lyfilter.com\/es\/soe-doe-sintered-pe-polyethylene-filters\/","title":{"rendered":"SOE DOE Filtros de polietileno PE sinterizado"},"content":{"rendered":"<div class=\"unit-detail-html-tabs__content-attr\">\n<div class=\"unit-product-attrparam\">\n<div class=\"unit-product-attrparam__items row\">\n<div class=\"col-12 col-md-6\">\n<div class=\"unit-product-attrparam__item\">\n<div class=\"unit-product-attrparam__label\">Material<\/div>\n<div class=\"unit-product-attrparam__value\" title=\"pe \">pe<\/div>\n<\/div>\n<\/div>\n<div class=\"col-12 col-md-6\">\n<div class=\"unit-product-attrparam__item\">\n<div class=\"unit-product-attrparam__label\">Disponibilidad<\/div>\n<div class=\"unit-product-attrparam__value\" title=\"OEM\">OEM<\/div>\n<\/div>\n<\/div>\n<\/div>\n<\/div>\n<\/div>\n<div class=\"unit-detail-html-tabs__content-featuresAttr\"><\/div>\n<div class=\"unit-detail-html-tabs__content-html\">\n<p><strong>SOE DOE Filtros de polietileno PE sinterizado<\/strong><\/p>\n<div class=\"J_module\">\n<div id=\"ali-anchor-AliMagic-y6yz6z\" class=\"magic-4\" data-section=\"AliMagic-y6yz6z\" data-section-title=\"Product Description\"><strong>Descripci\u00f3n del producto<\/strong><\/div>\n<div class=\"magic-4\" data-section=\"AliMagic-y6yz6z\" data-section-title=\"Product Description\"><\/div>\n<\/div>\n<div class=\"J_module\">\n<div class=\"detail-decorate-json-renderer-container\">\n<div class=\"magic-0\">\n<div class=\"magic-1\">\n<div class=\"magic-2\">\n<div class=\"magic-3\" data-id=\"paragraph0\">\n<p class=\"magic-13\">Lvyuan produce varios productos fabricados tienen las caracter\u00edsticas de alta precisi\u00f3n de filtraci\u00f3n, gran y larga capacidad de retenci\u00f3n de suciedad. Los productos incluyen: filtro de polvo, filtro hidr\u00e1ulico, filtro de polvo, filtro de separaci\u00f3n de aceite y agua, filtro plegable de acero inoxidable, filtro de aceite hidr\u00e1ulico, filtro de agua de alto flujo, etc.<\/p>\n<\/div>\n<\/div>\n<\/div>\n<\/div>\n<\/div>\n<\/div>\n<div class=\"J_module\">\n<div class=\"icbu-pc-images magic-5\">\n<div class=\"flex-layout-v\">\n<div class=\"flex-layout-h magic-5\">\n<div class=\"magic-25\"><\/div>\n<\/div>\n<\/div>\n<\/div>\n<\/div>\n<div class=\"J_module\">\n<div class=\"ife-detail-decorate-table\">\n<div class=\"table-responsive\">\n<table class=\"all magic-26\" border=\"1\" cellspacing=\"0\" cellpadding=\"0\">\n<tbody>\n<tr class=\"firstRow\">\n<td colspan=\"1\" rowspan=\"1\">\n<div class=\"magic-27\">\n<div data-spm-anchor-id=\"0.0.0.i1.4f2a4f05b619fX\">Nombre del producto<\/div>\n<\/div>\n<\/td>\n<td colspan=\"3\" rowspan=\"1\">\n<div class=\"magic-28\">Tubo 300mm 500mm 700mm filtro 5 micras poroso sinterizado PE filtro de tubo de pl\u00e1stico para el tratamiento de agua de la piscina<\/div>\n<\/td>\n<td class=\"magic-29\" rowspan=\"0\">\n<div class=\"magic-30\"><\/div>\n<\/td>\n<td class=\"magic-29\" rowspan=\"0\">\n<div class=\"magic-30\"><\/div>\n<\/td>\n<\/tr>\n<tr>\n<td colspan=\"1\" rowspan=\"1\">\n<div class=\"magic-27\">Di\u00e1metro<\/div>\n<\/td>\n<td colspan=\"3\" rowspan=\"1\">\n<div class=\"magic-28\">10mm,20mm,30mm,40mm,50mm,60mm,70mm,80mm,90mm,100mm,110mm,<br \/>\n120 mm, 200 mm, etc.<\/div>\n<\/td>\n<td class=\"magic-29\" rowspan=\"0\">\n<div class=\"magic-30\"><\/div>\n<\/td>\n<td class=\"magic-29\" rowspan=\"0\">\n<div class=\"magic-30\"><\/div>\n<\/td>\n<\/tr>\n<tr>\n<td colspan=\"1\" rowspan=\"1\">\n<div class=\"magic-27\">Longitud<\/div>\n<\/td>\n<td colspan=\"3\" rowspan=\"1\">\n<div class=\"magic-28\">1\u2033, 2,5\u2033, 5\u2033, 10\u2033 ,20\u2033 ,30\u2033 ,40\u2033, 50\u2033, etc.<\/div>\n<\/td>\n<td class=\"magic-29\" rowspan=\"0\">\n<div class=\"magic-30\"><\/div>\n<\/td>\n<td class=\"magic-29\" rowspan=\"0\">\n<div class=\"magic-30\"><\/div>\n<\/td>\n<\/tr>\n<tr>\n<td colspan=\"1\" rowspan=\"1\">\n<div class=\"magic-27\">Tasa de micra<\/div>\n<\/td>\n<td colspan=\"3\" rowspan=\"1\">\n<div class=\"magic-31\">0.2um,0.3um,0.45um,1um,3um,5um,10um,20um,30um,40um,50um,100um,etc.<\/div>\n<\/td>\n<td class=\"magic-29\" rowspan=\"0\">\n<div class=\"magic-30\"><\/div>\n<\/td>\n<td class=\"magic-29\" rowspan=\"0\">\n<div class=\"magic-30\"><\/div>\n<\/td>\n<\/tr>\n<tr>\n<td colspan=\"1\" rowspan=\"1\">\n<div class=\"magic-27\">Temperatura de trabajo<\/div>\n<\/td>\n<td colspan=\"3\" rowspan=\"1\">\n<div class=\"magic-31\">PE\u226480\u2103; PTFE\u2265200\u2103;PA\u2264120\u2103<\/div>\n<\/td>\n<td class=\"magic-29\" rowspan=\"0\">\n<div class=\"magic-30\"><\/div>\n<\/td>\n<td class=\"magic-29\" rowspan=\"0\">\n<div class=\"magic-30\"><\/div>\n<\/td>\n<\/tr>\n<tr>\n<td colspan=\"1\" rowspan=\"1\">\n<div class=\"magic-27\">Conector del filtro<\/div>\n<\/td>\n<td colspan=\"3\" rowspan=\"1\">\n<div class=\"magic-31\">PLANO,TIPO INSERCI\u00d3N,TIPO ROSCA,226,222,215, PERSONALIZADO<\/div>\n<\/td>\n<td class=\"magic-29\" rowspan=\"0\">\n<div class=\"magic-30\"><\/div>\n<\/td>\n<td class=\"magic-29\" rowspan=\"0\">\n<div class=\"magic-30\"><\/div>\n<\/td>\n<\/tr>\n<tr>\n<td colspan=\"1\" rowspan=\"1\">\n<div class=\"magic-27\">Observaci\u00f3n<\/div>\n<\/td>\n<td colspan=\"3\" rowspan=\"1\">\n<div class=\"magic-31\"><strong>El tama\u00f1o del filtro y las micras se pueden personalizar. Tama\u00f1o m\u00e1s peque\u00f1o o m\u00e1s grande.<\/strong><\/div>\n<\/td>\n<td class=\"magic-29\" rowspan=\"0\">\n<div class=\"magic-30\"><\/div>\n<\/td>\n<td class=\"magic-29\" rowspan=\"0\">\n<div class=\"magic-30\"><\/div>\n<\/td>\n<\/tr>\n<\/tbody>\n<\/table>\n<\/div>\n<\/div>\n<\/div>\n<div class=\"J_module\">\n<div class=\"icbu-pc-images magic-5\">\n<div class=\"flex-layout-h\">\n<div class=\"magic-33\"><\/div>\n<\/div>\n<\/div>\n<\/div>\n<div class=\"J_module\">\n<div class=\"icbu-pc-images magic-5\">\n<div class=\"flex-layout-v\">\n<div class=\"flex-layout-h magic-5\">\n<p>\u00a0<img decoding=\"async\" src=\"https:\/\/img.yfisher.com\/m6076\/1725732541imv\/png70-t3-scale100.webp\" alt=\"SOE DOE Filtros de polietileno PE sinterizado 2\" data-lazy=\"2\" title=\"\"><\/p>\n<\/div>\n<\/div>\n<\/div>\n<\/div>\n<div class=\"J_module\">\n<div id=\"ali-anchor-AliMagic-gir0c3\" class=\"magic-4\" data-section=\"AliMagic-gir0c3\" data-section-title=\"Application\"><strong>Aplicaci\u00f3n<\/strong><\/div>\n<\/div>\n<div class=\"J_module\">\n<div class=\"detail-decorate-json-renderer-container\">\n<div class=\"magic-0\">\n<div class=\"magic-47\">\n<div class=\"magic-48\">\n<div class=\"magic-49\"><\/div>\n<\/div>\n<div class=\"magic-2\">\n<div class=\"magic-3\" data-id=\"paragraph0\">\n<p class=\"magic-13\">industria alimentaria<\/p>\n<\/div>\n<\/div>\n<\/div>\n<div class=\"magic-47\">\n<div class=\"magic-2\">\n<div class=\"magic-3\" data-id=\"paragraph1\">\n<p class=\"magic-13\">Industria petrolera<\/p>\n<\/div>\n<\/div>\n<\/div>\n<\/div>\n<\/div>\n<\/div>\n<div class=\"J_module\">\n<div class=\"detail-decorate-json-renderer-container\">\n<div class=\"magic-0\">\n<div class=\"magic-47\">\n<div class=\"magic-2\">\n<div class=\"magic-3\" data-id=\"paragraph0\">\n<p class=\"magic-13\">Tratamiento de aguas residuales<\/p>\n<\/div>\n<\/div>\n<\/div>\n<div class=\"magic-47\">\n<div class=\"magic-2\">\n<div class=\"magic-3\" data-id=\"paragraph1\">\n<p class=\"magic-13\">Industria de maquinaria<br \/>\n(1)Tratamiento de aguas residuales de hidr\u00f3xido mental pesado<br \/>\n(2) Tratamiento de aguas residuales con metales pesados de mezcla<br \/>\n(3)Tratamiento qu\u00edmico de aguas residuales<br \/>\n(4)Tratamiento cer\u00e1mico de aguas residuales<br \/>\n(5)Tratamiento de aguas residuales que contienen aluminio<br \/>\n(6)Otros tratamientos de aguas residuales<\/p>\n<\/div>\n<\/div>\n<\/div>\n<\/div>\n<\/div>\n<\/div>\n<div class=\"J_module\">\n<div id=\"ali-anchor-AliMagic-dy3ixv\" class=\"magic-4\" data-section=\"AliMagic-dy3ixv\" data-section-title=\"Packing &amp; Delivery\">Embalaje y entrega<\/div>\n<\/div>\n<div class=\"J_module\">\n<div class=\"icbu-pc-images magic-5\">\n<div class=\"flex-layout-v\">\n<div class=\"flex-layout-h magic-5\">\n<div class=\"magic-44\"><\/div>\n<div class=\"magic-46\">\u00a0Nuestra f\u00e1brica<\/div>\n<\/div>\n<\/div>\n<\/div>\n<\/div>\n<div class=\"J_module\">\n<p><img decoding=\"async\" src=\"https:\/\/img.yfisher.com\/m6076\/1725732541lwj\/png70-t3-scale100.webp\" alt=\"SOE DOE Filtros de polietileno PE sinterizado 3\" data-lazy=\"2\" title=\"\"><\/p>\n<\/div>\n<div class=\"J_module\">\n<div class=\"icbu-pc-images magic-5\">\n<div>\n<div class=\"flex-layout-v\">\n<div class=\"flex-layout-h magic-5\">\n<div class=\"magic-54\"><\/div>\n<div class=\"magic-54\"><\/div>\n<div class=\"magic-54\"><strong>Buen servicio<\/strong><\/div>\n<ul>\n<li class=\"magic-54\">Buen servicio por parte de un gerente con experiencia<\/li>\n<li class=\"magic-54\">Cada producto se somete individualmente a una estricta inspecci\u00f3n<\/li>\n<li class=\"magic-54\">Entrega puntual<\/li>\n<li class=\"magic-54\">Se aceptan MOQ peque\u00f1os<\/li>\n<li class=\"magic-54\">Amplia experiencia en exportaci\u00f3n a \u00c1frica, Oriente Medio, Sudeste Asi\u00e1tico y Sudam\u00e9rica<\/li>\n<li class=\"magic-54\">Filtro sinterizado pl\u00e1stico del PE del tama\u00f1o modificado para requisitos particulares 5-60 micrones<\/li>\n<\/ul>\n<\/div>\n<\/div>\n<\/div>\n<\/div>\n<\/div>\n<\/div>","protected":false},"excerpt":{"rendered":"<p>Obtendr\u00e1 un filtro de tubo de PE sinterizado poroso y duradero que atrapa las part\u00edculas finas y mantiene el agua m\u00e1s limpia. Elija el di\u00e1metro, la longitud y la clasificaci\u00f3n en micras que necesite y, a continuaci\u00f3n, adapte el estilo del conector para que se adapte a su sistema sin problemas.<\/p>","protected":false},"featured_media":2176,"comment_status":"open","ping_status":"closed","template":"","meta":{"_gspb_post_css":""},"product_brand":[],"product_cat":[17,22],"product_tag":[919,917,918,915,914,916],"class_list":{"0":"post-2169","1":"product","2":"type-product","3":"status-publish","4":"has-post-thumbnail","6":"product_cat-sediment-filter","7":"product_cat-sintered-filter-cartridge","8":"product_tag-222-226-215-connectors","9":"product_tag-5-micron-pe-tube-filter","10":"product_tag-oem-pe-filter-element","11":"product_tag-porous-pe-tube-filter","12":"product_tag-sintered-pe-filter","13":"product_tag-swimming-pool-water-treatment-filter","15":"first","16":"instock","17":"shipping-taxable","18":"product-type-simple"},"_links":{"self":[{"href":"https:\/\/lyfilter.com\/es\/wp-json\/wp\/v2\/product\/2169","targetHints":{"allow":["GET"]}}],"collection":[{"href":"https:\/\/lyfilter.com\/es\/wp-json\/wp\/v2\/product"}],"about":[{"href":"https:\/\/lyfilter.com\/es\/wp-json\/wp\/v2\/types\/product"}],"replies":[{"embeddable":true,"href":"https:\/\/lyfilter.com\/es\/wp-json\/wp\/v2\/comments?post=2169"}],"wp:featuredmedia":[{"embeddable":true,"href":"https:\/\/lyfilter.com\/es\/wp-json\/wp\/v2\/media\/2176"}],"wp:attachment":[{"href":"https:\/\/lyfilter.com\/es\/wp-json\/wp\/v2\/media?parent=2169"}],"wp:term":[{"taxonomy":"product_brand","embeddable":true,"href":"https:\/\/lyfilter.com\/es\/wp-json\/wp\/v2\/product_brand?post=2169"},{"taxonomy":"product_cat","embeddable":true,"href":"https:\/\/lyfilter.com\/es\/wp-json\/wp\/v2\/product_cat?post=2169"},{"taxonomy":"product_tag","embeddable":true,"href":"https:\/\/lyfilter.com\/es\/wp-json\/wp\/v2\/product_tag?post=2169"}],"curies":[{"name":"wp","href":"https:\/\/api.w.org\/{rel}","templated":true}]}}