{"id":2162,"date":"2026-01-06T08:48:32","date_gmt":"2026-01-06T08:48:32","guid":{"rendered":"https:\/\/lyfilter.com\/?post_type=product&#038;p=2162"},"modified":"2026-01-06T08:48:33","modified_gmt":"2026-01-06T08:48:33","slug":"best-price-20-40-inch-ppf-water-filter-cartridge-5-micron-40-inch-1-micron-pp-water-filter-candle","status":"publish","type":"product","link":"https:\/\/lyfilter.com\/es\/best-price-20-40-inch-ppf-water-filter-cartridge-5-micron-40-inch-1-micron-pp-water-filter-candle\/","title":{"rendered":"Mejor precio 20 40 pulgadas ppf agua filtro cartucho 5 micras\/40 pulgadas 1 micra pp agua filtro vela"},"content":{"rendered":"<table>\n<thead>\n<tr>\n<th>art\u00edculo<\/th>\n<th>detalles<\/th>\n<\/tr>\n<\/thead>\n<tbody>\n<tr>\n<td>lugar de origen<\/td>\n<td>guangdong, china<\/td>\n<\/tr>\n<tr>\n<td>marca<\/td>\n<td>lvyuan \/ oem<\/td>\n<\/tr>\n<tr>\n<td>n\u00famero de modelo<\/td>\n<td>ly-pp<\/td>\n<\/tr>\n<tr>\n<td>potencia (w)<\/td>\n<td>0<\/td>\n<\/tr>\n<tr>\n<td>tensi\u00f3n (v)<\/td>\n<td>0<\/td>\n<\/tr>\n<tr>\n<td>certificaci\u00f3n<\/td>\n<td>ce; gs; rohs; bv<\/td>\n<\/tr>\n<tr>\n<td>tipo<\/td>\n<td>prefiltraci\u00f3n<\/td>\n<\/tr>\n<tr>\n<td>utilice<\/td>\n<td>carcasa del filtro de seguridad<\/td>\n<\/tr>\n<tr>\n<td>precisi\u00f3n<\/td>\n<td>1-100 micras<\/td>\n<\/tr>\n<tr>\n<td>longitud<\/td>\n<td>10\u2033 (254 mm); 20\u2033 (508 mm); 30\u2033 (762 mm); 40\u2033 (1016 mm)<\/td>\n<\/tr>\n<tr>\n<td>di\u00e1metro exterior<\/td>\n<td>60-65 mm<\/td>\n<\/tr>\n<tr>\n<td>di\u00e1metro interior<\/td>\n<td>28 mm \/ 30 mm<\/td>\n<\/tr>\n<tr>\n<td>tipo de filtro<\/td>\n<td>ranura; relieve; puntos; logotipo de la empresa<\/td>\n<\/tr>\n<tr>\n<td>interfaz de filtro<\/td>\n<td>tipo plano; tipo 222; tipo 226; tipo 215<\/td>\n<\/tr>\n<tr>\n<td>temperatura m\u00e1xima<\/td>\n<td>80\u2103<\/td>\n<\/tr>\n<tr>\n<td>ca\u00edda de presi\u00f3n de trabajo<\/td>\n<td>0,1 kgf\/c\u33a1<\/td>\n<\/tr>\n<tr>\n<td>confinado m\u00e1s alto<\/td>\n<td>5 kgf\/c\u33a1<\/td>\n<\/tr>\n<tr>\n<td>ca\u00edda de presi\u00f3n m\u00e1xima<\/td>\n<td>3 kgf\/c\u33a1<\/td>\n<\/tr>\n<tr>\n<td>capacidad de suministro<\/td>\n<td>1000 piezas\/piezas al d\u00eda<\/td>\n<\/tr>\n<\/tbody>\n<\/table>\n<div class=\"pro_aliData\">\n<div class=\"detail-box\">\n<div class=\"scc-wrapper detail-module module-productSpecification\" data-spm=\"pronpeci14\">\n<div id=\"J-rich-text-description\" class=\"richtext richtext-detail rich-text-description\">\n<p>Introducci\u00f3n:<\/p>\n<p>El cartucho filtrante PP fundido-soplado (PPF) est\u00e1 fabricado con material de polipropileno.<\/p>\n<p>Puede eliminar eficazmente sustancias en suspensi\u00f3n, part\u00edculas y \u00f3xido.<\/p>\n<p>Este tipo de cartucho se utiliza para el cartucho de filtro frontal para proteger a los dem\u00e1s.<\/p>\n<p>&nbsp;<\/p>\n<p>&nbsp;<\/p>\n<p>&nbsp;<\/p>\n<p>&nbsp;<\/p>\n<p>Par\u00e1metros:<\/p>\n<div class=\"table-responsive\">\n<table class=\"aliDataTable\">\n<tbody>\n<tr align=\"left\">\n<td valign=\"top\">Producto<\/td>\n<td valign=\"top\">Cartucho filtrante de polipropileno hilado de 5 micras con n\u00facleo de PP<\/td>\n<\/tr>\n<tr align=\"left\">\n<td valign=\"top\">Material<\/td>\n<td valign=\"top\">PP, polipropileno<\/td>\n<\/tr>\n<tr align=\"left\">\n<td valign=\"top\">Estilo<\/td>\n<td valign=\"top\">Ranura, Puntos de presi\u00f3n, Plano, Entrecruzamiento<\/td>\n<\/tr>\n<tr align=\"left\">\n<td valign=\"top\">Filtraci\u00f3n de precisi\u00f3n<\/td>\n<td valign=\"top\">1~100 micras<\/td>\n<\/tr>\n<tr align=\"left\">\n<td valign=\"top\">Di\u00e1metro exterior<\/td>\n<td valign=\"top\">60~65mm<\/td>\n<\/tr>\n<tr align=\"left\">\n<td valign=\"top\">Di\u00e1metro interior<\/td>\n<td valign=\"top\">28 mm o 30 mm<\/td>\n<\/tr>\n<tr align=\"left\">\n<td valign=\"top\">Interfaz<\/td>\n<td valign=\"top\">Plano, inserto, atornillado<\/td>\n<\/tr>\n<tr align=\"left\">\n<td valign=\"top\">Tipo de tapa<\/td>\n<td valign=\"top\">222plana, 222aleta, 226plana, 226aleta, 215plana, 215aleta<\/td>\n<\/tr>\n<tr align=\"left\">\n<td valign=\"top\">Longitud<\/td>\n<td valign=\"top\">5\u201d,10\u201d,20\u201d,30\u201d,40\u201d,50\u2033, 60\u2033<\/td>\n<\/tr>\n<tr align=\"left\">\n<td valign=\"top\">Presi\u00f3n diferencial m\u00e1xima<\/td>\n<td valign=\"top\">3 kgf\/cm\u00b2<\/td>\n<\/tr>\n<tr align=\"left\">\n<td valign=\"top\">Temperatura m\u00e1xima de funcionamiento<\/td>\n<td valign=\"top\">80\u00b0c<\/td>\n<\/tr>\n<tr align=\"left\">\n<td valign=\"top\">Presi\u00f3n diferencial de funcionamiento<\/td>\n<td valign=\"top\">0,1kgf\/cm2<\/td>\n<\/tr>\n<tr align=\"left\">\n<td valign=\"top\">Marca<\/td>\n<td valign=\"top\">Lvyuan\/OEM<\/td>\n<\/tr>\n<tr align=\"left\">\n<td valign=\"top\">Peso com\u00fan<\/td>\n<td valign=\"top\">100- 120g\/10\u2033 (Se puede personalizar)<\/td>\n<\/tr>\n<\/tbody>\n<\/table>\n<\/div>\n<p>&nbsp;<\/p>\n<p>&nbsp;<\/p>\n<p>&nbsp;<\/p>\n<p>&nbsp;<\/p>\n<p>Caracter\u00edsticas :<\/p>\n<p>1. Mover eficazmente sustancias en suspensi\u00f3n, part\u00edculas y \u00f3xido.<\/p>\n<p>2. Prefiltraci\u00f3n de agua<\/p>\n<p>3. Amplia compatibilidad qu\u00edmica<\/p>\n<p>4. A prueba de presi\u00f3n<\/p>\n<p>5. Alta resistencia qu\u00edmica.<\/p>\n<p>6. Disponemos de todo tipo de adaptadores<\/p>\n<p>7. Alta capacidad de retenci\u00f3n de contaminantes y larga vida \u00fatil.<\/p>\n<p>&nbsp;<\/p>\n<p>&nbsp;<\/p>\n<p>&nbsp;<\/p>\n<p>&nbsp;<\/p>\n<p>Alcance:<\/p>\n<p>Prefiltraci\u00f3n o sistema RO, disolvente, industria qu\u00edmica, industria petrolera,<\/p>\n<p>tratamiento de agua potable, industrias electr\u00f3nica y energ\u00e9tica, galvanoplastia,<\/p>\n<p>comida y bebida, vino, ect.<\/p>\n<p>&nbsp;<\/p>\n<p>&nbsp;<\/p>\n<p>&nbsp;<\/p>\n<p>Detalle de embalaje: 10\u2033:50PCS\/CTN; 20\u2033:25PCS\/CTN; 30\u2033:25PC\/CTN;40\u2033:25PCS\/CTN<\/p>\n<p>Detalle de entrega: Dentro de 7 d\u00edas despu\u00e9s de recibir el dep\u00f3sito 30%.<\/p>\n<p>&nbsp;<\/p>\n<p>&nbsp;<\/p>\n<p>&nbsp;<\/p>\n<p>&nbsp;<\/p>\n<p>&nbsp;<\/p>\n<p>Muestra de productos:<\/p>\n<p><img decoding=\"async\" src=\"https:\/\/img.yfisher.com\/m6076\/1725731201we9\/jpg70-t3-scale100.webp\" alt=\"Mejor precio 20 40 pulgadas ppf agua filtro cartucho 5 micras\/40 pulgadas 1 micra pp agua filtro vela 7\" data-alt=\"Best price 20 40 inch ppf water filter cartridge 5 micron\/40 inch 1 micron pp water filter candle\" data-=\"\" data-lazy=\"2\" title=\"\"><\/p>\n<p><img decoding=\"async\" src=\"https:\/\/img.yfisher.com\/m6076\/1725727044jk0\/jpg70-t3-scale100.webp\" alt=\"Mejor precio 20 40 pulgadas ppf agua filtro cartucho 5 micras\/40 pulgadas 1 micra pp agua filtro vela 9\" data-alt=\"Best price 20 40 inch ppf water filter cartridge 5 micron\/40 inch 1 micron pp water filter candle\" data-=\"\" data-lazy=\"2\" title=\"\"><\/p>\n<p><img decoding=\"async\" src=\"https:\/\/img.yfisher.com\/m6076\/1725727044ad0\/jpg70-t3-scale100.webp\" alt=\"Mejor precio 20 40 pulgadas ppf agua filtro cartucho 5 micras\/40 pulgadas 1 micra pp agua filtro vela 11\" data-alt=\"Best price 20 40 inch ppf water filter cartridge 5 micron\/40 inch 1 micron pp water filter candle\" data-=\"\" data-lazy=\"2\" title=\"\"><\/p>\n<p><img decoding=\"async\" src=\"https:\/\/img.yfisher.com\/m6076\/1725727044yry\/jpg70-t3-scale100.webp\" alt=\"Mejor precio 20 40 pulgadas ppf agua filtro cartucho 5 micras\/40 pulgadas 1 micra pp agua filtro vela 13\" data-alt=\"Best price 20 40 inch ppf water filter cartridge 5 micron\/40 inch 1 micron pp water filter candle\" data-=\"\" data-lazy=\"2\" title=\"\"><\/p>\n<p><img decoding=\"async\" src=\"https:\/\/img.yfisher.com\/m6076\/17257312014p8\/jpg70-t3-scale100.webp\" alt=\"Mejor precio 20 40 pulgadas ppf cartucho de filtro de agua 5 micras\/40 pulgadas 1 micra pp filtro de agua vela 15\" data-alt=\"Best price 20 40 inch ppf water filter cartridge 5 micron\/40 inch 1 micron pp water filter candle\" data-=\"\" data-lazy=\"2\" title=\"\"><\/p>\n<p><img decoding=\"async\" src=\"https:\/\/img.yfisher.com\/m6076\/17257270449f1\/jpg70-t3-scale100.webp\" alt=\"Mejor precio 20 40 pulgadas ppf cartucho de filtro de agua 5 micras\/40 pulgadas 1 micra pp filtro de agua vela 17\" data-alt=\"Best price 20 40 inch ppf water filter cartridge 5 micron\/40 inch 1 micron pp water filter candle\" data-=\"\" data-lazy=\"2\" title=\"\"><\/p>\n<p><img decoding=\"async\" src=\"https:\/\/img.yfisher.com\/m6076\/1725727044bwm\/jpg70-t3-scale100.webp\" alt=\"Mejor precio 20 40 pulgadas ppf agua filtro cartucho 5 micras\/40 pulgadas 1 micra pp agua filtro vela 19\" data-alt=\"Best price 20 40 inch ppf water filter cartridge 5 micron\/40 inch 1 micron pp water filter candle\" data-=\"\" data-lazy=\"2\" title=\"\"><\/p>\n<p>&nbsp;<\/p>\n<p>&nbsp;<\/p>\n<p>&nbsp;<\/p>\n<p>&nbsp;<\/p>\n<p>No dude en ponerse en contacto con nosotros para obtener m\u00e1s informaci\u00f3n o presupuestos.<\/p>\n<p>si est\u00e1 interesado en nuestros productos o en nuestra empresa. : )<\/p>\n<p>&nbsp;<\/p>\n<p>&nbsp;<\/p>\n<p>&nbsp;<\/p>\n<p><strong>Mi informaci\u00f3n de contacto --<\/strong><\/p>\n<p><img decoding=\"async\" src=\"https:\/\/img.yfisher.com\/m6076\/172572799710g\/jpg70-t3-scale100.webp\" alt=\"Mejor precio 20 40 pulgadas ppf agua filtro cartucho 5 micras\/40 pulgadas 1 micra pp agua filtro vela 21\" data-alt=\"Best price 20 40 inch ppf water filter cartridge 5 micron\/40 inch 1 micron pp water filter candle\" data-=\"\" data-lazy=\"2\" title=\"\"><\/p>\n<\/div>\n<\/div>\n<div data-module=\"detailMarketPackage\"><\/div>\n<div data-module=\"productAuth\"><\/div>\n<\/div>\n<\/div>\n<div class=\"diffStatement\">En comparaci\u00f3n con otros\u00a0<a href=\"https:\/\/lyfilter.com\/es\/products.html\/\">cartuchos de filtro de agua<\/a>\u00a0Guangzhou Lvyuan Water Purification Equipment Co., Ltd. es m\u00e1s t\u00e9cnica, m\u00e1s consciente del valor y tiene un gran n\u00famero de destacados talentos de I + D. Guangzhou Lvyuan Water Purification Equipment Co., Ltd. tiene m\u00e1s ventajas en los cartuchos de filtro de agua que otros en China. Las configuraciones personalizadas de la tapa est\u00e1n disponibles para adaptarse a requisitos espec\u00edficos.<\/div>","protected":false},"excerpt":{"rendered":"<p>Elija la longitud que necesite, adapte la interfaz adecuada y a\u00f1ada un acabado ranurado\/gofrado o su logotipo para una sustituci\u00f3n f\u00e1cil y coherente.<\/p>","protected":false},"featured_media":2170,"comment_status":"open","ping_status":"closed","template":"","meta":{"_gspb_post_css":""},"product_brand":[],"product_cat":[23,17],"product_tag":[910,911,909,669,913,912],"class_list":{"0":"post-2162","1":"product","2":"type-product","3":"status-publish","4":"has-post-thumbnail","6":"product_cat-pp-filter-cartridge","7":"product_cat-sediment-filter","8":"product_tag-1-100-micron-pre-filtration","9":"product_tag-10-40-inch-pp-cartridge","10":"product_tag-ly-pp-filter-cartridge","11":"product_tag-pp-sediment-filter-cartridge","12":"product_tag-security-filter-housing-prefilter","13":"product_tag-type-222-226-215-interface","15":"first","16":"instock","17":"shipping-taxable","18":"product-type-simple"},"_links":{"self":[{"href":"https:\/\/lyfilter.com\/es\/wp-json\/wp\/v2\/product\/2162","targetHints":{"allow":["GET"]}}],"collection":[{"href":"https:\/\/lyfilter.com\/es\/wp-json\/wp\/v2\/product"}],"about":[{"href":"https:\/\/lyfilter.com\/es\/wp-json\/wp\/v2\/types\/product"}],"replies":[{"embeddable":true,"href":"https:\/\/lyfilter.com\/es\/wp-json\/wp\/v2\/comments?post=2162"}],"wp:featuredmedia":[{"embeddable":true,"href":"https:\/\/lyfilter.com\/es\/wp-json\/wp\/v2\/media\/2170"}],"wp:attachment":[{"href":"https:\/\/lyfilter.com\/es\/wp-json\/wp\/v2\/media?parent=2162"}],"wp:term":[{"taxonomy":"product_brand","embeddable":true,"href":"https:\/\/lyfilter.com\/es\/wp-json\/wp\/v2\/product_brand?post=2162"},{"taxonomy":"product_cat","embeddable":true,"href":"https:\/\/lyfilter.com\/es\/wp-json\/wp\/v2\/product_cat?post=2162"},{"taxonomy":"product_tag","embeddable":true,"href":"https:\/\/lyfilter.com\/es\/wp-json\/wp\/v2\/product_tag?post=2162"}],"curies":[{"name":"wp","href":"https:\/\/api.w.org\/{rel}","templated":true}]}}