{"id":2155,"date":"2026-01-06T08:46:08","date_gmt":"2026-01-06T08:46:08","guid":{"rendered":"https:\/\/lyfilter.com\/?post_type=product&#038;p=2155"},"modified":"2026-01-06T08:46:08","modified_gmt":"2026-01-06T08:46:08","slug":"various-dimension-micropore-water-filter-pp-sediment-cartridge-for-liquid-purification","status":"publish","type":"product","link":"https:\/\/lyfilter.com\/es\/various-dimension-micropore-water-filter-pp-sediment-cartridge-for-liquid-purification\/","title":{"rendered":"Varias dimensiones micropore filtro de agua PP cartucho de sedimentos para la purificaci\u00f3n de l\u00edquidos"},"content":{"rendered":"<table>\n<thead>\n<tr>\n<th>art\u00edculo<\/th>\n<th>detalles<\/th>\n<\/tr>\n<\/thead>\n<tbody>\n<tr>\n<td>condici\u00f3n<\/td>\n<td>nuevo<\/td>\n<\/tr>\n<tr>\n<td>sectores aplicables<\/td>\n<td>hoteles; tiendas de ropa; tiendas de materiales de construcci\u00f3n; planta de fabricaci\u00f3n; talleres de reparaci\u00f3n de maquinaria; f\u00e1brica de alimentos y bebidas; granjas; restaurante; uso dom\u00e9stico; venta al por menor; tienda de alimentaci\u00f3n; imprentas; obras de construcci\u00f3n; energ\u00eda y miner\u00eda; tiendas de alimentos y bebidas; empresa de publicidad.<\/td>\n<\/tr>\n<tr>\n<td>lugar de origen<\/td>\n<td>guangdong, china<\/td>\n<\/tr>\n<tr>\n<td>marca<\/td>\n<td>lvyuan \/ oem<\/td>\n<\/tr>\n<tr>\n<td>material<\/td>\n<td>cart\u00f3n<\/td>\n<\/tr>\n<tr>\n<td>peso<\/td>\n<td>depende<\/td>\n<\/tr>\n<tr>\n<td>talla<\/td>\n<td>como petici\u00f3n<\/td>\n<\/tr>\n<tr>\n<td>potencia<\/td>\n<td>0<\/td>\n<\/tr>\n<tr>\n<td>garant\u00eda<\/td>\n<td>no disponible<\/td>\n<\/tr>\n<tr>\n<td>nombre del producto<\/td>\n<td>cartucho filtrante de pp soplado por fusi\u00f3n<\/td>\n<\/tr>\n<tr>\n<td>tasa de micras<\/td>\n<td>1, 3, 5, 10 micras<\/td>\n<\/tr>\n<tr>\n<td>certificaci\u00f3n<\/td>\n<td>ce; sgs<\/td>\n<\/tr>\n<tr>\n<td>aplicaci\u00f3n<\/td>\n<td>piezas de filtros de agua; \u00f3smosis inversa (ro)<\/td>\n<\/tr>\n<tr>\n<td>uso<\/td>\n<td>filtro de cartucho de l\u00edquido<\/td>\n<\/tr>\n<tr>\n<td>medios filtrantes<\/td>\n<td>membrana de polipropileno (pp)<\/td>\n<\/tr>\n<tr>\n<td>longitud<\/td>\n<td>5\u2033, 10\u2033, 20\u2033, 30\u2033, 40\u2033, 50\u2033 pulgadas<\/td>\n<\/tr>\n<tr>\n<td>opciones de tapas<\/td>\n<td>doe; 222 + aleta; 222 + plano; 226 + aleta; 226 + plano<\/td>\n<\/tr>\n<tr>\n<td>material de la junta t\u00f3rica<\/td>\n<td>silicona; epdm; viton<\/td>\n<\/tr>\n<tr>\n<td>n\u00facleo interno<\/td>\n<td>pp o ninguno<\/td>\n<\/tr>\n<tr>\n<td>servicio posventa<\/td>\n<td>asistencia en l\u00ednea<\/td>\n<\/tr>\n<tr>\n<td>capacidad de suministro<\/td>\n<td>5000 piezas\/piezas al d\u00eda (filtro de agua microporoso)<\/td>\n<\/tr>\n<\/tbody>\n<\/table>","protected":false},"excerpt":{"rendered":"<p>Obtendr\u00e1 un cartucho de pp fundido soplado fiable que ayuda a atrapar los sedimentos finos y a proteger su sistema de ro o agua. Elija las clasificaciones de 1-10 micras, la longitud correcta y el estilo de tapa final que coincida con su carcasa.<\/p>","protected":false},"featured_media":2163,"comment_status":"open","ping_status":"closed","template":"","meta":{"_gspb_post_css":""},"product_brand":[],"product_cat":[23,17],"product_tag":[905,908,683,661,907,871],"class_list":{"0":"post-2155","1":"product","2":"type-product","3":"status-publish","4":"has-post-thumbnail","6":"product_cat-pp-filter-cartridge","7":"product_cat-sediment-filter","8":"product_tag-1-10-micron-sediment-filter","9":"product_tag-ce-sgs-certified-filter","10":"product_tag-doe-222-226-end-caps","11":"product_tag-melt-blown-pp-filter-cartridge","12":"product_tag-polypropylene-pp-cartridge","13":"product_tag-ro-water-filter-cartridge","15":"first","16":"instock","17":"shipping-taxable","18":"product-type-simple"},"_links":{"self":[{"href":"https:\/\/lyfilter.com\/es\/wp-json\/wp\/v2\/product\/2155","targetHints":{"allow":["GET"]}}],"collection":[{"href":"https:\/\/lyfilter.com\/es\/wp-json\/wp\/v2\/product"}],"about":[{"href":"https:\/\/lyfilter.com\/es\/wp-json\/wp\/v2\/types\/product"}],"replies":[{"embeddable":true,"href":"https:\/\/lyfilter.com\/es\/wp-json\/wp\/v2\/comments?post=2155"}],"wp:featuredmedia":[{"embeddable":true,"href":"https:\/\/lyfilter.com\/es\/wp-json\/wp\/v2\/media\/2163"}],"wp:attachment":[{"href":"https:\/\/lyfilter.com\/es\/wp-json\/wp\/v2\/media?parent=2155"}],"wp:term":[{"taxonomy":"product_brand","embeddable":true,"href":"https:\/\/lyfilter.com\/es\/wp-json\/wp\/v2\/product_brand?post=2155"},{"taxonomy":"product_cat","embeddable":true,"href":"https:\/\/lyfilter.com\/es\/wp-json\/wp\/v2\/product_cat?post=2155"},{"taxonomy":"product_tag","embeddable":true,"href":"https:\/\/lyfilter.com\/es\/wp-json\/wp\/v2\/product_tag?post=2155"}],"curies":[{"name":"wp","href":"https:\/\/api.w.org\/{rel}","templated":true}]}}