{"id":2148,"date":"2026-01-06T08:41:16","date_gmt":"2026-01-06T08:41:16","guid":{"rendered":"https:\/\/lyfilter.com\/?post_type=product&#038;p=2148"},"modified":"2026-01-06T08:41:16","modified_gmt":"2026-01-06T08:41:16","slug":"replacement-water-filter-housing-cartridge-for-pre-filtration","status":"publish","type":"product","link":"https:\/\/lyfilter.com\/es\/replacement-water-filter-housing-cartridge-for-pre-filtration\/","title":{"rendered":"Cartucho de recambio de la carcasa del filtro de agua para Prefiltraci\u00f3n"},"content":{"rendered":"<table>\n<thead>\n<tr>\n<th>art\u00edculo<\/th>\n<th>detalles<\/th>\n<\/tr>\n<\/thead>\n<tbody>\n<tr>\n<td>lugar de origen<\/td>\n<td>guangdong, china<\/td>\n<\/tr>\n<tr>\n<td>marca<\/td>\n<td>lvyuan \/ oem<\/td>\n<\/tr>\n<tr>\n<td>n\u00famero de modelo<\/td>\n<td>serie ly-ppf<\/td>\n<\/tr>\n<tr>\n<td>nombre del producto<\/td>\n<td>cartucho de la carcasa del filtro de agua<\/td>\n<\/tr>\n<tr>\n<td>tasa de micras<\/td>\n<td>1, 3, 5, 10 micras<\/td>\n<\/tr>\n<tr>\n<td>certificaci\u00f3n<\/td>\n<td>ce; sgs<\/td>\n<\/tr>\n<tr>\n<td>aplicaci\u00f3n<\/td>\n<td>piezas de filtros de agua; \u00f3smosis inversa (ro)<\/td>\n<\/tr>\n<tr>\n<td>uso<\/td>\n<td>filtro de cartucho de l\u00edquido<\/td>\n<\/tr>\n<tr>\n<td>medios filtrantes<\/td>\n<td>membrana de polipropileno (pp)<\/td>\n<\/tr>\n<tr>\n<td>longitud<\/td>\n<td>5\u2033, 10\u2033, 20\u2033, 30\u2033, 40\u2033, 50\u2033 pulgadas<\/td>\n<\/tr>\n<tr>\n<td>opciones de tapas<\/td>\n<td>doe; 222 + aleta; 222 + plano; 226 + aleta; 226 + plano<\/td>\n<\/tr>\n<tr>\n<td>material de la junta t\u00f3rica<\/td>\n<td>silicona; epdm; viton<\/td>\n<\/tr>\n<tr>\n<td>n\u00facleo interno<\/td>\n<td>pp o ninguno<\/td>\n<\/tr>\n<tr>\n<td>capacidad de suministro<\/td>\n<td>5000 piezas\/piezas al d\u00eda (cartucho de la carcasa del filtro de agua)<\/td>\n<\/tr>\n<\/tbody>\n<\/table>","protected":false},"excerpt":{"rendered":"<p>Obtendr\u00e1 un cartucho fiable para carcasas de filtros de agua que le ayudar\u00e1 a reducir los sedimentos y a mantener su sistema de agua funcionando sin problemas. Elija la clasificaci\u00f3n de micras, la longitud y el estilo de la tapa para que se adapte a su carcasa sin conjeturas.<\/p>","protected":false},"featured_media":2161,"comment_status":"open","ping_status":"closed","template":"","meta":{"_gspb_post_css":""},"product_brand":[],"product_cat":[23,17],"product_tag":[905,683,894,906,826,775],"class_list":{"0":"post-2148","1":"product","2":"type-product","3":"status-publish","4":"has-post-thumbnail","6":"product_cat-pp-filter-cartridge","7":"product_cat-sediment-filter","8":"product_tag-1-10-micron-sediment-filter","9":"product_tag-doe-222-226-end-caps","10":"product_tag-ly-ppf-filter-cartridge","11":"product_tag-polypropylene-pp-membrane","12":"product_tag-ro-water-filter-parts","13":"product_tag-water-filter-housing-cartridge","15":"first","16":"instock","17":"shipping-taxable","18":"product-type-simple"},"_links":{"self":[{"href":"https:\/\/lyfilter.com\/es\/wp-json\/wp\/v2\/product\/2148","targetHints":{"allow":["GET"]}}],"collection":[{"href":"https:\/\/lyfilter.com\/es\/wp-json\/wp\/v2\/product"}],"about":[{"href":"https:\/\/lyfilter.com\/es\/wp-json\/wp\/v2\/types\/product"}],"replies":[{"embeddable":true,"href":"https:\/\/lyfilter.com\/es\/wp-json\/wp\/v2\/comments?post=2148"}],"wp:featuredmedia":[{"embeddable":true,"href":"https:\/\/lyfilter.com\/es\/wp-json\/wp\/v2\/media\/2161"}],"wp:attachment":[{"href":"https:\/\/lyfilter.com\/es\/wp-json\/wp\/v2\/media?parent=2148"}],"wp:term":[{"taxonomy":"product_brand","embeddable":true,"href":"https:\/\/lyfilter.com\/es\/wp-json\/wp\/v2\/product_brand?post=2148"},{"taxonomy":"product_cat","embeddable":true,"href":"https:\/\/lyfilter.com\/es\/wp-json\/wp\/v2\/product_cat?post=2148"},{"taxonomy":"product_tag","embeddable":true,"href":"https:\/\/lyfilter.com\/es\/wp-json\/wp\/v2\/product_tag?post=2148"}],"curies":[{"name":"wp","href":"https:\/\/api.w.org\/{rel}","templated":true}]}}