{"id":2141,"date":"2026-01-06T08:38:36","date_gmt":"2026-01-06T08:38:36","guid":{"rendered":"https:\/\/lyfilter.com\/?post_type=product&#038;p=2141"},"modified":"2026-01-06T08:38:36","modified_gmt":"2026-01-06T08:38:36","slug":"pp-cto-udf-water-micro-filter-cartridge-for-reverse-osmosis","status":"publish","type":"product","link":"https:\/\/lyfilter.com\/es\/pp-cto-udf-water-micro-filter-cartridge-for-reverse-osmosis\/","title":{"rendered":"PP CTO UDF Agua Micro Cartucho de filtro para \u00f3smosis inversa"},"content":{"rendered":"<p><strong>PP CTO UDF Agua Micro Filtro Cartucho Descripci\u00f3n del producto<\/strong><\/p>\n<p>&nbsp;<\/p>\n<p>El PP, el CTO y el UDF son los componentes clave del cartucho filtrante de agua.\u00a0\u00a0<strong>Filtro de agua de PP (polipropileno)<\/strong>\u00a0a menudo la primera etapa, es una malla de fibra hilada que atrapa las part\u00edculas m\u00e1s grandes como \u00f3xido, arena y residuos con tama\u00f1os de poro t\u00edpicamente entre 3-5 micras.\u00a0<strong>Filtro CTO (bloque de carb\u00f3n comprimido)<\/strong>, La segunda o tercera etapa es un cartucho de carb\u00f3n activado densamente empaquetado. Elimina eficazmente el cloro, los malos sabores, los olores y los poros finos tambi\u00e9n capturan impurezas diminutas.\u00a0<strong>Filtro UDF (carb\u00f3n activado granular)<\/strong>, El UDF, que puede colocarse antes o despu\u00e9s del CTO en funci\u00f3n del dise\u00f1o del sistema, utiliza gr\u00e1nulos de carb\u00f3n sueltos para adsorber los contaminantes y refinar a\u00fan m\u00e1s el agua eliminando las impurezas y olores restantes. A diferencia del CTO, el UDF puede tener caudales ligeramente m\u00e1s r\u00e1pidos pero una filtraci\u00f3n potencialmente menos consistente debido al movimiento de las part\u00edculas de carb\u00f3n. El uso de estos filtros PP UDF CTO puede filtrar eficazmente los contaminantes, mejorar la calidad del agua y garantizar un consumo seguro.<\/p>\n<p>&nbsp;<\/p>\n<table class=\"aliDataTable\">\n<tbody>\n<tr class=\"firstRow\">\n<td>\n<div><strong>Producto<\/strong><\/div>\n<\/td>\n<td>\n<div>Cartucho filtrante de sedimentos de PP UDF fundido y soplado<\/div>\n<\/td>\n<\/tr>\n<tr>\n<td>\n<div><strong>Longitud<\/strong><\/div>\n<\/td>\n<td>\n<div>5\u2033, 10\u2033, 20\u2033, 30\u2033, 40\u2033, 50\u201d, 60\u201d pulgadas<\/div>\n<\/td>\n<\/tr>\n<tr>\n<td>\n<div><strong>Tasa de micras<\/strong><\/div>\n<\/td>\n<td>\n<div>1~100 micras a medida, especialmente 1, 3, 5, 10 micras<\/div>\n<\/td>\n<\/tr>\n<tr>\n<td>\n<div><strong>Tapa<\/strong><\/div>\n<\/td>\n<td>\n<div>DOE, 222+Fin, 222+Piso, 226+Fin, 226+Piso<\/div>\n<\/td>\n<\/tr>\n<tr>\n<td>\n<div><strong>Di\u00e1metro interior<\/strong><\/div>\n<\/td>\n<td>\n<div>28~30mm<\/div>\n<\/td>\n<\/tr>\n<tr>\n<td>\n<div><strong>Di\u00e1metro exterior<\/strong><\/div>\n<\/td>\n<td>\n<div>60~65mm, Jumbo 110~115mm<\/div>\n<\/td>\n<\/tr>\n<tr>\n<td>\n<div><strong>Material de la junta\/anillo<\/strong><\/div>\n<\/td>\n<td>\n<div>Silicio\/EPDM\/NBR\/Vit\u00f3n<\/div>\n<\/td>\n<\/tr>\n<tr>\n<td>\n<div><strong>Material<\/strong><\/div>\n<\/td>\n<td>\n<div>PP \/ polipropileno<\/div>\n<\/td>\n<\/tr>\n<tr>\n<td>\n<div><strong>Estilo<\/strong><\/div>\n<\/td>\n<td>\n<div>Ranura, Puntos de presi\u00f3n, Plano, Entrecruzamiento<\/div>\n<\/td>\n<\/tr>\n<tr>\n<td>\n<div><strong>N\u00facleo interno<\/strong><\/div>\n<\/td>\n<td>\n<div>PP o Ninguno<\/div>\n<\/td>\n<\/tr>\n<tr>\n<td>\n<div><strong>Interfaz<\/strong><\/div>\n<\/td>\n<td>\n<div>Plano, inserto<\/div>\n<\/td>\n<\/tr>\n<tr>\n<td>\n<div><strong>Presi\u00f3n diferencial m\u00e1xima<\/strong><\/div>\n<\/td>\n<td>\n<div>3 kgf\/cm\u00b2<\/div>\n<\/td>\n<\/tr>\n<tr>\n<td>\n<div><strong>Temperatura m\u00e1xima de funcionamiento<\/strong><\/div>\n<\/td>\n<td>\n<div>80\u00b0c<\/div>\n<\/td>\n<\/tr>\n<tr>\n<td>\n<div><strong>Presi\u00f3n diferencial de funcionamiento<\/strong><\/div>\n<\/td>\n<td>\n<div>0,1kgf\/cm2<\/div>\n<\/td>\n<\/tr>\n<tr>\n<td>\n<div><strong>Peso com\u00fan<\/strong><\/div>\n<\/td>\n<td>\n<div>100- 120g\/10\u2033 (Se puede personalizar)<\/div>\n<\/td>\n<\/tr>\n<\/tbody>\n<\/table>","protected":false},"excerpt":{"rendered":"<table>\n<thead>\n<tr>\n<th>art\u00edculo<\/th>\n<th>detalles<\/th>\n<\/tr>\n<\/thead>\n<tbody>\n<tr>\n<td>marca<\/td>\n<td>oem \/ personalizado<\/td>\n<\/tr>\n<tr>\n<td>modelo<\/td>\n<td>lvyuan-<\/td>\n<\/tr>\n<tr>\n<td>certificaci\u00f3n<\/td>\n<td>sgs<\/td>\n<\/tr>\n<tr>\n<td>puerto de inicio<\/td>\n<td>guangzhou<\/td>\n<\/tr>\n<tr>\n<td>lugar de origen<\/td>\n<td>guangzhou \/ shenzhen<\/td>\n<\/tr>\n<tr>\n<td>capacidad de producci\u00f3n<\/td>\n<td>10.000 unidades\/mes<\/td>\n<\/tr>\n<tr>\n<td>moq<\/td>\n<td>1 unidad<\/td>\n<\/tr>\n<tr>\n<td>plazo de entrega<\/td>\n<td>15-20 d\u00edas<\/td>\n<\/tr>\n<tr>\n<td>pago<\/td>\n<td>t\/t; western union; alibaba trade assurance<\/td>\n<\/tr>\n<\/tbody>\n<\/table>","protected":false},"featured_media":2149,"comment_status":"open","ping_status":"closed","template":"","meta":{"_gspb_post_css":""},"product_brand":[],"product_cat":[17,23],"product_tag":[903,904,286,285,902,302],"class_list":{"0":"post-2141","1":"product","2":"type-product","3":"status-publish","4":"has-post-thumbnail","6":"product_cat-sediment-filter","7":"product_cat-pp-filter-cartridge","8":"product_tag-10000-pcs-per-month-capacity","9":"product_tag-15-20-days-delivery","10":"product_tag-guangzhou-start-port","11":"product_tag-moq-1-pcs","12":"product_tag-oem-customized-filter-element","13":"product_tag-sgs-certified-filter","15":"first","16":"instock","17":"shipping-taxable","18":"product-type-simple"},"_links":{"self":[{"href":"https:\/\/lyfilter.com\/es\/wp-json\/wp\/v2\/product\/2141","targetHints":{"allow":["GET"]}}],"collection":[{"href":"https:\/\/lyfilter.com\/es\/wp-json\/wp\/v2\/product"}],"about":[{"href":"https:\/\/lyfilter.com\/es\/wp-json\/wp\/v2\/types\/product"}],"replies":[{"embeddable":true,"href":"https:\/\/lyfilter.com\/es\/wp-json\/wp\/v2\/comments?post=2141"}],"wp:featuredmedia":[{"embeddable":true,"href":"https:\/\/lyfilter.com\/es\/wp-json\/wp\/v2\/media\/2149"}],"wp:attachment":[{"href":"https:\/\/lyfilter.com\/es\/wp-json\/wp\/v2\/media?parent=2141"}],"wp:term":[{"taxonomy":"product_brand","embeddable":true,"href":"https:\/\/lyfilter.com\/es\/wp-json\/wp\/v2\/product_brand?post=2141"},{"taxonomy":"product_cat","embeddable":true,"href":"https:\/\/lyfilter.com\/es\/wp-json\/wp\/v2\/product_cat?post=2141"},{"taxonomy":"product_tag","embeddable":true,"href":"https:\/\/lyfilter.com\/es\/wp-json\/wp\/v2\/product_tag?post=2141"}],"curies":[{"name":"wp","href":"https:\/\/api.w.org\/{rel}","templated":true}]}}