{"id":2134,"date":"2026-01-06T08:35:27","date_gmt":"2026-01-06T08:35:27","guid":{"rendered":"https:\/\/lyfilter.com\/?post_type=product&#038;p=2134"},"modified":"2026-01-06T08:35:27","modified_gmt":"2026-01-06T08:35:27","slug":"10-20-inch-jumbo-big-pp-melt-blown-filter-making-machine-1-to-100-micron-cartridge","status":"publish","type":"product","link":"https:\/\/lyfilter.com\/es\/10-20-inch-jumbo-big-pp-melt-blown-filter-making-machine-1-to-100-micron-cartridge\/","title":{"rendered":"10 20 pulgadas Jumbo Big PP fundido soplado filtro que hace la m\u00e1quina 1 a 100 micras Cartucho"},"content":{"rendered":"<table>\n<thead>\n<tr>\n<th>art\u00edculo<\/th>\n<th>detalles<\/th>\n<\/tr>\n<\/thead>\n<tbody>\n<tr>\n<td>condici\u00f3n<\/td>\n<td>nuevo<\/td>\n<\/tr>\n<tr>\n<td>sectores aplicables<\/td>\n<td>hoteles; tiendas de ropa; tiendas de materiales de construcci\u00f3n; planta de fabricaci\u00f3n; talleres de reparaci\u00f3n de maquinaria; f\u00e1brica de alimentos y bebidas; granjas; restaurante; uso dom\u00e9stico; venta al por menor; tienda de alimentaci\u00f3n; imprentas; obras de construcci\u00f3n; energ\u00eda y miner\u00eda; tiendas de alimentos y bebidas; empresa de publicidad.<\/td>\n<\/tr>\n<tr>\n<td>lugar de origen<\/td>\n<td>guangdong, china<\/td>\n<\/tr>\n<tr>\n<td>marca<\/td>\n<td>lvyuan \/ oem<\/td>\n<\/tr>\n<tr>\n<td>material<\/td>\n<td>cart\u00f3n<\/td>\n<\/tr>\n<tr>\n<td>peso<\/td>\n<td>depende<\/td>\n<\/tr>\n<tr>\n<td>talla<\/td>\n<td>depende<\/td>\n<\/tr>\n<tr>\n<td>potencia<\/td>\n<td>0<\/td>\n<\/tr>\n<tr>\n<td>garant\u00eda<\/td>\n<td>no disponible<\/td>\n<\/tr>\n<tr>\n<td>servicio post garant\u00eda<\/td>\n<td>asistencia en l\u00ednea<\/td>\n<\/tr>\n<tr>\n<td>ubicaci\u00f3n del servicio local<\/td>\n<td>ninguno<\/td>\n<\/tr>\n<tr>\n<td>sala de exposiciones<\/td>\n<td>ninguno<\/td>\n<\/tr>\n<tr>\n<td>nombre del producto<\/td>\n<td>pp fundido soplado filtro que hace la m\u00e1quina<\/td>\n<\/tr>\n<tr>\n<td>tasa de micras (cartucho)<\/td>\n<td>1, 3, 5, 10, 20 micras<\/td>\n<\/tr>\n<tr>\n<td>certificaci\u00f3n<\/td>\n<td>ce; sgs<\/td>\n<\/tr>\n<tr>\n<td>aplicaci\u00f3n<\/td>\n<td>piezas de filtros de agua; \u00f3smosis inversa<\/td>\n<\/tr>\n<tr>\n<td>longitud (cartucho)<\/td>\n<td>5\u2033, 10\u2033, 20\u2033, 30\u2033, 40\u2033, 50\u2033 pulgadas<\/td>\n<\/tr>\n<tr>\n<td>medios filtrantes<\/td>\n<td>membrana de polipropileno (pp)<\/td>\n<\/tr>\n<tr>\n<td>opciones de tapas<\/td>\n<td>doe; 222 + aleta; 222 + plano; 226 + aleta; 226 + plano<\/td>\n<\/tr>\n<tr>\n<td>material de la junta t\u00f3rica<\/td>\n<td>silicona; epdm; viton<\/td>\n<\/tr>\n<tr>\n<td>uso<\/td>\n<td>filtro de cartucho de l\u00edquido<\/td>\n<\/tr>\n<tr>\n<td>n\u00facleo interno<\/td>\n<td>pp o ninguno<\/td>\n<\/tr>\n<tr>\n<td>unidades de venta<\/td>\n<td>art\u00edculo individual<\/td>\n<\/tr>\n<tr>\n<td>tama\u00f1o de envase individual<\/td>\n<td>55 \u00d7 15 \u00d7 15 cm<\/td>\n<\/tr>\n<tr>\n<td>peso bruto \u00fanico<\/td>\n<td>2.000 kg<\/td>\n<\/tr>\n<tr>\n<td>tipo de paquete<\/td>\n<td>10 pulgadas: 50pcs\/ctn 400\u00d7400\u00d7685mm; 20 pulgadas: 25pcs\/ctn 400\u00d7400\u00d7685mm; 30 pulgadas: 25pcs\/ctn 835\u00d7435\u00d7425mm; 40 pulgadas: 25pcs\/ctn 1100\u00d7395\u00d7400mm<\/td>\n<\/tr>\n<tr>\n<td>plazo de entrega (1-50000 piezas)<\/td>\n<td>15 d\u00edas<\/td>\n<\/tr>\n<tr>\n<td>plazo de entrega (&gt;50000 piezas)<\/td>\n<td>a negociar<\/td>\n<\/tr>\n<\/tbody>\n<\/table>","protected":false},"excerpt":{"rendered":"<p>Obtendr\u00e1 una m\u00e1quina nueva, lista para funcionar en f\u00e1brica, que admite la producci\u00f3n de cartuchos de filtro pp melt soplados para la filtraci\u00f3n de l\u00edquidos. Est\u00e1 dise\u00f1ada para funcionar a gran volumen y ofrece asistencia en l\u00ednea despu\u00e9s de la garant\u00eda, para que no tenga que resolver los problemas usted solo.<\/p>","protected":false},"featured_media":2142,"comment_status":"open","ping_status":"closed","template":"","meta":{"_gspb_post_css":""},"product_brand":[],"product_cat":[17,23],"product_tag":[899,900,897,901,898,896],"class_list":{"0":"post-2134","1":"product","2":"type-product","3":"status-publish","4":"has-post-thumbnail","6":"product_cat-sediment-filter","7":"product_cat-pp-filter-cartridge","8":"product_tag-1-20-micron-cartridge-making","9":"product_tag-ce-sgs-filter-machine","10":"product_tag-filter-cartridge-making-machine","11":"product_tag-lvyuan-oem-equipment","12":"product_tag-pp-filter-production-line","13":"product_tag-pp-melt-blown-filter-machine","15":"first","16":"instock","17":"shipping-taxable","18":"product-type-simple"},"_links":{"self":[{"href":"https:\/\/lyfilter.com\/es\/wp-json\/wp\/v2\/product\/2134","targetHints":{"allow":["GET"]}}],"collection":[{"href":"https:\/\/lyfilter.com\/es\/wp-json\/wp\/v2\/product"}],"about":[{"href":"https:\/\/lyfilter.com\/es\/wp-json\/wp\/v2\/types\/product"}],"replies":[{"embeddable":true,"href":"https:\/\/lyfilter.com\/es\/wp-json\/wp\/v2\/comments?post=2134"}],"wp:featuredmedia":[{"embeddable":true,"href":"https:\/\/lyfilter.com\/es\/wp-json\/wp\/v2\/media\/2142"}],"wp:attachment":[{"href":"https:\/\/lyfilter.com\/es\/wp-json\/wp\/v2\/media?parent=2134"}],"wp:term":[{"taxonomy":"product_brand","embeddable":true,"href":"https:\/\/lyfilter.com\/es\/wp-json\/wp\/v2\/product_brand?post=2134"},{"taxonomy":"product_cat","embeddable":true,"href":"https:\/\/lyfilter.com\/es\/wp-json\/wp\/v2\/product_cat?post=2134"},{"taxonomy":"product_tag","embeddable":true,"href":"https:\/\/lyfilter.com\/es\/wp-json\/wp\/v2\/product_tag?post=2134"}],"curies":[{"name":"wp","href":"https:\/\/api.w.org\/{rel}","templated":true}]}}