{"id":2127,"date":"2026-01-06T08:33:10","date_gmt":"2026-01-06T08:33:10","guid":{"rendered":"https:\/\/lyfilter.com\/?post_type=product&#038;p=2127"},"modified":"2026-01-06T08:33:48","modified_gmt":"2026-01-06T08:33:48","slug":"oem-professional-poly-spun-bonded-filters-pp-melt-blown-cartridge","status":"publish","type":"product","link":"https:\/\/lyfilter.com\/es\/oem-professional-poly-spun-bonded-filters-pp-melt-blown-cartridge\/","title":{"rendered":"OEM Profesional Poly Spun filtros unidos PP fundido soplado cartucho"},"content":{"rendered":"<table>\n<thead>\n<tr>\n<th>art\u00edculo<\/th>\n<th>detalles<\/th>\n<\/tr>\n<\/thead>\n<tbody>\n<tr>\n<td>lugar de origen<\/td>\n<td>guangdong, china<\/td>\n<\/tr>\n<tr>\n<td>marca<\/td>\n<td>lvyuan \/ oem<\/td>\n<\/tr>\n<tr>\n<td>n\u00famero de modelo<\/td>\n<td>serie ly-ppf<\/td>\n<\/tr>\n<tr>\n<td>nombre del producto<\/td>\n<td>filtros spun bonded<\/td>\n<\/tr>\n<tr>\n<td>tasa de micras<\/td>\n<td>1, 3, 5, 10, 20 micras<\/td>\n<\/tr>\n<tr>\n<td>certificaci\u00f3n<\/td>\n<td>ce; sgs<\/td>\n<\/tr>\n<tr>\n<td>aplicaci\u00f3n<\/td>\n<td>piezas de filtros de agua; \u00f3smosis inversa (ro)<\/td>\n<\/tr>\n<tr>\n<td>uso<\/td>\n<td>filtro de cartucho de l\u00edquido<\/td>\n<\/tr>\n<tr>\n<td>medios filtrantes<\/td>\n<td>membrana de polipropileno (pp)<\/td>\n<\/tr>\n<tr>\n<td>longitud<\/td>\n<td>5\u2033, 10\u2033, 20\u2033, 30\u2033, 40\u2033, 50\u2033 pulgadas<\/td>\n<\/tr>\n<tr>\n<td>opciones de tapas<\/td>\n<td>doe; 222 + aleta; 222 + plano; 226 + aleta; 226 + plano<\/td>\n<\/tr>\n<tr>\n<td>material de la junta t\u00f3rica<\/td>\n<td>silicona; epdm; viton<\/td>\n<\/tr>\n<tr>\n<td>n\u00facleo interno<\/td>\n<td>pp o ninguno<\/td>\n<\/tr>\n<tr>\n<td>capacidad de suministro<\/td>\n<td>5000 piezas\/piezas al d\u00eda (filtros de hilado continuo)<\/td>\n<\/tr>\n<\/tbody>\n<\/table>","protected":false},"excerpt":{"rendered":"<p>Obtendr\u00e1 un cartucho de pp ligado hilado fiable que ayuda a eliminar los sedimentos de los l\u00edquidos y mantiene su sistema de ro o agua funcionando sin problemas. Elija la clasificaci\u00f3n de micras, la longitud y el estilo de la tapa para que se adapte a su carcasa sin problemas.<\/p>","protected":false},"featured_media":2135,"comment_status":"open","ping_status":"closed","template":"","meta":{"_gspb_post_css":""},"product_brand":[],"product_cat":[23,17],"product_tag":[828,683,894,895,826,893],"class_list":{"0":"post-2127","1":"product","2":"type-product","3":"status-publish","4":"has-post-thumbnail","6":"product_cat-pp-filter-cartridge","7":"product_cat-sediment-filter","8":"product_tag-1-20-micron-sediment-filter","9":"product_tag-doe-222-226-end-caps","10":"product_tag-ly-ppf-filter-cartridge","11":"product_tag-polypropylene-cartridge-filter","12":"product_tag-ro-water-filter-parts","13":"product_tag-spun-bonded-pp-filter","15":"first","16":"instock","17":"shipping-taxable","18":"product-type-simple"},"_links":{"self":[{"href":"https:\/\/lyfilter.com\/es\/wp-json\/wp\/v2\/product\/2127","targetHints":{"allow":["GET"]}}],"collection":[{"href":"https:\/\/lyfilter.com\/es\/wp-json\/wp\/v2\/product"}],"about":[{"href":"https:\/\/lyfilter.com\/es\/wp-json\/wp\/v2\/types\/product"}],"replies":[{"embeddable":true,"href":"https:\/\/lyfilter.com\/es\/wp-json\/wp\/v2\/comments?post=2127"}],"wp:featuredmedia":[{"embeddable":true,"href":"https:\/\/lyfilter.com\/es\/wp-json\/wp\/v2\/media\/2135"}],"wp:attachment":[{"href":"https:\/\/lyfilter.com\/es\/wp-json\/wp\/v2\/media?parent=2127"}],"wp:term":[{"taxonomy":"product_brand","embeddable":true,"href":"https:\/\/lyfilter.com\/es\/wp-json\/wp\/v2\/product_brand?post=2127"},{"taxonomy":"product_cat","embeddable":true,"href":"https:\/\/lyfilter.com\/es\/wp-json\/wp\/v2\/product_cat?post=2127"},{"taxonomy":"product_tag","embeddable":true,"href":"https:\/\/lyfilter.com\/es\/wp-json\/wp\/v2\/product_tag?post=2127"}],"curies":[{"name":"wp","href":"https:\/\/api.w.org\/{rel}","templated":true}]}}