{"id":2120,"date":"2026-01-06T08:31:33","date_gmt":"2026-01-06T08:31:33","guid":{"rendered":"https:\/\/lyfilter.com\/?post_type=product&#038;p=2120"},"modified":"2026-01-06T08:31:33","modified_gmt":"2026-01-06T08:31:33","slug":"ppf-melt-blown-water-filter-cartridge-sgs-water-quality-association-certification","status":"publish","type":"product","link":"https:\/\/lyfilter.com\/es\/ppf-melt-blown-water-filter-cartridge-sgs-water-quality-association-certification\/","title":{"rendered":"Cartucho de filtro de agua PPF Melt Blown Certificaci\u00f3n de la Asociaci\u00f3n de Calidad del Agua SGS"},"content":{"rendered":"<div class=\"pro_aliData\">\n<div class=\"detail-box\">\n<div class=\"scc-wrapper detail-module module-productPackagingAndQuickDetail\" data-spm=\"prilinga1e\">\n<div class=\"widget-detail-overview\">\n<div class=\"do-title\">\n<p>El filtro de polipropileno fundido soplado (PPF) es un filtro tubular fabricado con part\u00edculas de polipropileno no t\u00f3xico e inodoro mediante procesos como el calentamiento, la fusi\u00f3n y la conformaci\u00f3n; se utiliza ampliamente en m\u00faltiples campos debido a su eficaz capacidad de filtrado.<\/p>\n<p>&nbsp;<\/p>\n<h2 id=\"-product-overview\">\u2728 Descripci\u00f3n general del producto<\/h2>\n<p>El cartucho filtrante PP melt blown (a menudo denominado cartucho filtrante de algod\u00f3n PP) es un cartucho filtrante tubular fabricado con part\u00edculas de polipropileno de calidad alimentaria no t\u00f3xico e inodoro, que se calientan y funden, y se fabrican mediante procesos adicionales como el conformado. Este cartucho filtrante no utiliza adhesivos qu\u00edmicos en el proceso de producci\u00f3n y depende totalmente de las caracter\u00edsticas de uni\u00f3n t\u00e9rmica de las fibras de polipropileno para formarse, lo que lo hace m\u00e1s acorde con los requisitos de alta calidad de higiene y seguridad.<\/p>\n<p>&nbsp;<\/p>\n<p>Su singularidad radica en la adopci\u00f3n de una estructura de filtraci\u00f3n profunda, en la que las fibras presentan una estructura de red porosa irregular y tienen una estructura de densidad progresiva (tambi\u00e9n conocida como filtraci\u00f3n por gradiente) en la que los poros entre las fibras disminuyen gradualmente de grandes a peque\u00f1os desde el exterior hacia el interior. Este dise\u00f1o permite que el elemento filtrante aloje part\u00edculas e impurezas de mayor tama\u00f1o en la capa exterior, evitando una r\u00e1pida congesti\u00f3n, mientras que la capa interior puede bloquear las part\u00edculas peque\u00f1as, garantizar la precisi\u00f3n de la filtraci\u00f3n, reducir la resistencia a la filtraci\u00f3n y prolongar la vida \u00fatil;<\/p>\n<\/div>\n<\/div>\n<\/div>\n<\/div>\n<\/div>\n<p>&nbsp;<\/p>\n<p><img decoding=\"async\" title=\"Cartucho filtrante de sedimentos PPF Melt Blown\" src=\"https:\/\/img.yfisher.com\/m6076\/1725727036217\/jpg70-t3-scale100.webp\" alt=\"Cartucho filtrante de sedimentos PPF Melt Blown\" border=\"0\" vspace=\"0\" data-lazy=\"2\" \/><\/p>\n<div class=\"pro_aliData\">\n<p>&nbsp;<\/p>\n<div class=\"detail-box\">\n<div class=\"scc-wrapper detail-module module-productPackagingAndQuickDetail\" data-spm=\"prilinga1e\">\n<div class=\"widget-detail-overview\">\n<div class=\"do-title\">\n<h2 id=\"-product-parameter-table\">\ud83d\udcca Par\u00e1metros Filtro de PP por soplado de masa fundida (PPF)<\/h2>\n<p>La siguiente tabla resume los principales par\u00e1metros t\u00e9cnicos de los cartuchos filtrantes de PP por soplado en fusi\u00f3n:<\/p>\n<p>&nbsp;<\/p>\n<table>\n<thead>\n<tr>\n<th>Categor\u00eda de par\u00e1metros<\/th>\n<th>Par\u00e1metros espec\u00edficos<\/th>\n<\/tr>\n<\/thead>\n<tbody>\n<tr>\n<td>Longitud<\/td>\n<td>5 \u201c, 60\u201d<\/td>\n<\/tr>\n<tr>\n<td>Di\u00e1metro exterior<\/td>\n<td>60-115 mm (62-65 mm)<\/td>\n<\/tr>\n<tr>\n<td>Di\u00e1metro interior<\/td>\n<td>28 mm o 30 mm (el departamento puede personalizar 15-35 mm)<\/td>\n<\/tr>\n<tr>\n<td>Par\u00e1metros de rendimiento<\/td>\n<\/tr>\n<tr>\n<td>Precisi\u00f3n de filtrado<\/td>\n<td>0,5-100 \u03bc m (1,50 \u03bc m)<\/td>\n<\/tr>\n<tr>\n<td>Tensi\u00f3n m\u00e1xima soportada<\/td>\n<td>\u2264 0,5 MPa<\/td>\n<\/tr>\n<tr>\n<td>Ca\u00edda de presi\u00f3n m\u00e1xima<\/td>\n<td>0,2-0,4 MPa (se recomienda sustituir la diferencia de presi\u00f3n de 0,1-0,2 MPa)<\/td>\n<\/tr>\n<tr>\n<td>Temperatura m\u00e1xima de trabajo<\/td>\n<td>\u2264 60-70 \u2103 (a corto plazo hasta 90 \u2103)<\/td>\n<\/tr>\n<tr>\n<td>Rango de pH aplicable<\/td>\n<td>1-13<\/td>\n<\/tr>\n<tr>\n<td>Cumplimiento de las normas de filtrado<\/td>\n<td>\u2265 98% -99%<\/td>\n<\/tr>\n<\/tbody>\n<\/table>\n<h2><\/h2>\n<h2 id=\"-product-structure-and-process-characteristics\">\ud83d\udd2c Estructura del producto y caracter\u00edsticas del proceso<\/h2>\n<p>Dise\u00f1o estructural La estructura b\u00e1sica del elemento filtrante de PP fundido soplado es un dise\u00f1o tubular, que crea un gradiente de densidad gradual desde el exterior hacia el interior; \u00a1Los productos de alta calidad se crean normalmente utilizando el \u201cproceso de tres rociados\u201d para formar estructuras de m\u00faltiples capas, como capas esponjosas, capas apretadas y capas compactadas!<\/p>\n<p>&nbsp;<\/p>\n<p>t\u00e1ndar y tipo esqueleto: Algunos cartuchos filtrantes de PP fundido soplado tienen un esqueleto de polipropileno incorporado, que es particularmente adecuado para especificaciones m\u00e1s largas (como 30 \u201c, 40\u201d) o escenarios de operaci\u00f3n que requieren una mayor resistencia a la compresi\u00f3n, y puede prevenir eficazmente la deformaci\u00f3n del cartucho filtrante. -<em>\u00a0<\/em>Filtro Big Fat : Con un dise\u00f1o de mayor di\u00e1metro exterior, proporciona una mayor \u00e1rea de filtraci\u00f3n y capacidad de retenci\u00f3n de suciedad, adecuado para filtrar entornos con alto contenido de impurezas.<\/p>\n<p>&nbsp;<\/p>\n<p>Caracter\u00edsticas del proceso Durante el proceso de producci\u00f3n, mediante el control del di\u00e1metro y la separaci\u00f3n de las fibras, se forma una estructura microporosa con una peque\u00f1a capa interior y una gran capa exterior, lo que aumenta el caudal y la capacidad de retenci\u00f3n de contaminantes; Los cartuchos filtrantes de alta calidad no deben tener fibras sueltas (\u201csin p\u00e9rdida de pelo\u201d), lo que garantiza la pureza del medio filtrante.<\/p>\n<p>&nbsp;<\/p>\n<h2 id=\"-product-advantages-and-features\">\ud83d\udca1 Ventajas y caracter\u00edsticas del producto<\/h2>\n<div><\/div>\n<ul>\n<li><strong>Buen rendimiento de filtraci\u00f3n:\u00a0<\/strong>\u00a1El cartucho filtrante de PP fundido soplado tiene una estructura de filtraci\u00f3n profunda con un tama\u00f1o de poro uniforme, escaso en el exterior y denso en el interior, y puede alcanzar una conformidad de filtraci\u00f3n de m\u00e1s de 98% -99%! Su estructura de densidad progresiva logra las caracter\u00edsticas de alta capacidad de transporte de contaminantes, alta velocidad de flujo y baja ca\u00edda de presi\u00f3n;<\/li>\n<li><strong>Excelente estabilidad qu\u00edmica:\u00a0<\/strong>El producto es resistente a los \u00e1cidos y a las soluciones org\u00e1nicas, tiene buena estabilidad qu\u00edmica, un intervalo de pH adecuado de 1 a 13 y puede manipular fluidos con diversas propiedades qu\u00edmicas.<\/li>\n<li>El rendimiento f\u00edsico es realmente fuerte, y el elemento filtrante no se deformar\u00e1 cuando la diferencia de presi\u00f3n de agua entre la entrada y la salida del filtro est\u00e1 por delante de 0,4Mpa; Cuando la temperatura est\u00e1 por delante de 90 \u2103, la eficiencia de filtraci\u00f3n no disminuir\u00e1.<\/li>\n<li><strong>Seguridad e higiene:\u00a0<\/strong>Fabricado con materias primas de polipropileno no t\u00f3xico e inodoro, sin adhesivos qu\u00edmicos, adecuado para los requisitos de higiene y seguridad de las industrias alimentaria y farmac\u00e9utica. El producto en s\u00ed tiene una alta limpieza y no contamina la calidad del agua.<\/li>\n<li><strong>Econ\u00f3mico y pr\u00e1ctico:\u00a0<\/strong>En comparaci\u00f3n con otros materiales filtrantes, los cartuchos filtrantes de PP por soplado en fusi\u00f3n son relativamente econ\u00f3micos, pero tienen un rendimiento fiable, una larga vida \u00fatil y una alta rentabilidad.<\/li>\n<\/ul>\n<div><\/div>\n<h2 id=\"-maintenance-and-replacement-guide\">\ud83d\udd27 Gu\u00eda de mantenimiento y sustituci\u00f3n<\/h2>\n<p>Un mantenimiento preciso puede prolongar considerablemente la vida \u00fatil de los cartuchos filtrantes de PP por soplado en fusi\u00f3n y garantizar la eficacia de la filtraci\u00f3n:<\/p>\n<p>&nbsp;<\/p>\n<p><strong>-<em>\u00a0<\/em>Evaluaci\u00f3n del ciclo de sustituci\u00f3n: T<\/strong>Normalmente, los fabricantes recomiendan un ciclo de sustituci\u00f3n de 3 a 6 meses, pero el ciclo real debe ajustarse en funci\u00f3n del uso del agua, su calidad y la presi\u00f3n. El m\u00e9todo de juicio m\u00e1s cient\u00edfico se basa en la diferencia de presi\u00f3n de entrada y salida. Cuando la diferencia de presi\u00f3n es superior a 0,1-0,2 MPa, el elemento filtrante debe limpiarse o sustituirse;<\/p>\n<p><strong>-Capacidad de limpieza:\u00a0<\/strong>Puede probar el lavado inverso y limpiar la pared exterior del elemento filtrante con agua limpia a una presi\u00f3n inferior a 0,2MPa. Sin embargo, debe tenerse en cuenta que la limpieza frecuente tiene una eficacia limitada. Los cartuchos filtrantes de PP fundido soplado est\u00e1n dise\u00f1ados principalmente para la filtraci\u00f3n de part\u00edculas, y su rendimiento se deteriora significativamente tras la absorci\u00f3n de suciedad. Por lo tanto, se suele recomendar la sustituci\u00f3n directa en lugar de la limpieza.<\/p>\n<p><strong>-<em>\u00a0<\/em>Ajuste de parada:\u00a0<\/strong>Cuando el elemento filtrante no est\u00e1 en funcionamiento, puede guardarse en la carcasa del filtro y llenarse con agua limpia o agua antibacteriana. Al reutilizarlo, es necesario limpiarlo a fondo.<\/p>\n<p><strong>-<em>\u00a0<\/em>Identificaci\u00f3n del elemento filtrante:<\/strong>\u00a0el elemento filtrante usado se sustituye despu\u00e9s de su uso, el producto de buena calidad recibe una gran cantidad de contaminaci\u00f3n, y desde la secci\u00f3n transversal, cada capa estar\u00e1 llena de impurezas. Los filtros de mala calidad se ensucian principalmente en los contornos y son m\u00e1s ligeros.<\/p>\n<h2><\/h2>\n<h2 id=\"-application-field\">\ud83c\udfed Aplicaci\u00f3n del filtro de PP fundido soplado (PPF)<\/h2>\n<p>Los cartuchos filtrantes de PP por soplado en fusi\u00f3n se utilizan ampliamente en muchos campos debido a sus excelentes propiedades<\/p>\n<p>&nbsp;<\/p>\n<ul>\n<li><strong>Agua potable e industria alimentaria:\u00a0<\/strong>filtraci\u00f3n de agua purificada, bebidas alcoh\u00f3licas, agua est\u00e9ril para productos farmac\u00e9uticos y tratamiento de prefiltraci\u00f3n de agua purificada. -<em>\u00a0<\/em>Industria electr\u00f3nica : \u00a1Prefiltraci\u00f3n de agua pura y ultrapura, filtraci\u00f3n de soluciones galv\u00e1nicas!<\/li>\n<li><strong>Industria petroqu\u00edmica:\u00a0<\/strong>filtraci\u00f3n de diversos disolventes org\u00e1nicos, soluciones alcalinas y filtraci\u00f3n de inyecci\u00f3n de agua en yacimientos petrol\u00edferos.<\/li>\n<li><strong>Creaci\u00f3n farmac\u00e9utica:\u00a0<\/strong>Prefiltraci\u00f3n de diversas inyecciones, l\u00edquidos medicinales y agua de lavado de frascos de inyecci\u00f3n, prefiltraci\u00f3n de grandes soluciones de infusi\u00f3n, as\u00ed como de diversos antibi\u00f3ticos e inyecciones de medicina tradicional china.<em>\u00a0<\/em>Sistema de tratamiento de agua : Se utiliza como precursor de filtro de seguridad para \u00f3smosis inversa (RO), nanofiltraci\u00f3n (NF) y otros sistemas, protegiendo eficazmente el sistema de membrana principal.<\/li>\n<\/ul>\n<h2 id=\"-faq-frequently-asked-questions-\">\u2753 FAQ (Preguntas frecuentes)<\/h2>\n<p><strong>1. \u00bfC\u00f3mo distinguir las ventajas y desventajas de los cartuchos filtrantes de PP por soplado en fusi\u00f3n?\u00a0<\/strong>El filtro de alta calidad adopta un dise\u00f1o de densidad progresiva, con un exterior suave y un interior apretado; La consideraci\u00f3n de la secci\u00f3n transversal debe ser desigual dentro y fuera. Los filamentos de fibra son uniformes y sin ning\u00fan fen\u00f3meno de desprendimiento. El peso tambi\u00e9n es un objetivo de referencia, y los m\u00e1s pesados suelen tener mayor capacidad de transporte de contaminantes.<\/p>\n<p><strong>2. \u00bfC\u00f3mo elegir cartuchos filtrantes de 1 micra y 5 micras?\u00a0<\/strong>Para zonas con baja presi\u00f3n o contaminaci\u00f3n del agua (como aguas subterr\u00e1neas o de pozo), se recomienda utilizar cartuchos filtrantes de 5 micras para evitar la atenuaci\u00f3n de la presi\u00f3n causada por una presi\u00f3n insuficiente o por confusi\u00f3n. Se puede utilizar un filtro de 1 micra en entornos de agua corriente municipal con presi\u00f3n de agua estable.<\/p>\n<p><strong>3. \u00bfQu\u00e9 debo hacer si la longitud del elemento filtrante no es compatible?\u00a0<\/strong>No existe una norma unificada para las botellas filtrantes de 10 pulgadas en China, \u00a1y puede haber errores leves y finos! Si se reduce la longitud del elemento filtrante (por ejemplo, s\u00f3lo 252 mm), se puede adoptar la adici\u00f3n de juntas para resolver los problemas de compatibilidad;<\/p>\n<p><strong>4. \u00bfPara qu\u00e9 escenarios es adecuado el filtro esqueleto?\u00a0<\/strong>El elemento filtrante esquel\u00e9tico de polipropileno se utiliza principalmente para mejorar la resistencia a la compresi\u00f3n, evitar la deformaci\u00f3n de los filtros m\u00e1s largos (como los filtros industriales de 40 pulgadas de longitud) y es especialmente adecuado para la filtraci\u00f3n industrial con grandes fluctuaciones de caudal o presi\u00f3n.<\/p>\n<p><strong>5. \u00bfPuede utilizarse para la filtraci\u00f3n de l\u00edquidos a alta temperatura?\u00a0<\/strong>La temperatura m\u00e1xima de trabajo convencional del elemento filtrante de PP fundido soplado es de 60-70 \u2103, \u00a1y puede alcanzar los 90 \u2103 en poco tiempo! \u00a1Si se requiere una mayor tolerancia a la temperatura, es necesario considerar los productos de filtro hechos de otros materiales o filtros de PP especialmente controlados!<\/p>\n<\/div>\n<\/div>\n<\/div>\n<\/div>\n<\/div>","protected":false},"excerpt":{"rendered":"<table>\n<thead>\n<tr>\n<th>art\u00edculo<\/th>\n<th>detalles<\/th>\n<\/tr>\n<\/thead>\n<tbody>\n<tr>\n<td>marca<\/td>\n<td>oem \/ lvyuan<\/td>\n<\/tr>\n<tr>\n<td>certificaci\u00f3n<\/td>\n<td>sgs<\/td>\n<\/tr>\n<tr>\n<td>puerto de inicio<\/td>\n<td>huangpu \/ nansha<\/td>\n<\/tr>\n<tr>\n<td>lugar de origen<\/td>\n<td>guangzhou \/ shenzhen<\/td>\n<\/tr>\n<tr>\n<td>capacidad de producci\u00f3n<\/td>\n<td>10.000 unidades\/mes<\/td>\n<\/tr>\n<tr>\n<td>moq<\/td>\n<td>1 unidad<\/td>\n<\/tr>\n<tr>\n<td>plazo de entrega<\/td>\n<td>5-10 d\u00edas<\/td>\n<\/tr>\n<tr>\n<td>pago<\/td>\n<td>t\/t; alibaba trade assurance; paypal<\/td>\n<\/tr>\n<\/tbody>\n<\/table>","protected":false},"featured_media":2128,"comment_status":"open","ping_status":"closed","template":"","meta":{"_gspb_post_css":""},"product_brand":[],"product_cat":[17,23],"product_tag":[892,891,889,890,888,302],"class_list":{"0":"post-2120","1":"product","2":"type-product","3":"status-publish","4":"has-post-thumbnail","6":"product_cat-sediment-filter","7":"product_cat-pp-filter-cartridge","8":"product_tag-5-10-days-delivery","9":"product_tag-huangpu-nansha-shipping","10":"product_tag-lvyuan-filter-supplier","11":"product_tag-moq-1-pc","12":"product_tag-oem-filter-element","13":"product_tag-sgs-certified-filter","15":"first","16":"instock","17":"shipping-taxable","18":"product-type-simple"},"_links":{"self":[{"href":"https:\/\/lyfilter.com\/es\/wp-json\/wp\/v2\/product\/2120","targetHints":{"allow":["GET"]}}],"collection":[{"href":"https:\/\/lyfilter.com\/es\/wp-json\/wp\/v2\/product"}],"about":[{"href":"https:\/\/lyfilter.com\/es\/wp-json\/wp\/v2\/types\/product"}],"replies":[{"embeddable":true,"href":"https:\/\/lyfilter.com\/es\/wp-json\/wp\/v2\/comments?post=2120"}],"wp:featuredmedia":[{"embeddable":true,"href":"https:\/\/lyfilter.com\/es\/wp-json\/wp\/v2\/media\/2128"}],"wp:attachment":[{"href":"https:\/\/lyfilter.com\/es\/wp-json\/wp\/v2\/media?parent=2120"}],"wp:term":[{"taxonomy":"product_brand","embeddable":true,"href":"https:\/\/lyfilter.com\/es\/wp-json\/wp\/v2\/product_brand?post=2120"},{"taxonomy":"product_cat","embeddable":true,"href":"https:\/\/lyfilter.com\/es\/wp-json\/wp\/v2\/product_cat?post=2120"},{"taxonomy":"product_tag","embeddable":true,"href":"https:\/\/lyfilter.com\/es\/wp-json\/wp\/v2\/product_tag?post=2120"}],"curies":[{"name":"wp","href":"https:\/\/api.w.org\/{rel}","templated":true}]}}