{"id":2085,"date":"2026-01-06T08:21:36","date_gmt":"2026-01-06T08:21:36","guid":{"rendered":"https:\/\/lyfilter.com\/?post_type=product&#038;p=2085"},"modified":"2026-01-06T08:21:36","modified_gmt":"2026-01-06T08:21:36","slug":"melt-blown-pp-filter-cartridge-10-inch-with-pp-filter-core-for-water-filtration","status":"publish","type":"product","link":"https:\/\/lyfilter.com\/es\/melt-blown-pp-filter-cartridge-10-inch-with-pp-filter-core-for-water-filtration\/","title":{"rendered":"cartucho filtrante pp fundido soplado 10 pulgadas con n\u00facleo filtrante pp para filtraci\u00f3n de agua"},"content":{"rendered":"<table>\n<thead>\n<tr>\n<th>art\u00edculo<\/th>\n<th>detalles<\/th>\n<\/tr>\n<\/thead>\n<tbody>\n<tr>\n<td>sectores aplicables<\/td>\n<td>planta de fabricaci\u00f3n; f\u00e1brica de alimentos y bebidas; uso dom\u00e9stico; tratamiento de aguas<\/td>\n<\/tr>\n<tr>\n<td>lugar de origen<\/td>\n<td>guangdong, china<\/td>\n<\/tr>\n<tr>\n<td>marca<\/td>\n<td>lvyuan; oem; odm<\/td>\n<\/tr>\n<tr>\n<td>material<\/td>\n<td>pp<\/td>\n<\/tr>\n<tr>\n<td>materia prima<\/td>\n<td>fibra pp<\/td>\n<\/tr>\n<tr>\n<td>funci\u00f3n<\/td>\n<td>tama\u00f1o y logotipo personalizados; acero inoxidable<\/td>\n<\/tr>\n<tr>\n<td>certificaci\u00f3n<\/td>\n<td>sgs<\/td>\n<\/tr>\n<tr>\n<td>forma<\/td>\n<td>cilindro<\/td>\n<\/tr>\n<tr>\n<td>uso<\/td>\n<td>tratamiento del agua<\/td>\n<\/tr>\n<tr>\n<td>aplicaci\u00f3n<\/td>\n<td>industria<\/td>\n<\/tr>\n<tr>\n<td>color<\/td>\n<td>blanco<\/td>\n<\/tr>\n<tr>\n<td>aparici\u00f3n<\/td>\n<td>en relieve; brillante; etc.<\/td>\n<\/tr>\n<tr>\n<td>longitud<\/td>\n<td>5\/10\/20\/30\/40 pulgadas o personalizado<\/td>\n<\/tr>\n<tr>\n<td>peso<\/td>\n<td>personalizado<\/td>\n<\/tr>\n<tr>\n<td>talla<\/td>\n<td>personalizado<\/td>\n<\/tr>\n<tr>\n<td>potencia<\/td>\n<td>0<\/td>\n<\/tr>\n<tr>\n<td>garant\u00eda<\/td>\n<td>no disponible<\/td>\n<\/tr>\n<tr>\n<td>servicio posventa<\/td>\n<td>asistencia en l\u00ednea<\/td>\n<\/tr>\n<tr>\n<td>embalaje<\/td>\n<td>caja de papel<\/td>\n<\/tr>\n<tr>\n<td>capacidad de suministro<\/td>\n<td>5000 piezas\/piezas por semana<\/td>\n<\/tr>\n<\/tbody>\n<\/table>","protected":false},"excerpt":{"rendered":"<p>Este cartucho de fibra pp ayuda a reducir los sedimentos y protege su equipo. Puede pedirlo en la longitud que necesite (5-40 pulgadas) y a\u00f1adir su logotipo, para que se adapte a su sistema y a su marca.<\/p>","protected":false},"featured_media":2093,"comment_status":"open","ping_status":"closed","template":"","meta":{"_gspb_post_css":""},"product_brand":[],"product_cat":[17,23],"product_tag":[879,880,641,757,648,878],"class_list":{"0":"post-2085","1":"product","2":"type-product","3":"status-publish","4":"has-post-thumbnail","6":"product_cat-sediment-filter","7":"product_cat-pp-filter-cartridge","8":"product_tag-custom-size-filter-element","9":"product_tag-embossed-glossy-cartridge","10":"product_tag-oem-odm-water-filter","11":"product_tag-pp-fiber-filter-element","12":"product_tag-pp-filter-cartridge","13":"product_tag-water-treatment-filter-cartridge","15":"first","16":"instock","17":"shipping-taxable","18":"product-type-simple"},"_links":{"self":[{"href":"https:\/\/lyfilter.com\/es\/wp-json\/wp\/v2\/product\/2085","targetHints":{"allow":["GET"]}}],"collection":[{"href":"https:\/\/lyfilter.com\/es\/wp-json\/wp\/v2\/product"}],"about":[{"href":"https:\/\/lyfilter.com\/es\/wp-json\/wp\/v2\/types\/product"}],"replies":[{"embeddable":true,"href":"https:\/\/lyfilter.com\/es\/wp-json\/wp\/v2\/comments?post=2085"}],"wp:featuredmedia":[{"embeddable":true,"href":"https:\/\/lyfilter.com\/es\/wp-json\/wp\/v2\/media\/2093"}],"wp:attachment":[{"href":"https:\/\/lyfilter.com\/es\/wp-json\/wp\/v2\/media?parent=2085"}],"wp:term":[{"taxonomy":"product_brand","embeddable":true,"href":"https:\/\/lyfilter.com\/es\/wp-json\/wp\/v2\/product_brand?post=2085"},{"taxonomy":"product_cat","embeddable":true,"href":"https:\/\/lyfilter.com\/es\/wp-json\/wp\/v2\/product_cat?post=2085"},{"taxonomy":"product_tag","embeddable":true,"href":"https:\/\/lyfilter.com\/es\/wp-json\/wp\/v2\/product_tag?post=2085"}],"curies":[{"name":"wp","href":"https:\/\/api.w.org\/{rel}","templated":true}]}}