{"id":2079,"date":"2026-01-06T08:18:10","date_gmt":"2026-01-06T08:18:10","guid":{"rendered":"https:\/\/lyfilter.com\/?post_type=product&#038;p=2079"},"modified":"2026-01-06T08:18:10","modified_gmt":"2026-01-06T08:18:10","slug":"big-jumbo-diameter-size-5-10-50-microns-sediment-pp-white-filter-polypropylene-water-filter-cartridge-for-water-treatment-plant","status":"publish","type":"product","link":"https:\/\/lyfilter.com\/es\/big-jumbo-diameter-size-5-10-50-microns-sediment-pp-white-filter-polypropylene-water-filter-cartridge-for-water-treatment-plant\/","title":{"rendered":"Gran tama\u00f1o jumbo de di\u00e1metro 5 10 50 micras de sedimentos PP blanco filtro de polipropileno cartucho de filtro de agua para la planta de tratamiento de agua"},"content":{"rendered":"<table>\n<thead>\n<tr>\n<th>art\u00edculo<\/th>\n<th>detalles<\/th>\n<\/tr>\n<\/thead>\n<tbody>\n<tr>\n<td>sectores aplicables<\/td>\n<td>f\u00e1brica de alimentos y bebidas; granjas; restaurante; uso dom\u00e9stico; tiendas de alimentos y bebidas<\/td>\n<\/tr>\n<tr>\n<td>lugar de origen<\/td>\n<td>guangdong, china<\/td>\n<\/tr>\n<tr>\n<td>marca<\/td>\n<td>lvyuan \/ oem<\/td>\n<\/tr>\n<tr>\n<td>material<\/td>\n<td>polipropileno (pp)<\/td>\n<\/tr>\n<tr>\n<td>nombre del producto<\/td>\n<td>jumbo sedimento pp filtro blanco polipropileno cartucho de filtro de agua<\/td>\n<\/tr>\n<tr>\n<td>tipo de filtro \/ acabado<\/td>\n<td>ranura; relieve; puntos; logotipo de la empresa<\/td>\n<\/tr>\n<tr>\n<td>precisi\u00f3n de filtraci\u00f3n<\/td>\n<td>1-100 micras<\/td>\n<\/tr>\n<tr>\n<td>di\u00e1metro exterior<\/td>\n<td>10-200 mm<\/td>\n<\/tr>\n<tr>\n<td>di\u00e1metro interior<\/td>\n<td>oem<\/td>\n<\/tr>\n<tr>\n<td>opciones de adaptador de filtro<\/td>\n<td>tipo plano; tipo 222; tipo 226; tipo 215<\/td>\n<\/tr>\n<tr>\n<td>potencia<\/td>\n<td>0<\/td>\n<\/tr>\n<tr>\n<td>temperatura m\u00e1xima<\/td>\n<td>80\u2103<\/td>\n<\/tr>\n<tr>\n<td>ca\u00edda de presi\u00f3n de trabajo<\/td>\n<td>0,1 kgf\/c\u33a1<\/td>\n<\/tr>\n<tr>\n<td>confinado m\u00e1s alto<\/td>\n<td>5 kgf\/c\u33a1<\/td>\n<\/tr>\n<tr>\n<td>ca\u00edda de presi\u00f3n m\u00e1xima<\/td>\n<td>3 kgf\/c\u33a1<\/td>\n<\/tr>\n<tr>\n<td>garant\u00eda<\/td>\n<td>no disponible<\/td>\n<\/tr>\n<tr>\n<td>servicio posventa<\/td>\n<td>asistencia en l\u00ednea<\/td>\n<\/tr>\n<tr>\n<td>unidades de venta<\/td>\n<td>art\u00edculo individual<\/td>\n<\/tr>\n<tr>\n<td>tama\u00f1o de envase individual<\/td>\n<td>53 \u00d7 33 \u00d7 33 cm<\/td>\n<\/tr>\n<tr>\n<td>peso bruto \u00fanico<\/td>\n<td>9.000 kg<\/td>\n<\/tr>\n<tr>\n<td>envasado<\/td>\n<td>envasado en cart\u00f3n<\/td>\n<\/tr>\n<tr>\n<td>plazo de entrega (1-100 piezas)<\/td>\n<td>3 d\u00edas<\/td>\n<\/tr>\n<tr>\n<td>plazo de entrega (101-500 piezas)<\/td>\n<td>5 d\u00edas<\/td>\n<\/tr>\n<tr>\n<td>plazo de entrega (501-5000 piezas)<\/td>\n<td>10 d\u00edas<\/td>\n<\/tr>\n<tr>\n<td>plazo de entrega (&gt;5000 piezas)<\/td>\n<td>a negociar<\/td>\n<\/tr>\n<\/tbody>\n<\/table>","protected":false},"excerpt":{"rendered":"<p>Obtendr\u00e1 un cartucho de filtro de sedimentos resistente y apto para alimentos que ayuda a mantener la arenilla y las part\u00edculas finas fuera de su l\u00ednea de agua. Est\u00e1 fabricado en polipropileno y puede personalizarse (tama\u00f1o\/peso), con opciones de ranura\/estampado\/punta e incluso con su logotipo.<\/p>","protected":false},"featured_media":2080,"comment_status":"open","ping_status":"closed","template":"","meta":{"_gspb_post_css":""},"product_brand":[],"product_cat":[23,17],"product_tag":[332,875,874,347,662,321],"class_list":{"0":"post-2079","1":"product","2":"type-product","3":"status-publish","4":"has-post-thumbnail","6":"product_cat-pp-filter-cartridge","7":"product_cat-sediment-filter","8":"product_tag-1-100-micron-filtration","9":"product_tag-222-226-215-adapter","10":"product_tag-jumbo-filter-cartridge","11":"product_tag-polypropylene-water-filter","12":"product_tag-pp-sediment-filter","13":"product_tag-water-treatment-cartridge","15":"first","16":"instock","17":"shipping-taxable","18":"product-type-simple"},"_links":{"self":[{"href":"https:\/\/lyfilter.com\/es\/wp-json\/wp\/v2\/product\/2079","targetHints":{"allow":["GET"]}}],"collection":[{"href":"https:\/\/lyfilter.com\/es\/wp-json\/wp\/v2\/product"}],"about":[{"href":"https:\/\/lyfilter.com\/es\/wp-json\/wp\/v2\/types\/product"}],"replies":[{"embeddable":true,"href":"https:\/\/lyfilter.com\/es\/wp-json\/wp\/v2\/comments?post=2079"}],"wp:featuredmedia":[{"embeddable":true,"href":"https:\/\/lyfilter.com\/es\/wp-json\/wp\/v2\/media\/2080"}],"wp:attachment":[{"href":"https:\/\/lyfilter.com\/es\/wp-json\/wp\/v2\/media?parent=2079"}],"wp:term":[{"taxonomy":"product_brand","embeddable":true,"href":"https:\/\/lyfilter.com\/es\/wp-json\/wp\/v2\/product_brand?post=2079"},{"taxonomy":"product_cat","embeddable":true,"href":"https:\/\/lyfilter.com\/es\/wp-json\/wp\/v2\/product_cat?post=2079"},{"taxonomy":"product_tag","embeddable":true,"href":"https:\/\/lyfilter.com\/es\/wp-json\/wp\/v2\/product_tag?post=2079"}],"curies":[{"name":"wp","href":"https:\/\/api.w.org\/{rel}","templated":true}]}}