{"id":2042,"date":"2026-01-06T03:49:55","date_gmt":"2026-01-06T03:49:55","guid":{"rendered":"https:\/\/lyfilter.com\/?post_type=product&#038;p=2042"},"modified":"2026-01-06T03:49:56","modified_gmt":"2026-01-06T03:49:56","slug":"10-20-30-40-inch-ro-water-filter-cartridge-for-pp-melt-blown-sediment-cartridges-bulk-1-5-10-25-50-100-um-micron","status":"publish","type":"product","link":"https:\/\/lyfilter.com\/es\/10-20-30-40-inch-ro-water-filter-cartridge-for-pp-melt-blown-sediment-cartridges-bulk-1-5-10-25-50-100-um-micron\/","title":{"rendered":"10 20 30 40 pulgadas cartucho de filtro de agua de \u00f3smosis inversa para PP fundido soplado cartuchos de sedimentos a granel 1 5 10 25 50 100 um micras"},"content":{"rendered":"<table>\n<thead>\n<tr>\n<th>Art\u00edculo<\/th>\n<th>Detalles<\/th>\n<\/tr>\n<\/thead>\n<tbody>\n<tr>\n<td>Condici\u00f3n<\/td>\n<td>Nuevo<\/td>\n<\/tr>\n<tr>\n<td>Sectores aplicables<\/td>\n<td>Hoteles, plantas de fabricaci\u00f3n, f\u00e1bricas de alimentos y bebidas, granjas, restaurantes, venta al por menor, uso dom\u00e9stico, construcci\u00f3n, energ\u00eda y miner\u00eda, imprenta, publicidad<\/td>\n<\/tr>\n<tr>\n<td>Lugar de origen<\/td>\n<td>Guangdong, China<\/td>\n<\/tr>\n<tr>\n<td>Marca<\/td>\n<td>Lvyuan \/ OEM<\/td>\n<\/tr>\n<tr>\n<td>Nombre del producto<\/td>\n<td>Cartucho de filtro de agua de \u00f3smosis inversa<\/td>\n<\/tr>\n<tr>\n<td>Material<\/td>\n<td>Polipropileno<\/td>\n<\/tr>\n<tr>\n<td>Medio filtrante<\/td>\n<td>Polipropileno PP hilado<\/td>\n<\/tr>\n<tr>\n<td>Tasa de micra<\/td>\n<td>1 \/ 3 \/ 5 \/ 10 \/ 25 \/ 50 \/ 75 \/ 100 micras<\/td>\n<\/tr>\n<tr>\n<td>Longitud<\/td>\n<td>5\u2033, 10\u2033, 20\u2033, 30\u2033, 40\u2033, 50\u2033 pulgadas<\/td>\n<\/tr>\n<tr>\n<td>Talla<\/td>\n<td>Est\u00e1ndar o personalizado<\/td>\n<\/tr>\n<tr>\n<td>Peso<\/td>\n<td>Depende<\/td>\n<\/tr>\n<tr>\n<td>Potencia<\/td>\n<td>0<\/td>\n<\/tr>\n<tr>\n<td>Aplicaci\u00f3n<\/td>\n<td>Piezas de filtros de agua, \u00f3smosis inversa<\/td>\n<\/tr>\n<tr>\n<td>Utilizaci\u00f3n<\/td>\n<td>Filtro de cartucho para l\u00edquidos<\/td>\n<\/tr>\n<tr>\n<td>Tapa<\/td>\n<td>DOE, 222Fin, 226Fin, 222Flat, 226Flat<\/td>\n<\/tr>\n<tr>\n<td>Material de la junta t\u00f3rica<\/td>\n<td>Silicona, EPDM, Viton<\/td>\n<\/tr>\n<tr>\n<td>N\u00facleo interno<\/td>\n<td>PP, acero inoxidable o ninguno<\/td>\n<\/tr>\n<tr>\n<td>Certificaci\u00f3n<\/td>\n<td>CE, SGS<\/td>\n<\/tr>\n<tr>\n<td>Garant\u00eda<\/td>\n<td>No disponible<\/td>\n<\/tr>\n<tr>\n<td>Servicio postventa<\/td>\n<td>Asistencia en l\u00ednea<\/td>\n<\/tr>\n<tr>\n<td>Servicio post garant\u00eda<\/td>\n<td>Asistencia en l\u00ednea<\/td>\n<\/tr>\n<tr>\n<td>Ubicaci\u00f3n del servicio local<\/td>\n<td>Ninguno<\/td>\n<\/tr>\n<tr>\n<td>Ubicaci\u00f3n de la sala de exposiciones<\/td>\n<td>Ninguno<\/td>\n<\/tr>\n<tr>\n<td>Unidades de venta<\/td>\n<td>Art\u00edculo \u00fanico<\/td>\n<\/tr>\n<tr>\n<td>Tama\u00f1o de envase individual<\/td>\n<td>55 \u00d7 10 \u00d7 10 cm<\/td>\n<\/tr>\n<tr>\n<td>Peso bruto \u00fanico<\/td>\n<td>2,0 kg<\/td>\n<\/tr>\n<tr>\n<td>Tipo de envase<\/td>\n<td>Embalaje de cart\u00f3n a granel por tama\u00f1o; precio final en funci\u00f3n de las especificaciones<\/td>\n<\/tr>\n<tr>\n<td>Plazo de entrega (1-2000 piezas)<\/td>\n<td>15 d\u00edas<\/td>\n<\/tr>\n<tr>\n<td>Plazo de entrega (&gt;2000 piezas)<\/td>\n<td>A negociar<\/td>\n<\/tr>\n<\/tbody>\n<\/table>","protected":false},"excerpt":{"rendered":"<p>Este cartucho de filtro de agua de \u00f3smosis inversa elimina los sedimentos en un amplio rango de micras. Se adapta a sistemas est\u00e1ndar y personalizados para una filtraci\u00f3n de agua estable y cotidiana.<\/p>","protected":false},"featured_media":2050,"comment_status":"open","ping_status":"closed","template":"","meta":{"_gspb_post_css":""},"product_brand":[],"product_cat":[23,17],"product_tag":[662,872,355,871,873,866],"class_list":{"0":"post-2042","1":"product","2":"type-product","3":"status-publish","4":"has-post-thumbnail","6":"product_cat-pp-filter-cartridge","7":"product_cat-sediment-filter","8":"product_tag-pp-sediment-filter","9":"product_tag-pp-spun-cartridge","10":"product_tag-reverse-osmosis-filter","11":"product_tag-ro-water-filter-cartridge","12":"product_tag-sediment-filter","13":"product_tag-water-filtration-cartridge","15":"first","16":"instock","17":"shipping-taxable","18":"product-type-simple"},"_links":{"self":[{"href":"https:\/\/lyfilter.com\/es\/wp-json\/wp\/v2\/product\/2042","targetHints":{"allow":["GET"]}}],"collection":[{"href":"https:\/\/lyfilter.com\/es\/wp-json\/wp\/v2\/product"}],"about":[{"href":"https:\/\/lyfilter.com\/es\/wp-json\/wp\/v2\/types\/product"}],"replies":[{"embeddable":true,"href":"https:\/\/lyfilter.com\/es\/wp-json\/wp\/v2\/comments?post=2042"}],"wp:featuredmedia":[{"embeddable":true,"href":"https:\/\/lyfilter.com\/es\/wp-json\/wp\/v2\/media\/2050"}],"wp:attachment":[{"href":"https:\/\/lyfilter.com\/es\/wp-json\/wp\/v2\/media?parent=2042"}],"wp:term":[{"taxonomy":"product_brand","embeddable":true,"href":"https:\/\/lyfilter.com\/es\/wp-json\/wp\/v2\/product_brand?post=2042"},{"taxonomy":"product_cat","embeddable":true,"href":"https:\/\/lyfilter.com\/es\/wp-json\/wp\/v2\/product_cat?post=2042"},{"taxonomy":"product_tag","embeddable":true,"href":"https:\/\/lyfilter.com\/es\/wp-json\/wp\/v2\/product_tag?post=2042"}],"curies":[{"name":"wp","href":"https:\/\/api.w.org\/{rel}","templated":true}]}}