{"id":2022,"date":"2026-01-06T03:42:59","date_gmt":"2026-01-06T03:42:59","guid":{"rendered":"https:\/\/lyfilter.com\/?post_type=product&#038;p=2022"},"modified":"2026-01-06T03:42:59","modified_gmt":"2026-01-06T03:42:59","slug":"5-micron-pp-filter-sediment-cartridge-10-inch-for-water-filter-parts","status":"publish","type":"product","link":"https:\/\/lyfilter.com\/es\/5-micron-pp-filter-sediment-cartridge-10-inch-for-water-filter-parts\/","title":{"rendered":"5 micras PP filtro de sedimentos Cartucho de 10 pulgadas para las piezas del filtro de agua"},"content":{"rendered":"<table>\n<thead>\n<tr>\n<th>Art\u00edculo<\/th>\n<th>Detalles<\/th>\n<\/tr>\n<\/thead>\n<tbody>\n<tr>\n<td>Lugar de origen<\/td>\n<td>Guangdong, China<\/td>\n<\/tr>\n<tr>\n<td>Marca<\/td>\n<td>Lvyuan \/ OEM<\/td>\n<\/tr>\n<tr>\n<td>N\u00famero de modelo<\/td>\n<td>Serie LY-PPF<\/td>\n<\/tr>\n<tr>\n<td>Nombre del producto<\/td>\n<td>Filtro de PP de 5 micras<\/td>\n<\/tr>\n<tr>\n<td>Aplicaci\u00f3n<\/td>\n<td>Piezas de filtros de agua, \u00f3smosis inversa<\/td>\n<\/tr>\n<tr>\n<td>Utilizaci\u00f3n<\/td>\n<td>Filtro de cartucho para l\u00edquidos<\/td>\n<\/tr>\n<tr>\n<td>Medio filtrante<\/td>\n<td>Membrana de polipropileno PP<\/td>\n<\/tr>\n<tr>\n<td>Tasa de micra<\/td>\n<td>1, 3, 5, 10 micras<\/td>\n<\/tr>\n<tr>\n<td>Longitud<\/td>\n<td>10 pulgadas<\/td>\n<\/tr>\n<tr>\n<td>Tapa<\/td>\n<td>DOE<\/td>\n<\/tr>\n<tr>\n<td>Estilo<\/td>\n<td>Plano<\/td>\n<\/tr>\n<tr>\n<td>N\u00facleo interno<\/td>\n<td>Ninguno<\/td>\n<\/tr>\n<tr>\n<td>Certificaci\u00f3n<\/td>\n<td>CE, SGS<\/td>\n<\/tr>\n<tr>\n<td>Unidades de venta<\/td>\n<td>Art\u00edculo \u00fanico<\/td>\n<\/tr>\n<tr>\n<td>Tama\u00f1o de envase individual<\/td>\n<td>32 \u00d7 32 \u00d7 53 cm<\/td>\n<\/tr>\n<tr>\n<td>Peso bruto \u00fanico<\/td>\n<td>6,0 kg<\/td>\n<\/tr>\n<tr>\n<td>Tipo de envase<\/td>\n<td>Cart\u00f3n duro, bolsa de polietileno para cada pieza<\/td>\n<\/tr>\n<\/tbody>\n<\/table>","protected":false},"excerpt":{"rendered":"<p>Este cartucho filtrante de PP de 5 micras elimina sedimentos y part\u00edculas finas para proteger los sistemas de \u00f3smosis inversa. Es una opci\u00f3n sencilla y fiable para la filtraci\u00f3n diaria de agua.<\/p>","protected":false},"featured_media":2023,"comment_status":"open","ping_status":"closed","template":"","meta":{"_gspb_post_css":""},"product_brand":[],"product_cat":[23,17],"product_tag":[832,819,681,660,632,864],"class_list":{"0":"post-2022","1":"product","2":"type-product","3":"status-publish","4":"has-post-thumbnail","6":"product_cat-pp-filter-cartridge","7":"product_cat-sediment-filter","8":"product_tag-10-inch-water-filter","9":"product_tag-5-micron-pp-filter","10":"product_tag-liquid-cartridge-filter","11":"product_tag-pp-membrane-filter","12":"product_tag-pp-water-filter-cartridge","13":"product_tag-ro-sediment-filter","15":"first","16":"instock","17":"shipping-taxable","18":"product-type-simple"},"_links":{"self":[{"href":"https:\/\/lyfilter.com\/es\/wp-json\/wp\/v2\/product\/2022","targetHints":{"allow":["GET"]}}],"collection":[{"href":"https:\/\/lyfilter.com\/es\/wp-json\/wp\/v2\/product"}],"about":[{"href":"https:\/\/lyfilter.com\/es\/wp-json\/wp\/v2\/types\/product"}],"replies":[{"embeddable":true,"href":"https:\/\/lyfilter.com\/es\/wp-json\/wp\/v2\/comments?post=2022"}],"wp:featuredmedia":[{"embeddable":true,"href":"https:\/\/lyfilter.com\/es\/wp-json\/wp\/v2\/media\/2023"}],"wp:attachment":[{"href":"https:\/\/lyfilter.com\/es\/wp-json\/wp\/v2\/media?parent=2022"}],"wp:term":[{"taxonomy":"product_brand","embeddable":true,"href":"https:\/\/lyfilter.com\/es\/wp-json\/wp\/v2\/product_brand?post=2022"},{"taxonomy":"product_cat","embeddable":true,"href":"https:\/\/lyfilter.com\/es\/wp-json\/wp\/v2\/product_cat?post=2022"},{"taxonomy":"product_tag","embeddable":true,"href":"https:\/\/lyfilter.com\/es\/wp-json\/wp\/v2\/product_tag?post=2022"}],"curies":[{"name":"wp","href":"https:\/\/api.w.org\/{rel}","templated":true}]}}