{"id":2021,"date":"2026-01-06T03:44:38","date_gmt":"2026-01-06T03:44:38","guid":{"rendered":"https:\/\/lyfilter.com\/?post_type=product&#038;p=2021"},"modified":"2026-01-06T03:44:39","modified_gmt":"2026-01-06T03:44:39","slug":"high-quality-pp-melt-blown-cartridge-taiwan-filter-technology-with-oem-size","status":"publish","type":"product","link":"https:\/\/lyfilter.com\/es\/high-quality-pp-melt-blown-cartridge-taiwan-filter-technology-with-oem-size\/","title":{"rendered":"Alta calidad PP fundido soplado cartucho Taiw\u00e1n tecnolog\u00eda de filtro con el tama\u00f1o del OEM"},"content":{"rendered":"<table>\n<thead>\n<tr>\n<th>Art\u00edculo<\/th>\n<th>Detalles<\/th>\n<\/tr>\n<\/thead>\n<tbody>\n<tr>\n<td>Lugar de origen<\/td>\n<td>Guangdong, China<\/td>\n<\/tr>\n<tr>\n<td>Marca<\/td>\n<td>Lvyuan \/ OEM<\/td>\n<\/tr>\n<tr>\n<td>N\u00famero de modelo<\/td>\n<td>Serie LY-PPF<\/td>\n<\/tr>\n<tr>\n<td>Nombre del producto<\/td>\n<td>Cartucho de PP fundido soplado<\/td>\n<\/tr>\n<tr>\n<td>Aplicaci\u00f3n<\/td>\n<td>Cartucho de la carcasa del filtro de agua<\/td>\n<\/tr>\n<tr>\n<td>Utilizaci\u00f3n<\/td>\n<td>Cartucho filtrante de gas y l\u00edquido<\/td>\n<\/tr>\n<tr>\n<td>Medio filtrante<\/td>\n<td>Membrana de polipropileno PP<\/td>\n<\/tr>\n<tr>\n<td>Tasa de micra<\/td>\n<td>1, 3, 5, 10 micras<\/td>\n<\/tr>\n<tr>\n<td>Longitud<\/td>\n<td>5\u2033, 10\u2033, 20\u2033, 30\u2033, 40\u2033, 50\u2033 pulgadas<\/td>\n<\/tr>\n<tr>\n<td>Tapa<\/td>\n<td>DOE, 222+Fin, 222+Piso, 226+Fin, 226+Piso<\/td>\n<\/tr>\n<tr>\n<td>Material de la junta t\u00f3rica<\/td>\n<td>Silicona, EPDM, Viton<\/td>\n<\/tr>\n<tr>\n<td>N\u00facleo interno<\/td>\n<td>PP o ninguno<\/td>\n<\/tr>\n<tr>\n<td>Capacidad de suministro<\/td>\n<td>5000 piezas al d\u00eda<\/td>\n<\/tr>\n<\/tbody>\n<\/table>","protected":false},"excerpt":{"rendered":"<p>Este cartucho de PP soplado por fusi\u00f3n ofrece una eliminaci\u00f3n constante de part\u00edculas para carcasas de agua. Funciona para la filtraci\u00f3n de l\u00edquidos y gases con opciones de micras flexibles.<\/p>","protected":false},"featured_media":2029,"comment_status":"open","ping_status":"closed","template":"","meta":{"_gspb_post_css":""},"product_brand":[],"product_cat":[17,23],"product_tag":[865,648,726,660,325,775],"class_list":{"0":"post-2021","1":"product","2":"type-product","3":"status-publish","4":"has-post-thumbnail","6":"product_cat-sediment-filter","7":"product_cat-pp-filter-cartridge","8":"product_tag-liquid-gas-filter","9":"product_tag-pp-filter-cartridge","10":"product_tag-pp-melt-blown-cartridge","11":"product_tag-pp-membrane-filter","12":"product_tag-sediment-filter-cartridge","13":"product_tag-water-filter-housing-cartridge","15":"first","16":"instock","17":"shipping-taxable","18":"product-type-simple"},"_links":{"self":[{"href":"https:\/\/lyfilter.com\/es\/wp-json\/wp\/v2\/product\/2021","targetHints":{"allow":["GET"]}}],"collection":[{"href":"https:\/\/lyfilter.com\/es\/wp-json\/wp\/v2\/product"}],"about":[{"href":"https:\/\/lyfilter.com\/es\/wp-json\/wp\/v2\/types\/product"}],"replies":[{"embeddable":true,"href":"https:\/\/lyfilter.com\/es\/wp-json\/wp\/v2\/comments?post=2021"}],"wp:featuredmedia":[{"embeddable":true,"href":"https:\/\/lyfilter.com\/es\/wp-json\/wp\/v2\/media\/2029"}],"wp:attachment":[{"href":"https:\/\/lyfilter.com\/es\/wp-json\/wp\/v2\/media?parent=2021"}],"wp:term":[{"taxonomy":"product_brand","embeddable":true,"href":"https:\/\/lyfilter.com\/es\/wp-json\/wp\/v2\/product_brand?post=2021"},{"taxonomy":"product_cat","embeddable":true,"href":"https:\/\/lyfilter.com\/es\/wp-json\/wp\/v2\/product_cat?post=2021"},{"taxonomy":"product_tag","embeddable":true,"href":"https:\/\/lyfilter.com\/es\/wp-json\/wp\/v2\/product_tag?post=2021"}],"curies":[{"name":"wp","href":"https:\/\/api.w.org\/{rel}","templated":true}]}}