{"id":1940,"date":"2026-01-06T02:50:36","date_gmt":"2026-01-06T02:50:36","guid":{"rendered":"https:\/\/lyfilter.com\/?post_type=product&#038;p=1940"},"modified":"2026-01-06T02:50:36","modified_gmt":"2026-01-06T02:50:36","slug":"10-20-inch-5-micron-big-pp-sediment-filter-cartridge-big-size-pp-string-wound-filter","status":"publish","type":"product","link":"https:\/\/lyfilter.com\/es\/10-20-inch-5-micron-big-pp-sediment-filter-cartridge-big-size-pp-string-wound-filter\/","title":{"rendered":"10 20 pulgadas 5 micras gran pp sedimento filtro cartucho\/gran tama\u00f1o pp cuerda filtro"},"content":{"rendered":"<div class=\"pro_aliData\">\n<div class=\"detail-box\">\n<div class=\"scc-wrapper detail-module module-productSpecification\" data-spm=\"pronpeci14\">\n<div id=\"J-rich-text-description\" class=\"richtext richtext-detail rich-text-description\">\n<p>Par\u00e1metros:<\/p>\n<div class=\"table-responsive\">\n<table class=\"aliDataTable\">\n<tbody>\n<tr align=\"left\">\n<td valign=\"top\">Producto<\/td>\n<td valign=\"top\">10 20 pulgadas 5 micras gran pp sedimento filtro cartucho\/gran tama\u00f1o pp cuerda filtro<\/td>\n<\/tr>\n<tr align=\"left\">\n<td valign=\"top\">Material<\/td>\n<td valign=\"top\">PP, polipropileno<\/td>\n<\/tr>\n<tr align=\"left\">\n<td valign=\"top\">Estilo<\/td>\n<td valign=\"top\">Ranura, Puntos de presi\u00f3n, Plano, Entrecruzamiento<\/td>\n<\/tr>\n<tr align=\"left\">\n<td valign=\"top\">Filtraci\u00f3n de precisi\u00f3n<\/td>\n<td valign=\"top\">1~100 micras<\/td>\n<\/tr>\n<tr align=\"left\">\n<td valign=\"top\">Di\u00e1metro exterior<\/td>\n<td valign=\"top\">60~65mm<\/td>\n<\/tr>\n<tr align=\"left\">\n<td valign=\"top\">Di\u00e1metro interior<\/td>\n<td valign=\"top\">28 mm o 30 mm<\/td>\n<\/tr>\n<tr align=\"left\">\n<td valign=\"top\">Interfaz<\/td>\n<td valign=\"top\">Plano, inserto, atornillado<\/td>\n<\/tr>\n<tr align=\"left\">\n<td valign=\"top\">Tipo de tapa<\/td>\n<td valign=\"top\">222plana, 222aleta, 226plana, 226aleta, 215plana, 215aleta<\/td>\n<\/tr>\n<tr align=\"left\">\n<td valign=\"top\">Longitud<\/td>\n<td valign=\"top\">5\u201d,10\u201d,20\u201d,30\u201d,40\u201d,50\u2033,60\u2033<\/td>\n<\/tr>\n<tr align=\"left\">\n<td valign=\"top\">Presi\u00f3n diferencial m\u00e1xima<\/td>\n<td valign=\"top\">3 kgf\/cm\u00b2<\/td>\n<\/tr>\n<tr align=\"left\">\n<td valign=\"top\">Temperatura m\u00e1xima de funcionamiento<\/td>\n<td valign=\"top\">80\u00b0c<\/td>\n<\/tr>\n<tr align=\"left\">\n<td valign=\"top\">Presi\u00f3n diferencial de funcionamiento<\/td>\n<td valign=\"top\">0,1kgf\/cm2<\/td>\n<\/tr>\n<tr align=\"left\">\n<td valign=\"top\">Marca<\/td>\n<td valign=\"top\">Lvyuan\/OEM<\/td>\n<\/tr>\n<tr align=\"left\">\n<td valign=\"top\">Peso com\u00fan<\/td>\n<td valign=\"top\">100- 120g\/10\u2033 (Se puede personalizar)<\/td>\n<\/tr>\n<\/tbody>\n<\/table>\n<\/div>\n<p>Caracter\u00edsticas :<\/p>\n<p>1. Mover eficazmente sustancias en suspensi\u00f3n, part\u00edculas y \u00f3xido.<\/p>\n<p>2. Prefiltraci\u00f3n de agua<\/p>\n<p>3. Amplia compatibilidad qu\u00edmica<\/p>\n<p>4. A prueba de presi\u00f3n<\/p>\n<p>5. Alta resistencia qu\u00edmica.<\/p>\n<p>6. Disponemos de todo tipo de adaptadores<\/p>\n<p>7. Alta capacidad de retenci\u00f3n de contaminantes y larga vida \u00fatil.<\/p>\n<p>Alcance:<\/p>\n<p>Prefiltraci\u00f3n o sistema RO, disolvente, industria qu\u00edmica, industria petrolera,<\/p>\n<p>tratamiento de agua potable, industrias electr\u00f3nica y energ\u00e9tica, galvanoplastia,<\/p>\n<p>comida y bebida, vino, ect.<\/p>\n<p>&nbsp;<\/p>\n<p>Detalle de embalaje: 10\u2033:50PCS\/CTN; 20\u2033:25PCS\/CTN; 30\u2033:25PC\/CTN;40\u2033:25PCS\/CTN<\/p>\n<p>Detalle de entrega: Dentro de 7 d\u00edas despu\u00e9s de recibir el dep\u00f3sito 30%.<\/p>\n<p>Muestra de productos:<\/p>\n<p><img decoding=\"async\" src=\"https:\/\/img.yfisher.com\/m6076\/1725731201we9\/jpg70-t3-scale100.webp\" alt=\"10 20 pulgadas 5 micras gran pp sedimento filtro cartucho\/gran tama\u00f1o pp cuerda filtro 3\" data-alt=\"10 20 inch 5 micron big pp sediment filter cartridge\/big size pp string wound filter\" data-=\"\" data-lazy=\"2\" title=\"\"><\/p>\n<p><img decoding=\"async\" src=\"https:\/\/img.yfisher.com\/m6076\/1725727044jk0\/jpg70-t3-scale100.webp\" alt=\"10 20 pulgadas 5 micras gran pp sedimento filtro cartucho\/gran tama\u00f1o pp cuerda filtro 5\" data-alt=\"10 20 inch 5 micron big pp sediment filter cartridge\/big size pp string wound filter\" data-=\"\" data-lazy=\"2\" title=\"\"><\/p>\n<p><img decoding=\"async\" src=\"https:\/\/img.yfisher.com\/m6076\/1725731201n1y\/jpg70-t3-scale100.webp\" alt=\"10 20 pulgadas 5 micras gran pp sedimento filtro cartucho\/gran tama\u00f1o pp cuerda filtro 7\" data-alt=\"10 20 inch 5 micron big pp sediment filter cartridge\/big size pp string wound filter\" data-=\"\" data-lazy=\"2\" title=\"\"><\/p>\n<p><img decoding=\"async\" src=\"https:\/\/img.yfisher.com\/m6076\/1725727044ad0\/jpg70-t3-scale100.webp\" alt=\"10 20 pulgadas 5 micras gran pp sedimento filtro cartucho\/gran tama\u00f1o pp cuerda filtro 9\" data-alt=\"10 20 inch 5 micron big pp sediment filter cartridge\/big size pp string wound filter\" data-=\"\" data-lazy=\"2\" title=\"\"><\/p>\n<p><img decoding=\"async\" src=\"https:\/\/img.yfisher.com\/m6076\/1725727044yry\/jpg70-t3-scale100.webp\" alt=\"10 20 pulgadas 5 micras gran pp sedimento filtro cartucho\/gran tama\u00f1o pp cuerda filtro 11\" data-alt=\"10 20 inch 5 micron big pp sediment filter cartridge\/big size pp string wound filter\" data-=\"\" data-lazy=\"2\" title=\"\"><\/p>\n<p><img decoding=\"async\" src=\"https:\/\/img.yfisher.com\/m6076\/17257312014p8\/jpg70-t3-scale100.webp\" alt=\"10 20 pulgadas 5 micras gran pp sedimento filtro cartucho\/gran tama\u00f1o pp cuerda filtro 13\" data-alt=\"10 20 inch 5 micron big pp sediment filter cartridge\/big size pp string wound filter\" data-=\"\" data-lazy=\"2\" title=\"\"><\/p>\n<p><img decoding=\"async\" src=\"https:\/\/img.yfisher.com\/m6076\/17257270449f1\/jpg70-t3-scale100.webp\" alt=\"10 20 pulgadas 5 micras gran pp sedimento filtro cartucho\/gran tama\u00f1o pp cuerda filtro 15\" data-alt=\"10 20 inch 5 micron big pp sediment filter cartridge\/big size pp string wound filter\" data-=\"\" data-lazy=\"2\" title=\"\"><\/p>\n<p><img decoding=\"async\" src=\"https:\/\/img.yfisher.com\/m6076\/1725727044bwm\/jpg70-t3-scale100.webp\" alt=\"10 20 pulgadas 5 micras gran pp sedimento filtro cartucho\/gran tama\u00f1o pp cuerda herida filtro 17\" data-alt=\"10 20 inch 5 micron big pp sediment filter cartridge\/big size pp string wound filter\" data-=\"\" data-lazy=\"2\" title=\"\"><\/p>\n<p>No dude en ponerse en contacto con nosotros para obtener m\u00e1s informaci\u00f3n o presupuestos.<\/p>\n<p>si est\u00e1 interesado en nuestros productos o en nuestra empresa. : )<\/p>\n<p><strong>Mi informaci\u00f3n de contacto -----<\/strong><\/p>\n<p><img decoding=\"async\" src=\"https:\/\/img.yfisher.com\/m6076\/172572799710g\/jpg70-t3-scale100.webp\" alt=\"10 20 pulgadas 5 micras gran pp sedimento filtro cartucho\/gran tama\u00f1o pp cuerda filtro 19\" data-alt=\"10 20 inch 5 micron big pp sediment filter cartridge\/big size pp string wound filter\" data-=\"\" data-lazy=\"2\" title=\"\"><\/p>\n<\/div>\n<\/div>\n<div data-module=\"detailMarketPackage\"><\/div>\n<div data-module=\"productAuth\"><\/div>\n<\/div>\n<\/div>\n<div class=\"diffStatement\">Guangzhou Lvyuan Water Purification Equipment Co., Ltd. tiene una fuerte capacidad de reacci\u00f3n y de desarrollo de nuevos productos en\u00a0<a href=\"https:\/\/lyfilter.com\/es\/products.html\/\">cartuchos de filtro de agua<\/a>\u00a0campo. La matriz de fibra autoportante permite un dise\u00f1o sin n\u00facleo que es a la vez econ\u00f3mico y fuerte. Guangzhou Lvyuan Water Purification Equipment Co., Ltd. organizar\u00e1 la producci\u00f3n y la entrega lo antes posible una vez que nuestros clientes confirmen sus pedidos. La matriz de fibra autoportante permite un dise\u00f1o sin n\u00facleo que es a la vez econ\u00f3mico y fuerte.<\/div>","protected":false},"excerpt":{"rendered":"<p>Este cartucho de sedimentos de PP de gran tama\u00f1o est\u00e1 fabricado para un mayor caudal y cargas de suciedad m\u00e1s pesadas, por lo que su sistema se mantiene estable y el agua clara. Elija la clasificaci\u00f3n de micras, la longitud y la interfaz que se adapten a su carcasa, y a\u00f1ada su logotipo si desea piezas de repuesto con su marca.<\/p>","protected":false},"featured_media":1943,"comment_status":"open","ping_status":"closed","template":"","meta":{"_gspb_post_css":""},"product_brand":[],"product_cat":[23,17],"product_tag":[671,841,842,840,843,783],"class_list":{"0":"post-1940","1":"product","2":"type-product","3":"status-publish","4":"has-post-thumbnail","6":"product_cat-pp-filter-cartridge","7":"product_cat-sediment-filter","8":"product_tag-1-100-micron-filter-cartridge","9":"product_tag-10-40-inch-sediment-cartridge","10":"product_tag-222-226-215-filter-interface","11":"product_tag-big-pp-sediment-filter","12":"product_tag-custom-logo-filter-cartridge","13":"product_tag-high-flow-pp-cartridge","15":"first","16":"instock","17":"shipping-taxable","18":"product-type-simple"},"_links":{"self":[{"href":"https:\/\/lyfilter.com\/es\/wp-json\/wp\/v2\/product\/1940","targetHints":{"allow":["GET"]}}],"collection":[{"href":"https:\/\/lyfilter.com\/es\/wp-json\/wp\/v2\/product"}],"about":[{"href":"https:\/\/lyfilter.com\/es\/wp-json\/wp\/v2\/types\/product"}],"replies":[{"embeddable":true,"href":"https:\/\/lyfilter.com\/es\/wp-json\/wp\/v2\/comments?post=1940"}],"wp:featuredmedia":[{"embeddable":true,"href":"https:\/\/lyfilter.com\/es\/wp-json\/wp\/v2\/media\/1943"}],"wp:attachment":[{"href":"https:\/\/lyfilter.com\/es\/wp-json\/wp\/v2\/media?parent=1940"}],"wp:term":[{"taxonomy":"product_brand","embeddable":true,"href":"https:\/\/lyfilter.com\/es\/wp-json\/wp\/v2\/product_brand?post=1940"},{"taxonomy":"product_cat","embeddable":true,"href":"https:\/\/lyfilter.com\/es\/wp-json\/wp\/v2\/product_cat?post=1940"},{"taxonomy":"product_tag","embeddable":true,"href":"https:\/\/lyfilter.com\/es\/wp-json\/wp\/v2\/product_tag?post=1940"}],"curies":[{"name":"wp","href":"https:\/\/api.w.org\/{rel}","templated":true}]}}