{"id":1926,"date":"2026-01-06T02:46:29","date_gmt":"2026-01-06T02:46:29","guid":{"rendered":"https:\/\/lyfilter.com\/?post_type=product&#038;p=1926"},"modified":"2026-01-07T07:58:22","modified_gmt":"2026-01-07T07:58:22","slug":"pes-pleated-filter-cartridge-precision-flow-meter-water-sensor","status":"publish","type":"product","link":"https:\/\/lyfilter.com\/es\/pes-pleated-filter-cartridge-precision-flow-meter-water-sensor\/","title":{"rendered":"Cartucho filtrante plisado PES\/sensor de agua del caudal\u00edmetro de precisi\u00f3n"},"content":{"rendered":"<p><strong>Cartucho filtrante plisado PES\/sensor de agua del caudal\u00edmetro de precisi\u00f3n<\/strong><\/p>\n<p><img decoding=\"async\" src=\"https:\/\/img.yfisher.com\/m6076\/1725731185aiz\/jpg70-t3-scale100.webp\" alt=\"PES Cartucho filtrante plisado\/caudal\u00edmetro de precisi\u00f3n sensor de agua 2\" data-alt=\"PES Pleated Filter Cartridge\/precision flow meter water sensor\" data-lazy=\"2\" title=\"\"><img decoding=\"async\" src=\"https:\/\/img.yfisher.com\/m6076\/1725731185xk6\/jpg70-t3-scale100.webp\" alt=\"PES Cartucho filtrante plisado\/caudal\u00edmetro de precisi\u00f3n sensor de agua 4\" data-alt=\"PES Pleated Filter Cartridge\/precision flow meter water sensor\" data-=\"\" data-lazy=\"2\" title=\"\"><img decoding=\"async\" src=\"https:\/\/img.yfisher.com\/m6076\/17257311852i8\/jpg70-t3-scale100.webp\" alt=\"PES Cartucho filtrante plisado\/caudal\u00edmetro de precisi\u00f3n sensor de agua 6\" data-alt=\"PES Pleated Filter Cartridge\/precision flow meter water sensor\" data-lazy=\"2\" title=\"\"><img decoding=\"async\" src=\"https:\/\/img.yfisher.com\/m6076\/1725731185fat\/jpg70-t3-scale100.webp\" alt=\"PES Cartucho filtrante plisado\/caudal\u00edmetro de precisi\u00f3n sensor de agua 8\" data-alt=\"PES Pleated Filter Cartridge\/precision flow meter water sensor\" data-lazy=\"2\" title=\"\"><img decoding=\"async\" src=\"https:\/\/img.yfisher.com\/m6076\/172573118513n\/jpg70-t3-scale100.webp\" alt=\"PES Cartucho filtrante plisado\/caudal\u00edmetro de precisi\u00f3n sensor de agua 10\" data-alt=\"PES Pleated Filter Cartridge\/precision flow meter water sensor\" data-lazy=\"2\" title=\"\"><\/p>\n<p><strong>Presentaci\u00f3n del producto<\/strong><\/p>\n<p>El cartucho de PP utiliza una membrana de fibra de PP plisada como medio de filtraci\u00f3n.<br \/>\nEl cartucho de PP es un filtro intensivo fijo avanzado y est\u00e1 disponible en una amplia gama de \u00edndices de retenci\u00f3n, desde 0,1um hasta 60um. El tama\u00f1o de poro no se ve afectado por la vibraci\u00f3n de la presi\u00f3n de alimentaci\u00f3n. Debido a su baja presi\u00f3n diferencial \u00fanica, alto volumen de flujo, excelente filtraci\u00f3n y atrajo a muchos clientes<\/p>\n<p>especificaci\u00f3n<\/p>\n<p>&nbsp;<\/p>\n<p><strong>Ventajas competitivas<\/strong><\/p>\n<p>1.Well y control de alta calidad ,<br \/>\n2.Entrega puntual ,<br \/>\n3. El dise\u00f1o y el logotipo del cliente son bienvenidos, ,<br \/>\n4.Productos respetuosos con el medio ambiente ,<br \/>\n5.Baja ca\u00edda de presi\u00f3n, larga vida \u00fatil<\/p>\n<p>6.Gama completa de grados de extracci\u00f3n<\/p>\n<p>7. Densidad de poros graduada para una gran capacidad de retenci\u00f3n de la suciedad<\/p>\n<p>8.Excelente compatibilidad qu\u00edmica.<\/p>\n<p>Adecuado para filtrar disolventes org\u00e1nicos,bases \u00e1cidas<\/p>\n<p>&nbsp;<\/p>\n<p><strong>Caracter\u00edsticas:<br \/>\n<\/strong>1. La pila de membranas est\u00e1 formada por una membrana de fibra superfina de PP y una capa deflectora importada y posee una gran capacidad de absorci\u00f3n de contaminantes.<br \/>\n2. Amplia aplicabilidad<br \/>\n3. Gran caudal, peque\u00f1a resistencia, gran capacidad de absorci\u00f3n de contaminantes y larga vida \u00fatil.<br \/>\n4. Adopta la t\u00e9cnica de soldadura en caliente sin aglutinante y no transporta contaminantes qu\u00edmicos.<br \/>\n5. Cada cartucho de filtro de grado farmac\u00e9utico ha sido lavado con agua de inyecci\u00f3n; Cada cartucho de filtro de grado electr\u00f3nico ha sido lavado con agua ultrapura.<\/p>\n<p><strong>Aplicaci\u00f3n:<br \/>\n<\/strong>1. Industria electr\u00f3nica: Productos qu\u00edmicos y agua pura<br \/>\n2. Filtro de seguridad para \u00f3smosis inversa<br \/>\n3. Industria alimentaria y de bebidas: Agua mineral, vinos y zumos de fruta, etc.<br \/>\n4. Industria farmac\u00e9utica: Medicamentos l\u00edquidos, gases, etc.<br \/>\n5. Industria qu\u00edmica: Disolvente org\u00e1nico, etc.<br \/>\n6. Industria petrol\u00edfera: Inundaciones de campos petrol\u00edferos<br \/>\n7. Filtraci\u00f3n fina para una gran variedad de gases<br \/>\n8. Prefiltraci\u00f3n mucho m\u00e1s fina<\/p>\n<p>&nbsp;<\/p>\n<p><strong>Resumen de prestaciones<\/strong><br \/>\n1.Compatibilidad qu\u00edmica universal, gran caudal, baja presi\u00f3n diferencial y larga vida \u00fatil.<br \/>\n2.amplia gama de grados de retenci\u00f3n para satisfacer diversas filtraciones<br \/>\n3.Aplicaci\u00f3n de la t\u00e9cnica de uni\u00f3n t\u00e9rmica, firme y sin contaminaci\u00f3n para los productos.<br \/>\n4.limpiar de forma habitual y esterilizar con cabina de esterilizaci\u00f3n y vapor<\/p>\n<h4><strong>especificaci\u00f3n<\/strong><\/h4>\n<div class=\"table-responsive\">\n<table class=\"aliDataTable\">\n<tbody>\n<tr align=\"left\">\n<td valign=\"top\" width=\"284\"><strong>Longitud<\/strong><\/td>\n<td valign=\"top\" width=\"284\"><strong>5\u201d, 10\u201d ,20\u201d , 30\u201d , 40\u201d<\/strong><\/td>\n<\/tr>\n<tr align=\"left\">\n<td valign=\"top\"><strong>Precisi\u00f3n<\/strong><\/td>\n<td valign=\"top\"><strong>0.1,\u00a00.22,\u00a00.45,\u00a01,\u00a05,\u00a010,\u00a020,25,\u00a030,\u00a050,\u00a060<\/strong><\/td>\n<\/tr>\n<\/tbody>\n<\/table>\n<\/div>\n<p>&nbsp;<\/p>\n<h4><\/h4>\n<h4><strong>Especificaciones t\u00e9cnicas\u00a0<\/strong><\/h4>\n<div class=\"table-responsive\">\n<table class=\"aliDataTable\">\n<tbody>\n<tr align=\"left\">\n<td valign=\"top\" width=\"188\"><strong>Precisi\u00f3n de filtraci\u00f3n\u00a0<\/strong><\/td>\n<td valign=\"top\" width=\"380\"><strong>0.1,\u00a0\u00a00.2,\u00a0\u00a00.45,\u00a0\u00a00.65,\u00a0\u00a00.8,\u00a0\u00a01,\u00a0\u00a02,\u00a0\u00a03,\u00a0\u00a05,\u00a0\u00a010,\u00a0\u00a020,\u00a0\u00a025,\u00a0\u00a030,\u00a0\u00a050,\u00a0\u00a060<\/strong><\/td>\n<\/tr>\n<tr align=\"left\">\n<td valign=\"top\"><strong>\u00c1rea de filtraci\u00f3n efectiva<\/strong><\/td>\n<td valign=\"top\"><strong>0.40-0.7<\/strong><\/td>\n<\/tr>\n<tr align=\"left\">\n<td valign=\"top\"><strong>M\u00e1x. Presi\u00f3n de funcionamiento<\/strong><\/td>\n<td valign=\"top\"><strong>\u00a0042Mpa25\u00b0C<\/strong><\/td>\n<\/tr>\n<tr align=\"left\">\n<td valign=\"top\"><strong>M\u00e1x. Temperatura de funcionamiento<\/strong><\/td>\n<td valign=\"top\"><strong>88\u00b0C, 0,28Mpa; 60\u00b0C, 0,42Mpa<\/strong><\/td>\n<\/tr>\n<tr align=\"left\">\n<td valign=\"top\"><strong>Temperatura de esterilizaci\u00f3n<\/strong><\/td>\n<td valign=\"top\"><strong>121\u00b0C 30min<\/strong><\/td>\n<\/tr>\n<\/tbody>\n<\/table>\n<\/div>\n<p>&nbsp;<\/p>\n<h4><strong>Conexi\u00f3n\u00a0<\/strong><\/h4>\n<div class=\"table-responsive\">\n<table class=\"aliDataTable\">\n<tbody>\n<tr align=\"left\">\n<td valign=\"top\" width=\"284\"><strong>Tipo de lanza<\/strong><\/td>\n<td valign=\"top\" width=\"284\"><strong>\u00a0<img decoding=\"async\" src=\"https:\/\/img.yfisher.com\/m6076\/1725731185qn2\/jpg70-t3-scale100.webp\" alt=\"PES Cartucho filtrante plisado\/caudal\u00edmetro de precisi\u00f3n sensor de agua 12\" data-alt=\"PES Pleated Filter Cartridge\/precision flow meter water sensor\" data-=\"\" data-lazy=\"2\" title=\"\"><\/strong><\/td>\n<\/tr>\n<tr align=\"left\">\n<td valign=\"top\"><strong>215 tipo<\/strong><\/td>\n<td valign=\"top\"><strong>\u00a0<img decoding=\"async\" src=\"https:\/\/img.yfisher.com\/m6076\/1725731185bp0\/jpg70-t3-scale100.webp\" alt=\"PES Cartucho filtrante plisado\/caudal\u00edmetro de precisi\u00f3n sensor de agua 14\" data-alt=\"PES Pleated Filter Cartridge\/precision flow meter water sensor\" data-=\"\" data-lazy=\"2\" title=\"\"><\/strong><\/td>\n<\/tr>\n<tr align=\"left\">\n<td valign=\"top\"><\/td>\n<td valign=\"top\"><\/td>\n<\/tr>\n<tr align=\"left\">\n<td valign=\"top\"><strong>226 tipo<\/strong><\/td>\n<td valign=\"top\"><strong>\u00a0<img decoding=\"async\" src=\"https:\/\/img.yfisher.com\/m6076\/1725731185ogz\/jpg70-t3-scale100.webp\" alt=\"PES Cartucho filtrante plisado\/caudal\u00edmetro de precisi\u00f3n sensor de agua 16\" data-alt=\"PES Pleated Filter Cartridge\/precision flow meter water sensor\" data-=\"\" data-lazy=\"2\" title=\"\"><\/strong><\/td>\n<\/tr>\n<tr align=\"left\">\n<td valign=\"top\"><strong>Tipo de placa<\/strong><\/td>\n<td valign=\"top\"><strong>\u00a0\u00a0<img decoding=\"async\" src=\"https:\/\/img.yfisher.com\/m6076\/1725731185yjw\/jpg70-t3-scale100.webp\" alt=\"PES Cartucho filtrante plisado\/caudal\u00edmetro de precisi\u00f3n sensor de agua 18\" data-alt=\"PES Pleated Filter Cartridge\/precision flow meter water sensor\" data-=\"\" data-lazy=\"2\" title=\"\"><\/strong><\/td>\n<\/tr>\n<\/tbody>\n<\/table>\n<\/div>\n<p>&nbsp;<\/p>\n<p><strong>\u00a0<\/strong><\/p>\n<p><strong>Material de la membrana filtrante<\/strong><\/p>\n<p>&nbsp;<\/p>\n<div class=\"table-responsive\">\n<table class=\"aliDataTable\">\n<tbody>\n<tr align=\"left\">\n<td valign=\"top\" width=\"284\"><strong>Material de la membrana filtrante<\/strong><\/td>\n<td valign=\"top\" width=\"284\"><strong>Aplicaci\u00f3n\u00a0<\/strong><\/td>\n<\/tr>\n<tr align=\"left\">\n<td valign=\"top\"><strong>PP<\/strong><\/td>\n<td rowspan=\"5\" valign=\"top\"><strong>1.Industria electr\u00f3nica: sistema de agua por \u00f3smosis inversa\u00a0<\/strong><\/p>\n<p><strong>prefiltraci\u00f3n, sistema de agua desionizada prefiltraci\u00f3n<\/strong><\/p>\n<p><strong>2.Fabricante de alimentos: filtraci\u00f3n de bebidas,\u00a0<\/strong><\/p>\n<p><strong>cerveza y agua mineral<\/strong><\/p>\n<p><strong>3.Planta qu\u00edmica: filtraci\u00f3n de disolvente org\u00e1nico y tinta.<\/strong><\/p>\n<p><strong>4.Industria farmac\u00e9utica: filtraci\u00f3n de\u00a0<\/strong><\/p>\n<p><strong>productos farmac\u00e9uticos, biol\u00f3gicos y de suero,<\/strong><\/p>\n<p><strong>aire y gas comprimidos\u00a0<\/strong><\/p>\n<p><strong>5.otros: filtraci\u00f3n de la soluci\u00f3n de revestimiento, fluidos de proceso,<\/strong><\/p>\n<p><strong>\u00a0fotorresistentes y soportes magn\u00e9ticos.<\/strong><\/p>\n<p><strong>\u00a0<\/strong><\/td>\n<\/tr>\n<tr align=\"left\">\n<td valign=\"top\"><strong>PTFE<\/strong><\/td>\n<\/tr>\n<tr align=\"left\">\n<td valign=\"top\"><strong>PSE<\/strong><\/td>\n<\/tr>\n<tr align=\"left\">\n<td valign=\"top\"><strong>N66<\/strong><\/td>\n<\/tr>\n<tr align=\"left\">\n<td valign=\"top\"><strong>Fibra de carbono<\/strong><\/td>\n<\/tr>\n<\/tbody>\n<\/table>\n<\/div>","protected":false},"excerpt":{"rendered":"<table>\n<thead>\n<tr>\n<th>art\u00edculo<\/th>\n<th>detalles<\/th>\n<\/tr>\n<\/thead>\n<tbody>\n<tr>\n<td>sectores aplicables<\/td>\n<td>Hoteles, F\u00e1brica de alimentos y bebidas, Restaurante, Tienda de alimentos, Tiendas de alimentos y bebidas<\/td>\n<\/tr>\n<tr>\n<td>lugar de origen<\/td>\n<td>Guangdong, China<\/td>\n<\/tr>\n<tr>\n<td>marca<\/td>\n<td>LvYuan\/OEM<\/td>\n<\/tr>\n<tr>\n<td>tipo de marketing<\/td>\n<td>Nuevo producto 2020<\/td>\n<\/tr>\n<tr>\n<td>v\u00eddeo salida-inspecci\u00f3n<\/td>\n<td>Proporcionado<\/td>\n<\/tr>\n<tr>\n<td>servicio post garant\u00eda<\/td>\n<td>Soporte t\u00e9cnico de v\u00eddeo<\/td>\n<\/tr>\n<tr>\n<td>servicio posventa<\/td>\n<td>Soporte t\u00e9cnico de v\u00eddeo<\/td>\n<\/tr>\n<tr>\n<td>ubicaci\u00f3n del servicio local<\/td>\n<td>ninguno<\/td>\n<\/tr>\n<tr>\n<td>sala de exposiciones<\/td>\n<td>ninguno<\/td>\n<\/tr>\n<tr>\n<td>informe de ensayo de maquinaria<\/td>\n<td>No disponible<\/td>\n<\/tr>\n<tr>\n<td>garant\u00eda<\/td>\n<td>1 a\u00f1o<\/td>\n<\/tr>\n<tr>\n<td>garant\u00eda de los componentes principales<\/td>\n<td>1 a\u00f1o<\/td>\n<\/tr>\n<tr>\n<td>material<\/td>\n<td>cart\u00f3n de papel; polipropileno o PVDF, PTFE, PES, N66<\/td>\n<\/tr>\n<tr>\n<td>superficie<\/td>\n<td>Polipropileno<\/td>\n<\/tr>\n<tr>\n<td>clasificaci\u00f3n en micras<\/td>\n<td>0,1, 0,45, 0,5, 0,68, 0,8, 1, 2-60 \u00b5m<\/td>\n<\/tr>\n<tr>\n<td>talla<\/td>\n<td>cart\u00f3n normal 53\u00d732\u00d732 cm; 5\u2033, 10\u2033, 20\u2033, 30\u2033, 40\u2033 o personalizado.<\/td>\n<\/tr>\n<tr>\n<td>peso<\/td>\n<td>caso por caso<\/td>\n<\/tr>\n<tr>\n<td>potencia<\/td>\n<td>NA<\/td>\n<\/tr>\n<tr>\n<td>color<\/td>\n<td>Blanco<\/td>\n<\/tr>\n<tr>\n<td>calidad<\/td>\n<td>Excelente, apto para alimentos<\/td>\n<\/tr>\n<tr>\n<td>di\u00e1metro interior<\/td>\n<td>32 mm, 35 mm<\/td>\n<\/tr>\n<tr>\n<td>di\u00e1metro exterior<\/td>\n<td>68 mm, 70 mm<\/td>\n<\/tr>\n<tr>\n<td>interfaz<\/td>\n<td>tipo plano, 215, 222, 226<\/td>\n<\/tr>\n<tr>\n<td>tama\u00f1o del n\u00facleo<\/td>\n<td>n\u00facleo, o sin n\u00facleo<\/td>\n<\/tr>\n<tr>\n<td>componentes b\u00e1sicos<\/td>\n<td>Parte electr\u00f3nica, en su caso<\/td>\n<\/tr>\n<tr>\n<td>capacidad de suministro<\/td>\n<td>5000 piezas por d\u00eda<\/td>\n<\/tr>\n<\/tbody>\n<\/table>","protected":false},"featured_media":1941,"comment_status":"open","ping_status":"closed","template":"","meta":{"_gspb_post_css":""},"product_brand":[],"product_cat":[17,23],"product_tag":[836,838,839,834,835,837],"class_list":{"0":"post-1926","1":"product","2":"type-product","3":"status-publish","4":"has-post-thumbnail","6":"product_cat-sediment-filter","7":"product_cat-pp-filter-cartridge","8":"product_tag-0-1-60-micron-filter","9":"product_tag-222-226-interface-cartridge","10":"product_tag-beverage-water-filtration","11":"product_tag-food-grade-filter-cartridge","12":"product_tag-membrane-filter-cartridge","13":"product_tag-pp-pvdf-ptfe-pes-n66","15":"first","16":"instock","17":"shipping-taxable","18":"product-type-simple"},"_links":{"self":[{"href":"https:\/\/lyfilter.com\/es\/wp-json\/wp\/v2\/product\/1926","targetHints":{"allow":["GET"]}}],"collection":[{"href":"https:\/\/lyfilter.com\/es\/wp-json\/wp\/v2\/product"}],"about":[{"href":"https:\/\/lyfilter.com\/es\/wp-json\/wp\/v2\/types\/product"}],"replies":[{"embeddable":true,"href":"https:\/\/lyfilter.com\/es\/wp-json\/wp\/v2\/comments?post=1926"}],"wp:featuredmedia":[{"embeddable":true,"href":"https:\/\/lyfilter.com\/es\/wp-json\/wp\/v2\/media\/1941"}],"wp:attachment":[{"href":"https:\/\/lyfilter.com\/es\/wp-json\/wp\/v2\/media?parent=1926"}],"wp:term":[{"taxonomy":"product_brand","embeddable":true,"href":"https:\/\/lyfilter.com\/es\/wp-json\/wp\/v2\/product_brand?post=1926"},{"taxonomy":"product_cat","embeddable":true,"href":"https:\/\/lyfilter.com\/es\/wp-json\/wp\/v2\/product_cat?post=1926"},{"taxonomy":"product_tag","embeddable":true,"href":"https:\/\/lyfilter.com\/es\/wp-json\/wp\/v2\/product_tag?post=1926"}],"curies":[{"name":"wp","href":"https:\/\/api.w.org\/{rel}","templated":true}]}}