{"id":1920,"date":"2026-01-06T02:41:53","date_gmt":"2026-01-06T02:41:53","guid":{"rendered":"https:\/\/lyfilter.com\/?post_type=product&#038;p=1920"},"modified":"2026-01-06T02:41:53","modified_gmt":"2026-01-06T02:41:53","slug":"cheap-price-top-grade-5-micron-pp-filter-cartridge-for-ro-micro-filter","status":"publish","type":"product","link":"https:\/\/lyfilter.com\/es\/cheap-price-top-grade-5-micron-pp-filter-cartridge-for-ro-micro-filter\/","title":{"rendered":"Precio barato de grado superior 5 micras pp cartucho de filtro de \u00f3smosis inversa micro-filtro"},"content":{"rendered":"<table>\n<thead>\n<tr>\n<th>art\u00edculo<\/th>\n<th>detalles<\/th>\n<\/tr>\n<\/thead>\n<tbody>\n<tr>\n<td>nombre del producto<\/td>\n<td>PP CTO UDF ro piezas de filtro de agua<\/td>\n<\/tr>\n<tr>\n<td>marca<\/td>\n<td>Lvyuan \/ OEM<\/td>\n<\/tr>\n<tr>\n<td>lugar de origen<\/td>\n<td>Guangdong, China<\/td>\n<\/tr>\n<tr>\n<td>material<\/td>\n<td>cart\u00f3n<\/td>\n<\/tr>\n<tr>\n<td>medios filtrantes<\/td>\n<td>Membrana de polipropileno PP<\/td>\n<\/tr>\n<tr>\n<td>tasa de micras<\/td>\n<td>1, 3, 5, 10 micras<\/td>\n<\/tr>\n<tr>\n<td>opciones de longitud<\/td>\n<td>5\u2033, 10\u2033, 20\u2033, 30\u2033, 40\u2033, 50\u2033<\/td>\n<\/tr>\n<tr>\n<td>opciones de tapas<\/td>\n<td>DOE, 222+Fin, 222+Piso, 226+Fin, 226+Piso<\/td>\n<\/tr>\n<tr>\n<td>material de la junta t\u00f3rica<\/td>\n<td>Silicona \/ EPDM \/ Viton<\/td>\n<\/tr>\n<tr>\n<td>n\u00facleo interno<\/td>\n<td>PP o ninguno<\/td>\n<\/tr>\n<tr>\n<td>uso<\/td>\n<td>Filtro de cartucho para l\u00edquidos<\/td>\n<\/tr>\n<tr>\n<td>aplicaci\u00f3n<\/td>\n<td>piezas de filtros de agua, \u00f3smosis inversa<\/td>\n<\/tr>\n<tr>\n<td>certificaci\u00f3n<\/td>\n<td>CE, SGS<\/td>\n<\/tr>\n<tr>\n<td>talla<\/td>\n<td>depende<\/td>\n<\/tr>\n<tr>\n<td>peso<\/td>\n<td>depende<\/td>\n<\/tr>\n<tr>\n<td>potencia<\/td>\n<td>0<\/td>\n<\/tr>\n<tr>\n<td>garant\u00eda<\/td>\n<td>No disponible<\/td>\n<\/tr>\n<tr>\n<td>servicio posventa<\/td>\n<td>Asistencia en l\u00ednea<\/td>\n<\/tr>\n<tr>\n<td>capacidad de suministro<\/td>\n<td>5000 piezas por d\u00eda<\/td>\n<\/tr>\n<tr>\n<td>sectores aplicables<\/td>\n<td>Hoteles, tiendas de ropa, tiendas de materiales de construcci\u00f3n, plantas de fabricaci\u00f3n, talleres de reparaci\u00f3n de maquinaria, f\u00e1bricas de alimentos y bebidas, granjas, restaurantes, uso dom\u00e9stico, comercio minorista, tiendas de alimentaci\u00f3n, imprentas, obras de construcci\u00f3n, energ\u00eda y miner\u00eda, tiendas de alimentos y bebidas, empresas de publicidad<\/td>\n<\/tr>\n<\/tbody>\n<\/table>","protected":false},"excerpt":{"rendered":"<p>item details product name PP CTO UDF ro water filter parts brand name Lvyuan \/ OEM place of origin Guangdong, China material carton filter media Polypropylene PP membrane micron rate 1, 3, 5, 10 micron length options 5&#8243;, 10&#8243;, 20&#8243;, 30&#8243;, 40&#8243;, 50&#8243; end cap options DOE, 222+Fin, 222+Flat, 226+Fin, 226+Flat gasket \/ o-ring material [&hellip;]<\/p>\n","protected":false},"featured_media":1928,"comment_status":"open","ping_status":"closed","template":"","meta":{"_gspb_post_css":""},"product_brand":[],"product_cat":[23,17],"product_tag":[831,819,683,830,826,829],"class_list":{"0":"post-1920","1":"product","2":"type-product","3":"status-publish","4":"has-post-thumbnail","6":"product_cat-pp-filter-cartridge","7":"product_cat-sediment-filter","8":"product_tag-1-10-micron-filter-cartridge","9":"product_tag-5-micron-pp-filter","10":"product_tag-doe-222-226-end-caps","11":"product_tag-pp-cto-udf-cartridge","12":"product_tag-ro-water-filter-parts","13":"product_tag-silicon-epdm-viton-o-rings","15":"first","16":"instock","17":"shipping-taxable","18":"product-type-simple"},"_links":{"self":[{"href":"https:\/\/lyfilter.com\/es\/wp-json\/wp\/v2\/product\/1920","targetHints":{"allow":["GET"]}}],"collection":[{"href":"https:\/\/lyfilter.com\/es\/wp-json\/wp\/v2\/product"}],"about":[{"href":"https:\/\/lyfilter.com\/es\/wp-json\/wp\/v2\/types\/product"}],"replies":[{"embeddable":true,"href":"https:\/\/lyfilter.com\/es\/wp-json\/wp\/v2\/comments?post=1920"}],"wp:featuredmedia":[{"embeddable":true,"href":"https:\/\/lyfilter.com\/es\/wp-json\/wp\/v2\/media\/1928"}],"wp:attachment":[{"href":"https:\/\/lyfilter.com\/es\/wp-json\/wp\/v2\/media?parent=1920"}],"wp:term":[{"taxonomy":"product_brand","embeddable":true,"href":"https:\/\/lyfilter.com\/es\/wp-json\/wp\/v2\/product_brand?post=1920"},{"taxonomy":"product_cat","embeddable":true,"href":"https:\/\/lyfilter.com\/es\/wp-json\/wp\/v2\/product_cat?post=1920"},{"taxonomy":"product_tag","embeddable":true,"href":"https:\/\/lyfilter.com\/es\/wp-json\/wp\/v2\/product_tag?post=1920"}],"curies":[{"name":"wp","href":"https:\/\/api.w.org\/{rel}","templated":true}]}}