{"id":1906,"date":"2026-01-06T01:40:13","date_gmt":"2026-01-06T01:40:13","guid":{"rendered":"https:\/\/lyfilter.com\/?post_type=product&#038;p=1906"},"modified":"2026-01-06T01:40:13","modified_gmt":"2026-01-06T01:40:13","slug":"pp-spun-broad-groove-filter-cartridge-with-10-20-30-40-inch-element","status":"publish","type":"product","link":"https:\/\/lyfilter.com\/es\/pp-spun-broad-groove-filter-cartridge-with-10-20-30-40-inch-element\/","title":{"rendered":"Cartucho filtrante de PP hilado de ranura ancha con elemento de 10 20 30 40 pulgadas"},"content":{"rendered":"<table>\n<thead>\n<tr>\n<th>art\u00edculo<\/th>\n<th>detalles<\/th>\n<\/tr>\n<\/thead>\n<tbody>\n<tr>\n<td>nombre del producto<\/td>\n<td>Cartucho filtrante hilado de PP<\/td>\n<\/tr>\n<tr>\n<td>n\u00famero de modelo<\/td>\n<td>Serie LY-PPF<\/td>\n<\/tr>\n<tr>\n<td>marca<\/td>\n<td>Lvyuan \/ OEM<\/td>\n<\/tr>\n<tr>\n<td>lugar de origen<\/td>\n<td>Guangdong, China<\/td>\n<\/tr>\n<tr>\n<td>medios filtrantes<\/td>\n<td>Membrana de polipropileno PP<\/td>\n<\/tr>\n<tr>\n<td>tasa de micras<\/td>\n<td>1, 3, 5, 10-100 micras<\/td>\n<\/tr>\n<tr>\n<td>opciones de longitud<\/td>\n<td>5\u2033, 10\u2033, 20\u2033, 30\u2033, 40\u2033, 50\u2033<\/td>\n<\/tr>\n<tr>\n<td>opciones de tapas<\/td>\n<td>DOE, 222+Fin, 222+Piso, 226+Fin, 226+Piso<\/td>\n<\/tr>\n<tr>\n<td>di\u00e1metro exterior oem<\/td>\n<td>Opci\u00f3n de 15 mm a 200 mm<\/td>\n<\/tr>\n<tr>\n<td>n\u00facleo interno<\/td>\n<td>PP o ninguno<\/td>\n<\/tr>\n<tr>\n<td>uso<\/td>\n<td>Filtro de cartucho para l\u00edquidos<\/td>\n<\/tr>\n<tr>\n<td>aplicaci\u00f3n<\/td>\n<td>piezas de filtros de agua, \u00f3smosis inversa<\/td>\n<\/tr>\n<tr>\n<td>certificaci\u00f3n<\/td>\n<td>CE, SGS<\/td>\n<\/tr>\n<tr>\n<td>capacidad de suministro<\/td>\n<td>5000 piezas por d\u00eda<\/td>\n<\/tr>\n<tr>\n<td>nota de suministro<\/td>\n<td>cartucho hilado pp<\/td>\n<\/tr>\n<\/tbody>\n<\/table>","protected":false},"excerpt":{"rendered":"<p>Este cartucho giratorio de PP LY-PPF ayuda a proteger su sistema de \u00f3smosis inversa capturando sedimentos como \u00f3xido, arena y limo. Elija la clasificaci\u00f3n de micras, la longitud, el estilo de tapa y el di\u00e1metro exterior que se adapte a su carcasa y sustit\u00fayalo cuando el caudal empiece a disminuir.<\/p>","protected":false},"featured_media":1914,"comment_status":"open","ping_status":"closed","template":"","meta":{"_gspb_post_css":""},"product_brand":[],"product_cat":[23,17],"product_tag":[297,683,351,825,675,649],"class_list":{"0":"post-1906","1":"product","2":"type-product","3":"status-publish","4":"has-post-thumbnail","6":"product_cat-pp-filter-cartridge","7":"product_cat-sediment-filter","8":"product_tag-1-100-micron-cartridge","9":"product_tag-doe-222-226-end-caps","10":"product_tag-ly-ppf-series","11":"product_tag-oem-outer-diameter-15-200mm","12":"product_tag-pp-spun-filter-cartridge","13":"product_tag-reverse-osmosis-prefilter","15":"first","16":"instock","17":"shipping-taxable","18":"product-type-simple"},"_links":{"self":[{"href":"https:\/\/lyfilter.com\/es\/wp-json\/wp\/v2\/product\/1906","targetHints":{"allow":["GET"]}}],"collection":[{"href":"https:\/\/lyfilter.com\/es\/wp-json\/wp\/v2\/product"}],"about":[{"href":"https:\/\/lyfilter.com\/es\/wp-json\/wp\/v2\/types\/product"}],"replies":[{"embeddable":true,"href":"https:\/\/lyfilter.com\/es\/wp-json\/wp\/v2\/comments?post=1906"}],"wp:featuredmedia":[{"embeddable":true,"href":"https:\/\/lyfilter.com\/es\/wp-json\/wp\/v2\/media\/1914"}],"wp:attachment":[{"href":"https:\/\/lyfilter.com\/es\/wp-json\/wp\/v2\/media?parent=1906"}],"wp:term":[{"taxonomy":"product_brand","embeddable":true,"href":"https:\/\/lyfilter.com\/es\/wp-json\/wp\/v2\/product_brand?post=1906"},{"taxonomy":"product_cat","embeddable":true,"href":"https:\/\/lyfilter.com\/es\/wp-json\/wp\/v2\/product_cat?post=1906"},{"taxonomy":"product_tag","embeddable":true,"href":"https:\/\/lyfilter.com\/es\/wp-json\/wp\/v2\/product_tag?post=1906"}],"curies":[{"name":"wp","href":"https:\/\/api.w.org\/{rel}","templated":true}]}}